{"id":19082,"date":"2019-12-16T12:10:27","date_gmt":"2019-12-16T11:10:27","guid":{"rendered":"https:\/\/atyges.es\/product\/dji-phantom-4-multiespectral-d-rtk2\/"},"modified":"2021-03-24T20:37:53","modified_gmt":"2021-03-24T19:37:53","slug":"dji-phantom-4-multiespectral-d-rtk2","status":"publish","type":"product","link":"https:\/\/atyges.es\/pt\/product\/dji-phantom-4-multiespectral-d-rtk2\/","title":{"rendered":"DJI Phantom 4 Multiespectral + D-RTK 2 High Precision GNSS Mobile Station"},"content":{"rendered":"<p>Pacote Combo da Esta\u00e7\u00e3o de Refer\u00eancia P4 Multispectral + D-RTK 2<\/p>\n<div class=\"text-box\"><\/div>\n<div class=\"text-box\">\n<h3><strong>TODAS AS INFORMA\u00c7\u00d5ES SOBRE O TERRENO<\/strong><\/h3>\n<p><strong>Conhe\u00e7a imediatamente a sa\u00fade das plantas<\/strong><\/p>\n<p>O P4 Multiespectral unifica o processo de captar as informa\u00e7\u00f5es necess\u00e1rias para conhecer o estado das lavouras e auxiliar no manejo da vegeta\u00e7\u00e3o.\u00a0A DJI dotou esta plataforma do mesmo potente desempenho que a caracteriza, incluindo um tempo m\u00e1ximo de voo de 27 minutos e um alcance de transmiss\u00e3o de 7 km com o sistema OcuSync.<\/p>\n<p><img loading=\"lazy\" decoding=\"async\" class=\"aligncenter size-full wp-image-2989\" src=\"https:\/\/atyges.es\/wp-content\/uploads\/2019\/09\/p4multi_atyges_01.jpg\" alt=\"\" width=\"1440\" height=\"960\" \/><\/p>\n<p><strong>Olhe abaixo da superf\u00edcie<\/strong><\/p>\n<p>A coleta de imagens para a agricultura est\u00e1 mais f\u00e1cil e eficiente do que nunca.\u00a0O novo sistema de imagem estabilizada coleta conjuntos de dados completos sem a necessidade de acess\u00f3rios adicionais.\u00a0Acesse as informa\u00e7\u00f5es coletadas por 1 c\u00e2mera RGB e um array multiespectral de 5 c\u00e2meras que cobre as bandas Azul, Verde, Vermelho, Red Edge e Infravermelho Pr\u00f3ximo, todas com obturador global de 2 MP e estabilizador em tr\u00eas eixos.<\/p>\n<p><img loading=\"lazy\" decoding=\"async\" class=\"aligncenter size-full wp-image-2991\" src=\"https:\/\/atyges.es\/wp-content\/uploads\/2019\/09\/p4multi_atyges_02.jpg\" alt=\"\" width=\"978\" height=\"742\" \/><\/p>\n<p><strong>Resultados precisos com um sensor de luz solar<\/strong><\/p>\n<p>Um sensor de luz solar integrado na parte superior do drone captura a irradi\u00e2ncia solar e a usa para maximizar a precis\u00e3o e consist\u00eancia da coleta de dados em diferentes momentos do dia.\u00a0Essas informa\u00e7\u00f5es, juntamente com os dados p\u00f3s-processados, permitem que o NDVI mais preciso seja obtido.<\/p>\n<p>&nbsp;<\/p>\n<p><img loading=\"lazy\" decoding=\"async\" class=\"wp-image-2993 size-full aligncenter\" src=\"https:\/\/atyges.es\/wp-content\/uploads\/2019\/09\/p4multi_atyges_03.jpg\" alt=\"\" width=\"957\" height=\"561\" \/><\/p>\n<h3><strong>INFORMA\u00c7\u00d5ES SIGNIFICATIVAS \u00c0 SUA DISPOSI\u00c7\u00c3O<\/strong><\/h3>\n<p><strong>Veja v\u00eddeo RGB e NDVI<\/strong><\/p>\n<p>Imagens a\u00e9reas por si s\u00f3 n\u00e3o s\u00e3o suficientes para os agricultores que desejam mais informa\u00e7\u00f5es.\u00a0Voc\u00ea pode alternar entre a an\u00e1lise preliminar do \u00cdndice de Vegeta\u00e7\u00e3o por Diferen\u00e7a Normalizada (NDVI) e o v\u00eddeo RGB para detectar imediatamente onde voc\u00ea precisa agir e tomar as decis\u00f5es de a\u00e7\u00e3o necess\u00e1rias rapidamente.<\/p>\n<p><img loading=\"lazy\" decoding=\"async\" class=\"aligncenter size-full wp-image-2995\" src=\"https:\/\/atyges.es\/wp-content\/uploads\/2019\/09\/p4multi_atyges_04.jpg\" alt=\"\" width=\"960\" height=\"480\" \/><\/p>\n<p><strong>Precis\u00e3o centim\u00e9trica<\/strong><\/p>\n<p>O sistema TimeSync da DJI inclui informa\u00e7\u00f5es de posicionamento em tempo real com precis\u00e3o centim\u00e9trica de imagens capturadas com todas as seis c\u00e2meras.\u00a0Este sistema est\u00e1 constantemente em sincronia com o controlador de v\u00f4o, c\u00e2meras RGB e NB e o m\u00f3dulo RTK.\u00a0Isso garante que todas as imagens incorporem as metainforma\u00e7\u00f5es mais precisas, usando o centro do sensor CMOS como o centro de refer\u00eancia para o posicionamento.\u00a0Todas as c\u00e2meras passaram por um rigoroso processo de calibra\u00e7\u00e3o no qual as distor\u00e7\u00f5es radiais e tangenciais das lentes s\u00e3o medidas.\u00a0Essas medi\u00e7\u00f5es s\u00e3o armazenadas nas meta informa\u00e7\u00f5es de cada imagem para que o software de p\u00f3s-processamento possa fazer ajustes personalizados para cada usu\u00e1rio.<\/p>\n<p><img loading=\"lazy\" decoding=\"async\" class=\"aligncenter size-full wp-image-2997\" src=\"https:\/\/atyges.es\/wp-content\/uploads\/2019\/09\/p4multi_atyges_05.jpg\" alt=\"\" width=\"960\" height=\"640\" \/><\/p>\n<p><strong>Compat\u00edvel com D-RTK 2 Mobile Station e NTRIP<\/strong><\/p>\n<p>Voc\u00ea pode aumentar a precis\u00e3o de posicionamento do P4 Multspectral conectando-o \u00e0 esta\u00e7\u00e3o m\u00f3vel D-RTK 2, um NTRIP (Rede de Transporte de RTCM via Protocolo de Internet) atrav\u00e9s de um acess\u00f3rio 4G ou uma rede Wi-Fi local, ou armazenar as informa\u00e7\u00f5es de sat\u00e9lite para uso em PPK (Post-Processing Kinematic).<\/p>\n<p><img loading=\"lazy\" decoding=\"async\" class=\"aligncenter size-full wp-image-2999\" src=\"https:\/\/atyges.es\/wp-content\/uploads\/2019\/09\/p4multi_atyges_06.jpg\" alt=\"\" width=\"553\" height=\"368\" \/><\/p>\n<h3><strong>O IN\u00cdCIO DAS MISS\u00d5ES DE AGRICULTURA INTELIGENTE<\/strong><\/h3>\n<p><strong>Planejamento de v\u00f4o<\/strong><\/p>\n<p>Planeje voos, execute miss\u00f5es automatizadas e gerencie dados de voo usando GS Pro, o aplicativo de planejamento de voo l\u00edder da DJI para iOS.<\/p>\n<p><img loading=\"lazy\" decoding=\"async\" class=\"aligncenter size-full wp-image-3001\" src=\"https:\/\/atyges.es\/wp-content\/uploads\/2019\/09\/p4multi_atyges_07.jpg\" alt=\"\" width=\"480\" height=\"240\" \/><\/p>\n<p><strong>Capture imagens<\/strong><\/p>\n<p>Capture imagens multiespectrais de uma grande \u00e1rea de forma eficiente com o P4 Multispectral e obtenha uma vis\u00e3o geral das \u00e1reas problem\u00e1ticas.<\/p>\n<p><img loading=\"lazy\" decoding=\"async\" class=\"aligncenter size-full wp-image-3003\" src=\"https:\/\/atyges.es\/wp-content\/uploads\/2019\/09\/p4multi_atyges_08.jpg\" alt=\"\" width=\"479\" height=\"240\" \/><\/p>\n<p><strong>Analise de dados<\/strong><\/p>\n<p>Visualize e processe facilmente informa\u00e7\u00f5es a\u00e9reas usando medi\u00e7\u00f5es e par\u00e2metros espec\u00edficos da planta.\u00a0Manter as plantas saud\u00e1veis \u200b\u200bnunca foi t\u00e3o f\u00e1cil.<\/p>\n<p><img loading=\"lazy\" decoding=\"async\" class=\"aligncenter size-full wp-image-3005\" src=\"https:\/\/atyges.es\/wp-content\/uploads\/2019\/09\/p4multi_atyges_09.jpg\" alt=\"\" width=\"479\" height=\"240\" \/><\/p>\n<p><strong>Decis\u00f5es informadas<\/strong><\/p>\n<p class=\"section-body\">Realiza tratamentos concentrados nas \u00e1reas que precisam de aten\u00e7\u00e3o gra\u00e7as \u00e0s informa\u00e7\u00f5es precisas obtidas pelos drones.<\/p>\n<p class=\"section-body\"><img loading=\"lazy\" decoding=\"async\" class=\"aligncenter size-full wp-image-3007\" src=\"https:\/\/atyges.es\/wp-content\/uploads\/2019\/09\/p4multi_atyges_10.jpg\" alt=\"\" width=\"480\" height=\"240\" \/><\/p>\n<\/div>\n<h3>FORMUL\u00c1RIOS<\/h3>\n<p><strong>Agricultura de precis\u00e3o<\/strong><\/p>\n<p>A imagem multiespectral pode ser \u00fatil durante todas as fases do cultivo para profissionais agr\u00edcolas, fornecendo informa\u00e7\u00f5es de todo o espectro eletromagn\u00e9tico que, de outra forma, seria invis\u00edvel ao olho humano.\u00a0Os agricultores poder\u00e3o tomar decis\u00f5es informadas e oportunas porque t\u00eam acesso a essas informa\u00e7\u00f5es, bem como aos \u00edndices de vegeta\u00e7\u00e3o derivados delas, como NDRE e NDVI.\u00a0O resultado \u00e9 uma melhor estrat\u00e9gia de tratamento da colheita, redu\u00e7\u00e3o de custos, economia de recursos e maximiza\u00e7\u00e3o da colheita.<\/p>\n<p><img loading=\"lazy\" decoding=\"async\" class=\"aligncenter size-full wp-image-3009\" src=\"https:\/\/atyges.es\/wp-content\/uploads\/2019\/09\/p4multi_atyges_11.jpg\" alt=\"\" width=\"1248\" height=\"830\" \/><\/p>\n<p class=\"section-body\"><strong>Monitoramento ambiental<\/strong><\/p>\n<p class=\"section-body\">Las tareas rutinarias de inspecci\u00f3n y mantenimiento de plantas pueden realizarse con mayor automatizaci\u00f3n y eficiencia con el P4 Multispectral. Aprovecha el conocimiento \u00fatil multiespectral para controlar la salud del bosque, medir la biomasa, cartografiar l\u00edneas de costa o gestionar la vegetaci\u00f3n rivere\u00f1a mientras proteges los ecosistemas.<\/p>\n<p class=\"section-body\"><img loading=\"lazy\" decoding=\"async\" class=\"aligncenter size-full wp-image-3011\" src=\"https:\/\/atyges.es\/wp-content\/uploads\/2019\/09\/p4multi_atyges_12.jpg\" alt=\"\" width=\"1248\" height=\"832\" \/><\/p>\n\n\n<div class=\"kk-star-ratings kksr-auto kksr-align-center kksr-valign-bottom\"\n    data-payload='{&quot;align&quot;:&quot;center&quot;,&quot;id&quot;:&quot;19082&quot;,&quot;slug&quot;:&quot;default&quot;,&quot;valign&quot;:&quot;bottom&quot;,&quot;ignore&quot;:&quot;&quot;,&quot;reference&quot;:&quot;auto&quot;,&quot;class&quot;:&quot;&quot;,&quot;count&quot;:&quot;0&quot;,&quot;legendonly&quot;:&quot;&quot;,&quot;readonly&quot;:&quot;&quot;,&quot;score&quot;:&quot;0&quot;,&quot;starsonly&quot;:&quot;&quot;,&quot;best&quot;:&quot;5&quot;,&quot;gap&quot;:&quot;5&quot;,&quot;greet&quot;:&quot;Val\u00f3ranos&quot;,&quot;legend&quot;:&quot;0\\\/5 - (0 votes)&quot;,&quot;size&quot;:&quot;24&quot;,&quot;title&quot;:&quot;DJI Phantom 4 Multiespectral + D-RTK 2 High Precision GNSS Mobile Station&quot;,&quot;width&quot;:&quot;0&quot;,&quot;_legend&quot;:&quot;{score}\\\/{best} - ({count} {votes})&quot;,&quot;font_factor&quot;:&quot;1.25&quot;}'>\n            \n<div class=\"kksr-stars\">\n    \n<div class=\"kksr-stars-inactive\">\n            <div class=\"kksr-star\" data-star=\"1\" style=\"padding-right: 5px\">\n            \n\n<div class=\"kksr-icon\" style=\"width: 24px; height: 24px;\"><\/div>\n        <\/div>\n            <div class=\"kksr-star\" data-star=\"2\" style=\"padding-right: 5px\">\n            \n\n<div class=\"kksr-icon\" style=\"width: 24px; height: 24px;\"><\/div>\n        <\/div>\n            <div class=\"kksr-star\" data-star=\"3\" style=\"padding-right: 5px\">\n            \n\n<div class=\"kksr-icon\" style=\"width: 24px; height: 24px;\"><\/div>\n        <\/div>\n            <div class=\"kksr-star\" data-star=\"4\" style=\"padding-right: 5px\">\n            \n\n<div class=\"kksr-icon\" style=\"width: 24px; height: 24px;\"><\/div>\n        <\/div>\n            <div class=\"kksr-star\" data-star=\"5\" style=\"padding-right: 5px\">\n            \n\n<div class=\"kksr-icon\" style=\"width: 24px; height: 24px;\"><\/div>\n        <\/div>\n    <\/div>\n    \n<div class=\"kksr-stars-active\" style=\"width: 0px;\">\n            <div class=\"kksr-star\" style=\"padding-right: 5px\">\n            \n\n<div class=\"kksr-icon\" style=\"width: 24px; height: 24px;\"><\/div>\n        <\/div>\n            <div class=\"kksr-star\" style=\"padding-right: 5px\">\n            \n\n<div class=\"kksr-icon\" style=\"width: 24px; height: 24px;\"><\/div>\n        <\/div>\n            <div class=\"kksr-star\" style=\"padding-right: 5px\">\n            \n\n<div class=\"kksr-icon\" style=\"width: 24px; height: 24px;\"><\/div>\n        <\/div>\n            <div class=\"kksr-star\" style=\"padding-right: 5px\">\n            \n\n<div class=\"kksr-icon\" style=\"width: 24px; height: 24px;\"><\/div>\n        <\/div>\n            <div class=\"kksr-star\" style=\"padding-right: 5px\">\n            \n\n<div class=\"kksr-icon\" style=\"width: 24px; height: 24px;\"><\/div>\n        <\/div>\n    <\/div>\n<\/div>\n                \n\n<div class=\"kksr-legend\" style=\"font-size: 19.2px;\">\n            <span class=\"kksr-muted\">Val\u00f3ranos<\/span>\n    <\/div>\n    <\/div>\n","protected":false},"excerpt":{"rendered":"<section class=\"tmpl-section tmpl-section-horizontal\">\n<div class=\"container layout-left\">\n<div class=\"section-text text-dark\">\n<div class=\"text-table-center\">\n<p><span>Combina\u00e7\u00e3o promocional consistindo em:<\/span><\/p>\n<p class=\"section-body\"><span>&#8211; DJI Phantom 4 Equipamento multiespectral para uso em agricultura de precis\u00e3o e monitoramento ambiental<\/span><\/p>\n<p class=\"section-body\"><span>&#8211; Esta\u00e7\u00e3o de refer\u00eancia D-RTK 2<\/span><\/p>\n<\/div>\n<\/div>\n<\/div>\n<\/section>\n","protected":false},"featured_media":14806,"template":"","meta":[],"product_brand":[],"product_cat":[1232,1236],"product_tag":[],"class_list":{"0":"post-19082","1":"product","2":"type-product","3":"status-publish","4":"has-post-thumbnail","6":"product_cat-dji-pt","7":"product_cat-ph4-multiespectral","8":"product_shipping_class-envio-gratuito-es-pt","10":"first","11":"outofstock","12":"taxable","13":"shipping-taxable","14":"purchasable","15":"product-type-simple"},"yoast_head":"<!-- This site is optimized with the Yoast SEO plugin v27.2 - https:\/\/yoast.com\/product\/yoast-seo-wordpress\/ -->\n<title>DJI Phantom 4 Multiespectral D-RTK2 | ATyges \u00ae<\/title>\n<meta name=\"robots\" content=\"index, follow, max-snippet:-1, max-image-preview:large, max-video-preview:-1\" \/>\n<link rel=\"canonical\" href=\"https:\/\/atyges.es\/pt\/product\/dji-phantom-4-multiespectral-d-rtk2\/\" \/>\n<meta property=\"og:locale\" content=\"pt_PT\" \/>\n<meta property=\"og:type\" content=\"article\" \/>\n<meta property=\"og:title\" content=\"DJI Phantom 4 Multiespectral D-RTK2 | ATyges \u00ae\" \/>\n<meta property=\"og:description\" content=\"Combina\u00e7\u00e3o promocional consistindo em: - DJI Phantom 4 Equipamento multiespectral para uso em agricultura de precis\u00e3o e monitoramento ambiental - Esta\u00e7\u00e3o de refer\u00eancia D-RTK 2\" \/>\n<meta property=\"og:url\" content=\"https:\/\/atyges.es\/pt\/product\/dji-phantom-4-multiespectral-d-rtk2\/\" \/>\n<meta property=\"og:site_name\" content=\"ATyges\" \/>\n<meta property=\"article:modified_time\" content=\"2021-03-24T19:37:53+00:00\" \/>\n<meta property=\"og:image\" content=\"https:\/\/atyges.es\/wp-content\/uploads\/2019\/12\/p4multi_atyges_00.jpg\" \/>\n\t<meta property=\"og:image:width\" content=\"458\" \/>\n\t<meta property=\"og:image:height\" content=\"267\" \/>\n\t<meta property=\"og:image:type\" content=\"image\/jpeg\" \/>\n<meta name=\"twitter:card\" content=\"summary_large_image\" \/>\n<meta name=\"twitter:label1\" content=\"Tempo estimado de leitura\" \/>\n\t<meta name=\"twitter:data1\" content=\"6 minutos\" \/>\n<script type=\"application\/ld+json\" class=\"yoast-schema-graph\">{\"@context\":\"https:\/\/schema.org\",\"@graph\":[{\"@type\":\"WebPage\",\"@id\":\"https:\/\/atyges.es\/pt\/product\/dji-phantom-4-multiespectral-d-rtk2\/\",\"url\":\"https:\/\/atyges.es\/pt\/product\/dji-phantom-4-multiespectral-d-rtk2\/\",\"name\":\"DJI Phantom 4 Multiespectral D-RTK2 | ATyges \u00ae\",\"isPartOf\":{\"@id\":\"https:\/\/atyges.es\/pt\/#website\"},\"primaryImageOfPage\":{\"@id\":\"https:\/\/atyges.es\/pt\/product\/dji-phantom-4-multiespectral-d-rtk2\/#primaryimage\"},\"image\":{\"@id\":\"https:\/\/atyges.es\/pt\/product\/dji-phantom-4-multiespectral-d-rtk2\/#primaryimage\"},\"thumbnailUrl\":\"https:\/\/atyges.es\/wp-content\/uploads\/2019\/12\/p4multi_atyges_00.jpg\",\"datePublished\":\"2019-12-16T11:10:27+00:00\",\"dateModified\":\"2021-03-24T19:37:53+00:00\",\"breadcrumb\":{\"@id\":\"https:\/\/atyges.es\/pt\/product\/dji-phantom-4-multiespectral-d-rtk2\/#breadcrumb\"},\"inLanguage\":\"pt-PT\",\"potentialAction\":[{\"@type\":\"ReadAction\",\"target\":[\"https:\/\/atyges.es\/pt\/product\/dji-phantom-4-multiespectral-d-rtk2\/\"]}]},{\"@type\":\"ImageObject\",\"inLanguage\":\"pt-PT\",\"@id\":\"https:\/\/atyges.es\/pt\/product\/dji-phantom-4-multiespectral-d-rtk2\/#primaryimage\",\"url\":\"https:\/\/atyges.es\/wp-content\/uploads\/2019\/12\/p4multi_atyges_00.jpg\",\"contentUrl\":\"https:\/\/atyges.es\/wp-content\/uploads\/2019\/12\/p4multi_atyges_00.jpg\",\"width\":458,\"height\":267,\"caption\":\"p4multi_atyges_00.jpg\"},{\"@type\":\"BreadcrumbList\",\"@id\":\"https:\/\/atyges.es\/pt\/product\/dji-phantom-4-multiespectral-d-rtk2\/#breadcrumb\",\"itemListElement\":[{\"@type\":\"ListItem\",\"position\":1,\"name\":\"Portada\",\"item\":\"https:\/\/atyges.es\/pt\/\"},{\"@type\":\"ListItem\",\"position\":2,\"name\":\"Produtos\",\"item\":\"https:\/\/atyges.es\/pt\/shop\/\"},{\"@type\":\"ListItem\",\"position\":3,\"name\":\"DJI Phantom 4 Multiespectral + D-RTK 2 High Precision GNSS Mobile Station\"}]},{\"@type\":\"WebSite\",\"@id\":\"https:\/\/atyges.es\/pt\/#website\",\"url\":\"https:\/\/atyges.es\/pt\/\",\"name\":\"ATyges\",\"description\":\"\",\"publisher\":{\"@id\":\"https:\/\/atyges.es\/pt\/#organization\"},\"potentialAction\":[{\"@type\":\"SearchAction\",\"target\":{\"@type\":\"EntryPoint\",\"urlTemplate\":\"https:\/\/atyges.es\/pt\/?s={search_term_string}\"},\"query-input\":{\"@type\":\"PropertyValueSpecification\",\"valueRequired\":true,\"valueName\":\"search_term_string\"}}],\"inLanguage\":\"pt-PT\"},{\"@type\":\"Organization\",\"@id\":\"https:\/\/atyges.es\/pt\/#organization\",\"name\":\"Atyges\",\"url\":\"https:\/\/atyges.es\/pt\/\",\"logo\":{\"@type\":\"ImageObject\",\"inLanguage\":\"pt-PT\",\"@id\":\"https:\/\/atyges.es\/pt\/#\/schema\/logo\/image\/\",\"url\":\"https:\/\/atyges.es\/wp-content\/uploads\/2022\/01\/Logo_ATyges_Store.png\",\"contentUrl\":\"https:\/\/atyges.es\/wp-content\/uploads\/2022\/01\/Logo_ATyges_Store.png\",\"width\":1228,\"height\":200,\"caption\":\"Atyges\"},\"image\":{\"@id\":\"https:\/\/atyges.es\/pt\/#\/schema\/logo\/image\/\"}}]}<\/script>\n<!-- \/ Yoast SEO plugin. -->","yoast_head_json":{"title":"DJI Phantom 4 Multiespectral D-RTK2 | ATyges \u00ae","robots":{"index":"index","follow":"follow","max-snippet":"max-snippet:-1","max-image-preview":"max-image-preview:large","max-video-preview":"max-video-preview:-1"},"canonical":"https:\/\/atyges.es\/pt\/product\/dji-phantom-4-multiespectral-d-rtk2\/","og_locale":"pt_PT","og_type":"article","og_title":"DJI Phantom 4 Multiespectral D-RTK2 | ATyges \u00ae","og_description":"Combina\u00e7\u00e3o promocional consistindo em: - DJI Phantom 4 Equipamento multiespectral para uso em agricultura de precis\u00e3o e monitoramento ambiental - Esta\u00e7\u00e3o de refer\u00eancia D-RTK 2","og_url":"https:\/\/atyges.es\/pt\/product\/dji-phantom-4-multiespectral-d-rtk2\/","og_site_name":"ATyges","article_modified_time":"2021-03-24T19:37:53+00:00","og_image":[{"width":458,"height":267,"url":"https:\/\/atyges.es\/wp-content\/uploads\/2019\/12\/p4multi_atyges_00.jpg","type":"image\/jpeg"}],"twitter_card":"summary_large_image","twitter_misc":{"Tempo estimado de leitura":"6 minutos"},"schema":{"@context":"https:\/\/schema.org","@graph":[{"@type":"WebPage","@id":"https:\/\/atyges.es\/pt\/product\/dji-phantom-4-multiespectral-d-rtk2\/","url":"https:\/\/atyges.es\/pt\/product\/dji-phantom-4-multiespectral-d-rtk2\/","name":"DJI Phantom 4 Multiespectral D-RTK2 | ATyges \u00ae","isPartOf":{"@id":"https:\/\/atyges.es\/pt\/#website"},"primaryImageOfPage":{"@id":"https:\/\/atyges.es\/pt\/product\/dji-phantom-4-multiespectral-d-rtk2\/#primaryimage"},"image":{"@id":"https:\/\/atyges.es\/pt\/product\/dji-phantom-4-multiespectral-d-rtk2\/#primaryimage"},"thumbnailUrl":"https:\/\/atyges.es\/wp-content\/uploads\/2019\/12\/p4multi_atyges_00.jpg","datePublished":"2019-12-16T11:10:27+00:00","dateModified":"2021-03-24T19:37:53+00:00","breadcrumb":{"@id":"https:\/\/atyges.es\/pt\/product\/dji-phantom-4-multiespectral-d-rtk2\/#breadcrumb"},"inLanguage":"pt-PT","potentialAction":[{"@type":"ReadAction","target":["https:\/\/atyges.es\/pt\/product\/dji-phantom-4-multiespectral-d-rtk2\/"]}]},{"@type":"ImageObject","inLanguage":"pt-PT","@id":"https:\/\/atyges.es\/pt\/product\/dji-phantom-4-multiespectral-d-rtk2\/#primaryimage","url":"https:\/\/atyges.es\/wp-content\/uploads\/2019\/12\/p4multi_atyges_00.jpg","contentUrl":"https:\/\/atyges.es\/wp-content\/uploads\/2019\/12\/p4multi_atyges_00.jpg","width":458,"height":267,"caption":"p4multi_atyges_00.jpg"},{"@type":"BreadcrumbList","@id":"https:\/\/atyges.es\/pt\/product\/dji-phantom-4-multiespectral-d-rtk2\/#breadcrumb","itemListElement":[{"@type":"ListItem","position":1,"name":"Portada","item":"https:\/\/atyges.es\/pt\/"},{"@type":"ListItem","position":2,"name":"Produtos","item":"https:\/\/atyges.es\/pt\/shop\/"},{"@type":"ListItem","position":3,"name":"DJI Phantom 4 Multiespectral + D-RTK 2 High Precision GNSS Mobile Station"}]},{"@type":"WebSite","@id":"https:\/\/atyges.es\/pt\/#website","url":"https:\/\/atyges.es\/pt\/","name":"ATyges","description":"","publisher":{"@id":"https:\/\/atyges.es\/pt\/#organization"},"potentialAction":[{"@type":"SearchAction","target":{"@type":"EntryPoint","urlTemplate":"https:\/\/atyges.es\/pt\/?s={search_term_string}"},"query-input":{"@type":"PropertyValueSpecification","valueRequired":true,"valueName":"search_term_string"}}],"inLanguage":"pt-PT"},{"@type":"Organization","@id":"https:\/\/atyges.es\/pt\/#organization","name":"Atyges","url":"https:\/\/atyges.es\/pt\/","logo":{"@type":"ImageObject","inLanguage":"pt-PT","@id":"https:\/\/atyges.es\/pt\/#\/schema\/logo\/image\/","url":"https:\/\/atyges.es\/wp-content\/uploads\/2022\/01\/Logo_ATyges_Store.png","contentUrl":"https:\/\/atyges.es\/wp-content\/uploads\/2022\/01\/Logo_ATyges_Store.png","width":1228,"height":200,"caption":"Atyges"},"image":{"@id":"https:\/\/atyges.es\/pt\/#\/schema\/logo\/image\/"}}]}},"jetpack_sharing_enabled":true,"_links":{"self":[{"href":"https:\/\/atyges.es\/pt\/wp-json\/wp\/v2\/product\/19082","targetHints":{"allow":["GET"]}}],"collection":[{"href":"https:\/\/atyges.es\/pt\/wp-json\/wp\/v2\/product"}],"about":[{"href":"https:\/\/atyges.es\/pt\/wp-json\/wp\/v2\/types\/product"}],"wp:featuredmedia":[{"embeddable":true,"href":"https:\/\/atyges.es\/pt\/wp-json\/wp\/v2\/media\/14806"}],"wp:attachment":[{"href":"https:\/\/atyges.es\/pt\/wp-json\/wp\/v2\/media?parent=19082"}],"wp:term":[{"taxonomy":"product_brand","embeddable":true,"href":"https:\/\/atyges.es\/pt\/wp-json\/wp\/v2\/product_brand?post=19082"},{"taxonomy":"product_cat","embeddable":true,"href":"https:\/\/atyges.es\/pt\/wp-json\/wp\/v2\/product_cat?post=19082"},{"taxonomy":"product_tag","embeddable":true,"href":"https:\/\/atyges.es\/pt\/wp-json\/wp\/v2\/product_tag?post=19082"}],"curies":[{"name":"wp","href":"https:\/\/api.w.org\/{rel}","templated":true}]}}