{"id":19076,"date":"2019-12-16T12:09:49","date_gmt":"2019-12-16T11:09:49","guid":{"rendered":"https:\/\/atyges.es\/product\/dji-phantom-4-rtk-gps-gnss-multifrequencia-topografica-atygeo-ppk\/"},"modified":"2022-02-09T13:28:08","modified_gmt":"2022-02-09T12:28:08","slug":"dji-phantom-4-rtk-gps-gnss-multifrequencia-topografica-atygeo-ppk","status":"publish","type":"product","link":"https:\/\/atyges.es\/pt\/product\/dji-phantom-4-rtk-gps-gnss-multifrequencia-topografica-atygeo-ppk\/","title":{"rendered":"DJI Phantom 4 RTK + GPS GNSS Multifrequ\u00eancia Topogr\u00e1fica + ATygeo PPK"},"content":{"rendered":"<p><strong>EDI\u00c7\u00c3O LIMITADA PROMO PACKAGE COM PHANTOM 4 RTK PARA PESQUISAR COM DRONES<\/strong><\/p>\n<p>Este pack promocional \u00e9 composto por um RPAS modelo Phantom 4 RTK de consumidor comercial, um receptor GPS GNSS com precis\u00e3o sub-centim\u00e9trica Reach R2 (que permite tomar pontos de controle e atuar como receptor base) e licen\u00e7a do software ATygeo PPK que permite realizar post cinem\u00e1tico -processamento com os dados capturados pelo drone e com os dados de uma base externa (GPS topogr\u00e1fico inclu\u00eddo no pacote ou dados de uma esta\u00e7\u00e3o de refer\u00eancia externa).<\/p>\n<p>O Phantom 4 RTK fornece a seus usu\u00e1rios informa\u00e7\u00f5es de precis\u00e3o centim\u00e9trica com menos pontos de controle de solo do que o necess\u00e1rio anteriormente.<\/p>\n<section class=\"tmpl-section tmpl-section-vertical\">\n<div class=\"container\">\n<div class=\"section-text text-dark\">\n<h2 class=\"section-title\">POSICIONAMENTO COM PRECIS\u00c3O CENTIM\u00c9TRICA<\/h2>\n<p class=\"section-body\">O Phantom 4 RTK inclui um m\u00f3dulo RTK totalmente integrado que fornece informa\u00e7\u00f5es de posi\u00e7\u00e3o em n\u00edvel de cent\u00edmetro em tempo real, para precis\u00e3o absoluta em metainforma\u00e7\u00f5es de imagem.\u00a0Ao lado do receptor RTK est\u00e1 um m\u00f3dulo GNSS redundante, gra\u00e7as ao qual \u00e9 poss\u00edvel manter a estabilidade do v\u00f4o em locais com recep\u00e7\u00e3o de sinal ruim, como cidades densamente povoadas.\u00a0A combina\u00e7\u00e3o desses dois m\u00f3dulos permite que o Phantom 4 RTK otimize a seguran\u00e7a de v\u00f4o enquanto garante as informa\u00e7\u00f5es mais precisas poss\u00edveis para tarefas complexas de prospec\u00e7\u00e3o, mapeamento e inspe\u00e7\u00e3o.<br \/>\n<img loading=\"lazy\" decoding=\"async\" class=\"aligncenter size-full wp-image-888\" src=\"https:\/\/atyges.es\/wp-content\/uploads\/2018\/10\/phantom4-RTK01.jpg\" alt=\"\" width=\"971\" height=\"619\" \/><br \/>\nO Phantom 4 RTK se adapta a qualquer fluxo de trabalho.\u00a0Voc\u00ea pode conectar seu sistema de posicionamento \u00e0 esta\u00e7\u00e3o m\u00f3vel D-RTK 2, ao NTRIP (Transporte de Rede de RTCM via Protocolo de Internet) usando um acess\u00f3rio 4G ou uma rede Wi-Fi local, ou armazenar as informa\u00e7\u00f5es de sat\u00e9lite para uso em PPK (Post- Processamento cinematogr\u00e1fico).<\/p>\n<section class=\"tmpl-section tmpl-section-vertical\">\n<div class=\"container\">\n<div class=\"section-text text-dark\">\n<h2 class=\"section-title\">OBTENHA DADOS PRECISOS GRA\u00c7AS AO TIMESYNC<\/h2>\n<p class=\"section-body\">O novo sistema TimeSync foi criado para sincronizar continuamente o controlador de v\u00f4o, a c\u00e2mera e o m\u00f3dulo RTK, aproveitando ao m\u00e1ximo os m\u00f3dulos de posicionamento Phantom 4 RTK.\u00a0Al\u00e9m disso, o TimeSync garante que todas as fotos usem as metainforma\u00e7\u00f5es mais precisas e fixa os dados de posicionamento no centro do CMOS &#8211; otimizando os resultados dos m\u00e9todos fotogram\u00e9tricos e permitindo que a imagem atinja um n\u00edvel de precis\u00e3o centim\u00e9trica.<\/p>\n<p><img loading=\"lazy\" decoding=\"async\" class=\"aligncenter size-large wp-image-890\" src=\"https:\/\/atyges.es\/wp-content\/uploads\/2018\/10\/phantom4-RTK02-1024x407.jpg\" alt=\"\" width=\"980\" height=\"390\" \/><\/p>\n<\/div>\n<\/div>\n<\/section>\n<\/div>\n<\/div>\n<\/section>\n<section class=\"tmpl-section tmpl-section-horizontal\">\n<div class=\"container layout-left\">\n<div class=\"section-text text-dark\">\n<div class=\"text-table-center\">\n<h2 class=\"section-title\">APLICATIVO DEDICADO DE PLANEJAMENTO DE VOO<\/h2>\n<p class=\"section-body\">Um novo aplicativo GS RTK oferece aos usu\u00e1rios mais possibilidades de controlar seu Phantom 4 RTK, com dois modos de planejamento (fotogram\u00e9trico e trajet\u00f3ria) juntando-se ao modo de v\u00f4o tradicional.\u00a0Os modos de planejamento permitem que o piloto defina a trajet\u00f3ria de voo do drone e defina par\u00e2metros como taxa de sobreposi\u00e7\u00e3o, altitude, velocidade e configura\u00e7\u00f5es da c\u00e2mera, entre outros.\u00a0Isso permite que voc\u00ea automatize seus fluxos de trabalho de mapeamento ou inspe\u00e7\u00e3o.<\/p>\n<p>O aplicativo GS RTK foi criado pensando em seus usu\u00e1rios e possui v\u00e1rios recursos projetados para fluxos de trabalho de mapeamento ou inspe\u00e7\u00e3o espec\u00edficos.\u00a0O aplicativo permite o upload direto de arquivos de \u00e1rea KML para planejar voos no escrit\u00f3rio, possui um modo de prioridade de obturador com o qual a exposi\u00e7\u00e3o permanece constante em todas as fotos, e um alarme de vento forte avisa os pilotos de condi\u00e7\u00f5es clim\u00e1ticas adversas.<img loading=\"lazy\" decoding=\"async\" class=\"aligncenter size-full wp-image-892\" src=\"https:\/\/atyges.es\/wp-content\/uploads\/2018\/10\/phantom4-RTK03.jpg\" alt=\"\" width=\"741\" height=\"677\" \/><\/p>\n<\/div>\n<section class=\"tmpl-section tmpl-section-horizontal\">\n<div class=\"container layout-left\">\n<div class=\"section-text text-dark\">\n<div class=\"text-table-center\">\n<h2 class=\"section-title\">COM VERS\u00c1TIL RECEPTOR GPS GNSS L1 \/ L2 \/ L5 DE LEVANTAMENTO PARA ATUAR COMO ROVER E COMO BASE<\/h2>\n<p class=\"section-body\">Complemente as miss\u00f5es do seu Phantom 4 RTK com um GNSS GPS topogr\u00e1fico com precis\u00e3o subcentim\u00e9trica que serve tanto para tomar um ponto de controle, como tamb\u00e9m para fazer observa\u00e7\u00f5es em modo base para realizar p\u00f3s-processamento PPK, garantindo cobertura de rede e n\u00e3o dependendo de conex\u00f5es externas durante o v\u00f4o do seu drone, enquanto melhora a precis\u00e3o do seu equipamento.<\/p>\n<p><img loading=\"lazy\" decoding=\"async\" class=\"aligncenter size-full wp-image-1266\" src=\"https:\/\/atyges.es\/wp-content\/uploads\/2019\/04\/emlid-reachrs2.png\" alt=\"\" width=\"800\" height=\"859\" \/><\/p>\n<p><img loading=\"lazy\" decoding=\"async\" class=\"aligncenter size-full wp-image-1005\" src=\"https:\/\/atyges.es\/wp-content\/uploads\/2018\/12\/apoyo.jpg\" alt=\"\" width=\"1106\" height=\"665\" \/><\/p>\n<\/div>\n<\/div>\n<\/div>\n<\/section>\n<\/div>\n<\/div>\n<\/section>\n<h2 class=\"section-title\">INCLUI SOFTWARE PARA EXECUTAR P\u00d3S-PROCESSAMENTO DE IMAGENS USANDO A TECNOLOGIA PPK<\/h2>\n<p class=\"section-body\">Voc\u00ea poder\u00e1 realizar o p\u00f3s-processamento cinem\u00e1tico das imagens capturadas com seu Phantom 4 RTK sem a necessidade de uma conex\u00e3o permanente a uma base terrestre e sem conectar a uma esta\u00e7\u00e3o de refer\u00eancia via telefone.\u00a0Esque\u00e7a a perda de qualidade do sinal e das imagens sem corre\u00e7\u00e3o diferencial gra\u00e7as \u00e0 ferramenta que inclu\u00edmos no kit.<\/p>\n\n\n<div class=\"kk-star-ratings kksr-auto kksr-align-center kksr-valign-bottom\"\n    data-payload='{&quot;align&quot;:&quot;center&quot;,&quot;id&quot;:&quot;19076&quot;,&quot;slug&quot;:&quot;default&quot;,&quot;valign&quot;:&quot;bottom&quot;,&quot;ignore&quot;:&quot;&quot;,&quot;reference&quot;:&quot;auto&quot;,&quot;class&quot;:&quot;&quot;,&quot;count&quot;:&quot;0&quot;,&quot;legendonly&quot;:&quot;&quot;,&quot;readonly&quot;:&quot;&quot;,&quot;score&quot;:&quot;0&quot;,&quot;starsonly&quot;:&quot;&quot;,&quot;best&quot;:&quot;5&quot;,&quot;gap&quot;:&quot;5&quot;,&quot;greet&quot;:&quot;Val\u00f3ranos&quot;,&quot;legend&quot;:&quot;0\\\/5 - (0 votes)&quot;,&quot;size&quot;:&quot;24&quot;,&quot;title&quot;:&quot;DJI Phantom 4 RTK + GPS GNSS Multifrequ\u00eancia Topogr\u00e1fica + ATygeo PPK&quot;,&quot;width&quot;:&quot;0&quot;,&quot;_legend&quot;:&quot;{score}\\\/{best} - ({count} {votes})&quot;,&quot;font_factor&quot;:&quot;1.25&quot;}'>\n            \n<div class=\"kksr-stars\">\n    \n<div class=\"kksr-stars-inactive\">\n            <div class=\"kksr-star\" data-star=\"1\" style=\"padding-right: 5px\">\n            \n\n<div class=\"kksr-icon\" style=\"width: 24px; height: 24px;\"><\/div>\n        <\/div>\n            <div class=\"kksr-star\" data-star=\"2\" style=\"padding-right: 5px\">\n            \n\n<div class=\"kksr-icon\" style=\"width: 24px; height: 24px;\"><\/div>\n        <\/div>\n            <div class=\"kksr-star\" data-star=\"3\" style=\"padding-right: 5px\">\n            \n\n<div class=\"kksr-icon\" style=\"width: 24px; height: 24px;\"><\/div>\n        <\/div>\n            <div class=\"kksr-star\" data-star=\"4\" style=\"padding-right: 5px\">\n            \n\n<div class=\"kksr-icon\" style=\"width: 24px; height: 24px;\"><\/div>\n        <\/div>\n            <div class=\"kksr-star\" data-star=\"5\" style=\"padding-right: 5px\">\n            \n\n<div class=\"kksr-icon\" style=\"width: 24px; height: 24px;\"><\/div>\n        <\/div>\n    <\/div>\n    \n<div class=\"kksr-stars-active\" style=\"width: 0px;\">\n            <div class=\"kksr-star\" style=\"padding-right: 5px\">\n            \n\n<div class=\"kksr-icon\" style=\"width: 24px; height: 24px;\"><\/div>\n        <\/div>\n            <div class=\"kksr-star\" style=\"padding-right: 5px\">\n            \n\n<div class=\"kksr-icon\" style=\"width: 24px; height: 24px;\"><\/div>\n        <\/div>\n            <div class=\"kksr-star\" style=\"padding-right: 5px\">\n            \n\n<div class=\"kksr-icon\" style=\"width: 24px; height: 24px;\"><\/div>\n        <\/div>\n            <div class=\"kksr-star\" style=\"padding-right: 5px\">\n            \n\n<div class=\"kksr-icon\" style=\"width: 24px; height: 24px;\"><\/div>\n        <\/div>\n            <div class=\"kksr-star\" style=\"padding-right: 5px\">\n            \n\n<div class=\"kksr-icon\" style=\"width: 24px; height: 24px;\"><\/div>\n        <\/div>\n    <\/div>\n<\/div>\n                \n\n<div class=\"kksr-legend\" style=\"font-size: 19.2px;\">\n            <span class=\"kksr-muted\">Val\u00f3ranos<\/span>\n    <\/div>\n    <\/div>\n","protected":false},"excerpt":{"rendered":"<p><strong>TOPOGRAPHY LITE DJI PHANTOM 4 RTK E PACK GPS TOPOGR\u00c1FICO (Phantom 4 RTK + L1 \/ L2 \/ L5 GPS topogr\u00e1fico multifrequ\u00eancia + software de p\u00f3s-processamento ATygeo PPK)<\/strong><\/p>\n<div class=\"as-productinfosection-mainpanel column large-9 small-12\">\n<div class=\"para-list as-pdp-lastparalist\">\n<p><a class=\"button\" href=\"https:\/\/atyges.es\/pt\/contacte-nos\/\" target=\"_self\" rel=\"noopener noreferrer\">Para maiores informa\u00e7\u00f5es entre em contato conosco<\/a><\/p>\n<\/div>\n<\/div>\n","protected":false},"featured_media":20678,"template":"","meta":[],"product_brand":[],"product_cat":[1235],"product_tag":[],"class_list":{"0":"post-19076","1":"product","2":"type-product","3":"status-publish","4":"has-post-thumbnail","6":"product_cat-phantom-4-rtk-pt","7":"product_shipping_class-mrw-24-48-h-pt","9":"first","10":"instock","11":"sale","12":"taxable","13":"shipping-taxable","14":"purchasable","15":"product-type-simple"},"yoast_head":"<!-- This site is optimized with the Yoast SEO plugin v27.2 - https:\/\/yoast.com\/product\/yoast-seo-wordpress\/ -->\n<title>DJI Phantom 4 RTK &amp; GPS Reach RS2 &amp; ATygeo PPK | ATyges \u00ae<\/title>\n<meta name=\"description\" content=\"DJI Phantom 4 RTK &amp; GPS Reach RS2 &amp; ATygeo PPK\u2b50 Pacote para Topografia DJI. \u2705 \u3010Distribuidores oficiais DJI\u3011 \u2705.\" \/>\n<meta name=\"robots\" content=\"index, follow, max-snippet:-1, max-image-preview:large, max-video-preview:-1\" \/>\n<link rel=\"canonical\" href=\"https:\/\/atyges.es\/pt\/product\/dji-phantom-4-rtk-gps-gnss-multifrequencia-topografica-atygeo-ppk\/\" \/>\n<meta property=\"og:locale\" content=\"pt_PT\" \/>\n<meta property=\"og:type\" content=\"article\" \/>\n<meta property=\"og:title\" content=\"DJI Phantom 4 RTK &amp; GPS Reach RS2 &amp; ATygeo PPK | ATyges \u00ae\" \/>\n<meta property=\"og:description\" content=\"DJI Phantom 4 RTK &amp; GPS Reach RS2 &amp; ATygeo PPK\u2b50 Pacote para Topografia DJI. \u2705 \u3010Distribuidores oficiais DJI\u3011 \u2705.\" \/>\n<meta property=\"og:url\" content=\"https:\/\/atyges.es\/pt\/product\/dji-phantom-4-rtk-gps-gnss-multifrequencia-topografica-atygeo-ppk\/\" \/>\n<meta property=\"og:site_name\" content=\"ATyges\" \/>\n<meta property=\"article:modified_time\" content=\"2022-02-09T12:28:08+00:00\" \/>\n<meta property=\"og:image\" content=\"https:\/\/atyges.es\/wp-content\/uploads\/2019\/12\/Diseno-sin-titulo-1.png\" \/>\n\t<meta property=\"og:image:width\" content=\"400\" \/>\n\t<meta property=\"og:image:height\" content=\"400\" \/>\n\t<meta property=\"og:image:type\" content=\"image\/png\" \/>\n<meta name=\"twitter:card\" content=\"summary_large_image\" \/>\n<meta name=\"twitter:label1\" content=\"Tempo estimado de leitura\" \/>\n\t<meta name=\"twitter:data1\" content=\"4 minutos\" \/>\n<script type=\"application\/ld+json\" class=\"yoast-schema-graph\">{\"@context\":\"https:\/\/schema.org\",\"@graph\":[{\"@type\":\"WebPage\",\"@id\":\"https:\/\/atyges.es\/pt\/product\/dji-phantom-4-rtk-gps-gnss-multifrequencia-topografica-atygeo-ppk\/\",\"url\":\"https:\/\/atyges.es\/pt\/product\/dji-phantom-4-rtk-gps-gnss-multifrequencia-topografica-atygeo-ppk\/\",\"name\":\"DJI Phantom 4 RTK & GPS Reach RS2 & ATygeo PPK | ATyges \u00ae\",\"isPartOf\":{\"@id\":\"https:\/\/atyges.es\/pt\/#website\"},\"primaryImageOfPage\":{\"@id\":\"https:\/\/atyges.es\/pt\/product\/dji-phantom-4-rtk-gps-gnss-multifrequencia-topografica-atygeo-ppk\/#primaryimage\"},\"image\":{\"@id\":\"https:\/\/atyges.es\/pt\/product\/dji-phantom-4-rtk-gps-gnss-multifrequencia-topografica-atygeo-ppk\/#primaryimage\"},\"thumbnailUrl\":\"https:\/\/atyges.es\/wp-content\/uploads\/2019\/12\/Diseno-sin-titulo-1.png\",\"datePublished\":\"2019-12-16T11:09:49+00:00\",\"dateModified\":\"2022-02-09T12:28:08+00:00\",\"description\":\"DJI Phantom 4 RTK & GPS Reach RS2 & ATygeo PPK\u2b50 Pacote para Topografia DJI. \u2705 \u3010Distribuidores oficiais DJI\u3011 \u2705.\",\"breadcrumb\":{\"@id\":\"https:\/\/atyges.es\/pt\/product\/dji-phantom-4-rtk-gps-gnss-multifrequencia-topografica-atygeo-ppk\/#breadcrumb\"},\"inLanguage\":\"pt-PT\",\"potentialAction\":[{\"@type\":\"ReadAction\",\"target\":[\"https:\/\/atyges.es\/pt\/product\/dji-phantom-4-rtk-gps-gnss-multifrequencia-topografica-atygeo-ppk\/\"]}]},{\"@type\":\"ImageObject\",\"inLanguage\":\"pt-PT\",\"@id\":\"https:\/\/atyges.es\/pt\/product\/dji-phantom-4-rtk-gps-gnss-multifrequencia-topografica-atygeo-ppk\/#primaryimage\",\"url\":\"https:\/\/atyges.es\/wp-content\/uploads\/2019\/12\/Diseno-sin-titulo-1.png\",\"contentUrl\":\"https:\/\/atyges.es\/wp-content\/uploads\/2019\/12\/Diseno-sin-titulo-1.png\",\"width\":400,\"height\":400,\"caption\":\"Pack-Surveying-lite8.png\"},{\"@type\":\"BreadcrumbList\",\"@id\":\"https:\/\/atyges.es\/pt\/product\/dji-phantom-4-rtk-gps-gnss-multifrequencia-topografica-atygeo-ppk\/#breadcrumb\",\"itemListElement\":[{\"@type\":\"ListItem\",\"position\":1,\"name\":\"Portada\",\"item\":\"https:\/\/atyges.es\/pt\/\"},{\"@type\":\"ListItem\",\"position\":2,\"name\":\"Produtos\",\"item\":\"https:\/\/atyges.es\/pt\/shop\/\"},{\"@type\":\"ListItem\",\"position\":3,\"name\":\"DJI Phantom 4 RTK + GPS GNSS Multifrequ\u00eancia Topogr\u00e1fica + ATygeo PPK\"}]},{\"@type\":\"WebSite\",\"@id\":\"https:\/\/atyges.es\/pt\/#website\",\"url\":\"https:\/\/atyges.es\/pt\/\",\"name\":\"ATyges\",\"description\":\"\",\"publisher\":{\"@id\":\"https:\/\/atyges.es\/pt\/#organization\"},\"potentialAction\":[{\"@type\":\"SearchAction\",\"target\":{\"@type\":\"EntryPoint\",\"urlTemplate\":\"https:\/\/atyges.es\/pt\/?s={search_term_string}\"},\"query-input\":{\"@type\":\"PropertyValueSpecification\",\"valueRequired\":true,\"valueName\":\"search_term_string\"}}],\"inLanguage\":\"pt-PT\"},{\"@type\":\"Organization\",\"@id\":\"https:\/\/atyges.es\/pt\/#organization\",\"name\":\"Atyges\",\"url\":\"https:\/\/atyges.es\/pt\/\",\"logo\":{\"@type\":\"ImageObject\",\"inLanguage\":\"pt-PT\",\"@id\":\"https:\/\/atyges.es\/pt\/#\/schema\/logo\/image\/\",\"url\":\"https:\/\/atyges.es\/wp-content\/uploads\/2022\/01\/Logo_ATyges_Store.png\",\"contentUrl\":\"https:\/\/atyges.es\/wp-content\/uploads\/2022\/01\/Logo_ATyges_Store.png\",\"width\":1228,\"height\":200,\"caption\":\"Atyges\"},\"image\":{\"@id\":\"https:\/\/atyges.es\/pt\/#\/schema\/logo\/image\/\"}}]}<\/script>\n<!-- \/ Yoast SEO plugin. -->","yoast_head_json":{"title":"DJI Phantom 4 RTK & GPS Reach RS2 & ATygeo PPK | ATyges \u00ae","description":"DJI Phantom 4 RTK & GPS Reach RS2 & ATygeo PPK\u2b50 Pacote para Topografia DJI. \u2705 \u3010Distribuidores oficiais DJI\u3011 \u2705.","robots":{"index":"index","follow":"follow","max-snippet":"max-snippet:-1","max-image-preview":"max-image-preview:large","max-video-preview":"max-video-preview:-1"},"canonical":"https:\/\/atyges.es\/pt\/product\/dji-phantom-4-rtk-gps-gnss-multifrequencia-topografica-atygeo-ppk\/","og_locale":"pt_PT","og_type":"article","og_title":"DJI Phantom 4 RTK & GPS Reach RS2 & ATygeo PPK | ATyges \u00ae","og_description":"DJI Phantom 4 RTK & GPS Reach RS2 & ATygeo PPK\u2b50 Pacote para Topografia DJI. \u2705 \u3010Distribuidores oficiais DJI\u3011 \u2705.","og_url":"https:\/\/atyges.es\/pt\/product\/dji-phantom-4-rtk-gps-gnss-multifrequencia-topografica-atygeo-ppk\/","og_site_name":"ATyges","article_modified_time":"2022-02-09T12:28:08+00:00","og_image":[{"width":400,"height":400,"url":"https:\/\/atyges.es\/wp-content\/uploads\/2019\/12\/Diseno-sin-titulo-1.png","type":"image\/png"}],"twitter_card":"summary_large_image","twitter_misc":{"Tempo estimado de leitura":"4 minutos"},"schema":{"@context":"https:\/\/schema.org","@graph":[{"@type":"WebPage","@id":"https:\/\/atyges.es\/pt\/product\/dji-phantom-4-rtk-gps-gnss-multifrequencia-topografica-atygeo-ppk\/","url":"https:\/\/atyges.es\/pt\/product\/dji-phantom-4-rtk-gps-gnss-multifrequencia-topografica-atygeo-ppk\/","name":"DJI Phantom 4 RTK & GPS Reach RS2 & ATygeo PPK | ATyges \u00ae","isPartOf":{"@id":"https:\/\/atyges.es\/pt\/#website"},"primaryImageOfPage":{"@id":"https:\/\/atyges.es\/pt\/product\/dji-phantom-4-rtk-gps-gnss-multifrequencia-topografica-atygeo-ppk\/#primaryimage"},"image":{"@id":"https:\/\/atyges.es\/pt\/product\/dji-phantom-4-rtk-gps-gnss-multifrequencia-topografica-atygeo-ppk\/#primaryimage"},"thumbnailUrl":"https:\/\/atyges.es\/wp-content\/uploads\/2019\/12\/Diseno-sin-titulo-1.png","datePublished":"2019-12-16T11:09:49+00:00","dateModified":"2022-02-09T12:28:08+00:00","description":"DJI Phantom 4 RTK & GPS Reach RS2 & ATygeo PPK\u2b50 Pacote para Topografia DJI. \u2705 \u3010Distribuidores oficiais DJI\u3011 \u2705.","breadcrumb":{"@id":"https:\/\/atyges.es\/pt\/product\/dji-phantom-4-rtk-gps-gnss-multifrequencia-topografica-atygeo-ppk\/#breadcrumb"},"inLanguage":"pt-PT","potentialAction":[{"@type":"ReadAction","target":["https:\/\/atyges.es\/pt\/product\/dji-phantom-4-rtk-gps-gnss-multifrequencia-topografica-atygeo-ppk\/"]}]},{"@type":"ImageObject","inLanguage":"pt-PT","@id":"https:\/\/atyges.es\/pt\/product\/dji-phantom-4-rtk-gps-gnss-multifrequencia-topografica-atygeo-ppk\/#primaryimage","url":"https:\/\/atyges.es\/wp-content\/uploads\/2019\/12\/Diseno-sin-titulo-1.png","contentUrl":"https:\/\/atyges.es\/wp-content\/uploads\/2019\/12\/Diseno-sin-titulo-1.png","width":400,"height":400,"caption":"Pack-Surveying-lite8.png"},{"@type":"BreadcrumbList","@id":"https:\/\/atyges.es\/pt\/product\/dji-phantom-4-rtk-gps-gnss-multifrequencia-topografica-atygeo-ppk\/#breadcrumb","itemListElement":[{"@type":"ListItem","position":1,"name":"Portada","item":"https:\/\/atyges.es\/pt\/"},{"@type":"ListItem","position":2,"name":"Produtos","item":"https:\/\/atyges.es\/pt\/shop\/"},{"@type":"ListItem","position":3,"name":"DJI Phantom 4 RTK + GPS GNSS Multifrequ\u00eancia Topogr\u00e1fica + ATygeo PPK"}]},{"@type":"WebSite","@id":"https:\/\/atyges.es\/pt\/#website","url":"https:\/\/atyges.es\/pt\/","name":"ATyges","description":"","publisher":{"@id":"https:\/\/atyges.es\/pt\/#organization"},"potentialAction":[{"@type":"SearchAction","target":{"@type":"EntryPoint","urlTemplate":"https:\/\/atyges.es\/pt\/?s={search_term_string}"},"query-input":{"@type":"PropertyValueSpecification","valueRequired":true,"valueName":"search_term_string"}}],"inLanguage":"pt-PT"},{"@type":"Organization","@id":"https:\/\/atyges.es\/pt\/#organization","name":"Atyges","url":"https:\/\/atyges.es\/pt\/","logo":{"@type":"ImageObject","inLanguage":"pt-PT","@id":"https:\/\/atyges.es\/pt\/#\/schema\/logo\/image\/","url":"https:\/\/atyges.es\/wp-content\/uploads\/2022\/01\/Logo_ATyges_Store.png","contentUrl":"https:\/\/atyges.es\/wp-content\/uploads\/2022\/01\/Logo_ATyges_Store.png","width":1228,"height":200,"caption":"Atyges"},"image":{"@id":"https:\/\/atyges.es\/pt\/#\/schema\/logo\/image\/"}}]}},"jetpack_sharing_enabled":true,"_links":{"self":[{"href":"https:\/\/atyges.es\/pt\/wp-json\/wp\/v2\/product\/19076","targetHints":{"allow":["GET"]}}],"collection":[{"href":"https:\/\/atyges.es\/pt\/wp-json\/wp\/v2\/product"}],"about":[{"href":"https:\/\/atyges.es\/pt\/wp-json\/wp\/v2\/types\/product"}],"wp:featuredmedia":[{"embeddable":true,"href":"https:\/\/atyges.es\/pt\/wp-json\/wp\/v2\/media\/20678"}],"wp:attachment":[{"href":"https:\/\/atyges.es\/pt\/wp-json\/wp\/v2\/media?parent=19076"}],"wp:term":[{"taxonomy":"product_brand","embeddable":true,"href":"https:\/\/atyges.es\/pt\/wp-json\/wp\/v2\/product_brand?post=19076"},{"taxonomy":"product_cat","embeddable":true,"href":"https:\/\/atyges.es\/pt\/wp-json\/wp\/v2\/product_cat?post=19076"},{"taxonomy":"product_tag","embeddable":true,"href":"https:\/\/atyges.es\/pt\/wp-json\/wp\/v2\/product_tag?post=19076"}],"curies":[{"name":"wp","href":"https:\/\/api.w.org\/{rel}","templated":true}]}}