{"id":19072,"date":"2019-12-16T12:10:05","date_gmt":"2019-12-16T11:10:05","guid":{"rendered":"https:\/\/atyges.es\/product\/dji-phantom-4-rtk-d-rtk2-estacao-de-referencia\/"},"modified":"2021-03-24T20:15:26","modified_gmt":"2021-03-24T19:15:26","slug":"dji-phantom-4-rtk-d-rtk2-estacao-de-referencia","status":"publish","type":"product","link":"https:\/\/atyges.es\/pt\/product\/dji-phantom-4-rtk-d-rtk2-estacao-de-referencia\/","title":{"rendered":"DJI Phantom 4 RTK + D-RTK2 Esta\u00e7\u00e3o de refer\u00eancia"},"content":{"rendered":"<p class=\"section-body\">DJI repensou a tecnologia de drones a partir do zero, introduzindo melhorias revolucion\u00e1rias que definem novos padr\u00f5es para a precis\u00e3o de drones.<br \/>\nO Phantom 4 RTK fornece a seus usu\u00e1rios informa\u00e7\u00f5es de precis\u00e3o centim\u00e9trica com menos pontos de controle de solo do que o necess\u00e1rio.<\/p>\n<p><img loading=\"lazy\" decoding=\"async\" class=\"aligncenter size-full wp-image-1761\" src=\"https:\/\/atyges.es\/wp-content\/uploads\/2019\/07\/Phantom_4_rtk_atyges7.png\" alt=\"\" width=\"623\" height=\"394\" \/><\/p>\n<section class=\"tmpl-section tmpl-section-vertical\">\n<div class=\"container\">\n<div class=\"section-text text-dark\">\n<h2 class=\"section-title\">POSICIONAMENTO COM PRECIS\u00c3O CENTIM\u00c9TRICA<\/h2>\n<p class=\"section-body\">O Phantom 4 RTK inclui um m\u00f3dulo RTK totalmente integrado que fornece informa\u00e7\u00f5es de posi\u00e7\u00e3o em n\u00edvel de cent\u00edmetro em tempo real, para precis\u00e3o absoluta em metainforma\u00e7\u00f5es de imagem.\u00a0Ao lado do receptor RTK est\u00e1 um m\u00f3dulo GNSS redundante, gra\u00e7as ao qual \u00e9 poss\u00edvel manter a estabilidade do v\u00f4o em locais com recep\u00e7\u00e3o de sinal ruim, como cidades densamente povoadas.\u00a0A combina\u00e7\u00e3o desses dois m\u00f3dulos permite que o Phantom 4 RTK otimize a seguran\u00e7a de v\u00f4o, garantindo as informa\u00e7\u00f5es mais precisas poss\u00edveis para tarefas complexas de prospec\u00e7\u00e3o, mapeamento e inspe\u00e7\u00e3o.<\/p>\n<p class=\"section-body\"><img loading=\"lazy\" decoding=\"async\" class=\"aligncenter size-full wp-image-888\" src=\"https:\/\/atyges.es\/wp-content\/uploads\/2018\/10\/phantom4-RTK01.jpg\" alt=\"\" width=\"971\" height=\"619\" \/><br \/>\nO Phantom 4 RTK se adapta a qualquer fluxo de trabalho.\u00a0Voc\u00ea pode conectar seu sistema de posicionamento \u00e0 esta\u00e7\u00e3o m\u00f3vel D-RTK 2, ao NTRIP (Transporte de Rede de RTCM via Protocolo de Internet) usando um acess\u00f3rio 4G ou uma rede Wi-Fi local, ou armazenar as informa\u00e7\u00f5es de sat\u00e9lite para uso em PPK (Post- Processamento cinem\u00e1tico).<\/p>\n<section class=\"tmpl-section tmpl-section-vertical\">\n<div class=\"container\">\n<div class=\"section-text text-dark\">\n<h2 class=\"section-title\">OBTENHA DADOS PRECISOS GRA\u00c7AS AO TIMESYNC<\/h2>\n<p class=\"section-body\">O novo sistema TimeSync foi criado para sincronizar continuamente o controlador de v\u00f4o, a c\u00e2mera e o m\u00f3dulo RTK, aproveitando ao m\u00e1ximo os m\u00f3dulos de posicionamento Phantom 4 RTK.\u00a0Al\u00e9m disso, o TimeSync garante que todas as fotos usem as metainforma\u00e7\u00f5es mais precisas e fixa os dados de posicionamento no centro do CMOS &#8211; otimizando os resultados dos m\u00e9todos fotogram\u00e9tricos e permitindo que a imagem atinja um n\u00edvel de precis\u00e3o centim\u00e9trica.<\/p>\n<p><img loading=\"lazy\" decoding=\"async\" class=\"aligncenter wp-image-1759\" src=\"https:\/\/atyges.es\/wp-content\/uploads\/2019\/07\/Emisora_Phantom_4_RTK_SDK.png\" alt=\"\" width=\"900\" height=\"814\" \/><\/p>\n<\/div>\n<\/div>\n<\/section>\n<\/div>\n<\/div>\n<\/section>\n<section class=\"tmpl-section tmpl-section-horizontal\">\n<div class=\"container layout-left\">\n<div class=\"section-text text-dark\">\n<div class=\"text-table-center\">\n<h2 class=\"section-title\">COMPATIBILIDADE SEM APLICATIVO COM ESTA\u00c7\u00c3O M\u00d3VEL D-RTK 2<\/h2>\n<p>Complemente suas miss\u00f5es Phantom 4 RTK com a esta\u00e7\u00e3o m\u00f3vel D-RTK 2 e obtenha dados de posi\u00e7\u00e3o relativa em tempo real do drone para formar uma solu\u00e7\u00e3o de prospec\u00e7\u00e3o precisa.\u00a0O design robusto da esta\u00e7\u00e3o m\u00f3vel e seu sistema de transmiss\u00e3o OcuSync 2.0 garantem a coleta de dados com precis\u00e3o de cent\u00edmetros com seu Phantom 4 RTK em todas as situa\u00e7\u00f5es.<\/p>\n<p><img loading=\"lazy\" decoding=\"async\" class=\"aligncenter wp-image-1755\" src=\"https:\/\/atyges.es\/wp-content\/uploads\/2019\/07\/Phantom_4_rtk_atyges10.png\" alt=\"\" width=\"900\" height=\"615\" \/><\/p>\n<h2 class=\"section-title\">COMPAT\u00cdVEL COM MOBILE SDK<\/h2>\n<p class=\"section-body\">One O Phantom 4 RTK \u00e9 compat\u00edvel com o DJI Mobile SDK, portanto, suas fun\u00e7\u00f5es podem ser automatizadas e personalizadas atrav\u00e9s do dispositivo m\u00f3vel.<\/p>\n<p><img loading=\"lazy\" decoding=\"async\" class=\"aligncenter wp-image-1757\" src=\"https:\/\/atyges.es\/wp-content\/uploads\/2019\/07\/Phantom_4_rtk_atyges2.png\" alt=\"\" width=\"900\" height=\"378\" \/><\/p>\n<\/div>\n<\/div>\n<\/div>\n<\/section>\n\n\n<div class=\"kk-star-ratings kksr-auto kksr-align-center kksr-valign-bottom\"\n    data-payload='{&quot;align&quot;:&quot;center&quot;,&quot;id&quot;:&quot;19072&quot;,&quot;slug&quot;:&quot;default&quot;,&quot;valign&quot;:&quot;bottom&quot;,&quot;ignore&quot;:&quot;&quot;,&quot;reference&quot;:&quot;auto&quot;,&quot;class&quot;:&quot;&quot;,&quot;count&quot;:&quot;0&quot;,&quot;legendonly&quot;:&quot;&quot;,&quot;readonly&quot;:&quot;&quot;,&quot;score&quot;:&quot;0&quot;,&quot;starsonly&quot;:&quot;&quot;,&quot;best&quot;:&quot;5&quot;,&quot;gap&quot;:&quot;5&quot;,&quot;greet&quot;:&quot;Val\u00f3ranos&quot;,&quot;legend&quot;:&quot;0\\\/5 - (0 votes)&quot;,&quot;size&quot;:&quot;24&quot;,&quot;title&quot;:&quot;DJI Phantom 4 RTK + D-RTK2 Esta\u00e7\u00e3o de refer\u00eancia&quot;,&quot;width&quot;:&quot;0&quot;,&quot;_legend&quot;:&quot;{score}\\\/{best} - ({count} {votes})&quot;,&quot;font_factor&quot;:&quot;1.25&quot;}'>\n            \n<div class=\"kksr-stars\">\n    \n<div class=\"kksr-stars-inactive\">\n            <div class=\"kksr-star\" data-star=\"1\" style=\"padding-right: 5px\">\n            \n\n<div class=\"kksr-icon\" style=\"width: 24px; height: 24px;\"><\/div>\n        <\/div>\n            <div class=\"kksr-star\" data-star=\"2\" style=\"padding-right: 5px\">\n            \n\n<div class=\"kksr-icon\" style=\"width: 24px; height: 24px;\"><\/div>\n        <\/div>\n            <div class=\"kksr-star\" data-star=\"3\" style=\"padding-right: 5px\">\n            \n\n<div class=\"kksr-icon\" style=\"width: 24px; height: 24px;\"><\/div>\n        <\/div>\n            <div class=\"kksr-star\" data-star=\"4\" style=\"padding-right: 5px\">\n            \n\n<div class=\"kksr-icon\" style=\"width: 24px; height: 24px;\"><\/div>\n        <\/div>\n            <div class=\"kksr-star\" data-star=\"5\" style=\"padding-right: 5px\">\n            \n\n<div class=\"kksr-icon\" style=\"width: 24px; height: 24px;\"><\/div>\n        <\/div>\n    <\/div>\n    \n<div class=\"kksr-stars-active\" style=\"width: 0px;\">\n            <div class=\"kksr-star\" style=\"padding-right: 5px\">\n            \n\n<div class=\"kksr-icon\" style=\"width: 24px; height: 24px;\"><\/div>\n        <\/div>\n            <div class=\"kksr-star\" style=\"padding-right: 5px\">\n            \n\n<div class=\"kksr-icon\" style=\"width: 24px; height: 24px;\"><\/div>\n        <\/div>\n            <div class=\"kksr-star\" style=\"padding-right: 5px\">\n            \n\n<div class=\"kksr-icon\" style=\"width: 24px; height: 24px;\"><\/div>\n        <\/div>\n            <div class=\"kksr-star\" style=\"padding-right: 5px\">\n            \n\n<div class=\"kksr-icon\" style=\"width: 24px; height: 24px;\"><\/div>\n        <\/div>\n            <div class=\"kksr-star\" style=\"padding-right: 5px\">\n            \n\n<div class=\"kksr-icon\" style=\"width: 24px; height: 24px;\"><\/div>\n        <\/div>\n    <\/div>\n<\/div>\n                \n\n<div class=\"kksr-legend\" style=\"font-size: 19.2px;\">\n            <span class=\"kksr-muted\">Val\u00f3ranos<\/span>\n    <\/div>\n    <\/div>\n","protected":false},"excerpt":{"rendered":"<section class=\"tmpl-section tmpl-section-horizontal\">\n<div class=\"container layout-left\">\n<div class=\"section-text text-dark\">\n<div class=\"text-table-center\">\n<p class=\"section-body\"><span>Equipamento DJI Phantom 4 RTK para uso em pesquisa + Esta\u00e7\u00e3o de refer\u00eancia m\u00f3vel D-RTK2<\/span><\/p>\n<p><span style=\"color: #ff0000;\"><strong>&#8211;\u00a0Inclui licen\u00e7a PIX4Dmapper mensal e licen\u00e7a de software ATygeo PPK permanente sem custo adicional junto com a compra de seu equipamento DJI Phantom 4 RTK, para ser capaz de realizar p\u00f3s-processamento cinem\u00e1tico PPK com seu equipamento DJI Phantom 4 RTK &#8211;<\/strong><\/span><\/p>\n<\/div>\n<\/div>\n<\/div>\n<\/section>\n","protected":false},"featured_media":14737,"template":"","meta":[],"product_brand":[],"product_cat":[1235],"product_tag":[],"class_list":{"0":"post-19072","1":"product","2":"type-product","3":"status-publish","4":"has-post-thumbnail","6":"product_cat-phantom-4-rtk-pt","7":"product_shipping_class-envio-gratuito-es-pt","9":"first","10":"instock","11":"sale","12":"taxable","13":"shipping-taxable","14":"purchasable","15":"product-type-simple"},"yoast_head":"<!-- This site is optimized with the Yoast SEO plugin v27.2 - https:\/\/yoast.com\/product\/yoast-seo-wordpress\/ -->\n<title>DJI Phantom 4 RTK D-RTK2 | ATyges \u00ae<\/title>\n<meta name=\"description\" content=\"DJI Phantom 4 RTK D-RTK2. \u2b50Equipamento DJI Phantom 4 RTK para uso topogr\u00e1fico. \u2705 \u3010Distribuidores oficiais DJI\u3011 \u2705.\" \/>\n<meta name=\"robots\" content=\"index, follow, max-snippet:-1, max-image-preview:large, max-video-preview:-1\" \/>\n<link rel=\"canonical\" href=\"https:\/\/atyges.es\/pt\/product\/dji-phantom-4-rtk-d-rtk2-estacao-de-referencia\/\" \/>\n<meta property=\"og:locale\" content=\"pt_PT\" \/>\n<meta property=\"og:type\" content=\"article\" \/>\n<meta property=\"og:title\" content=\"DJI Phantom 4 RTK D-RTK2 | ATyges \u00ae\" \/>\n<meta property=\"og:description\" content=\"DJI Phantom 4 RTK D-RTK2. \u2b50Equipamento DJI Phantom 4 RTK para uso topogr\u00e1fico. \u2705 \u3010Distribuidores oficiais DJI\u3011 \u2705.\" \/>\n<meta property=\"og:url\" content=\"https:\/\/atyges.es\/pt\/product\/dji-phantom-4-rtk-d-rtk2-estacao-de-referencia\/\" \/>\n<meta property=\"og:site_name\" content=\"ATyges\" \/>\n<meta property=\"article:modified_time\" content=\"2021-03-24T19:15:26+00:00\" \/>\n<meta property=\"og:image\" content=\"https:\/\/atyges.es\/wp-content\/uploads\/2019\/12\/Phanton4_RTK_ATyges-1.png\" \/>\n\t<meta property=\"og:image:width\" content=\"450\" \/>\n\t<meta property=\"og:image:height\" content=\"450\" \/>\n\t<meta property=\"og:image:type\" content=\"image\/png\" \/>\n<meta name=\"twitter:card\" content=\"summary_large_image\" \/>\n<meta name=\"twitter:label1\" content=\"Tempo estimado de leitura\" \/>\n\t<meta name=\"twitter:data1\" content=\"3 minutos\" \/>\n<script type=\"application\/ld+json\" class=\"yoast-schema-graph\">{\"@context\":\"https:\/\/schema.org\",\"@graph\":[{\"@type\":\"WebPage\",\"@id\":\"https:\/\/atyges.es\/pt\/product\/dji-phantom-4-rtk-d-rtk2-estacao-de-referencia\/\",\"url\":\"https:\/\/atyges.es\/pt\/product\/dji-phantom-4-rtk-d-rtk2-estacao-de-referencia\/\",\"name\":\"DJI Phantom 4 RTK D-RTK2 | ATyges \u00ae\",\"isPartOf\":{\"@id\":\"https:\/\/atyges.es\/pt\/#website\"},\"primaryImageOfPage\":{\"@id\":\"https:\/\/atyges.es\/pt\/product\/dji-phantom-4-rtk-d-rtk2-estacao-de-referencia\/#primaryimage\"},\"image\":{\"@id\":\"https:\/\/atyges.es\/pt\/product\/dji-phantom-4-rtk-d-rtk2-estacao-de-referencia\/#primaryimage\"},\"thumbnailUrl\":\"https:\/\/atyges.es\/wp-content\/uploads\/2019\/12\/Phanton4_RTK_ATyges-1.png\",\"datePublished\":\"2019-12-16T11:10:05+00:00\",\"dateModified\":\"2021-03-24T19:15:26+00:00\",\"description\":\"DJI Phantom 4 RTK D-RTK2. \u2b50Equipamento DJI Phantom 4 RTK para uso topogr\u00e1fico. \u2705 \u3010Distribuidores oficiais DJI\u3011 \u2705.\",\"breadcrumb\":{\"@id\":\"https:\/\/atyges.es\/pt\/product\/dji-phantom-4-rtk-d-rtk2-estacao-de-referencia\/#breadcrumb\"},\"inLanguage\":\"pt-PT\",\"potentialAction\":[{\"@type\":\"ReadAction\",\"target\":[\"https:\/\/atyges.es\/pt\/product\/dji-phantom-4-rtk-d-rtk2-estacao-de-referencia\/\"]}]},{\"@type\":\"ImageObject\",\"inLanguage\":\"pt-PT\",\"@id\":\"https:\/\/atyges.es\/pt\/product\/dji-phantom-4-rtk-d-rtk2-estacao-de-referencia\/#primaryimage\",\"url\":\"https:\/\/atyges.es\/wp-content\/uploads\/2019\/12\/Phanton4_RTK_ATyges-1.png\",\"contentUrl\":\"https:\/\/atyges.es\/wp-content\/uploads\/2019\/12\/Phanton4_RTK_ATyges-1.png\",\"width\":450,\"height\":450,\"caption\":\"Phanton4_RTK_ATyges-1.png\"},{\"@type\":\"BreadcrumbList\",\"@id\":\"https:\/\/atyges.es\/pt\/product\/dji-phantom-4-rtk-d-rtk2-estacao-de-referencia\/#breadcrumb\",\"itemListElement\":[{\"@type\":\"ListItem\",\"position\":1,\"name\":\"Portada\",\"item\":\"https:\/\/atyges.es\/pt\/\"},{\"@type\":\"ListItem\",\"position\":2,\"name\":\"Produtos\",\"item\":\"https:\/\/atyges.es\/pt\/shop\/\"},{\"@type\":\"ListItem\",\"position\":3,\"name\":\"DJI Phantom 4 RTK + D-RTK2 Esta\u00e7\u00e3o de refer\u00eancia\"}]},{\"@type\":\"WebSite\",\"@id\":\"https:\/\/atyges.es\/pt\/#website\",\"url\":\"https:\/\/atyges.es\/pt\/\",\"name\":\"ATyges\",\"description\":\"\",\"publisher\":{\"@id\":\"https:\/\/atyges.es\/pt\/#organization\"},\"potentialAction\":[{\"@type\":\"SearchAction\",\"target\":{\"@type\":\"EntryPoint\",\"urlTemplate\":\"https:\/\/atyges.es\/pt\/?s={search_term_string}\"},\"query-input\":{\"@type\":\"PropertyValueSpecification\",\"valueRequired\":true,\"valueName\":\"search_term_string\"}}],\"inLanguage\":\"pt-PT\"},{\"@type\":\"Organization\",\"@id\":\"https:\/\/atyges.es\/pt\/#organization\",\"name\":\"Atyges\",\"url\":\"https:\/\/atyges.es\/pt\/\",\"logo\":{\"@type\":\"ImageObject\",\"inLanguage\":\"pt-PT\",\"@id\":\"https:\/\/atyges.es\/pt\/#\/schema\/logo\/image\/\",\"url\":\"https:\/\/atyges.es\/wp-content\/uploads\/2022\/01\/Logo_ATyges_Store.png\",\"contentUrl\":\"https:\/\/atyges.es\/wp-content\/uploads\/2022\/01\/Logo_ATyges_Store.png\",\"width\":1228,\"height\":200,\"caption\":\"Atyges\"},\"image\":{\"@id\":\"https:\/\/atyges.es\/pt\/#\/schema\/logo\/image\/\"}}]}<\/script>\n<!-- \/ Yoast SEO plugin. -->","yoast_head_json":{"title":"DJI Phantom 4 RTK D-RTK2 | ATyges \u00ae","description":"DJI Phantom 4 RTK D-RTK2. \u2b50Equipamento DJI Phantom 4 RTK para uso topogr\u00e1fico. \u2705 \u3010Distribuidores oficiais DJI\u3011 \u2705.","robots":{"index":"index","follow":"follow","max-snippet":"max-snippet:-1","max-image-preview":"max-image-preview:large","max-video-preview":"max-video-preview:-1"},"canonical":"https:\/\/atyges.es\/pt\/product\/dji-phantom-4-rtk-d-rtk2-estacao-de-referencia\/","og_locale":"pt_PT","og_type":"article","og_title":"DJI Phantom 4 RTK D-RTK2 | ATyges \u00ae","og_description":"DJI Phantom 4 RTK D-RTK2. \u2b50Equipamento DJI Phantom 4 RTK para uso topogr\u00e1fico. \u2705 \u3010Distribuidores oficiais DJI\u3011 \u2705.","og_url":"https:\/\/atyges.es\/pt\/product\/dji-phantom-4-rtk-d-rtk2-estacao-de-referencia\/","og_site_name":"ATyges","article_modified_time":"2021-03-24T19:15:26+00:00","og_image":[{"width":450,"height":450,"url":"https:\/\/atyges.es\/wp-content\/uploads\/2019\/12\/Phanton4_RTK_ATyges-1.png","type":"image\/png"}],"twitter_card":"summary_large_image","twitter_misc":{"Tempo estimado de leitura":"3 minutos"},"schema":{"@context":"https:\/\/schema.org","@graph":[{"@type":"WebPage","@id":"https:\/\/atyges.es\/pt\/product\/dji-phantom-4-rtk-d-rtk2-estacao-de-referencia\/","url":"https:\/\/atyges.es\/pt\/product\/dji-phantom-4-rtk-d-rtk2-estacao-de-referencia\/","name":"DJI Phantom 4 RTK D-RTK2 | ATyges \u00ae","isPartOf":{"@id":"https:\/\/atyges.es\/pt\/#website"},"primaryImageOfPage":{"@id":"https:\/\/atyges.es\/pt\/product\/dji-phantom-4-rtk-d-rtk2-estacao-de-referencia\/#primaryimage"},"image":{"@id":"https:\/\/atyges.es\/pt\/product\/dji-phantom-4-rtk-d-rtk2-estacao-de-referencia\/#primaryimage"},"thumbnailUrl":"https:\/\/atyges.es\/wp-content\/uploads\/2019\/12\/Phanton4_RTK_ATyges-1.png","datePublished":"2019-12-16T11:10:05+00:00","dateModified":"2021-03-24T19:15:26+00:00","description":"DJI Phantom 4 RTK D-RTK2. \u2b50Equipamento DJI Phantom 4 RTK para uso topogr\u00e1fico. \u2705 \u3010Distribuidores oficiais DJI\u3011 \u2705.","breadcrumb":{"@id":"https:\/\/atyges.es\/pt\/product\/dji-phantom-4-rtk-d-rtk2-estacao-de-referencia\/#breadcrumb"},"inLanguage":"pt-PT","potentialAction":[{"@type":"ReadAction","target":["https:\/\/atyges.es\/pt\/product\/dji-phantom-4-rtk-d-rtk2-estacao-de-referencia\/"]}]},{"@type":"ImageObject","inLanguage":"pt-PT","@id":"https:\/\/atyges.es\/pt\/product\/dji-phantom-4-rtk-d-rtk2-estacao-de-referencia\/#primaryimage","url":"https:\/\/atyges.es\/wp-content\/uploads\/2019\/12\/Phanton4_RTK_ATyges-1.png","contentUrl":"https:\/\/atyges.es\/wp-content\/uploads\/2019\/12\/Phanton4_RTK_ATyges-1.png","width":450,"height":450,"caption":"Phanton4_RTK_ATyges-1.png"},{"@type":"BreadcrumbList","@id":"https:\/\/atyges.es\/pt\/product\/dji-phantom-4-rtk-d-rtk2-estacao-de-referencia\/#breadcrumb","itemListElement":[{"@type":"ListItem","position":1,"name":"Portada","item":"https:\/\/atyges.es\/pt\/"},{"@type":"ListItem","position":2,"name":"Produtos","item":"https:\/\/atyges.es\/pt\/shop\/"},{"@type":"ListItem","position":3,"name":"DJI Phantom 4 RTK + D-RTK2 Esta\u00e7\u00e3o de refer\u00eancia"}]},{"@type":"WebSite","@id":"https:\/\/atyges.es\/pt\/#website","url":"https:\/\/atyges.es\/pt\/","name":"ATyges","description":"","publisher":{"@id":"https:\/\/atyges.es\/pt\/#organization"},"potentialAction":[{"@type":"SearchAction","target":{"@type":"EntryPoint","urlTemplate":"https:\/\/atyges.es\/pt\/?s={search_term_string}"},"query-input":{"@type":"PropertyValueSpecification","valueRequired":true,"valueName":"search_term_string"}}],"inLanguage":"pt-PT"},{"@type":"Organization","@id":"https:\/\/atyges.es\/pt\/#organization","name":"Atyges","url":"https:\/\/atyges.es\/pt\/","logo":{"@type":"ImageObject","inLanguage":"pt-PT","@id":"https:\/\/atyges.es\/pt\/#\/schema\/logo\/image\/","url":"https:\/\/atyges.es\/wp-content\/uploads\/2022\/01\/Logo_ATyges_Store.png","contentUrl":"https:\/\/atyges.es\/wp-content\/uploads\/2022\/01\/Logo_ATyges_Store.png","width":1228,"height":200,"caption":"Atyges"},"image":{"@id":"https:\/\/atyges.es\/pt\/#\/schema\/logo\/image\/"}}]}},"jetpack_sharing_enabled":true,"_links":{"self":[{"href":"https:\/\/atyges.es\/pt\/wp-json\/wp\/v2\/product\/19072","targetHints":{"allow":["GET"]}}],"collection":[{"href":"https:\/\/atyges.es\/pt\/wp-json\/wp\/v2\/product"}],"about":[{"href":"https:\/\/atyges.es\/pt\/wp-json\/wp\/v2\/types\/product"}],"wp:featuredmedia":[{"embeddable":true,"href":"https:\/\/atyges.es\/pt\/wp-json\/wp\/v2\/media\/14737"}],"wp:attachment":[{"href":"https:\/\/atyges.es\/pt\/wp-json\/wp\/v2\/media?parent=19072"}],"wp:term":[{"taxonomy":"product_brand","embeddable":true,"href":"https:\/\/atyges.es\/pt\/wp-json\/wp\/v2\/product_brand?post=19072"},{"taxonomy":"product_cat","embeddable":true,"href":"https:\/\/atyges.es\/pt\/wp-json\/wp\/v2\/product_cat?post=19072"},{"taxonomy":"product_tag","embeddable":true,"href":"https:\/\/atyges.es\/pt\/wp-json\/wp\/v2\/product_tag?post=19072"}],"curies":[{"name":"wp","href":"https:\/\/api.w.org\/{rel}","templated":true}]}}