{"id":19070,"date":"2019-12-16T12:10:05","date_gmt":"2019-12-16T11:10:05","guid":{"rendered":"https:\/\/atyges.es\/product\/dji-phantom-4-rtk\/"},"modified":"2021-03-24T20:07:11","modified_gmt":"2021-03-24T19:07:11","slug":"dji-phantom-4-rtk","status":"publish","type":"product","link":"https:\/\/atyges.es\/pt\/product\/dji-phantom-4-rtk\/","title":{"rendered":"DJI Phantom 4 RTK"},"content":{"rendered":"<p>El Phantom 4 RTK ofrece a sus usuarios informaci\u00f3n con un nivel de precisi\u00f3n centim\u00e9trico con menos puntos de control en tierra que los que eran necesarios previamente.<\/p>\n<section class=\"tmpl-section tmpl-section-vertical\">\n<div class=\"container\">\n<div class=\"section-text text-dark\">\n<h2 class=\"section-title\">POSICIONAMENTO COM PRECIS\u00c3O CENTIM\u00c9TRICA<\/h2>\n<p class=\"section-body\">O Phantom 4 RTK inclui um m\u00f3dulo RTK totalmente integrado que fornece informa\u00e7\u00f5es de posi\u00e7\u00e3o em n\u00edvel de cent\u00edmetro em tempo real, para precis\u00e3o absoluta em metainforma\u00e7\u00f5es de imagem.\u00a0Ao lado do receptor RTK est\u00e1 um m\u00f3dulo GNSS redundante, gra\u00e7as ao qual \u00e9 poss\u00edvel manter a estabilidade do v\u00f4o em locais com recep\u00e7\u00e3o de sinal ruim, como cidades densamente povoadas.\u00a0A combina\u00e7\u00e3o desses dois m\u00f3dulos permite que o Phantom 4 RTK otimize a seguran\u00e7a de v\u00f4o e, ao mesmo tempo, garanta as informa\u00e7\u00f5es mais precisas poss\u00edveis para tarefas complexas de prospec\u00e7\u00e3o, mapeamento e inspe\u00e7\u00e3o.<br \/>\n<img loading=\"lazy\" decoding=\"async\" class=\"aligncenter wp-image-888\" src=\"https:\/\/atyges.es\/wp-content\/uploads\/2018\/10\/phantom4-RTK01.jpg\" alt=\"\" width=\"900\" height=\"574\" \/>O Phantom 4 RTK se adapta a qualquer fluxo de trabalho. Voc\u00ea pode conectar seu sistema de posicionamento \u00e0 esta\u00e7\u00e3o m\u00f3vel D-RTK 2, ao NTRIP (Transporte de Rede de RTCM via Protocolo de Internet) usando um acess\u00f3rio 4G ou uma rede Wi-Fi local, ou armazenar as informa\u00e7\u00f5es de sat\u00e9lite para uso em PPK (Post-Processed Kinematic).<\/p>\n<section class=\"tmpl-section tmpl-section-vertical\">\n<div class=\"container\">\n<div class=\"section-text text-dark\">\n<h2 class=\"section-title\">OBTENHA DADOS PRECISOS GRA\u00c7AS AO TIMESYNC<\/h2>\n<p class=\"section-body\"><span>O novo sistema TimeSync foi criado para sincronizar continuamente o controlador de v\u00f4o, a c\u00e2mera e o m\u00f3dulo RTK, aproveitando ao m\u00e1ximo os m\u00f3dulos de posicionamento Phantom 4 RTK.\u00a0Al\u00e9m disso, o TimeSync garante que todas as fotos usem as metainforma\u00e7\u00f5es mais precisas e fixa os dados de posicionamento no centro do CMOS &#8211; otimizando os resultados dos m\u00e9todos fotogram\u00e9tricos e permitindo que a imagem atinja um n\u00edvel de precis\u00e3o centim\u00e9trica.<\/span><\/p>\n<p><img loading=\"lazy\" decoding=\"async\" class=\"aligncenter wp-image-1759\" src=\"https:\/\/atyges.es\/wp-content\/uploads\/2019\/07\/Emisora_Phantom_4_RTK_SDK.png\" alt=\"\" width=\"900\" height=\"814\" \/><\/p>\n<\/div>\n<\/div>\n<\/section>\n<\/div>\n<\/div>\n<\/section>\n<section class=\"tmpl-section tmpl-section-horizontal\">\n<div class=\"container layout-left\">\n<div class=\"section-text text-dark\">\n<div class=\"text-table-center\">\n<h2 class=\"section-title\"><span>APLICATIVO DEDICADO DE PLANEJAMENTO DE VOO<\/span><\/h2>\n<p><span>O Phantom 4 RTK se adapta a qualquer fluxo de trabalho.\u00a0<\/span><span>Voc\u00ea pode conectar seu sistema de posicionamento \u00e0 esta\u00e7\u00e3o m\u00f3vel D-RTK 2, ao NTRIP (Transporte de Rede de RTCM via Protocolo de Internet) usando um acess\u00f3rio 4G ou uma rede Wi-Fi local, ou armazenar as informa\u00e7\u00f5es de sat\u00e9lite para uso em PPK (Post-Processed Kinematic).<\/span><\/p>\n<p><img loading=\"lazy\" decoding=\"async\" class=\"aligncenter wp-image-1757\" src=\"https:\/\/atyges.es\/wp-content\/uploads\/2019\/07\/Phantom_4_rtk_atyges2.png\" alt=\"\" width=\"900\" height=\"378\" \/><\/p>\n<\/div>\n<\/div>\n<\/div>\n<\/section>\n\n\n<div class=\"kk-star-ratings kksr-auto kksr-align-center kksr-valign-bottom\"\n    data-payload='{&quot;align&quot;:&quot;center&quot;,&quot;id&quot;:&quot;19070&quot;,&quot;slug&quot;:&quot;default&quot;,&quot;valign&quot;:&quot;bottom&quot;,&quot;ignore&quot;:&quot;&quot;,&quot;reference&quot;:&quot;auto&quot;,&quot;class&quot;:&quot;&quot;,&quot;count&quot;:&quot;0&quot;,&quot;legendonly&quot;:&quot;&quot;,&quot;readonly&quot;:&quot;&quot;,&quot;score&quot;:&quot;0&quot;,&quot;starsonly&quot;:&quot;&quot;,&quot;best&quot;:&quot;5&quot;,&quot;gap&quot;:&quot;5&quot;,&quot;greet&quot;:&quot;Val\u00f3ranos&quot;,&quot;legend&quot;:&quot;0\\\/5 - (0 votes)&quot;,&quot;size&quot;:&quot;24&quot;,&quot;title&quot;:&quot;DJI Phantom 4 RTK&quot;,&quot;width&quot;:&quot;0&quot;,&quot;_legend&quot;:&quot;{score}\\\/{best} - ({count} {votes})&quot;,&quot;font_factor&quot;:&quot;1.25&quot;}'>\n            \n<div class=\"kksr-stars\">\n    \n<div class=\"kksr-stars-inactive\">\n            <div class=\"kksr-star\" data-star=\"1\" style=\"padding-right: 5px\">\n            \n\n<div class=\"kksr-icon\" style=\"width: 24px; height: 24px;\"><\/div>\n        <\/div>\n            <div class=\"kksr-star\" data-star=\"2\" style=\"padding-right: 5px\">\n            \n\n<div class=\"kksr-icon\" style=\"width: 24px; height: 24px;\"><\/div>\n        <\/div>\n            <div class=\"kksr-star\" data-star=\"3\" style=\"padding-right: 5px\">\n            \n\n<div class=\"kksr-icon\" style=\"width: 24px; height: 24px;\"><\/div>\n        <\/div>\n            <div class=\"kksr-star\" data-star=\"4\" style=\"padding-right: 5px\">\n            \n\n<div class=\"kksr-icon\" style=\"width: 24px; height: 24px;\"><\/div>\n        <\/div>\n            <div class=\"kksr-star\" data-star=\"5\" style=\"padding-right: 5px\">\n            \n\n<div class=\"kksr-icon\" style=\"width: 24px; height: 24px;\"><\/div>\n        <\/div>\n    <\/div>\n    \n<div class=\"kksr-stars-active\" style=\"width: 0px;\">\n            <div class=\"kksr-star\" style=\"padding-right: 5px\">\n            \n\n<div class=\"kksr-icon\" style=\"width: 24px; height: 24px;\"><\/div>\n        <\/div>\n            <div class=\"kksr-star\" style=\"padding-right: 5px\">\n            \n\n<div class=\"kksr-icon\" style=\"width: 24px; height: 24px;\"><\/div>\n        <\/div>\n            <div class=\"kksr-star\" style=\"padding-right: 5px\">\n            \n\n<div class=\"kksr-icon\" style=\"width: 24px; height: 24px;\"><\/div>\n        <\/div>\n            <div class=\"kksr-star\" style=\"padding-right: 5px\">\n            \n\n<div class=\"kksr-icon\" style=\"width: 24px; height: 24px;\"><\/div>\n        <\/div>\n            <div class=\"kksr-star\" style=\"padding-right: 5px\">\n            \n\n<div class=\"kksr-icon\" style=\"width: 24px; height: 24px;\"><\/div>\n        <\/div>\n    <\/div>\n<\/div>\n                \n\n<div class=\"kksr-legend\" style=\"font-size: 19.2px;\">\n            <span class=\"kksr-muted\">Val\u00f3ranos<\/span>\n    <\/div>\n    <\/div>\n","protected":false},"excerpt":{"rendered":"<section class=\"tmpl-section tmpl-section-horizontal\">\n<div class=\"container layout-left\">\n<div class=\"section-text text-dark\">\n<div class=\"text-table-center\">\n<p class=\"section-body\">Equipamento DJI Phantom 4 RTK para uso em topografia<\/p>\n<p><span style=\"color: #ff0000;\"><strong>&#8211;\u00a0Inclui licen\u00e7a PIX4Dmapper mensal e licen\u00e7a de software ATygeo PPK permanente sem custo adicional junto com a compra de seu equipamento DJI Phantom 4 RTK, para ser capaz de realizar p\u00f3s-processamento cinem\u00e1tico PPK\u00a0 &#8211;<\/strong> <\/span><\/p>\n<\/div>\n<\/div>\n<\/div>\n<\/section>\n","protected":false},"featured_media":14737,"template":"","meta":[],"product_brand":[],"product_cat":[1233,1235],"product_tag":[],"class_list":{"0":"post-19070","1":"product","2":"type-product","3":"status-publish","4":"has-post-thumbnail","6":"product_cat-dji-enterprise-pt","7":"product_cat-phantom-4-rtk-pt","8":"product_shipping_class-envio-gratuito-es-pt","10":"first","11":"outofstock","12":"sale","13":"taxable","14":"shipping-taxable","15":"purchasable","16":"product-type-simple"},"yoast_head":"<!-- This site is optimized with the Yoast SEO plugin v27.2 - https:\/\/yoast.com\/product\/yoast-seo-wordpress\/ -->\n<title>DJI Phantom 4 RTK | ATyges \u00ae<\/title>\n<meta name=\"description\" content=\"DJI Phantom 4 RTK o melhor pre\u00e7o. \u2b50 Equipamento DJI Phantom 4 RTK para uso topogr\u00e1fico. \u2705 \u3010Distribuidores oficiais DJI\u3011 \u2705.\" \/>\n<meta name=\"robots\" content=\"index, follow, max-snippet:-1, max-image-preview:large, max-video-preview:-1\" \/>\n<link rel=\"canonical\" href=\"https:\/\/atyges.es\/pt\/product\/dji-phantom-4-rtk\/\" \/>\n<meta property=\"og:locale\" content=\"pt_PT\" \/>\n<meta property=\"og:type\" content=\"article\" \/>\n<meta property=\"og:title\" content=\"DJI Phantom 4 RTK | ATyges \u00ae\" \/>\n<meta property=\"og:description\" content=\"DJI Phantom 4 RTK o melhor pre\u00e7o. \u2b50 Equipamento DJI Phantom 4 RTK para uso topogr\u00e1fico. \u2705 \u3010Distribuidores oficiais DJI\u3011 \u2705.\" \/>\n<meta property=\"og:url\" content=\"https:\/\/atyges.es\/pt\/product\/dji-phantom-4-rtk\/\" \/>\n<meta property=\"og:site_name\" content=\"ATyges\" \/>\n<meta property=\"article:modified_time\" content=\"2021-03-24T19:07:11+00:00\" \/>\n<meta property=\"og:image\" content=\"https:\/\/atyges.es\/wp-content\/uploads\/2019\/12\/Phanton4_RTK_ATyges-1.png\" \/>\n\t<meta property=\"og:image:width\" content=\"450\" \/>\n\t<meta property=\"og:image:height\" content=\"450\" \/>\n\t<meta property=\"og:image:type\" content=\"image\/png\" \/>\n<meta name=\"twitter:card\" content=\"summary_large_image\" \/>\n<meta name=\"twitter:label1\" content=\"Tempo estimado de leitura\" \/>\n\t<meta name=\"twitter:data1\" content=\"2 minutos\" \/>\n<script type=\"application\/ld+json\" class=\"yoast-schema-graph\">{\"@context\":\"https:\/\/schema.org\",\"@graph\":[{\"@type\":\"WebPage\",\"@id\":\"https:\/\/atyges.es\/pt\/product\/dji-phantom-4-rtk\/\",\"url\":\"https:\/\/atyges.es\/pt\/product\/dji-phantom-4-rtk\/\",\"name\":\"DJI Phantom 4 RTK | ATyges \u00ae\",\"isPartOf\":{\"@id\":\"https:\/\/atyges.es\/pt\/#website\"},\"primaryImageOfPage\":{\"@id\":\"https:\/\/atyges.es\/pt\/product\/dji-phantom-4-rtk\/#primaryimage\"},\"image\":{\"@id\":\"https:\/\/atyges.es\/pt\/product\/dji-phantom-4-rtk\/#primaryimage\"},\"thumbnailUrl\":\"https:\/\/atyges.es\/wp-content\/uploads\/2019\/12\/Phanton4_RTK_ATyges-1.png\",\"datePublished\":\"2019-12-16T11:10:05+00:00\",\"dateModified\":\"2021-03-24T19:07:11+00:00\",\"description\":\"DJI Phantom 4 RTK o melhor pre\u00e7o. \u2b50 Equipamento DJI Phantom 4 RTK para uso topogr\u00e1fico. \u2705 \u3010Distribuidores oficiais DJI\u3011 \u2705.\",\"breadcrumb\":{\"@id\":\"https:\/\/atyges.es\/pt\/product\/dji-phantom-4-rtk\/#breadcrumb\"},\"inLanguage\":\"pt-PT\",\"potentialAction\":[{\"@type\":\"ReadAction\",\"target\":[\"https:\/\/atyges.es\/pt\/product\/dji-phantom-4-rtk\/\"]}]},{\"@type\":\"ImageObject\",\"inLanguage\":\"pt-PT\",\"@id\":\"https:\/\/atyges.es\/pt\/product\/dji-phantom-4-rtk\/#primaryimage\",\"url\":\"https:\/\/atyges.es\/wp-content\/uploads\/2019\/12\/Phanton4_RTK_ATyges-1.png\",\"contentUrl\":\"https:\/\/atyges.es\/wp-content\/uploads\/2019\/12\/Phanton4_RTK_ATyges-1.png\",\"width\":450,\"height\":450,\"caption\":\"Phanton4_RTK_ATyges-1.png\"},{\"@type\":\"BreadcrumbList\",\"@id\":\"https:\/\/atyges.es\/pt\/product\/dji-phantom-4-rtk\/#breadcrumb\",\"itemListElement\":[{\"@type\":\"ListItem\",\"position\":1,\"name\":\"Portada\",\"item\":\"https:\/\/atyges.es\/pt\/\"},{\"@type\":\"ListItem\",\"position\":2,\"name\":\"Produtos\",\"item\":\"https:\/\/atyges.es\/pt\/shop\/\"},{\"@type\":\"ListItem\",\"position\":3,\"name\":\"DJI Phantom 4 RTK\"}]},{\"@type\":\"WebSite\",\"@id\":\"https:\/\/atyges.es\/pt\/#website\",\"url\":\"https:\/\/atyges.es\/pt\/\",\"name\":\"ATyges\",\"description\":\"\",\"publisher\":{\"@id\":\"https:\/\/atyges.es\/pt\/#organization\"},\"potentialAction\":[{\"@type\":\"SearchAction\",\"target\":{\"@type\":\"EntryPoint\",\"urlTemplate\":\"https:\/\/atyges.es\/pt\/?s={search_term_string}\"},\"query-input\":{\"@type\":\"PropertyValueSpecification\",\"valueRequired\":true,\"valueName\":\"search_term_string\"}}],\"inLanguage\":\"pt-PT\"},{\"@type\":\"Organization\",\"@id\":\"https:\/\/atyges.es\/pt\/#organization\",\"name\":\"Atyges\",\"url\":\"https:\/\/atyges.es\/pt\/\",\"logo\":{\"@type\":\"ImageObject\",\"inLanguage\":\"pt-PT\",\"@id\":\"https:\/\/atyges.es\/pt\/#\/schema\/logo\/image\/\",\"url\":\"https:\/\/atyges.es\/wp-content\/uploads\/2022\/01\/Logo_ATyges_Store.png\",\"contentUrl\":\"https:\/\/atyges.es\/wp-content\/uploads\/2022\/01\/Logo_ATyges_Store.png\",\"width\":1228,\"height\":200,\"caption\":\"Atyges\"},\"image\":{\"@id\":\"https:\/\/atyges.es\/pt\/#\/schema\/logo\/image\/\"}}]}<\/script>\n<!-- \/ Yoast SEO plugin. -->","yoast_head_json":{"title":"DJI Phantom 4 RTK | ATyges \u00ae","description":"DJI Phantom 4 RTK o melhor pre\u00e7o. \u2b50 Equipamento DJI Phantom 4 RTK para uso topogr\u00e1fico. \u2705 \u3010Distribuidores oficiais DJI\u3011 \u2705.","robots":{"index":"index","follow":"follow","max-snippet":"max-snippet:-1","max-image-preview":"max-image-preview:large","max-video-preview":"max-video-preview:-1"},"canonical":"https:\/\/atyges.es\/pt\/product\/dji-phantom-4-rtk\/","og_locale":"pt_PT","og_type":"article","og_title":"DJI Phantom 4 RTK | ATyges \u00ae","og_description":"DJI Phantom 4 RTK o melhor pre\u00e7o. \u2b50 Equipamento DJI Phantom 4 RTK para uso topogr\u00e1fico. \u2705 \u3010Distribuidores oficiais DJI\u3011 \u2705.","og_url":"https:\/\/atyges.es\/pt\/product\/dji-phantom-4-rtk\/","og_site_name":"ATyges","article_modified_time":"2021-03-24T19:07:11+00:00","og_image":[{"width":450,"height":450,"url":"https:\/\/atyges.es\/wp-content\/uploads\/2019\/12\/Phanton4_RTK_ATyges-1.png","type":"image\/png"}],"twitter_card":"summary_large_image","twitter_misc":{"Tempo estimado de leitura":"2 minutos"},"schema":{"@context":"https:\/\/schema.org","@graph":[{"@type":"WebPage","@id":"https:\/\/atyges.es\/pt\/product\/dji-phantom-4-rtk\/","url":"https:\/\/atyges.es\/pt\/product\/dji-phantom-4-rtk\/","name":"DJI Phantom 4 RTK | ATyges \u00ae","isPartOf":{"@id":"https:\/\/atyges.es\/pt\/#website"},"primaryImageOfPage":{"@id":"https:\/\/atyges.es\/pt\/product\/dji-phantom-4-rtk\/#primaryimage"},"image":{"@id":"https:\/\/atyges.es\/pt\/product\/dji-phantom-4-rtk\/#primaryimage"},"thumbnailUrl":"https:\/\/atyges.es\/wp-content\/uploads\/2019\/12\/Phanton4_RTK_ATyges-1.png","datePublished":"2019-12-16T11:10:05+00:00","dateModified":"2021-03-24T19:07:11+00:00","description":"DJI Phantom 4 RTK o melhor pre\u00e7o. \u2b50 Equipamento DJI Phantom 4 RTK para uso topogr\u00e1fico. \u2705 \u3010Distribuidores oficiais DJI\u3011 \u2705.","breadcrumb":{"@id":"https:\/\/atyges.es\/pt\/product\/dji-phantom-4-rtk\/#breadcrumb"},"inLanguage":"pt-PT","potentialAction":[{"@type":"ReadAction","target":["https:\/\/atyges.es\/pt\/product\/dji-phantom-4-rtk\/"]}]},{"@type":"ImageObject","inLanguage":"pt-PT","@id":"https:\/\/atyges.es\/pt\/product\/dji-phantom-4-rtk\/#primaryimage","url":"https:\/\/atyges.es\/wp-content\/uploads\/2019\/12\/Phanton4_RTK_ATyges-1.png","contentUrl":"https:\/\/atyges.es\/wp-content\/uploads\/2019\/12\/Phanton4_RTK_ATyges-1.png","width":450,"height":450,"caption":"Phanton4_RTK_ATyges-1.png"},{"@type":"BreadcrumbList","@id":"https:\/\/atyges.es\/pt\/product\/dji-phantom-4-rtk\/#breadcrumb","itemListElement":[{"@type":"ListItem","position":1,"name":"Portada","item":"https:\/\/atyges.es\/pt\/"},{"@type":"ListItem","position":2,"name":"Produtos","item":"https:\/\/atyges.es\/pt\/shop\/"},{"@type":"ListItem","position":3,"name":"DJI Phantom 4 RTK"}]},{"@type":"WebSite","@id":"https:\/\/atyges.es\/pt\/#website","url":"https:\/\/atyges.es\/pt\/","name":"ATyges","description":"","publisher":{"@id":"https:\/\/atyges.es\/pt\/#organization"},"potentialAction":[{"@type":"SearchAction","target":{"@type":"EntryPoint","urlTemplate":"https:\/\/atyges.es\/pt\/?s={search_term_string}"},"query-input":{"@type":"PropertyValueSpecification","valueRequired":true,"valueName":"search_term_string"}}],"inLanguage":"pt-PT"},{"@type":"Organization","@id":"https:\/\/atyges.es\/pt\/#organization","name":"Atyges","url":"https:\/\/atyges.es\/pt\/","logo":{"@type":"ImageObject","inLanguage":"pt-PT","@id":"https:\/\/atyges.es\/pt\/#\/schema\/logo\/image\/","url":"https:\/\/atyges.es\/wp-content\/uploads\/2022\/01\/Logo_ATyges_Store.png","contentUrl":"https:\/\/atyges.es\/wp-content\/uploads\/2022\/01\/Logo_ATyges_Store.png","width":1228,"height":200,"caption":"Atyges"},"image":{"@id":"https:\/\/atyges.es\/pt\/#\/schema\/logo\/image\/"}}]}},"jetpack_sharing_enabled":true,"_links":{"self":[{"href":"https:\/\/atyges.es\/pt\/wp-json\/wp\/v2\/product\/19070","targetHints":{"allow":["GET"]}}],"collection":[{"href":"https:\/\/atyges.es\/pt\/wp-json\/wp\/v2\/product"}],"about":[{"href":"https:\/\/atyges.es\/pt\/wp-json\/wp\/v2\/types\/product"}],"wp:featuredmedia":[{"embeddable":true,"href":"https:\/\/atyges.es\/pt\/wp-json\/wp\/v2\/media\/14737"}],"wp:attachment":[{"href":"https:\/\/atyges.es\/pt\/wp-json\/wp\/v2\/media?parent=19070"}],"wp:term":[{"taxonomy":"product_brand","embeddable":true,"href":"https:\/\/atyges.es\/pt\/wp-json\/wp\/v2\/product_brand?post=19070"},{"taxonomy":"product_cat","embeddable":true,"href":"https:\/\/atyges.es\/pt\/wp-json\/wp\/v2\/product_cat?post=19070"},{"taxonomy":"product_tag","embeddable":true,"href":"https:\/\/atyges.es\/pt\/wp-json\/wp\/v2\/product_tag?post=19070"}],"curies":[{"name":"wp","href":"https:\/\/api.w.org\/{rel}","templated":true}]}}