{"id":14216,"date":"2019-12-16T12:09:49","date_gmt":"2019-12-16T11:09:49","guid":{"rendered":"https:\/\/atyges.es\/product\/tripe-de-aluminio-para-gps-topografico\/"},"modified":"2022-08-26T19:03:16","modified_gmt":"2022-08-26T18:03:16","slug":"tripe-de-aluminio-para-gps-topografico","status":"publish","type":"product","link":"https:\/\/atyges.es\/pt\/tienda\/product\/tripe-de-aluminio-para-gps-topografico\/","title":{"rendered":"Trip\u00e9 de alum\u00ednio para GPS topogr\u00e1fico"},"content":{"rendered":"<h2>TRIP\u00c9 DE ALUM\u00cdNIO PARA GPS TOPOGR\u00c1FICO<\/h2>\n<p>O trip\u00e9 de alum\u00ednio para GPS topogr\u00e1fico \u00e9 um trip\u00e9 de levantamento muito leve que permite posicionar um receptor GNSS para trabalhar na configura\u00e7\u00e3o b\u00e1sica.<\/p>\n<p>Inclui um acoplamento roscado de 5\/8 \u2033 que permite a sua utiliza\u00e7\u00e3o com qualquer receptor GNSS.<\/p>\n<p>Com a leveza que o alum\u00ednio oferece, \u00e9 ideal para o transporte, e usando as pernas telesc\u00f3picas consegue se adaptar aos desn\u00edveis do terreno.<\/p>\n<p>Gra\u00e7as ao seu suporte extens\u00edvel, \u00e9 compat\u00edvel com a utiliza\u00e7\u00e3o do r\u00e1dio LoRa em equipamentos com tomada acess\u00f3ria inferior como o\u00a0<a href=\"https:\/\/atyges.es\/tienda\/gps-gnss-emlid-reach-rs2\/\">Reach RS2<\/a>\u00a0, sem a necessidade de utiliza\u00e7\u00e3o de elementos extensores.<\/p>\n<p>Voc\u00ea pode usar este acess\u00f3rio com outros dispositivos, como n\u00edveis de laser e outros equipamentos de levantamento.<\/p>\n<p>\u00c9 adequado para ser colocado em qualquer superf\u00edcie, tanto em terreno natural como em superf\u00edcies lisas, como pisos de concreto ou cer\u00e2mica.<\/p>\n<div class=\"twitter-tweet twitter-tweet-rendered\"><\/div>\n<p>&nbsp;<\/p>\n<p>&nbsp;<\/p>\n<p>&nbsp;<\/p>\n\n\n<div class=\"kk-star-ratings kksr-auto kksr-align-center kksr-valign-bottom\"\n    data-payload='{&quot;align&quot;:&quot;center&quot;,&quot;id&quot;:&quot;14216&quot;,&quot;slug&quot;:&quot;default&quot;,&quot;valign&quot;:&quot;bottom&quot;,&quot;ignore&quot;:&quot;&quot;,&quot;reference&quot;:&quot;auto&quot;,&quot;class&quot;:&quot;&quot;,&quot;count&quot;:&quot;0&quot;,&quot;legendonly&quot;:&quot;&quot;,&quot;readonly&quot;:&quot;&quot;,&quot;score&quot;:&quot;0&quot;,&quot;starsonly&quot;:&quot;&quot;,&quot;best&quot;:&quot;5&quot;,&quot;gap&quot;:&quot;5&quot;,&quot;greet&quot;:&quot;Val\u00f3ranos&quot;,&quot;legend&quot;:&quot;0\\\/5 - (0 votes)&quot;,&quot;size&quot;:&quot;24&quot;,&quot;title&quot;:&quot;Trip\u00e9 de alum\u00ednio para GPS topogr\u00e1fico&quot;,&quot;width&quot;:&quot;0&quot;,&quot;_legend&quot;:&quot;{score}\\\/{best} - ({count} {votes})&quot;,&quot;font_factor&quot;:&quot;1.25&quot;}'>\n            \n<div class=\"kksr-stars\">\n    \n<div class=\"kksr-stars-inactive\">\n            <div class=\"kksr-star\" data-star=\"1\" style=\"padding-right: 5px\">\n            \n\n<div class=\"kksr-icon\" style=\"width: 24px; height: 24px;\"><\/div>\n        <\/div>\n            <div class=\"kksr-star\" data-star=\"2\" style=\"padding-right: 5px\">\n            \n\n<div class=\"kksr-icon\" style=\"width: 24px; height: 24px;\"><\/div>\n        <\/div>\n            <div class=\"kksr-star\" data-star=\"3\" style=\"padding-right: 5px\">\n            \n\n<div class=\"kksr-icon\" style=\"width: 24px; height: 24px;\"><\/div>\n        <\/div>\n            <div class=\"kksr-star\" data-star=\"4\" style=\"padding-right: 5px\">\n            \n\n<div class=\"kksr-icon\" style=\"width: 24px; height: 24px;\"><\/div>\n        <\/div>\n            <div class=\"kksr-star\" data-star=\"5\" style=\"padding-right: 5px\">\n            \n\n<div class=\"kksr-icon\" style=\"width: 24px; height: 24px;\"><\/div>\n        <\/div>\n    <\/div>\n    \n<div class=\"kksr-stars-active\" style=\"width: 0px;\">\n            <div class=\"kksr-star\" style=\"padding-right: 5px\">\n            \n\n<div class=\"kksr-icon\" style=\"width: 24px; height: 24px;\"><\/div>\n        <\/div>\n            <div class=\"kksr-star\" style=\"padding-right: 5px\">\n            \n\n<div class=\"kksr-icon\" style=\"width: 24px; height: 24px;\"><\/div>\n        <\/div>\n            <div class=\"kksr-star\" style=\"padding-right: 5px\">\n            \n\n<div class=\"kksr-icon\" style=\"width: 24px; height: 24px;\"><\/div>\n        <\/div>\n            <div class=\"kksr-star\" style=\"padding-right: 5px\">\n            \n\n<div class=\"kksr-icon\" style=\"width: 24px; height: 24px;\"><\/div>\n        <\/div>\n            <div class=\"kksr-star\" style=\"padding-right: 5px\">\n            \n\n<div class=\"kksr-icon\" style=\"width: 24px; height: 24px;\"><\/div>\n        <\/div>\n    <\/div>\n<\/div>\n                \n\n<div class=\"kksr-legend\" style=\"font-size: 19.2px;\">\n            <span class=\"kksr-muted\">Val\u00f3ranos<\/span>\n    <\/div>\n    <\/div>\n","protected":false},"excerpt":{"rendered":"<p>Base trip\u00e9 de alum\u00ednio com rosca receptora padr\u00e3o, telesc\u00f3pica e maleta de transporte.\u00a0Leve e f\u00e1cil de transportar.\u00a0Compat\u00edvel com Reach RS +, equipamento Reach RS2 com antena LORA instalada.<\/p>\n","protected":false},"featured_media":15178,"template":"","meta":[],"product_brand":[],"product_cat":[1444,1214],"product_tag":[],"class_list":{"0":"post-14216","1":"product","2":"type-product","3":"status-publish","4":"has-post-thumbnail","6":"product_cat-acessorios-gps","7":"product_cat-emlid-gps","8":"product_shipping_class-emlid-pt","10":"first","11":"instock","12":"taxable","13":"shipping-taxable","14":"purchasable","15":"product-type-simple"},"yoast_head":"<!-- This site is optimized with the Yoast SEO plugin v27.2 - https:\/\/yoast.com\/product\/yoast-seo-wordpress\/ -->\n<title>Trip\u00e9 de alum\u00ednio para GPS topogr\u00e1fico | Trip\u00e9 Base | ATyges \u00ae<\/title>\n<meta name=\"description\" content=\"Trip\u00e9 de alum\u00ednio para GPS Topogr\u00e1fico \u2b50 Acess\u00f3rio de Topografia \u2b50 Sistemas de Topografia GPS \u2705 \u3010Distribuidores Oficiais da Emlid\u3011 \u2705\" \/>\n<meta name=\"robots\" content=\"index, follow, max-snippet:-1, max-image-preview:large, max-video-preview:-1\" \/>\n<link rel=\"canonical\" href=\"https:\/\/atyges.es\/pt\/tienda\/product\/tripe-de-aluminio-para-gps-topografico\/\" \/>\n<meta property=\"og:locale\" content=\"pt_PT\" \/>\n<meta property=\"og:type\" content=\"article\" \/>\n<meta property=\"og:title\" content=\"Trip\u00e9 de alum\u00ednio para GPS topogr\u00e1fico | Trip\u00e9 Base | ATyges \u00ae\" \/>\n<meta property=\"og:description\" content=\"Trip\u00e9 de alum\u00ednio para GPS Topogr\u00e1fico \u2b50 Acess\u00f3rio de Topografia \u2b50 Sistemas de Topografia GPS \u2705 \u3010Distribuidores Oficiais da Emlid\u3011 \u2705\" \/>\n<meta property=\"og:url\" content=\"https:\/\/atyges.es\/pt\/tienda\/product\/tripe-de-aluminio-para-gps-topografico\/\" \/>\n<meta property=\"og:site_name\" content=\"ATyges\" \/>\n<meta property=\"article:modified_time\" content=\"2022-08-26T18:03:16+00:00\" \/>\n<meta property=\"og:image\" content=\"https:\/\/atyges.es\/wp-content\/uploads\/2019\/12\/tripode_alu_atyges.png\" \/>\n\t<meta property=\"og:image:width\" content=\"300\" \/>\n\t<meta property=\"og:image:height\" content=\"300\" \/>\n\t<meta property=\"og:image:type\" content=\"image\/png\" \/>\n<meta name=\"twitter:card\" content=\"summary_large_image\" \/>\n<meta name=\"twitter:label1\" content=\"Tempo estimado de leitura\" \/>\n\t<meta name=\"twitter:data1\" content=\"1 minuto\" \/>\n<script type=\"application\/ld+json\" class=\"yoast-schema-graph\">{\"@context\":\"https:\/\/schema.org\",\"@graph\":[{\"@type\":\"WebPage\",\"@id\":\"https:\/\/atyges.es\/pt\/tienda\/product\/tripe-de-aluminio-para-gps-topografico\/\",\"url\":\"https:\/\/atyges.es\/pt\/tienda\/product\/tripe-de-aluminio-para-gps-topografico\/\",\"name\":\"Trip\u00e9 de alum\u00ednio para GPS topogr\u00e1fico | Trip\u00e9 Base | ATyges \u00ae\",\"isPartOf\":{\"@id\":\"https:\/\/atyges.es\/pt\/#website\"},\"primaryImageOfPage\":{\"@id\":\"https:\/\/atyges.es\/pt\/tienda\/product\/tripe-de-aluminio-para-gps-topografico\/#primaryimage\"},\"image\":{\"@id\":\"https:\/\/atyges.es\/pt\/tienda\/product\/tripe-de-aluminio-para-gps-topografico\/#primaryimage\"},\"thumbnailUrl\":\"https:\/\/atyges.es\/wp-content\/uploads\/2019\/12\/tripode_alu_atyges.png\",\"datePublished\":\"2019-12-16T11:09:49+00:00\",\"dateModified\":\"2022-08-26T18:03:16+00:00\",\"description\":\"Trip\u00e9 de alum\u00ednio para GPS Topogr\u00e1fico \u2b50 Acess\u00f3rio de Topografia \u2b50 Sistemas de Topografia GPS \u2705 \u3010Distribuidores Oficiais da Emlid\u3011 \u2705\",\"breadcrumb\":{\"@id\":\"https:\/\/atyges.es\/pt\/tienda\/product\/tripe-de-aluminio-para-gps-topografico\/#breadcrumb\"},\"inLanguage\":\"pt-PT\",\"potentialAction\":[{\"@type\":\"ReadAction\",\"target\":[\"https:\/\/atyges.es\/pt\/tienda\/product\/tripe-de-aluminio-para-gps-topografico\/\"]}]},{\"@type\":\"ImageObject\",\"inLanguage\":\"pt-PT\",\"@id\":\"https:\/\/atyges.es\/pt\/tienda\/product\/tripe-de-aluminio-para-gps-topografico\/#primaryimage\",\"url\":\"https:\/\/atyges.es\/wp-content\/uploads\/2019\/12\/tripode_alu_atyges.png\",\"contentUrl\":\"https:\/\/atyges.es\/wp-content\/uploads\/2019\/12\/tripode_alu_atyges.png\",\"width\":300,\"height\":300,\"caption\":\"Tr\u00edpode ligero aluminio base\"},{\"@type\":\"BreadcrumbList\",\"@id\":\"https:\/\/atyges.es\/pt\/tienda\/product\/tripe-de-aluminio-para-gps-topografico\/#breadcrumb\",\"itemListElement\":[{\"@type\":\"ListItem\",\"position\":1,\"name\":\"Portada\",\"item\":\"https:\/\/atyges.es\/pt\/\"},{\"@type\":\"ListItem\",\"position\":2,\"name\":\"Produtos\",\"item\":\"https:\/\/atyges.es\/pt\/shop\/\"},{\"@type\":\"ListItem\",\"position\":3,\"name\":\"Trip\u00e9 de alum\u00ednio para GPS topogr\u00e1fico\"}]},{\"@type\":\"WebSite\",\"@id\":\"https:\/\/atyges.es\/pt\/#website\",\"url\":\"https:\/\/atyges.es\/pt\/\",\"name\":\"ATyges\",\"description\":\"\",\"publisher\":{\"@id\":\"https:\/\/atyges.es\/pt\/#organization\"},\"potentialAction\":[{\"@type\":\"SearchAction\",\"target\":{\"@type\":\"EntryPoint\",\"urlTemplate\":\"https:\/\/atyges.es\/pt\/?s={search_term_string}\"},\"query-input\":{\"@type\":\"PropertyValueSpecification\",\"valueRequired\":true,\"valueName\":\"search_term_string\"}}],\"inLanguage\":\"pt-PT\"},{\"@type\":\"Organization\",\"@id\":\"https:\/\/atyges.es\/pt\/#organization\",\"name\":\"Atyges\",\"url\":\"https:\/\/atyges.es\/pt\/\",\"logo\":{\"@type\":\"ImageObject\",\"inLanguage\":\"pt-PT\",\"@id\":\"https:\/\/atyges.es\/pt\/#\/schema\/logo\/image\/\",\"url\":\"https:\/\/atyges.es\/wp-content\/uploads\/2022\/01\/Logo_ATyges_Store.png\",\"contentUrl\":\"https:\/\/atyges.es\/wp-content\/uploads\/2022\/01\/Logo_ATyges_Store.png\",\"width\":1228,\"height\":200,\"caption\":\"Atyges\"},\"image\":{\"@id\":\"https:\/\/atyges.es\/pt\/#\/schema\/logo\/image\/\"}}]}<\/script>\n<!-- \/ Yoast SEO plugin. -->","yoast_head_json":{"title":"Trip\u00e9 de alum\u00ednio para GPS topogr\u00e1fico | Trip\u00e9 Base | ATyges \u00ae","description":"Trip\u00e9 de alum\u00ednio para GPS Topogr\u00e1fico \u2b50 Acess\u00f3rio de Topografia \u2b50 Sistemas de Topografia GPS \u2705 \u3010Distribuidores Oficiais da Emlid\u3011 \u2705","robots":{"index":"index","follow":"follow","max-snippet":"max-snippet:-1","max-image-preview":"max-image-preview:large","max-video-preview":"max-video-preview:-1"},"canonical":"https:\/\/atyges.es\/pt\/tienda\/product\/tripe-de-aluminio-para-gps-topografico\/","og_locale":"pt_PT","og_type":"article","og_title":"Trip\u00e9 de alum\u00ednio para GPS topogr\u00e1fico | Trip\u00e9 Base | ATyges \u00ae","og_description":"Trip\u00e9 de alum\u00ednio para GPS Topogr\u00e1fico \u2b50 Acess\u00f3rio de Topografia \u2b50 Sistemas de Topografia GPS \u2705 \u3010Distribuidores Oficiais da Emlid\u3011 \u2705","og_url":"https:\/\/atyges.es\/pt\/tienda\/product\/tripe-de-aluminio-para-gps-topografico\/","og_site_name":"ATyges","article_modified_time":"2022-08-26T18:03:16+00:00","og_image":[{"width":300,"height":300,"url":"https:\/\/atyges.es\/wp-content\/uploads\/2019\/12\/tripode_alu_atyges.png","type":"image\/png"}],"twitter_card":"summary_large_image","twitter_misc":{"Tempo estimado de leitura":"1 minuto"},"schema":{"@context":"https:\/\/schema.org","@graph":[{"@type":"WebPage","@id":"https:\/\/atyges.es\/pt\/tienda\/product\/tripe-de-aluminio-para-gps-topografico\/","url":"https:\/\/atyges.es\/pt\/tienda\/product\/tripe-de-aluminio-para-gps-topografico\/","name":"Trip\u00e9 de alum\u00ednio para GPS topogr\u00e1fico | Trip\u00e9 Base | ATyges \u00ae","isPartOf":{"@id":"https:\/\/atyges.es\/pt\/#website"},"primaryImageOfPage":{"@id":"https:\/\/atyges.es\/pt\/tienda\/product\/tripe-de-aluminio-para-gps-topografico\/#primaryimage"},"image":{"@id":"https:\/\/atyges.es\/pt\/tienda\/product\/tripe-de-aluminio-para-gps-topografico\/#primaryimage"},"thumbnailUrl":"https:\/\/atyges.es\/wp-content\/uploads\/2019\/12\/tripode_alu_atyges.png","datePublished":"2019-12-16T11:09:49+00:00","dateModified":"2022-08-26T18:03:16+00:00","description":"Trip\u00e9 de alum\u00ednio para GPS Topogr\u00e1fico \u2b50 Acess\u00f3rio de Topografia \u2b50 Sistemas de Topografia GPS \u2705 \u3010Distribuidores Oficiais da Emlid\u3011 \u2705","breadcrumb":{"@id":"https:\/\/atyges.es\/pt\/tienda\/product\/tripe-de-aluminio-para-gps-topografico\/#breadcrumb"},"inLanguage":"pt-PT","potentialAction":[{"@type":"ReadAction","target":["https:\/\/atyges.es\/pt\/tienda\/product\/tripe-de-aluminio-para-gps-topografico\/"]}]},{"@type":"ImageObject","inLanguage":"pt-PT","@id":"https:\/\/atyges.es\/pt\/tienda\/product\/tripe-de-aluminio-para-gps-topografico\/#primaryimage","url":"https:\/\/atyges.es\/wp-content\/uploads\/2019\/12\/tripode_alu_atyges.png","contentUrl":"https:\/\/atyges.es\/wp-content\/uploads\/2019\/12\/tripode_alu_atyges.png","width":300,"height":300,"caption":"Tr\u00edpode ligero aluminio base"},{"@type":"BreadcrumbList","@id":"https:\/\/atyges.es\/pt\/tienda\/product\/tripe-de-aluminio-para-gps-topografico\/#breadcrumb","itemListElement":[{"@type":"ListItem","position":1,"name":"Portada","item":"https:\/\/atyges.es\/pt\/"},{"@type":"ListItem","position":2,"name":"Produtos","item":"https:\/\/atyges.es\/pt\/shop\/"},{"@type":"ListItem","position":3,"name":"Trip\u00e9 de alum\u00ednio para GPS topogr\u00e1fico"}]},{"@type":"WebSite","@id":"https:\/\/atyges.es\/pt\/#website","url":"https:\/\/atyges.es\/pt\/","name":"ATyges","description":"","publisher":{"@id":"https:\/\/atyges.es\/pt\/#organization"},"potentialAction":[{"@type":"SearchAction","target":{"@type":"EntryPoint","urlTemplate":"https:\/\/atyges.es\/pt\/?s={search_term_string}"},"query-input":{"@type":"PropertyValueSpecification","valueRequired":true,"valueName":"search_term_string"}}],"inLanguage":"pt-PT"},{"@type":"Organization","@id":"https:\/\/atyges.es\/pt\/#organization","name":"Atyges","url":"https:\/\/atyges.es\/pt\/","logo":{"@type":"ImageObject","inLanguage":"pt-PT","@id":"https:\/\/atyges.es\/pt\/#\/schema\/logo\/image\/","url":"https:\/\/atyges.es\/wp-content\/uploads\/2022\/01\/Logo_ATyges_Store.png","contentUrl":"https:\/\/atyges.es\/wp-content\/uploads\/2022\/01\/Logo_ATyges_Store.png","width":1228,"height":200,"caption":"Atyges"},"image":{"@id":"https:\/\/atyges.es\/pt\/#\/schema\/logo\/image\/"}}]}},"jetpack_sharing_enabled":true,"_links":{"self":[{"href":"https:\/\/atyges.es\/pt\/wp-json\/wp\/v2\/product\/14216","targetHints":{"allow":["GET"]}}],"collection":[{"href":"https:\/\/atyges.es\/pt\/wp-json\/wp\/v2\/product"}],"about":[{"href":"https:\/\/atyges.es\/pt\/wp-json\/wp\/v2\/types\/product"}],"wp:featuredmedia":[{"embeddable":true,"href":"https:\/\/atyges.es\/pt\/wp-json\/wp\/v2\/media\/15178"}],"wp:attachment":[{"href":"https:\/\/atyges.es\/pt\/wp-json\/wp\/v2\/media?parent=14216"}],"wp:term":[{"taxonomy":"product_brand","embeddable":true,"href":"https:\/\/atyges.es\/pt\/wp-json\/wp\/v2\/product_brand?post=14216"},{"taxonomy":"product_cat","embeddable":true,"href":"https:\/\/atyges.es\/pt\/wp-json\/wp\/v2\/product_cat?post=14216"},{"taxonomy":"product_tag","embeddable":true,"href":"https:\/\/atyges.es\/pt\/wp-json\/wp\/v2\/product_tag?post=14216"}],"curies":[{"name":"wp","href":"https:\/\/api.w.org\/{rel}","templated":true}]}}