{"id":14214,"date":"2019-12-16T12:09:49","date_gmt":"2019-12-16T11:09:49","guid":{"rendered":"https:\/\/atyges.es\/product\/suporte-para-controlador-telefone\/"},"modified":"2022-08-26T19:02:11","modified_gmt":"2022-08-26T18:02:11","slug":"suporte-para-controlador-telefone","status":"publish","type":"product","link":"https:\/\/atyges.es\/pt\/tienda\/product\/suporte-para-controlador-telefone\/","title":{"rendered":"suporte para controlador \/ telefone"},"content":{"rendered":"<h2>SUPORTE AO CONTROLADOR JAL\u00d3N<\/h2>\n<p>Suporte para controlador \/ notebook \/ telefone em poste de carbono.<\/p>\n<p>Caracter\u00edsticas principais:<\/p>\n<p>&#8211; Incorpora um n\u00edvel de bolha.<\/p>\n<p>&#8211; Bot\u00e3o de desmontagem r\u00e1pida para facilitar a remo\u00e7\u00e3o do controlador e o armazenamento da haste em sua caixa.<\/p>\n<p>&#8211; Ajust\u00e1vel em \u00e2ngulo e largura para facilitar o \u00e2ngulo de visibilidade do dispositivo e a adapta\u00e7\u00e3o para Smartphones e controladores topogr\u00e1ficos.<\/p>\n\n\n<div class=\"kk-star-ratings kksr-auto kksr-align-center kksr-valign-bottom\"\n    data-payload='{&quot;align&quot;:&quot;center&quot;,&quot;id&quot;:&quot;14214&quot;,&quot;slug&quot;:&quot;default&quot;,&quot;valign&quot;:&quot;bottom&quot;,&quot;ignore&quot;:&quot;&quot;,&quot;reference&quot;:&quot;auto&quot;,&quot;class&quot;:&quot;&quot;,&quot;count&quot;:&quot;0&quot;,&quot;legendonly&quot;:&quot;&quot;,&quot;readonly&quot;:&quot;&quot;,&quot;score&quot;:&quot;0&quot;,&quot;starsonly&quot;:&quot;&quot;,&quot;best&quot;:&quot;5&quot;,&quot;gap&quot;:&quot;5&quot;,&quot;greet&quot;:&quot;Val\u00f3ranos&quot;,&quot;legend&quot;:&quot;0\\\/5 - (0 votes)&quot;,&quot;size&quot;:&quot;24&quot;,&quot;title&quot;:&quot;suporte para controlador \\\/ telefone&quot;,&quot;width&quot;:&quot;0&quot;,&quot;_legend&quot;:&quot;{score}\\\/{best} - ({count} {votes})&quot;,&quot;font_factor&quot;:&quot;1.25&quot;}'>\n            \n<div class=\"kksr-stars\">\n    \n<div class=\"kksr-stars-inactive\">\n            <div class=\"kksr-star\" data-star=\"1\" style=\"padding-right: 5px\">\n            \n\n<div class=\"kksr-icon\" style=\"width: 24px; height: 24px;\"><\/div>\n        <\/div>\n            <div class=\"kksr-star\" data-star=\"2\" style=\"padding-right: 5px\">\n            \n\n<div class=\"kksr-icon\" style=\"width: 24px; height: 24px;\"><\/div>\n        <\/div>\n            <div class=\"kksr-star\" data-star=\"3\" style=\"padding-right: 5px\">\n            \n\n<div class=\"kksr-icon\" style=\"width: 24px; height: 24px;\"><\/div>\n        <\/div>\n            <div class=\"kksr-star\" data-star=\"4\" style=\"padding-right: 5px\">\n            \n\n<div class=\"kksr-icon\" style=\"width: 24px; height: 24px;\"><\/div>\n        <\/div>\n            <div class=\"kksr-star\" data-star=\"5\" style=\"padding-right: 5px\">\n            \n\n<div class=\"kksr-icon\" style=\"width: 24px; height: 24px;\"><\/div>\n        <\/div>\n    <\/div>\n    \n<div class=\"kksr-stars-active\" style=\"width: 0px;\">\n            <div class=\"kksr-star\" style=\"padding-right: 5px\">\n            \n\n<div class=\"kksr-icon\" style=\"width: 24px; height: 24px;\"><\/div>\n        <\/div>\n            <div class=\"kksr-star\" style=\"padding-right: 5px\">\n            \n\n<div class=\"kksr-icon\" style=\"width: 24px; height: 24px;\"><\/div>\n        <\/div>\n            <div class=\"kksr-star\" style=\"padding-right: 5px\">\n            \n\n<div class=\"kksr-icon\" style=\"width: 24px; height: 24px;\"><\/div>\n        <\/div>\n            <div class=\"kksr-star\" style=\"padding-right: 5px\">\n            \n\n<div class=\"kksr-icon\" style=\"width: 24px; height: 24px;\"><\/div>\n        <\/div>\n            <div class=\"kksr-star\" style=\"padding-right: 5px\">\n            \n\n<div class=\"kksr-icon\" style=\"width: 24px; height: 24px;\"><\/div>\n        <\/div>\n    <\/div>\n<\/div>\n                \n\n<div class=\"kksr-legend\" style=\"font-size: 19.2px;\">\n            <span class=\"kksr-muted\">Val\u00f3ranos<\/span>\n    <\/div>\n    <\/div>\n","protected":false},"excerpt":{"rendered":"<div class=\"free-shipping\">Estoque Dispon\u00edvel \u2013 Envio Imediato <i class=\"fas fa-shipping-fast\"><\/i><\/div>\n<p><strong>Grampo de suporte para controlador \/ notebook \/ telefone em poste de carbono.<\/strong><\/p>\n<p>Adequado para uso com controladores topogr\u00e1ficos, smartphones e\u00a0<a href=\"https:\/\/atyges.es\/pt\/tienda\/product\/bastao-topografia-2m\/\">hastes de<\/a>\u00a0carbono padr\u00e3o.<\/p>\n","protected":false},"featured_media":15207,"template":"","meta":[],"product_brand":[],"product_cat":[1444,1445,1214],"product_tag":[],"class_list":{"0":"post-14214","1":"product","2":"type-product","3":"status-publish","4":"has-post-thumbnail","6":"product_cat-acessorios-gps","7":"product_cat-dispositivos-e-softwares-de-topografia","8":"product_cat-emlid-gps","9":"product_shipping_class-emlid-pt","11":"first","12":"instock","13":"taxable","14":"shipping-taxable","15":"purchasable","16":"product-type-simple"},"yoast_head":"<!-- This site is optimized with the Yoast SEO plugin v27.2 - https:\/\/yoast.com\/product\/yoast-seo-wordpress\/ -->\n<title>Suporte para controlador GPS | ATyges \u00ae<\/title>\n<meta name=\"description\" content=\"Suporte para controlador \/ telefone \u2b50 Sistemas de posicionamento GPS para topografia e mapeamento\" \/>\n<meta name=\"robots\" content=\"index, follow, max-snippet:-1, max-image-preview:large, max-video-preview:-1\" \/>\n<link rel=\"canonical\" href=\"https:\/\/atyges.es\/pt\/tienda\/product\/suporte-para-controlador-telefone\/\" \/>\n<meta property=\"og:locale\" content=\"pt_PT\" \/>\n<meta property=\"og:type\" content=\"article\" \/>\n<meta property=\"og:title\" content=\"Suporte para controlador GPS | ATyges \u00ae\" \/>\n<meta property=\"og:description\" content=\"Suporte para controlador \/ telefone \u2b50 Sistemas de posicionamento GPS para topografia e mapeamento\" \/>\n<meta property=\"og:url\" content=\"https:\/\/atyges.es\/pt\/tienda\/product\/suporte-para-controlador-telefone\/\" \/>\n<meta property=\"og:site_name\" content=\"ATyges\" \/>\n<meta property=\"article:modified_time\" content=\"2022-08-26T18:02:11+00:00\" \/>\n<meta property=\"og:image\" content=\"https:\/\/atyges.es\/wp-content\/uploads\/2019\/12\/pinza-1.png\" \/>\n\t<meta property=\"og:image:width\" content=\"300\" \/>\n\t<meta property=\"og:image:height\" content=\"300\" \/>\n\t<meta property=\"og:image:type\" content=\"image\/png\" \/>\n<meta name=\"twitter:card\" content=\"summary_large_image\" \/>\n<meta name=\"twitter:label1\" content=\"Tempo estimado de leitura\" \/>\n\t<meta name=\"twitter:data1\" content=\"1 minuto\" \/>\n<script type=\"application\/ld+json\" class=\"yoast-schema-graph\">{\"@context\":\"https:\/\/schema.org\",\"@graph\":[{\"@type\":\"WebPage\",\"@id\":\"https:\/\/atyges.es\/pt\/tienda\/product\/suporte-para-controlador-telefone\/\",\"url\":\"https:\/\/atyges.es\/pt\/tienda\/product\/suporte-para-controlador-telefone\/\",\"name\":\"Suporte para controlador GPS | ATyges \u00ae\",\"isPartOf\":{\"@id\":\"https:\/\/atyges.es\/pt\/#website\"},\"primaryImageOfPage\":{\"@id\":\"https:\/\/atyges.es\/pt\/tienda\/product\/suporte-para-controlador-telefone\/#primaryimage\"},\"image\":{\"@id\":\"https:\/\/atyges.es\/pt\/tienda\/product\/suporte-para-controlador-telefone\/#primaryimage\"},\"thumbnailUrl\":\"https:\/\/atyges.es\/wp-content\/uploads\/2019\/12\/pinza-1.png\",\"datePublished\":\"2019-12-16T11:09:49+00:00\",\"dateModified\":\"2022-08-26T18:02:11+00:00\",\"description\":\"Suporte para controlador \/ telefone \u2b50 Sistemas de posicionamento GPS para topografia e mapeamento\",\"breadcrumb\":{\"@id\":\"https:\/\/atyges.es\/pt\/tienda\/product\/suporte-para-controlador-telefone\/#breadcrumb\"},\"inLanguage\":\"pt-PT\",\"potentialAction\":[{\"@type\":\"ReadAction\",\"target\":[\"https:\/\/atyges.es\/pt\/tienda\/product\/suporte-para-controlador-telefone\/\"]}]},{\"@type\":\"ImageObject\",\"inLanguage\":\"pt-PT\",\"@id\":\"https:\/\/atyges.es\/pt\/tienda\/product\/suporte-para-controlador-telefone\/#primaryimage\",\"url\":\"https:\/\/atyges.es\/wp-content\/uploads\/2019\/12\/pinza-1.png\",\"contentUrl\":\"https:\/\/atyges.es\/wp-content\/uploads\/2019\/12\/pinza-1.png\",\"width\":300,\"height\":300,\"caption\":\"pinza\"},{\"@type\":\"BreadcrumbList\",\"@id\":\"https:\/\/atyges.es\/pt\/tienda\/product\/suporte-para-controlador-telefone\/#breadcrumb\",\"itemListElement\":[{\"@type\":\"ListItem\",\"position\":1,\"name\":\"Portada\",\"item\":\"https:\/\/atyges.es\/pt\/\"},{\"@type\":\"ListItem\",\"position\":2,\"name\":\"Produtos\",\"item\":\"https:\/\/atyges.es\/pt\/shop\/\"},{\"@type\":\"ListItem\",\"position\":3,\"name\":\"suporte para controlador \/ telefone\"}]},{\"@type\":\"WebSite\",\"@id\":\"https:\/\/atyges.es\/pt\/#website\",\"url\":\"https:\/\/atyges.es\/pt\/\",\"name\":\"ATyges\",\"description\":\"\",\"publisher\":{\"@id\":\"https:\/\/atyges.es\/pt\/#organization\"},\"potentialAction\":[{\"@type\":\"SearchAction\",\"target\":{\"@type\":\"EntryPoint\",\"urlTemplate\":\"https:\/\/atyges.es\/pt\/?s={search_term_string}\"},\"query-input\":{\"@type\":\"PropertyValueSpecification\",\"valueRequired\":true,\"valueName\":\"search_term_string\"}}],\"inLanguage\":\"pt-PT\"},{\"@type\":\"Organization\",\"@id\":\"https:\/\/atyges.es\/pt\/#organization\",\"name\":\"Atyges\",\"url\":\"https:\/\/atyges.es\/pt\/\",\"logo\":{\"@type\":\"ImageObject\",\"inLanguage\":\"pt-PT\",\"@id\":\"https:\/\/atyges.es\/pt\/#\/schema\/logo\/image\/\",\"url\":\"https:\/\/atyges.es\/wp-content\/uploads\/2022\/01\/Logo_ATyges_Store.png\",\"contentUrl\":\"https:\/\/atyges.es\/wp-content\/uploads\/2022\/01\/Logo_ATyges_Store.png\",\"width\":1228,\"height\":200,\"caption\":\"Atyges\"},\"image\":{\"@id\":\"https:\/\/atyges.es\/pt\/#\/schema\/logo\/image\/\"}}]}<\/script>\n<!-- \/ Yoast SEO plugin. -->","yoast_head_json":{"title":"Suporte para controlador GPS | ATyges \u00ae","description":"Suporte para controlador \/ telefone \u2b50 Sistemas de posicionamento GPS para topografia e mapeamento","robots":{"index":"index","follow":"follow","max-snippet":"max-snippet:-1","max-image-preview":"max-image-preview:large","max-video-preview":"max-video-preview:-1"},"canonical":"https:\/\/atyges.es\/pt\/tienda\/product\/suporte-para-controlador-telefone\/","og_locale":"pt_PT","og_type":"article","og_title":"Suporte para controlador GPS | ATyges \u00ae","og_description":"Suporte para controlador \/ telefone \u2b50 Sistemas de posicionamento GPS para topografia e mapeamento","og_url":"https:\/\/atyges.es\/pt\/tienda\/product\/suporte-para-controlador-telefone\/","og_site_name":"ATyges","article_modified_time":"2022-08-26T18:02:11+00:00","og_image":[{"width":300,"height":300,"url":"https:\/\/atyges.es\/wp-content\/uploads\/2019\/12\/pinza-1.png","type":"image\/png"}],"twitter_card":"summary_large_image","twitter_misc":{"Tempo estimado de leitura":"1 minuto"},"schema":{"@context":"https:\/\/schema.org","@graph":[{"@type":"WebPage","@id":"https:\/\/atyges.es\/pt\/tienda\/product\/suporte-para-controlador-telefone\/","url":"https:\/\/atyges.es\/pt\/tienda\/product\/suporte-para-controlador-telefone\/","name":"Suporte para controlador GPS | ATyges \u00ae","isPartOf":{"@id":"https:\/\/atyges.es\/pt\/#website"},"primaryImageOfPage":{"@id":"https:\/\/atyges.es\/pt\/tienda\/product\/suporte-para-controlador-telefone\/#primaryimage"},"image":{"@id":"https:\/\/atyges.es\/pt\/tienda\/product\/suporte-para-controlador-telefone\/#primaryimage"},"thumbnailUrl":"https:\/\/atyges.es\/wp-content\/uploads\/2019\/12\/pinza-1.png","datePublished":"2019-12-16T11:09:49+00:00","dateModified":"2022-08-26T18:02:11+00:00","description":"Suporte para controlador \/ telefone \u2b50 Sistemas de posicionamento GPS para topografia e mapeamento","breadcrumb":{"@id":"https:\/\/atyges.es\/pt\/tienda\/product\/suporte-para-controlador-telefone\/#breadcrumb"},"inLanguage":"pt-PT","potentialAction":[{"@type":"ReadAction","target":["https:\/\/atyges.es\/pt\/tienda\/product\/suporte-para-controlador-telefone\/"]}]},{"@type":"ImageObject","inLanguage":"pt-PT","@id":"https:\/\/atyges.es\/pt\/tienda\/product\/suporte-para-controlador-telefone\/#primaryimage","url":"https:\/\/atyges.es\/wp-content\/uploads\/2019\/12\/pinza-1.png","contentUrl":"https:\/\/atyges.es\/wp-content\/uploads\/2019\/12\/pinza-1.png","width":300,"height":300,"caption":"pinza"},{"@type":"BreadcrumbList","@id":"https:\/\/atyges.es\/pt\/tienda\/product\/suporte-para-controlador-telefone\/#breadcrumb","itemListElement":[{"@type":"ListItem","position":1,"name":"Portada","item":"https:\/\/atyges.es\/pt\/"},{"@type":"ListItem","position":2,"name":"Produtos","item":"https:\/\/atyges.es\/pt\/shop\/"},{"@type":"ListItem","position":3,"name":"suporte para controlador \/ telefone"}]},{"@type":"WebSite","@id":"https:\/\/atyges.es\/pt\/#website","url":"https:\/\/atyges.es\/pt\/","name":"ATyges","description":"","publisher":{"@id":"https:\/\/atyges.es\/pt\/#organization"},"potentialAction":[{"@type":"SearchAction","target":{"@type":"EntryPoint","urlTemplate":"https:\/\/atyges.es\/pt\/?s={search_term_string}"},"query-input":{"@type":"PropertyValueSpecification","valueRequired":true,"valueName":"search_term_string"}}],"inLanguage":"pt-PT"},{"@type":"Organization","@id":"https:\/\/atyges.es\/pt\/#organization","name":"Atyges","url":"https:\/\/atyges.es\/pt\/","logo":{"@type":"ImageObject","inLanguage":"pt-PT","@id":"https:\/\/atyges.es\/pt\/#\/schema\/logo\/image\/","url":"https:\/\/atyges.es\/wp-content\/uploads\/2022\/01\/Logo_ATyges_Store.png","contentUrl":"https:\/\/atyges.es\/wp-content\/uploads\/2022\/01\/Logo_ATyges_Store.png","width":1228,"height":200,"caption":"Atyges"},"image":{"@id":"https:\/\/atyges.es\/pt\/#\/schema\/logo\/image\/"}}]}},"jetpack_sharing_enabled":true,"_links":{"self":[{"href":"https:\/\/atyges.es\/pt\/wp-json\/wp\/v2\/product\/14214","targetHints":{"allow":["GET"]}}],"collection":[{"href":"https:\/\/atyges.es\/pt\/wp-json\/wp\/v2\/product"}],"about":[{"href":"https:\/\/atyges.es\/pt\/wp-json\/wp\/v2\/types\/product"}],"wp:featuredmedia":[{"embeddable":true,"href":"https:\/\/atyges.es\/pt\/wp-json\/wp\/v2\/media\/15207"}],"wp:attachment":[{"href":"https:\/\/atyges.es\/pt\/wp-json\/wp\/v2\/media?parent=14214"}],"wp:term":[{"taxonomy":"product_brand","embeddable":true,"href":"https:\/\/atyges.es\/pt\/wp-json\/wp\/v2\/product_brand?post=14214"},{"taxonomy":"product_cat","embeddable":true,"href":"https:\/\/atyges.es\/pt\/wp-json\/wp\/v2\/product_cat?post=14214"},{"taxonomy":"product_tag","embeddable":true,"href":"https:\/\/atyges.es\/pt\/wp-json\/wp\/v2\/product_tag?post=14214"}],"curies":[{"name":"wp","href":"https:\/\/api.w.org\/{rel}","templated":true}]}}