{"id":14171,"date":"2019-12-16T12:10:49","date_gmt":"2019-12-16T11:10:49","guid":{"rendered":"https:\/\/atyges.es\/product\/gps-emlid-reach-m2\/"},"modified":"2022-08-26T19:01:43","modified_gmt":"2022-08-26T18:01:43","slug":"gps-emlid-reach-m2","status":"publish","type":"product","link":"https:\/\/atyges.es\/pt\/tienda\/product\/gps-emlid-reach-m2\/","title":{"rendered":"GPS Reach M2"},"content":{"rendered":"<h2>GPS REACH M2: SISTEMA GNSS MINIATURIZADO PARA DRONES PPK \/ RTK<\/h2>\n<p>GPS Reach M2 \u00e9 um receptor RTK-GNSS multibanda para navega\u00e7\u00e3o precisa e para realiza\u00e7\u00e3o de voos sem pontos de apoio (GCP), pois calcula em tempo real as coordenadas com precis\u00e3o centim\u00e9trica e envia os dados para o seu aparelho em formato NMEA, via UART, Bluetooth ou Wi-fi.\u00a0Ele registra todos os momentos em que a c\u00e2mera foi acionada.<\/p>\n<p><img loading=\"lazy\" decoding=\"async\" class=\"aligncenter wp-image-3469 size-large\" src=\"https:\/\/atyges.es\/wp-content\/uploads\/2019\/10\/Reach-M2_atyges-1024x768.jpg\" alt=\"Alcance M2 - Atyges - drones ppk rtk\" width=\"980\" height=\"735\" \/><\/p>\n<p>Sincroniza\u00e7\u00e3o perfeita com o equipamento Reach RS2 como base.<\/p>\n<h2><strong>SISTEMA DE POSICIONAMENTO RTK PARA NAVEGA\u00c7\u00c3O GPS REACH M2<br \/>\n<\/strong><\/h2>\n<p>O sistema GPS Reach M2 calcula as coordenadas em tempo real com precis\u00e3o centim\u00e9trica e as transmite em NMEA ou formato bin\u00e1rio via UART, Bluetooh ou Wi-Fi<a ref=\"magnificPopup\" href=\"https:\/\/atyges.es\/wp-content\/uploads\/2019\/12\/reach-navigation.jpg\"><img loading=\"lazy\" decoding=\"async\" class=\"aligncenter wp-image-14180 size-full\" src=\"https:\/\/atyges.es\/wp-content\/uploads\/2019\/12\/reach-navigation.jpg\" sizes=\"auto, (max-width: 849px) 100vw, 849px\" srcset=\"https:\/\/atyges.es\/wp-content\/uploads\/2019\/12\/reach-navigation.jpg 849w, https:\/\/atyges.es\/wp-content\/uploads\/2019\/12\/reach-navigation-600x106.jpg 600w, https:\/\/atyges.es\/wp-content\/uploads\/2019\/12\/reach-navigation-300x53.jpg 300w, https:\/\/atyges.es\/wp-content\/uploads\/2019\/12\/reach-navigation-173x31.jpg 173w\" alt=\"alcan\u00e7ar o fluxo de trabalho rtk rs + m + rs2 m2\" width=\"849\" height=\"150\" \/><\/a><\/p>\n<h4><strong>PPK para mapeamento de drones.\u00a0Precis\u00e3o centim\u00e9trica sem GCP.<br \/>\n<\/strong><\/h4>\n<p>O m\u00f3dulo registra as posi\u00e7\u00f5es precisas no momento exato em que cada foto \u00e9 tirada.<\/p>\n<h3><strong>POR QUE O TEMPO DA C\u00c2MERA \u00c9 IMPORTANTE?<\/strong><\/h3>\n<div class=\"wpb_text_column wpb_content_element \">\n<div class=\"wpb_wrapper\">\n<p>Normalmente, o piloto autom\u00e1tico ativa a c\u00e2mera e grava sua coordenada atual.\u00a0Quando o drone est\u00e1 voando a velocidades consider\u00e1veis \u200b\u200b(4 a 20 m \/ s) e o GPS est\u00e1 funcionando a 5 Hz, isso significa que seu piloto autom\u00e1tico ter\u00e1 leituras de posi\u00e7\u00e3o entre 80 cm e 4 m.\u00a0Embora suficientes para navega\u00e7\u00e3o, tais leituras n\u00e3o s\u00e3o adequadas para georreferenciamento preciso.\u00a0Al\u00e9m disso, sempre h\u00e1 um atraso entre a foto e o momento real em que a foto \u00e9 tirada.<\/p>\n<\/div>\n<\/div>\n<div class=\"wpb_text_column wpb_content_element \">\n<div class=\"wpb_wrapper\">\n<p>O m\u00f3dulo Reach M2 resolve isso conectando-se diretamente \u00e0 c\u00e2mera. O tempo de cada foto \u00e9 registrado com resolu\u00e7\u00e3o inferior a um microssegundo.<\/p>\n<\/div>\n<\/div>\n<h4><strong>Aplicativo nativo ReachView<\/strong><\/h4>\n<p><img loading=\"lazy\" decoding=\"async\" class=\"aligncenter wp-image-14179 size-full\" src=\"https:\/\/atyges.es\/wp-content\/uploads\/2019\/12\/reachview-e1580037618583.gif\" sizes=\"auto, (max-width: 1000px) 100vw, 1000px\" srcset=\"https:\/\/atyges.es\/wp-content\/uploads\/2019\/12\/reachview-e1580037618583.gif 1000w, https:\/\/atyges.es\/wp-content\/uploads\/2019\/12\/reachview-e1580037618583-600x462.gif 600w\" alt=\"app reachview\" width=\"1000\" height=\"770\" \/><\/p>\n<p>Com o aplicativo nativo ReachView gratuito, voc\u00ea pode controlar e configurar seu dispositivo.\u00a0Esta ferramenta est\u00e1 dispon\u00edvel nos formatos iOS, Windows, Android e Linux.<\/p>\n<h4><strong>Ajuda com a configura\u00e7\u00e3o<\/strong><\/h4>\n<p>Configure facilmente a entrada de corre\u00e7\u00e3o, a sa\u00edda da solu\u00e7\u00e3o, a taxa de atualiza\u00e7\u00e3o e os sistemas de sat\u00e9lite em uso.\u00a0Gerenciar conex\u00f5es Wi-Fi e Bluetooth.<\/p>\n<h4><strong>Controle e monitoramento de status<br \/>\n<\/strong><\/h4>\n<p class=\"transp\">O ReachView mostra a intensidade do sinal do sat\u00e9lite atual, previs\u00e3o de visibilidade da constela\u00e7\u00e3o, sua localiza\u00e7\u00e3o em um mapa e muito mais.<\/p>\n<h4><strong>Ferramenta de inspe\u00e7\u00e3o<br \/>\n<\/strong><\/h4>\n<p class=\"transp\">Ferramentas integradas para coleta de dados.\u00a0Grave geolocaliza\u00e7\u00e3o com precis\u00e3o espec\u00edfica.\u00a0Importe e exporte em formatos padr\u00e3o da ind\u00fastria.<\/p>\n<h4><strong>Gest\u00e3o de registros<br \/>\n<\/strong><\/h4>\n<p>Os registros s\u00e3o gravados automaticamente na mem\u00f3ria interna.\u00a0Visualize uma lista dos registros e baixe-os usando o aplicativo ReachView.<\/p>\n<h4>Compat\u00edvel com ATygeo PPK<\/h4>\n<p>A ferramenta\u00a0<strong>ATygeo PPK<\/strong>\u00a0facilita o fluxo de trabalho de equipamentos GPS com tecnologia PPK, pois realiza o p\u00f3s-processamento cinem\u00e1tico automaticamente e incorpora todas as informa\u00e7\u00f5es \u00fateis nos metadados das imagens da c\u00e2mera (posi\u00e7\u00f5es corrigidas, precis\u00f5es, etc.) facilitando o p\u00f3s-tratamento com software de fotogrametria como\u00a0<a href=\"https:\/\/atyges.es\/tienda\/pix4d-mapper\/\" target=\"_blank\" rel=\"noopener noreferrer\">PIX4D<\/a>\u00a0\u00ae, Agisoft MetaShape\u00ae, ContexCapture\u00ae, TBC\u00ae e outros.<\/p>\n\n\n<div class=\"kk-star-ratings kksr-auto kksr-align-center kksr-valign-bottom\"\n    data-payload='{&quot;align&quot;:&quot;center&quot;,&quot;id&quot;:&quot;14171&quot;,&quot;slug&quot;:&quot;default&quot;,&quot;valign&quot;:&quot;bottom&quot;,&quot;ignore&quot;:&quot;&quot;,&quot;reference&quot;:&quot;auto&quot;,&quot;class&quot;:&quot;&quot;,&quot;count&quot;:&quot;0&quot;,&quot;legendonly&quot;:&quot;&quot;,&quot;readonly&quot;:&quot;&quot;,&quot;score&quot;:&quot;0&quot;,&quot;starsonly&quot;:&quot;&quot;,&quot;best&quot;:&quot;5&quot;,&quot;gap&quot;:&quot;5&quot;,&quot;greet&quot;:&quot;Val\u00f3ranos&quot;,&quot;legend&quot;:&quot;0\\\/5 - (0 votes)&quot;,&quot;size&quot;:&quot;24&quot;,&quot;title&quot;:&quot;GPS Reach M2&quot;,&quot;width&quot;:&quot;0&quot;,&quot;_legend&quot;:&quot;{score}\\\/{best} - ({count} {votes})&quot;,&quot;font_factor&quot;:&quot;1.25&quot;}'>\n            \n<div class=\"kksr-stars\">\n    \n<div class=\"kksr-stars-inactive\">\n            <div class=\"kksr-star\" data-star=\"1\" style=\"padding-right: 5px\">\n            \n\n<div class=\"kksr-icon\" style=\"width: 24px; height: 24px;\"><\/div>\n        <\/div>\n            <div class=\"kksr-star\" data-star=\"2\" style=\"padding-right: 5px\">\n            \n\n<div class=\"kksr-icon\" style=\"width: 24px; height: 24px;\"><\/div>\n        <\/div>\n            <div class=\"kksr-star\" data-star=\"3\" style=\"padding-right: 5px\">\n            \n\n<div class=\"kksr-icon\" style=\"width: 24px; height: 24px;\"><\/div>\n        <\/div>\n            <div class=\"kksr-star\" data-star=\"4\" style=\"padding-right: 5px\">\n            \n\n<div class=\"kksr-icon\" style=\"width: 24px; height: 24px;\"><\/div>\n        <\/div>\n            <div class=\"kksr-star\" data-star=\"5\" style=\"padding-right: 5px\">\n            \n\n<div class=\"kksr-icon\" style=\"width: 24px; height: 24px;\"><\/div>\n        <\/div>\n    <\/div>\n    \n<div class=\"kksr-stars-active\" style=\"width: 0px;\">\n            <div class=\"kksr-star\" style=\"padding-right: 5px\">\n            \n\n<div class=\"kksr-icon\" style=\"width: 24px; height: 24px;\"><\/div>\n        <\/div>\n            <div class=\"kksr-star\" style=\"padding-right: 5px\">\n            \n\n<div class=\"kksr-icon\" style=\"width: 24px; height: 24px;\"><\/div>\n        <\/div>\n            <div class=\"kksr-star\" style=\"padding-right: 5px\">\n            \n\n<div class=\"kksr-icon\" style=\"width: 24px; height: 24px;\"><\/div>\n        <\/div>\n            <div class=\"kksr-star\" style=\"padding-right: 5px\">\n            \n\n<div class=\"kksr-icon\" style=\"width: 24px; height: 24px;\"><\/div>\n        <\/div>\n            <div class=\"kksr-star\" style=\"padding-right: 5px\">\n            \n\n<div class=\"kksr-icon\" style=\"width: 24px; height: 24px;\"><\/div>\n        <\/div>\n    <\/div>\n<\/div>\n                \n\n<div class=\"kksr-legend\" style=\"font-size: 19.2px;\">\n            <span class=\"kksr-muted\">Val\u00f3ranos<\/span>\n    <\/div>\n    <\/div>\n","protected":false},"excerpt":{"rendered":"<p><strong>NOVO Reach M2, receptor miniaturizado para RPAS multifrequencial.<\/strong><\/p>\n<p>Receptor GPS GNSS multifrequencial para navega\u00e7\u00e3o RTK e mapeamento UAV.<\/p>\n<div class=\"pdffiles\"><a href=\"https:\/\/atyges.es\/wp-content\/uploads\/2020\/01\/Especificaciones-Reach-M2-y-M.pdf\" target=\"_blank\" rel=\"noopener noreferrer\">\u21d2 Compara\u00e7\u00e3o de receptores miniaturizados para drones Reach M + e Reach M2<\/a><\/div>\n","protected":false},"featured_media":15133,"template":"","meta":[],"product_brand":[],"product_cat":[1214,1446],"product_tag":[],"class_list":{"0":"post-14171","1":"product","2":"type-product","3":"status-publish","4":"has-post-thumbnail","6":"product_cat-emlid-gps","7":"product_cat-modulos-gps-pt","8":"product_shipping_class-emlid-pt","10":"first","11":"outofstock","12":"taxable","13":"shipping-taxable","14":"purchasable","15":"product-type-variable","16":"has-default-attributes"},"yoast_head":"<!-- This site is optimized with the Yoast SEO plugin v27.2 - https:\/\/yoast.com\/product\/yoast-seo-wordpress\/ -->\n<title>GPS Reach M2 | Sistema RTK-PPK em miniatura | ATyges \u00ae<\/title>\n<meta name=\"description\" content=\"GPS Reach M2 \u2b50 Sistemas GPS miniaturizados: Topografia, Navega\u00e7\u00e3o e Mapeamento. \u2705 \u3010Distribuidor oficial da Emlid\u3011 \u2705.\" \/>\n<meta name=\"robots\" content=\"index, follow, max-snippet:-1, max-image-preview:large, max-video-preview:-1\" \/>\n<link rel=\"canonical\" href=\"https:\/\/atyges.es\/pt\/tienda\/product\/gps-emlid-reach-m2\/\" \/>\n<meta property=\"og:locale\" content=\"pt_PT\" \/>\n<meta property=\"og:type\" content=\"article\" \/>\n<meta property=\"og:title\" content=\"GPS Reach M2 | Sistema RTK-PPK em miniatura | ATyges \u00ae\" \/>\n<meta property=\"og:description\" content=\"GPS Reach M2 \u2b50 Sistemas GPS miniaturizados: Topografia, Navega\u00e7\u00e3o e Mapeamento. \u2705 \u3010Distribuidor oficial da Emlid\u3011 \u2705.\" \/>\n<meta property=\"og:url\" content=\"https:\/\/atyges.es\/pt\/tienda\/product\/gps-emlid-reach-m2\/\" \/>\n<meta property=\"og:site_name\" content=\"ATyges\" \/>\n<meta property=\"article:modified_time\" content=\"2022-08-26T18:01:43+00:00\" \/>\n<meta property=\"og:image\" content=\"https:\/\/atyges.es\/wp-content\/uploads\/2019\/12\/Reach_M2_2.png\" \/>\n\t<meta property=\"og:image:width\" content=\"595\" \/>\n\t<meta property=\"og:image:height\" content=\"595\" \/>\n\t<meta property=\"og:image:type\" content=\"image\/png\" \/>\n<meta name=\"twitter:card\" content=\"summary_large_image\" \/>\n<meta name=\"twitter:label1\" content=\"Tempo estimado de leitura\" \/>\n\t<meta name=\"twitter:data1\" content=\"3 minutos\" \/>\n<script type=\"application\/ld+json\" class=\"yoast-schema-graph\">{\"@context\":\"https:\/\/schema.org\",\"@graph\":[{\"@type\":\"WebPage\",\"@id\":\"https:\/\/atyges.es\/pt\/tienda\/product\/gps-emlid-reach-m2\/\",\"url\":\"https:\/\/atyges.es\/pt\/tienda\/product\/gps-emlid-reach-m2\/\",\"name\":\"GPS Reach M2 | Sistema RTK-PPK em miniatura | ATyges \u00ae\",\"isPartOf\":{\"@id\":\"https:\/\/atyges.es\/pt\/#website\"},\"primaryImageOfPage\":{\"@id\":\"https:\/\/atyges.es\/pt\/tienda\/product\/gps-emlid-reach-m2\/#primaryimage\"},\"image\":{\"@id\":\"https:\/\/atyges.es\/pt\/tienda\/product\/gps-emlid-reach-m2\/#primaryimage\"},\"thumbnailUrl\":\"https:\/\/atyges.es\/wp-content\/uploads\/2019\/12\/Reach_M2_2.png\",\"datePublished\":\"2019-12-16T11:10:49+00:00\",\"dateModified\":\"2022-08-26T18:01:43+00:00\",\"description\":\"GPS Reach M2 \u2b50 Sistemas GPS miniaturizados: Topografia, Navega\u00e7\u00e3o e Mapeamento. \u2705 \u3010Distribuidor oficial da Emlid\u3011 \u2705.\",\"breadcrumb\":{\"@id\":\"https:\/\/atyges.es\/pt\/tienda\/product\/gps-emlid-reach-m2\/#breadcrumb\"},\"inLanguage\":\"pt-PT\",\"potentialAction\":[{\"@type\":\"ReadAction\",\"target\":[\"https:\/\/atyges.es\/pt\/tienda\/product\/gps-emlid-reach-m2\/\"]}]},{\"@type\":\"ImageObject\",\"inLanguage\":\"pt-PT\",\"@id\":\"https:\/\/atyges.es\/pt\/tienda\/product\/gps-emlid-reach-m2\/#primaryimage\",\"url\":\"https:\/\/atyges.es\/wp-content\/uploads\/2019\/12\/Reach_M2_2.png\",\"contentUrl\":\"https:\/\/atyges.es\/wp-content\/uploads\/2019\/12\/Reach_M2_2.png\",\"width\":595,\"height\":595,\"caption\":\"Reach_M2_2_atyges\"},{\"@type\":\"BreadcrumbList\",\"@id\":\"https:\/\/atyges.es\/pt\/tienda\/product\/gps-emlid-reach-m2\/#breadcrumb\",\"itemListElement\":[{\"@type\":\"ListItem\",\"position\":1,\"name\":\"Portada\",\"item\":\"https:\/\/atyges.es\/pt\/\"},{\"@type\":\"ListItem\",\"position\":2,\"name\":\"Produtos\",\"item\":\"https:\/\/atyges.es\/pt\/shop\/\"},{\"@type\":\"ListItem\",\"position\":3,\"name\":\"GPS Reach M2\"}]},{\"@type\":\"WebSite\",\"@id\":\"https:\/\/atyges.es\/pt\/#website\",\"url\":\"https:\/\/atyges.es\/pt\/\",\"name\":\"ATyges\",\"description\":\"\",\"publisher\":{\"@id\":\"https:\/\/atyges.es\/pt\/#organization\"},\"potentialAction\":[{\"@type\":\"SearchAction\",\"target\":{\"@type\":\"EntryPoint\",\"urlTemplate\":\"https:\/\/atyges.es\/pt\/?s={search_term_string}\"},\"query-input\":{\"@type\":\"PropertyValueSpecification\",\"valueRequired\":true,\"valueName\":\"search_term_string\"}}],\"inLanguage\":\"pt-PT\"},{\"@type\":\"Organization\",\"@id\":\"https:\/\/atyges.es\/pt\/#organization\",\"name\":\"Atyges\",\"url\":\"https:\/\/atyges.es\/pt\/\",\"logo\":{\"@type\":\"ImageObject\",\"inLanguage\":\"pt-PT\",\"@id\":\"https:\/\/atyges.es\/pt\/#\/schema\/logo\/image\/\",\"url\":\"https:\/\/atyges.es\/wp-content\/uploads\/2022\/01\/Logo_ATyges_Store.png\",\"contentUrl\":\"https:\/\/atyges.es\/wp-content\/uploads\/2022\/01\/Logo_ATyges_Store.png\",\"width\":1228,\"height\":200,\"caption\":\"Atyges\"},\"image\":{\"@id\":\"https:\/\/atyges.es\/pt\/#\/schema\/logo\/image\/\"}}]}<\/script>\n<!-- \/ Yoast SEO plugin. -->","yoast_head_json":{"title":"GPS Reach M2 | Sistema RTK-PPK em miniatura | ATyges \u00ae","description":"GPS Reach M2 \u2b50 Sistemas GPS miniaturizados: Topografia, Navega\u00e7\u00e3o e Mapeamento. \u2705 \u3010Distribuidor oficial da Emlid\u3011 \u2705.","robots":{"index":"index","follow":"follow","max-snippet":"max-snippet:-1","max-image-preview":"max-image-preview:large","max-video-preview":"max-video-preview:-1"},"canonical":"https:\/\/atyges.es\/pt\/tienda\/product\/gps-emlid-reach-m2\/","og_locale":"pt_PT","og_type":"article","og_title":"GPS Reach M2 | Sistema RTK-PPK em miniatura | ATyges \u00ae","og_description":"GPS Reach M2 \u2b50 Sistemas GPS miniaturizados: Topografia, Navega\u00e7\u00e3o e Mapeamento. \u2705 \u3010Distribuidor oficial da Emlid\u3011 \u2705.","og_url":"https:\/\/atyges.es\/pt\/tienda\/product\/gps-emlid-reach-m2\/","og_site_name":"ATyges","article_modified_time":"2022-08-26T18:01:43+00:00","og_image":[{"width":595,"height":595,"url":"https:\/\/atyges.es\/wp-content\/uploads\/2019\/12\/Reach_M2_2.png","type":"image\/png"}],"twitter_card":"summary_large_image","twitter_misc":{"Tempo estimado de leitura":"3 minutos"},"schema":{"@context":"https:\/\/schema.org","@graph":[{"@type":"WebPage","@id":"https:\/\/atyges.es\/pt\/tienda\/product\/gps-emlid-reach-m2\/","url":"https:\/\/atyges.es\/pt\/tienda\/product\/gps-emlid-reach-m2\/","name":"GPS Reach M2 | Sistema RTK-PPK em miniatura | ATyges \u00ae","isPartOf":{"@id":"https:\/\/atyges.es\/pt\/#website"},"primaryImageOfPage":{"@id":"https:\/\/atyges.es\/pt\/tienda\/product\/gps-emlid-reach-m2\/#primaryimage"},"image":{"@id":"https:\/\/atyges.es\/pt\/tienda\/product\/gps-emlid-reach-m2\/#primaryimage"},"thumbnailUrl":"https:\/\/atyges.es\/wp-content\/uploads\/2019\/12\/Reach_M2_2.png","datePublished":"2019-12-16T11:10:49+00:00","dateModified":"2022-08-26T18:01:43+00:00","description":"GPS Reach M2 \u2b50 Sistemas GPS miniaturizados: Topografia, Navega\u00e7\u00e3o e Mapeamento. \u2705 \u3010Distribuidor oficial da Emlid\u3011 \u2705.","breadcrumb":{"@id":"https:\/\/atyges.es\/pt\/tienda\/product\/gps-emlid-reach-m2\/#breadcrumb"},"inLanguage":"pt-PT","potentialAction":[{"@type":"ReadAction","target":["https:\/\/atyges.es\/pt\/tienda\/product\/gps-emlid-reach-m2\/"]}]},{"@type":"ImageObject","inLanguage":"pt-PT","@id":"https:\/\/atyges.es\/pt\/tienda\/product\/gps-emlid-reach-m2\/#primaryimage","url":"https:\/\/atyges.es\/wp-content\/uploads\/2019\/12\/Reach_M2_2.png","contentUrl":"https:\/\/atyges.es\/wp-content\/uploads\/2019\/12\/Reach_M2_2.png","width":595,"height":595,"caption":"Reach_M2_2_atyges"},{"@type":"BreadcrumbList","@id":"https:\/\/atyges.es\/pt\/tienda\/product\/gps-emlid-reach-m2\/#breadcrumb","itemListElement":[{"@type":"ListItem","position":1,"name":"Portada","item":"https:\/\/atyges.es\/pt\/"},{"@type":"ListItem","position":2,"name":"Produtos","item":"https:\/\/atyges.es\/pt\/shop\/"},{"@type":"ListItem","position":3,"name":"GPS Reach M2"}]},{"@type":"WebSite","@id":"https:\/\/atyges.es\/pt\/#website","url":"https:\/\/atyges.es\/pt\/","name":"ATyges","description":"","publisher":{"@id":"https:\/\/atyges.es\/pt\/#organization"},"potentialAction":[{"@type":"SearchAction","target":{"@type":"EntryPoint","urlTemplate":"https:\/\/atyges.es\/pt\/?s={search_term_string}"},"query-input":{"@type":"PropertyValueSpecification","valueRequired":true,"valueName":"search_term_string"}}],"inLanguage":"pt-PT"},{"@type":"Organization","@id":"https:\/\/atyges.es\/pt\/#organization","name":"Atyges","url":"https:\/\/atyges.es\/pt\/","logo":{"@type":"ImageObject","inLanguage":"pt-PT","@id":"https:\/\/atyges.es\/pt\/#\/schema\/logo\/image\/","url":"https:\/\/atyges.es\/wp-content\/uploads\/2022\/01\/Logo_ATyges_Store.png","contentUrl":"https:\/\/atyges.es\/wp-content\/uploads\/2022\/01\/Logo_ATyges_Store.png","width":1228,"height":200,"caption":"Atyges"},"image":{"@id":"https:\/\/atyges.es\/pt\/#\/schema\/logo\/image\/"}}]}},"jetpack_sharing_enabled":true,"_links":{"self":[{"href":"https:\/\/atyges.es\/pt\/wp-json\/wp\/v2\/product\/14171","targetHints":{"allow":["GET"]}}],"collection":[{"href":"https:\/\/atyges.es\/pt\/wp-json\/wp\/v2\/product"}],"about":[{"href":"https:\/\/atyges.es\/pt\/wp-json\/wp\/v2\/types\/product"}],"wp:featuredmedia":[{"embeddable":true,"href":"https:\/\/atyges.es\/pt\/wp-json\/wp\/v2\/media\/15133"}],"wp:attachment":[{"href":"https:\/\/atyges.es\/pt\/wp-json\/wp\/v2\/media?parent=14171"}],"wp:term":[{"taxonomy":"product_brand","embeddable":true,"href":"https:\/\/atyges.es\/pt\/wp-json\/wp\/v2\/product_brand?post=14171"},{"taxonomy":"product_cat","embeddable":true,"href":"https:\/\/atyges.es\/pt\/wp-json\/wp\/v2\/product_cat?post=14171"},{"taxonomy":"product_tag","embeddable":true,"href":"https:\/\/atyges.es\/pt\/wp-json\/wp\/v2\/product_tag?post=14171"}],"curies":[{"name":"wp","href":"https:\/\/api.w.org\/{rel}","templated":true}]}}