{"id":14169,"date":"2019-12-16T12:09:23","date_gmt":"2019-12-16T11:09:23","guid":{"rendered":"https:\/\/atyges.es\/product\/kit-gps-reach-rs-survey\/"},"modified":"2024-02-13T13:41:05","modified_gmt":"2024-02-13T12:41:05","slug":"kit-gps-reach-rs-survey","status":"publish","type":"product","link":"https:\/\/atyges.es\/pt\/tienda\/product\/kit-gps-reach-rs-survey\/","title":{"rendered":"GPS Emlid Reach RS+ | Kit Survey (Base + Rover)"},"content":{"rendered":"<h2>GPS REACH RS + KIT SURVEY<\/h2>\n<p><strong>O kit de levantamento GPS Reach RS + \u00e9 um pacote completo para realizar levantamentos cl\u00e1ssicos, composto por 2 equipamentos GNSS\u00a0<a href=\"https:\/\/atyges.es\/pt\/tienda\/product\/gps-gnss-emlid-reach-rs\/\">Reach RS +<\/a>\u00a0configurados para funcionar como uma unidade base e um rover, respectivamente, via link de r\u00e1dio inclu\u00eddo.<\/strong><\/p>\n<p><img loading=\"lazy\" decoding=\"async\" class=\"aligncenter wp-image-15196 size-shop_single\" src=\"https:\/\/atyges.es\/wp-content\/uploads\/2020\/01\/reach_rs_5-scaled-600x395.jpg\" alt=\"alcance rs + emlid atyges\" width=\"600\" height=\"395\" srcset=\"https:\/\/atyges.es\/wp-content\/uploads\/2020\/01\/reach_rs_5-scaled-600x395.jpg 600w, https:\/\/atyges.es\/wp-content\/uploads\/2020\/01\/reach_rs_5-300x197.jpg 300w, https:\/\/atyges.es\/wp-content\/uploads\/2020\/01\/reach_rs_5-1024x674.jpg 1024w, https:\/\/atyges.es\/wp-content\/uploads\/2020\/01\/reach_rs_5-1536x1011.jpg 1536w, https:\/\/atyges.es\/wp-content\/uploads\/2020\/01\/reach_rs_5-2048x1348.jpg 2048w, https:\/\/atyges.es\/wp-content\/uploads\/2020\/01\/reach_rs_5-173x114.jpg 173w\" sizes=\"auto, (max-width: 600px) 100vw, 600px\" \/><\/p>\n<p><strong>Receptor RTK GNSS com aplicativo de controle incluso para levantamento, captura de pontos e navega\u00e7\u00e3o com precis\u00e3o de cent\u00edmetros.<\/strong><\/p>\n<h3><strong>LEVANDO PONTOS DE ELEMENTOS SINGULARES NO CAMPO (ALVOS, GCP, SUPORTE, ETC.) EM \u00c1REAS SEM COBERTURA NTRIP GRA\u00c7AS AO KIT REACH RS +<br \/>\n<\/strong><\/h3>\n<p>Com o Reach RS + e seu aplicativo nativo \u00e9 poss\u00edvel criar projetos de point taking em campo.\u00a0Ao trabalhar no campo, cada ponto pode receber um nome personalizado e deslocamento.\u00a0Os resultados podem ser baixados da lista de projetos e exportados para v\u00e1rios formatos, como DXF (Autocad, MicroStation, CAD padr\u00e3o), CSV, GeoJSon e Shapefile (ESRI).<\/p>\n<p>Tamb\u00e9m \u00e9 poss\u00edvel conectar o GPS Reach RS + ao software cl\u00e1ssico de topografia usado em notebooks externos gra\u00e7as \u00e0 sua f\u00e1cil conectividade.<\/p>\n<p><strong>Pontos de implanta\u00e7\u00e3o<\/strong><\/p>\n<p>A fun\u00e7\u00e3o Piquetagem ou\u00a0<em>Piquetagem de ponto<\/em>\u00a0permite que voc\u00ea importe uma lista de pontos para piquet\u00e1-los no campo.\u00a0O aplicativo nativo fornece as instru\u00e7\u00f5es para alcan\u00e7\u00e1-los.\u00a0Importe os formatos tradicionais (DXF, GeoJSON e Shapefile).<\/p>\n<h4><strong><a href=\"https:\/\/atyges.es\/tienda\/sistema-de-autoguiado-agricola\/\">Maquin\u00e1rio de orienta\u00e7\u00e3o com o Kit Survey Reach RS +<\/a><br \/>\n<\/strong><\/h4>\n<p><a href=\"https:\/\/atyges.es\/pt\/tienda\/product\/gps-gnss-emlid-reach-rs\/\">O Reach RS +<\/a>\u00a0fornece coordenadas precisas via conectividade Wi-Fi e Bluetooh para seu tablet com um aplicativo de navega\u00e7\u00e3o lightbar.\u00a0A interface de comunica\u00e7\u00e3o RS232 permite que o dispositivo seja conectado diretamente a um sistema de controle autom\u00e1tico.<\/p>\n<p>Os formatos de solu\u00e7\u00e3o de posi\u00e7\u00e3o usados \u200b\u200bs\u00e3o NMEA, ERB e texto simples.\u00a0Al\u00e9m disso, o dispositivo \u00e9 compat\u00edvel com aplicativos de terceiros, como MachineryGuide, AgriBus-Navi, Efarmer e Agripilot.<\/p>\n<p><img loading=\"lazy\" decoding=\"async\" class=\"aligncenter wp-image-15197 size-shop_single\" src=\"https:\/\/atyges.es\/wp-content\/uploads\/2020\/01\/reach_rs_6-scaled-600x329.jpg\" alt=\"alcance rs + emlid gps atyges\" width=\"600\" height=\"329\" srcset=\"https:\/\/atyges.es\/wp-content\/uploads\/2020\/01\/reach_rs_6-scaled-600x329.jpg 600w, https:\/\/atyges.es\/wp-content\/uploads\/2020\/01\/reach_rs_6-300x164.jpg 300w, https:\/\/atyges.es\/wp-content\/uploads\/2020\/01\/reach_rs_6-1024x561.jpg 1024w, https:\/\/atyges.es\/wp-content\/uploads\/2020\/01\/reach_rs_6-1536x842.jpg 1536w, https:\/\/atyges.es\/wp-content\/uploads\/2020\/01\/reach_rs_6-2048x1122.jpg 2048w, https:\/\/atyges.es\/wp-content\/uploads\/2020\/01\/reach_rs_6-173x95.jpg 173w\" sizes=\"auto, (max-width: 600px) 100vw, 600px\" \/><\/p>\n<p><strong>Esta\u00e7\u00e3o de refer\u00eancia.\u00a0Modo b\u00e1sico<br \/>\n<\/strong><\/p>\n<p>Use\u00a0<a href=\"https:\/\/atyges.es\/pt\/tienda\/product\/gps-gnss-emlid-reach-rs\/\">Reach RS +<\/a>\u00a0para configurar sua pr\u00f3pria esta\u00e7\u00e3o base.\u00a0Transferir corre\u00e7\u00f5es pela rede em NTRIP \/ TCP ou link de r\u00e1dio.\u00a0Os registros obtidos pelo banco de dados s\u00e3o armazenados no equipamento para download para posterior p\u00f3s-processamento.\u00a0Os registros s\u00e3o salvos e exportados nos formatos RTCM3 e RINEX.<\/p>\n<p><a ref=\"magnificPopup\" href=\"https:\/\/atyges.es\/wp-content\/uploads\/2020\/01\/rsemlid-rotated.jpg\"><img loading=\"lazy\" decoding=\"async\" class=\"aligncenter wp-image-15204 size-shop_single\" src=\"https:\/\/atyges.es\/wp-content\/uploads\/2020\/01\/rsemlid-rotated-600x800.jpg\" alt=\"Emlid RS + ATyges\" width=\"600\" height=\"800\" srcset=\"https:\/\/atyges.es\/wp-content\/uploads\/2020\/01\/rsemlid-rotated-600x800.jpg 600w, https:\/\/atyges.es\/wp-content\/uploads\/2020\/01\/rsemlid-225x300.jpg 225w, https:\/\/atyges.es\/wp-content\/uploads\/2020\/01\/rsemlid-768x1024.jpg 768w, https:\/\/atyges.es\/wp-content\/uploads\/2020\/01\/rsemlid-1152x1536.jpg 1152w, https:\/\/atyges.es\/wp-content\/uploads\/2020\/01\/rsemlid-130x173.jpg 130w, https:\/\/atyges.es\/wp-content\/uploads\/2020\/01\/rsemlid-rotated.jpg 1512w\" sizes=\"auto, (max-width: 600px) 100vw, 600px\" \/><\/a><\/p>\n<p><strong>Modo rover<br \/>\n<\/strong><\/p>\n<p>Use\u00a0<a href=\"https:\/\/atyges.es\/pt\/tienda\/product\/gps-gnss-emlid-reach-rs\/\">Reach RS +<\/a>\u00a0no modo\u00a0<em>Rover<\/em>\u00a0para coleta de dados.\u00a0O equipamento recebe dados de corre\u00e7\u00e3o via Internet do provedor NTRIP local (IGN, ARAGEA, ERVA, ITACYL, RAP, REGAM, REP, etc).\u00a0Nenhum dispositivo adicional \u00e9 necess\u00e1rio para um smartphone ou tablet convencional com sistemas operacionais Windows, Android, iOS ou Linux.<\/p>\n<p>Os formatos de registro com suporte e as corre\u00e7\u00f5es s\u00e3o RTCM3, RINEX e VRS.<\/p>\n<p><strong>Aplicativo nativo ReachView<\/strong><\/p>\n<p><img loading=\"lazy\" decoding=\"async\" class=\"aligncenter size-full wp-image-1015\" src=\"https:\/\/atyges.es\/wp-content\/uploads\/2018\/12\/app-screens.jpg\" alt=\"\" width=\"432\" height=\"539\" \/><\/p>\n<p>Com o aplicativo nativo ReachView gratuito, voc\u00ea pode controlar e configurar seu dispositivo.\u00a0Esta ferramenta est\u00e1 dispon\u00edvel nos formatos iOS, Windows, Android e Linux.<\/p>\n<h4><strong>Compat\u00edvel com aplicativos topogr\u00e1ficos profissionais de terceiros<br \/>\n<\/strong><\/h4>\n<p>Com o aplicativo Reach View nativo gratuito, voc\u00ea pode controlar totalmente seu GPS Reach, mas se quiser, pode usar um software de levantamento tradicional e n\u00e3o alterar seu fluxo de trabalho.<\/p>\n<p>Os receptores GNSS\u00a0<a href=\"https:\/\/atyges.es\/pt\/tienda\/product\/gps-gnss-emlid-reach-rs\/\">Reach RS +<\/a>\u00a0s\u00e3o compat\u00edveis com aplicativos de levantamento profissional de terceiros, como\u00a0<a href=\"https:\/\/atyges.es\/pt\/tienda\/product\/software-topografico-tcpgps-para-gps\/\">TCP-GPS<\/a>\u00a0, TopView, Carlson SurvCE \/ SurvPC, QGIS, Magnet Fields, etc.\u00a0Se j\u00e1 possui estes softwares com o seu GPS topogr\u00e1fico, aproveite o seu investimento ou pe\u00e7a-nos um or\u00e7amento caso pretenda adquirir um software topogr\u00e1fico opcional.<\/p>\n<p><strong>Ajuda com a configura\u00e7\u00e3o<\/strong><\/p>\n<p>Configure facilmente a entrada de corre\u00e7\u00e3o, a sa\u00edda da solu\u00e7\u00e3o, a taxa de atualiza\u00e7\u00e3o e os sistemas de sat\u00e9lite em uso.\u00a0Gerenciar conex\u00f5es Wi-Fi e Bluetooth.<\/p>\n<p><strong>Controle e monitoramento de status<br \/>\n<\/strong><\/p>\n<p class=\"transp\">O ReachView mostra a intensidade do sinal do sat\u00e9lite atual, previs\u00e3o de visibilidade da constela\u00e7\u00e3o, sua localiza\u00e7\u00e3o em um mapa e muito mais.<\/p>\n<p><strong>Ferramenta de inspe\u00e7\u00e3o<br \/>\n<\/strong><\/p>\n<p class=\"transp\">Ferramentas integradas para coleta de dados.\u00a0Grave geolocaliza\u00e7\u00e3o com precis\u00e3o espec\u00edfica.\u00a0Importe e exporte em formatos padr\u00e3o da ind\u00fastria.<\/p>\n<p><strong>Gest\u00e3o de registros<br \/>\n<\/strong><\/p>\n<p>Os registros s\u00e3o gravados automaticamente na mem\u00f3ria interna.\u00a0Visualize uma lista dos registros e baixe-os usando o aplicativo ReachView.<\/p>\n<h4><strong>Suporte online e com uma ampla comunidade de usu\u00e1rios<br \/>\n<\/strong><\/h4>\n<hr \/>\n<p>Fa\u00e7a-nos quaisquer perguntas sobre este dispositivo atrav\u00e9s do nosso e-mail ou visite o\u00a0f\u00f3rum oficial da EMLID\u00a0e a\u00a0<a href=\"https:\/\/docs.emlid.com\/reachrs\/\" target=\"_blank\" rel=\"noopener noreferrer\">comunidade de suporte<\/a>\u00a0do\u00a0<a href=\"https:\/\/docs.emlid.com\/reachrs\/\" target=\"_blank\" rel=\"noopener noreferrer\">produto<\/a>\u00a0.<\/p>\n\n\n<div class=\"kk-star-ratings kksr-auto kksr-align-center kksr-valign-bottom\"\n    data-payload='{&quot;align&quot;:&quot;center&quot;,&quot;id&quot;:&quot;14169&quot;,&quot;slug&quot;:&quot;default&quot;,&quot;valign&quot;:&quot;bottom&quot;,&quot;ignore&quot;:&quot;&quot;,&quot;reference&quot;:&quot;auto&quot;,&quot;class&quot;:&quot;&quot;,&quot;count&quot;:&quot;0&quot;,&quot;legendonly&quot;:&quot;&quot;,&quot;readonly&quot;:&quot;&quot;,&quot;score&quot;:&quot;0&quot;,&quot;starsonly&quot;:&quot;&quot;,&quot;best&quot;:&quot;5&quot;,&quot;gap&quot;:&quot;5&quot;,&quot;greet&quot;:&quot;Val\u00f3ranos&quot;,&quot;legend&quot;:&quot;0\\\/5 - (0 votes)&quot;,&quot;size&quot;:&quot;24&quot;,&quot;title&quot;:&quot;GPS Emlid Reach RS+ | Kit Survey (Base + Rover)&quot;,&quot;width&quot;:&quot;0&quot;,&quot;_legend&quot;:&quot;{score}\\\/{best} - ({count} {votes})&quot;,&quot;font_factor&quot;:&quot;1.25&quot;}'>\n            \n<div class=\"kksr-stars\">\n    \n<div class=\"kksr-stars-inactive\">\n            <div class=\"kksr-star\" data-star=\"1\" style=\"padding-right: 5px\">\n            \n\n<div class=\"kksr-icon\" style=\"width: 24px; height: 24px;\"><\/div>\n        <\/div>\n            <div class=\"kksr-star\" data-star=\"2\" style=\"padding-right: 5px\">\n            \n\n<div class=\"kksr-icon\" style=\"width: 24px; height: 24px;\"><\/div>\n        <\/div>\n            <div class=\"kksr-star\" data-star=\"3\" style=\"padding-right: 5px\">\n            \n\n<div class=\"kksr-icon\" style=\"width: 24px; height: 24px;\"><\/div>\n        <\/div>\n            <div class=\"kksr-star\" data-star=\"4\" style=\"padding-right: 5px\">\n            \n\n<div class=\"kksr-icon\" style=\"width: 24px; height: 24px;\"><\/div>\n        <\/div>\n            <div class=\"kksr-star\" data-star=\"5\" style=\"padding-right: 5px\">\n            \n\n<div class=\"kksr-icon\" style=\"width: 24px; height: 24px;\"><\/div>\n        <\/div>\n    <\/div>\n    \n<div class=\"kksr-stars-active\" style=\"width: 0px;\">\n            <div class=\"kksr-star\" style=\"padding-right: 5px\">\n            \n\n<div class=\"kksr-icon\" style=\"width: 24px; height: 24px;\"><\/div>\n        <\/div>\n            <div class=\"kksr-star\" style=\"padding-right: 5px\">\n            \n\n<div class=\"kksr-icon\" style=\"width: 24px; height: 24px;\"><\/div>\n        <\/div>\n            <div class=\"kksr-star\" style=\"padding-right: 5px\">\n            \n\n<div class=\"kksr-icon\" style=\"width: 24px; height: 24px;\"><\/div>\n        <\/div>\n            <div class=\"kksr-star\" style=\"padding-right: 5px\">\n            \n\n<div class=\"kksr-icon\" style=\"width: 24px; height: 24px;\"><\/div>\n        <\/div>\n            <div class=\"kksr-star\" style=\"padding-right: 5px\">\n            \n\n<div class=\"kksr-icon\" style=\"width: 24px; height: 24px;\"><\/div>\n        <\/div>\n    <\/div>\n<\/div>\n                \n\n<div class=\"kksr-legend\" style=\"font-size: 19.2px;\">\n            <span class=\"kksr-muted\">Val\u00f3ranos<\/span>\n    <\/div>\n    <\/div>\n","protected":false},"excerpt":{"rendered":"<p><!--\n\n\n<div class=\"free-shipping\">Estoque Dispon\u00edvel \u2013 Envio Imediato <i class=\"fas fa-shipping-fast\"><\/i><\/div>\n\n\n--><br \/>\n<!--\n\n\n<div class=\"free-shipping\">Estoque Dispon\u00edvel \u2013 Envio Imediato <i class=\"fas fa-shipping-fast\"><\/i><\/div>\n\n\n--><\/p>\n<p>Dois receptores GNSS RTK de frequ\u00eancia \u00fanica com precis\u00e3o centim\u00e9trica com aplicativo de controle inclu\u00eddo para levantamento, obten\u00e7\u00e3o de pontos e navega\u00e7\u00e3o no modo RTK e PPK.\u00a0Adequado para funcionar como M\u00f3vel \/ Base.<\/p>\n<div class=\"pdffiles\">\n<p><a href=\"https:\/\/atyges.es\/wp-content\/uploads\/2020\/01\/Datasheet-RS.pdf\" target=\"_blank\" rel=\"noopener noreferrer\">\u21d2 Folha de dados do Reach RS +<\/a><\/p>\n<\/div>\n","protected":false},"featured_media":14622,"template":"","meta":[],"product_brand":[],"product_cat":[1612],"product_tag":[],"class_list":{"0":"post-14169","1":"product","2":"type-product","3":"status-publish","4":"has-post-thumbnail","6":"product_cat-descontinuado-emlid-gps","7":"product_shipping_class-emlid-pt","9":"first","10":"outofstock","11":"sale","12":"taxable","13":"shipping-taxable","14":"purchasable","15":"product-type-simple"},"yoast_head":"<!-- This site is optimized with the Yoast SEO plugin v27.2 - https:\/\/yoast.com\/product\/yoast-seo-wordpress\/ -->\n<title>Survey Reach Reach + Kit | 1\u00ba Concession\u00e1rio Portugael e Espanha EMLID | ATyges \u00ae<\/title>\n<meta name=\"description\" content=\"Survey Reach RS + Kit \u2b50 Par de base e m\u00f3vel ao melhor pre\u00e7o. \u2b50 Sistemas GPS para Topografia. \u2705 \u3010Distribuidores oficiais da Emlid\u3011 \u2705.\" \/>\n<meta name=\"robots\" content=\"index, follow, max-snippet:-1, max-image-preview:large, max-video-preview:-1\" \/>\n<link rel=\"canonical\" href=\"https:\/\/atyges.es\/pt\/tienda\/product\/kit-gps-reach-rs-survey\/\" \/>\n<meta property=\"og:locale\" content=\"pt_PT\" \/>\n<meta property=\"og:type\" content=\"article\" \/>\n<meta property=\"og:title\" content=\"Survey Reach Reach + Kit | 1\u00ba Concession\u00e1rio Portugael e Espanha EMLID | ATyges \u00ae\" \/>\n<meta property=\"og:description\" content=\"Survey Reach RS + Kit \u2b50 Par de base e m\u00f3vel ao melhor pre\u00e7o. \u2b50 Sistemas GPS para Topografia. \u2705 \u3010Distribuidores oficiais da Emlid\u3011 \u2705.\" \/>\n<meta property=\"og:url\" content=\"https:\/\/atyges.es\/pt\/tienda\/product\/kit-gps-reach-rs-survey\/\" \/>\n<meta property=\"og:site_name\" content=\"ATyges\" \/>\n<meta property=\"article:modified_time\" content=\"2024-02-13T12:41:05+00:00\" \/>\n<meta property=\"og:image\" content=\"https:\/\/atyges.es\/wp-content\/uploads\/2019\/12\/survey-kit.png\" \/>\n\t<meta property=\"og:image:width\" content=\"800\" \/>\n\t<meta property=\"og:image:height\" content=\"800\" \/>\n\t<meta property=\"og:image:type\" content=\"image\/png\" \/>\n<meta name=\"twitter:card\" content=\"summary_large_image\" \/>\n<meta name=\"twitter:label1\" content=\"Tempo estimado de leitura\" \/>\n\t<meta name=\"twitter:data1\" content=\"4 minutos\" \/>\n<script type=\"application\/ld+json\" class=\"yoast-schema-graph\">{\"@context\":\"https:\/\/schema.org\",\"@graph\":[{\"@type\":\"WebPage\",\"@id\":\"https:\/\/atyges.es\/pt\/tienda\/product\/kit-gps-reach-rs-survey\/\",\"url\":\"https:\/\/atyges.es\/pt\/tienda\/product\/kit-gps-reach-rs-survey\/\",\"name\":\"Survey Reach Reach + Kit | 1\u00ba Concession\u00e1rio Portugael e Espanha EMLID | ATyges \u00ae\",\"isPartOf\":{\"@id\":\"https:\/\/atyges.es\/pt\/#website\"},\"primaryImageOfPage\":{\"@id\":\"https:\/\/atyges.es\/pt\/tienda\/product\/kit-gps-reach-rs-survey\/#primaryimage\"},\"image\":{\"@id\":\"https:\/\/atyges.es\/pt\/tienda\/product\/kit-gps-reach-rs-survey\/#primaryimage\"},\"thumbnailUrl\":\"https:\/\/atyges.es\/wp-content\/uploads\/2019\/12\/survey-kit.png\",\"datePublished\":\"2019-12-16T11:09:23+00:00\",\"dateModified\":\"2024-02-13T12:41:05+00:00\",\"description\":\"Survey Reach RS + Kit \u2b50 Par de base e m\u00f3vel ao melhor pre\u00e7o. \u2b50 Sistemas GPS para Topografia. \u2705 \u3010Distribuidores oficiais da Emlid\u3011 \u2705.\",\"breadcrumb\":{\"@id\":\"https:\/\/atyges.es\/pt\/tienda\/product\/kit-gps-reach-rs-survey\/#breadcrumb\"},\"inLanguage\":\"pt-PT\",\"potentialAction\":[{\"@type\":\"ReadAction\",\"target\":[\"https:\/\/atyges.es\/pt\/tienda\/product\/kit-gps-reach-rs-survey\/\"]}]},{\"@type\":\"ImageObject\",\"inLanguage\":\"pt-PT\",\"@id\":\"https:\/\/atyges.es\/pt\/tienda\/product\/kit-gps-reach-rs-survey\/#primaryimage\",\"url\":\"https:\/\/atyges.es\/wp-content\/uploads\/2019\/12\/survey-kit.png\",\"contentUrl\":\"https:\/\/atyges.es\/wp-content\/uploads\/2019\/12\/survey-kit.png\",\"width\":800,\"height\":800,\"caption\":\"survey-kit.png\"},{\"@type\":\"BreadcrumbList\",\"@id\":\"https:\/\/atyges.es\/pt\/tienda\/product\/kit-gps-reach-rs-survey\/#breadcrumb\",\"itemListElement\":[{\"@type\":\"ListItem\",\"position\":1,\"name\":\"Portada\",\"item\":\"https:\/\/atyges.es\/pt\/\"},{\"@type\":\"ListItem\",\"position\":2,\"name\":\"Produtos\",\"item\":\"https:\/\/atyges.es\/pt\/shop\/\"},{\"@type\":\"ListItem\",\"position\":3,\"name\":\"GPS Emlid Reach RS+ | Kit Survey (Base + Rover)\"}]},{\"@type\":\"WebSite\",\"@id\":\"https:\/\/atyges.es\/pt\/#website\",\"url\":\"https:\/\/atyges.es\/pt\/\",\"name\":\"ATyges\",\"description\":\"\",\"publisher\":{\"@id\":\"https:\/\/atyges.es\/pt\/#organization\"},\"potentialAction\":[{\"@type\":\"SearchAction\",\"target\":{\"@type\":\"EntryPoint\",\"urlTemplate\":\"https:\/\/atyges.es\/pt\/?s={search_term_string}\"},\"query-input\":{\"@type\":\"PropertyValueSpecification\",\"valueRequired\":true,\"valueName\":\"search_term_string\"}}],\"inLanguage\":\"pt-PT\"},{\"@type\":\"Organization\",\"@id\":\"https:\/\/atyges.es\/pt\/#organization\",\"name\":\"Atyges\",\"url\":\"https:\/\/atyges.es\/pt\/\",\"logo\":{\"@type\":\"ImageObject\",\"inLanguage\":\"pt-PT\",\"@id\":\"https:\/\/atyges.es\/pt\/#\/schema\/logo\/image\/\",\"url\":\"https:\/\/atyges.es\/wp-content\/uploads\/2022\/01\/Logo_ATyges_Store.png\",\"contentUrl\":\"https:\/\/atyges.es\/wp-content\/uploads\/2022\/01\/Logo_ATyges_Store.png\",\"width\":1228,\"height\":200,\"caption\":\"Atyges\"},\"image\":{\"@id\":\"https:\/\/atyges.es\/pt\/#\/schema\/logo\/image\/\"}}]}<\/script>\n<!-- \/ Yoast SEO plugin. -->","yoast_head_json":{"title":"Survey Reach Reach + Kit | 1\u00ba Concession\u00e1rio Portugael e Espanha EMLID | ATyges \u00ae","description":"Survey Reach RS + Kit \u2b50 Par de base e m\u00f3vel ao melhor pre\u00e7o. \u2b50 Sistemas GPS para Topografia. \u2705 \u3010Distribuidores oficiais da Emlid\u3011 \u2705.","robots":{"index":"index","follow":"follow","max-snippet":"max-snippet:-1","max-image-preview":"max-image-preview:large","max-video-preview":"max-video-preview:-1"},"canonical":"https:\/\/atyges.es\/pt\/tienda\/product\/kit-gps-reach-rs-survey\/","og_locale":"pt_PT","og_type":"article","og_title":"Survey Reach Reach + Kit | 1\u00ba Concession\u00e1rio Portugael e Espanha EMLID | ATyges \u00ae","og_description":"Survey Reach RS + Kit \u2b50 Par de base e m\u00f3vel ao melhor pre\u00e7o. \u2b50 Sistemas GPS para Topografia. \u2705 \u3010Distribuidores oficiais da Emlid\u3011 \u2705.","og_url":"https:\/\/atyges.es\/pt\/tienda\/product\/kit-gps-reach-rs-survey\/","og_site_name":"ATyges","article_modified_time":"2024-02-13T12:41:05+00:00","og_image":[{"width":800,"height":800,"url":"https:\/\/atyges.es\/wp-content\/uploads\/2019\/12\/survey-kit.png","type":"image\/png"}],"twitter_card":"summary_large_image","twitter_misc":{"Tempo estimado de leitura":"4 minutos"},"schema":{"@context":"https:\/\/schema.org","@graph":[{"@type":"WebPage","@id":"https:\/\/atyges.es\/pt\/tienda\/product\/kit-gps-reach-rs-survey\/","url":"https:\/\/atyges.es\/pt\/tienda\/product\/kit-gps-reach-rs-survey\/","name":"Survey Reach Reach + Kit | 1\u00ba Concession\u00e1rio Portugael e Espanha EMLID | ATyges \u00ae","isPartOf":{"@id":"https:\/\/atyges.es\/pt\/#website"},"primaryImageOfPage":{"@id":"https:\/\/atyges.es\/pt\/tienda\/product\/kit-gps-reach-rs-survey\/#primaryimage"},"image":{"@id":"https:\/\/atyges.es\/pt\/tienda\/product\/kit-gps-reach-rs-survey\/#primaryimage"},"thumbnailUrl":"https:\/\/atyges.es\/wp-content\/uploads\/2019\/12\/survey-kit.png","datePublished":"2019-12-16T11:09:23+00:00","dateModified":"2024-02-13T12:41:05+00:00","description":"Survey Reach RS + Kit \u2b50 Par de base e m\u00f3vel ao melhor pre\u00e7o. \u2b50 Sistemas GPS para Topografia. \u2705 \u3010Distribuidores oficiais da Emlid\u3011 \u2705.","breadcrumb":{"@id":"https:\/\/atyges.es\/pt\/tienda\/product\/kit-gps-reach-rs-survey\/#breadcrumb"},"inLanguage":"pt-PT","potentialAction":[{"@type":"ReadAction","target":["https:\/\/atyges.es\/pt\/tienda\/product\/kit-gps-reach-rs-survey\/"]}]},{"@type":"ImageObject","inLanguage":"pt-PT","@id":"https:\/\/atyges.es\/pt\/tienda\/product\/kit-gps-reach-rs-survey\/#primaryimage","url":"https:\/\/atyges.es\/wp-content\/uploads\/2019\/12\/survey-kit.png","contentUrl":"https:\/\/atyges.es\/wp-content\/uploads\/2019\/12\/survey-kit.png","width":800,"height":800,"caption":"survey-kit.png"},{"@type":"BreadcrumbList","@id":"https:\/\/atyges.es\/pt\/tienda\/product\/kit-gps-reach-rs-survey\/#breadcrumb","itemListElement":[{"@type":"ListItem","position":1,"name":"Portada","item":"https:\/\/atyges.es\/pt\/"},{"@type":"ListItem","position":2,"name":"Produtos","item":"https:\/\/atyges.es\/pt\/shop\/"},{"@type":"ListItem","position":3,"name":"GPS Emlid Reach RS+ | Kit Survey (Base + Rover)"}]},{"@type":"WebSite","@id":"https:\/\/atyges.es\/pt\/#website","url":"https:\/\/atyges.es\/pt\/","name":"ATyges","description":"","publisher":{"@id":"https:\/\/atyges.es\/pt\/#organization"},"potentialAction":[{"@type":"SearchAction","target":{"@type":"EntryPoint","urlTemplate":"https:\/\/atyges.es\/pt\/?s={search_term_string}"},"query-input":{"@type":"PropertyValueSpecification","valueRequired":true,"valueName":"search_term_string"}}],"inLanguage":"pt-PT"},{"@type":"Organization","@id":"https:\/\/atyges.es\/pt\/#organization","name":"Atyges","url":"https:\/\/atyges.es\/pt\/","logo":{"@type":"ImageObject","inLanguage":"pt-PT","@id":"https:\/\/atyges.es\/pt\/#\/schema\/logo\/image\/","url":"https:\/\/atyges.es\/wp-content\/uploads\/2022\/01\/Logo_ATyges_Store.png","contentUrl":"https:\/\/atyges.es\/wp-content\/uploads\/2022\/01\/Logo_ATyges_Store.png","width":1228,"height":200,"caption":"Atyges"},"image":{"@id":"https:\/\/atyges.es\/pt\/#\/schema\/logo\/image\/"}}]}},"jetpack_sharing_enabled":true,"_links":{"self":[{"href":"https:\/\/atyges.es\/pt\/wp-json\/wp\/v2\/product\/14169","targetHints":{"allow":["GET"]}}],"collection":[{"href":"https:\/\/atyges.es\/pt\/wp-json\/wp\/v2\/product"}],"about":[{"href":"https:\/\/atyges.es\/pt\/wp-json\/wp\/v2\/types\/product"}],"wp:featuredmedia":[{"embeddable":true,"href":"https:\/\/atyges.es\/pt\/wp-json\/wp\/v2\/media\/14622"}],"wp:attachment":[{"href":"https:\/\/atyges.es\/pt\/wp-json\/wp\/v2\/media?parent=14169"}],"wp:term":[{"taxonomy":"product_brand","embeddable":true,"href":"https:\/\/atyges.es\/pt\/wp-json\/wp\/v2\/product_brand?post=14169"},{"taxonomy":"product_cat","embeddable":true,"href":"https:\/\/atyges.es\/pt\/wp-json\/wp\/v2\/product_cat?post=14169"},{"taxonomy":"product_tag","embeddable":true,"href":"https:\/\/atyges.es\/pt\/wp-json\/wp\/v2\/product_tag?post=14169"}],"curies":[{"name":"wp","href":"https:\/\/api.w.org\/{rel}","templated":true}]}}