{"id":14167,"date":"2019-12-16T12:09:23","date_gmt":"2019-12-16T11:09:23","guid":{"rendered":"https:\/\/atyges.es\/product\/kit-gps-reach-rs2-paquete-survey\/"},"modified":"2022-11-29T00:01:18","modified_gmt":"2022-11-28T23:01:18","slug":"kit-gps-reach-rs2-paquete-survey","status":"publish","type":"product","link":"https:\/\/atyges.es\/pt\/tienda\/product\/kit-gps-reach-rs2-paquete-survey\/","title":{"rendered":"GPS Emlid Reach RS2 &#8211; Kit Survey (Base + Rover)"},"content":{"rendered":"<h2>KIT SURVEY GPS REACH RS2<\/h2>\n<p>O Reach RS2 GPS Survey Kit consiste em um par de receptores GNSS multifrequ\u00eancia\u00a0<a href=\"https:\/\/atyges.es\/tienda\/gps-gnss-emlid-reach-rs2\/\" target=\"_blank\" rel=\"noopener noreferrer\">Reach RS2<\/a>\u00a0para configura\u00e7\u00e3o Rover \/ Base.<\/p>\n<h4>Configur\u00e1vel indistintamente como equipamento m\u00f3vel e base<img loading=\"lazy\" decoding=\"async\" class=\"aligncenter wp-image-1292 size-medium\" src=\"https:\/\/atyges.es\/wp-content\/uploads\/2019\/04\/RS2-kit-300x300.png\" alt=\"kit de pesquisa rs2\" width=\"300\" height=\"300\" \/><\/h4>\n<h4><strong>Com o kit de pesquisa GPS Reach RS2, obtenha uma solu\u00e7\u00e3o fixa em segundos<\/strong><\/h4>\n<hr \/>\n<p>O Reach RS2 obt\u00e9m uma solu\u00e7\u00e3o fixa em apenas alguns segundos e mant\u00e9m um desempenho s\u00f3lido mesmo em condi\u00e7\u00f5es dif\u00edceis.\u00a0A precis\u00e3o centim\u00e9trica pode ser alcan\u00e7ada em dist\u00e2ncias de 60 km em RTK e 100 km em modo PPK e, gra\u00e7as ao uso da configura\u00e7\u00e3o Rover \/ Base, n\u00e3o depende de equipamento de terceiros.<\/p>\n<h4><strong>Suporte PPP<br \/>\n<\/strong><\/h4>\n<hr \/>\n<p>Os dados RINEX RAW s\u00e3o compat\u00edveis com OPUS, CSRS-PPP, AUSPOS e outros servi\u00e7os PPP, ent\u00e3o agora voc\u00ea pode obter resultados com precis\u00e3o de cent\u00edmetros em qualquer lugar da Terra.\u00a0Processe arquivos RINEX em um servi\u00e7o online e obtenha uma posi\u00e7\u00e3o com absoluta precis\u00e3o.<\/p>\n<h4><strong>Modem embutido de 3,5 G<\/strong><\/h4>\n<hr \/>\n<p>O Reach RS2 apresenta um modem HSPA 3,5G de baixo consumo de energia com backup 2G e cobertura global.\u00a0As corre\u00e7\u00f5es agora podem ser acessadas ou transmitidas via NTRIP de forma independente, sem depender da conex\u00e3o intertet de um dispositivo externo.<\/p>\n<h4><strong>22 horas com uma \u00fanica carga<\/strong><\/h4>\n<hr \/>\n<p>At\u00e9 22 horas de trabalho aut\u00f4nomo na grava\u00e7\u00e3o de dados e at\u00e9 16 horas como um celular 3G.\u00a0Mesmo em climas frios, voc\u00ea n\u00e3o precisa mais carregar baterias sobressalentes.\u00a0O Reach RS2 pode ser carregado a partir de um carregador USB convencional ou atrav\u00e9s de um PowerBank via USB-C.<\/p>\n<h4><img loading=\"lazy\" decoding=\"async\" class=\"aligncenter wp-image-1260 size-large\" src=\"https:\/\/atyges.es\/wp-content\/uploads\/2019\/04\/Emlid-RS2_detalle-1024x748.jpg\" alt=\"Alcance RS2 Connections atyges emlid\" width=\"980\" height=\"716\" \/><strong>Pesquisa com Reach View<\/strong><\/h4>\n<hr \/>\n<p>O software mais f\u00e1cil de usar para coleta de dados, que est\u00e1 dispon\u00edvel para Android e iOS, bem como Linux.<\/p>\n<p>Com o ReachView voc\u00ea pode pegar e piquetar pontos e controlar todos os recursos do Reach RS2.\u00a0Voc\u00ea pode configurar a esta\u00e7\u00e3o base, registrar dados RINEX e configurar a sa\u00edda NMEA &#8211; tudo pode ser feito com ReachView.<\/p>\n<p><strong>Exporte os dados em v\u00e1rios formatos<\/strong><\/p>\n<p><em>DXF, CSV, GeoJSON e ESRI Shapefile<\/em><\/p>\n<p><strong>Importe os dados em v\u00e1rios formatos<\/strong><\/p>\n<p><em>DXF, CSV e GeoJSON<br \/>\n<\/em><\/p>\n<p><strong>Cadastre-se e armazene RINEX<br \/>\n<\/strong><\/p>\n<p><em>RINEX 2.X e RINEX 3.X<\/em><\/p>\n<p><img loading=\"lazy\" decoding=\"async\" class=\"aligncenter wp-image-1264 size-large\" src=\"https:\/\/atyges.es\/wp-content\/uploads\/2019\/04\/topografia_REACHRS2-1024x750.png\" alt=\"reachview reach rs2 emlid atyges\" width=\"980\" height=\"718\" \/><\/p>\n<h3><strong>REACHVIEW 3: O APLICATIVO GRATUITO PARA CAPTURAR E DEFINIR PONTOS<br \/>\n<\/strong><\/h3>\n<hr \/>\n<p>Agora com o ReachView 3 \u00e9 mais f\u00e1cil e intuitivo capturar as coordenadas.\u00a0Usando os registradores EPSG e IGN, ele suporta mais de mil sistemas de coordenadas de todo o mundo para ser capaz de capturar pontos em v\u00e1rios sistemas de refer\u00eancia.<\/p>\n<div id=\"attachment_12760\" class=\"wp-caption aligncenter\">\n<p><img loading=\"lazy\" decoding=\"async\" class=\"wp-image-14136 size-full\" src=\"https:\/\/atyges.es\/wp-content\/uploads\/2019\/12\/ReachView-3_atyges_1.gif\" alt=\"\" width=\"300\" height=\"640\" aria-describedby=\"caption-attachment-12760\" \/><\/p>\n<p id=\"caption-attachment-12760\" class=\"wp-caption-text\">Defina o sistema de refer\u00eancia para o seu trabalho<\/p>\n<\/div>\n<p>Al\u00e9m disso, o ReachView 3 tamb\u00e9m permite que voc\u00ea trabalhe com diferentes modelos de ge\u00f3ide.<\/p>\n<div id=\"attachment_12762\" class=\"wp-caption aligncenter\">\n<p><img loading=\"lazy\" decoding=\"async\" class=\"wp-image-14137 size-full\" src=\"https:\/\/atyges.es\/wp-content\/uploads\/2019\/12\/ReachView-3_atyges_2.gif\" alt=\"\" width=\"300\" height=\"640\" aria-describedby=\"caption-attachment-12762\" \/><\/p>\n<p id=\"caption-attachment-12762\" class=\"wp-caption-text\">Baixe v\u00e1rios modelos de ge\u00f3ide<\/p>\n<\/div>\n<p>ReachView 3 permite que voc\u00ea trabalhe com projetos com milhares de pontos capturados, permitindo uma navega\u00e7\u00e3o fluida pelos dados do projeto gra\u00e7as \u00e0 sua nova interface de usu\u00e1rio mais intuitiva e com maiores recursos.<\/p>\n<div class=\"wp-caption aligncenter\">\n<p><img loading=\"lazy\" decoding=\"async\" class=\"size-medium\" src=\"https:\/\/emlid.com\/\/wp-content\/themes\/emlid\/video\/blog\/Project-zoom.gif\" width=\"300\" height=\"640\" \/><\/p>\n<p class=\"wp-caption-text\">Gerenciamento de projetos complexos com v\u00e1rios pontos<\/p>\n<\/div>\n<p>As ferramentas de captura de pontos e piquetagem agora t\u00eam recursos expandidos e s\u00e3o mais intuitivas de usar.\u00a0Campos de m\u00e9dia de tempo (\u00e9pocas), nomes autom\u00e1ticos e descri\u00e7\u00e3o de pontos foram adicionados na captura de pontos.<\/p>\n<div id=\"attachment_12764\" class=\"wp-caption aligncenter\">\n<p><img loading=\"lazy\" decoding=\"async\" class=\"wp-image-14138 size-full\" src=\"https:\/\/atyges.es\/wp-content\/uploads\/2019\/12\/ReachView-3_atyges_4.gif\" alt=\"\" width=\"300\" height=\"640\" aria-describedby=\"caption-attachment-12764\" \/><\/p>\n<p id=\"caption-attachment-12764\" class=\"wp-caption-text\">Captura de pontos em ReachView 3<\/p>\n<\/div>\n<p>Gerencie v\u00e1rios perfis NTRIP agora no ReachView 3. Configure v\u00e1rios perfis NTRIP com diferentes dados de acesso e configura\u00e7\u00f5es e alterne facilmente as fontes de corre\u00e7\u00e3o de dentro do aplicativo ReachView 3.<\/p>\n<div id=\"attachment_12766\" class=\"wp-caption aligncenter\">\n<p><img loading=\"lazy\" decoding=\"async\" class=\"wp-image-14139 size-full\" src=\"https:\/\/atyges.es\/wp-content\/uploads\/2019\/12\/ReachView-3_atyges_5.gif\" alt=\"\" width=\"300\" height=\"640\" aria-describedby=\"caption-attachment-12766\" \/><\/p>\n<p id=\"caption-attachment-12766\" class=\"wp-caption-text\">Gerenciar v\u00e1rios perfis NTRIP<\/p>\n<\/div>\n<h4><strong>Modo esta\u00e7\u00e3o base<\/strong><\/h4>\n<hr \/>\n<p>Use Reach RS2 para configurar sua pr\u00f3pria esta\u00e7\u00e3o base e transferir corre\u00e7\u00f5es pela rede, via r\u00e1dio NTRIP \/ TCP ou LoRA, ou registrar leituras de base para o p\u00f3s-processador (p\u00f3s-processamento).\u00a0<a href=\"https:\/\/atyges.es\/tienda\/gps-gnss-emlid-reach-rs2\/\">O Reach RS2<\/a>\u00a0funciona com v\u00e1rios rovers no mercado e \u00e9 compat\u00edvel com\u00a0<a href=\"https:\/\/atyges.es\/tienda\/gps-gnss-emlid-reach-rs\/\">Reach RS +<\/a>\u00a0,\u00a0<a href=\"https:\/\/atyges.es\/tienda\/gps-emlid-reach-m\/\">Reach M +<\/a>\u00a0e\u00a0<a href=\"https:\/\/atyges.es\/tienda\/gps-emlid-reach-m2\/\">Reach M2<\/a>\u00a0.<\/p>\n<p><strong>\u00c9 compat\u00edvel com outros receptores do mercado que<\/strong>\u00a0suportam RTCM 3 e NTRIP, al\u00e9m de r\u00e1dios externos compat\u00edveis com RS-232.<\/p>\n<h4><strong>Compat\u00edvel com aplicativos topogr\u00e1ficos profissionais de terceiros<\/strong><\/h4>\n<hr \/>\n<p>Com o aplicativo Reach View nativo gratuito, voc\u00ea pode controlar totalmente seu GPS Reach, mas se quiser, pode usar um software de levantamento tradicional e n\u00e3o alterar seu fluxo de trabalho.<\/p>\n<p>Os receptores GNSS Reach RS2 s\u00e3o compat\u00edveis com aplicativos de levantamentos profissionais de terceiros, como\u00a0<a href=\"https:\/\/atyges.es\/tienda\/tcp-gps-software-para-gps\/\" target=\"_blank\" rel=\"noopener noreferrer\">TCP-GPS<\/a>\u00a0, TopView, Carlson SurvCE \/ SurvPC, QGIS, Magnet Fields, etc.\u00a0Se voc\u00ea j\u00e1 possui esses softwares com seu GPS topogr\u00e1fico, aproveite seu investimento e seu fluxo de trabalho atual.<\/p>\n<h4><strong>Navega\u00e7\u00e3o em tempo real<br \/>\n<\/strong><\/h4>\n<hr \/>\n<p>O Reach RS2 pode enviar coordenadas precisas via Bluetooth ou Wi-Fi, e a interface RS-232 permite que o Reach RS2 seja conectado diretamente a um sistema de dire\u00e7\u00e3o autom\u00e1tica.<\/p>\n<p><strong>Aplicativos compat\u00edveis<\/strong><\/p>\n<p><em>MachineryGuide, AgriBus-Navi, Efarer, Agripilot.<\/em><\/p>\n<p>TCP-GPS, vista superior, QGIS, campos magn\u00e9ticos.<\/p>\n<p><strong>Formato da solu\u00e7\u00e3o<\/strong><\/p>\n<p><em>NMEA, ERB, texto simples<\/em><\/p>\n<h4><strong>Suporte online<br \/>\n<\/strong><\/h4>\n<hr \/>\n<p>Fa\u00e7a-nos quaisquer perguntas sobre este dispositivo atrav\u00e9s do nosso e-mail e visite o\u00a0f\u00f3rum oficial EMLID\u00a0e a\u00a0comunidade de suporte\u00a0do\u00a0produto\u00a0.<\/p>\n\n\n<div class=\"kk-star-ratings kksr-auto kksr-align-center kksr-valign-bottom\"\n    data-payload='{&quot;align&quot;:&quot;center&quot;,&quot;id&quot;:&quot;14167&quot;,&quot;slug&quot;:&quot;default&quot;,&quot;valign&quot;:&quot;bottom&quot;,&quot;ignore&quot;:&quot;&quot;,&quot;reference&quot;:&quot;auto&quot;,&quot;class&quot;:&quot;&quot;,&quot;count&quot;:&quot;0&quot;,&quot;legendonly&quot;:&quot;&quot;,&quot;readonly&quot;:&quot;&quot;,&quot;score&quot;:&quot;0&quot;,&quot;starsonly&quot;:&quot;&quot;,&quot;best&quot;:&quot;5&quot;,&quot;gap&quot;:&quot;5&quot;,&quot;greet&quot;:&quot;Val\u00f3ranos&quot;,&quot;legend&quot;:&quot;0\\\/5 - (0 votes)&quot;,&quot;size&quot;:&quot;24&quot;,&quot;title&quot;:&quot;GPS Emlid Reach RS2 - Kit Survey (Base + Rover)&quot;,&quot;width&quot;:&quot;0&quot;,&quot;_legend&quot;:&quot;{score}\\\/{best} - ({count} {votes})&quot;,&quot;font_factor&quot;:&quot;1.25&quot;}'>\n            \n<div class=\"kksr-stars\">\n    \n<div class=\"kksr-stars-inactive\">\n            <div class=\"kksr-star\" data-star=\"1\" style=\"padding-right: 5px\">\n            \n\n<div class=\"kksr-icon\" style=\"width: 24px; height: 24px;\"><\/div>\n        <\/div>\n            <div class=\"kksr-star\" data-star=\"2\" style=\"padding-right: 5px\">\n            \n\n<div class=\"kksr-icon\" style=\"width: 24px; height: 24px;\"><\/div>\n        <\/div>\n            <div class=\"kksr-star\" data-star=\"3\" style=\"padding-right: 5px\">\n            \n\n<div class=\"kksr-icon\" style=\"width: 24px; height: 24px;\"><\/div>\n        <\/div>\n            <div class=\"kksr-star\" data-star=\"4\" style=\"padding-right: 5px\">\n            \n\n<div class=\"kksr-icon\" style=\"width: 24px; height: 24px;\"><\/div>\n        <\/div>\n            <div class=\"kksr-star\" data-star=\"5\" style=\"padding-right: 5px\">\n            \n\n<div class=\"kksr-icon\" style=\"width: 24px; height: 24px;\"><\/div>\n        <\/div>\n    <\/div>\n    \n<div class=\"kksr-stars-active\" style=\"width: 0px;\">\n            <div class=\"kksr-star\" style=\"padding-right: 5px\">\n            \n\n<div class=\"kksr-icon\" style=\"width: 24px; height: 24px;\"><\/div>\n        <\/div>\n            <div class=\"kksr-star\" style=\"padding-right: 5px\">\n            \n\n<div class=\"kksr-icon\" style=\"width: 24px; height: 24px;\"><\/div>\n        <\/div>\n            <div class=\"kksr-star\" style=\"padding-right: 5px\">\n            \n\n<div class=\"kksr-icon\" style=\"width: 24px; height: 24px;\"><\/div>\n        <\/div>\n            <div class=\"kksr-star\" style=\"padding-right: 5px\">\n            \n\n<div class=\"kksr-icon\" style=\"width: 24px; height: 24px;\"><\/div>\n        <\/div>\n            <div class=\"kksr-star\" style=\"padding-right: 5px\">\n            \n\n<div class=\"kksr-icon\" style=\"width: 24px; height: 24px;\"><\/div>\n        <\/div>\n    <\/div>\n<\/div>\n                \n\n<div class=\"kksr-legend\" style=\"font-size: 19.2px;\">\n            <span class=\"kksr-muted\">Val\u00f3ranos<\/span>\n    <\/div>\n    <\/div>\n","protected":false},"excerpt":{"rendered":"<p><!--\n\n\n<div class=\"free-shipping\">Estoque Dispon\u00edvel \u2013 Envio Imediato <i class=\"fas fa-shipping-fast\"><\/i><\/div>\n\n\n--><\/p>\n<p>Dois receptores GNSS RTK multifrequ\u00eancia com precis\u00e3o centim\u00e9trica com aplicativo de controle inclu\u00eddo para levantamento, tomada de pontos e navega\u00e7\u00e3o no modo RTK e PPK.\u00a0Adequado para funcionar como M\u00f3vel \/ Base.<\/p>\n<div class=\"pdffiles\"><a href=\"https:\/\/atyges.es\/wp-content\/uploads\/2020\/01\/Datasheet-RS2.pdf\" target=\"_blank\" rel=\"noopener noreferrer\">\u21d2\u00a0\u00a0<\/a><a href=\"https:\/\/atyges.es\/wp-content\/uploads\/2020\/01\/Datasheet-RS2.pdf\" target=\"_blank\" rel=\"noopener noreferrer\">Atingir a folha de dados RS2<\/a><\/div>\n","protected":false},"featured_media":14666,"template":"","meta":[],"product_brand":[],"product_cat":[1612],"product_tag":[],"class_list":{"0":"post-14167","1":"product","2":"type-product","3":"status-publish","4":"has-post-thumbnail","6":"product_cat-descontinuado-emlid-gps","7":"product_shipping_class-emlid-pt","9":"first","10":"outofstock","11":"sale","12":"taxable","13":"shipping-taxable","14":"purchasable","15":"product-type-simple"},"yoast_head":"<!-- This site is optimized with the Yoast SEO plugin v27.2 - https:\/\/yoast.com\/product\/yoast-seo-wordpress\/ -->\n<title>Kit Survey Reach RS2 - Base e M\u00f3vel | Distribuidor Oficial Emlid<\/title>\n<meta name=\"description\" content=\"RS2 Survey Reach Kit \u2b50 Par GPS: Base e Rover. \u2b50 Sistemas de Posicionamento GPS para Topografia \u2705 \u30101\u00ba Distribuidor Oficial da Emlid\u3011 \u2705.\" \/>\n<meta name=\"robots\" content=\"index, follow, max-snippet:-1, max-image-preview:large, max-video-preview:-1\" \/>\n<link rel=\"canonical\" href=\"https:\/\/atyges.es\/pt\/tienda\/product\/kit-gps-reach-rs2-paquete-survey\/\" \/>\n<meta property=\"og:locale\" content=\"pt_PT\" \/>\n<meta property=\"og:type\" content=\"article\" \/>\n<meta property=\"og:title\" content=\"Kit Survey Reach RS2 - Base e M\u00f3vel | Distribuidor Oficial Emlid\" \/>\n<meta property=\"og:description\" content=\"RS2 Survey Reach Kit \u2b50 Par GPS: Base e Rover. \u2b50 Sistemas de Posicionamento GPS para Topografia \u2705 \u30101\u00ba Distribuidor Oficial da Emlid\u3011 \u2705.\" \/>\n<meta property=\"og:url\" content=\"https:\/\/atyges.es\/pt\/tienda\/product\/kit-gps-reach-rs2-paquete-survey\/\" \/>\n<meta property=\"og:site_name\" content=\"ATyges\" \/>\n<meta property=\"article:modified_time\" content=\"2022-11-28T23:01:18+00:00\" \/>\n<meta property=\"og:image\" content=\"https:\/\/atyges.es\/wp-content\/uploads\/2019\/12\/RS2-kit-1.png\" \/>\n\t<meta property=\"og:image:width\" content=\"800\" \/>\n\t<meta property=\"og:image:height\" content=\"800\" \/>\n\t<meta property=\"og:image:type\" content=\"image\/png\" \/>\n<meta name=\"twitter:card\" content=\"summary_large_image\" \/>\n<meta name=\"twitter:label1\" content=\"Tempo estimado de leitura\" \/>\n\t<meta name=\"twitter:data1\" content=\"6 minutos\" \/>\n<script type=\"application\/ld+json\" class=\"yoast-schema-graph\">{\"@context\":\"https:\/\/schema.org\",\"@graph\":[{\"@type\":\"WebPage\",\"@id\":\"https:\/\/atyges.es\/pt\/tienda\/product\/kit-gps-reach-rs2-paquete-survey\/\",\"url\":\"https:\/\/atyges.es\/pt\/tienda\/product\/kit-gps-reach-rs2-paquete-survey\/\",\"name\":\"Kit Survey Reach RS2 - Base e M\u00f3vel | Distribuidor Oficial Emlid\",\"isPartOf\":{\"@id\":\"https:\/\/atyges.es\/pt\/#website\"},\"primaryImageOfPage\":{\"@id\":\"https:\/\/atyges.es\/pt\/tienda\/product\/kit-gps-reach-rs2-paquete-survey\/#primaryimage\"},\"image\":{\"@id\":\"https:\/\/atyges.es\/pt\/tienda\/product\/kit-gps-reach-rs2-paquete-survey\/#primaryimage\"},\"thumbnailUrl\":\"https:\/\/atyges.es\/wp-content\/uploads\/2019\/12\/RS2-kit-1.png\",\"datePublished\":\"2019-12-16T11:09:23+00:00\",\"dateModified\":\"2022-11-28T23:01:18+00:00\",\"description\":\"RS2 Survey Reach Kit \u2b50 Par GPS: Base e Rover. \u2b50 Sistemas de Posicionamento GPS para Topografia \u2705 \u30101\u00ba Distribuidor Oficial da Emlid\u3011 \u2705.\",\"breadcrumb\":{\"@id\":\"https:\/\/atyges.es\/pt\/tienda\/product\/kit-gps-reach-rs2-paquete-survey\/#breadcrumb\"},\"inLanguage\":\"pt-PT\",\"potentialAction\":[{\"@type\":\"ReadAction\",\"target\":[\"https:\/\/atyges.es\/pt\/tienda\/product\/kit-gps-reach-rs2-paquete-survey\/\"]}]},{\"@type\":\"ImageObject\",\"inLanguage\":\"pt-PT\",\"@id\":\"https:\/\/atyges.es\/pt\/tienda\/product\/kit-gps-reach-rs2-paquete-survey\/#primaryimage\",\"url\":\"https:\/\/atyges.es\/wp-content\/uploads\/2019\/12\/RS2-kit-1.png\",\"contentUrl\":\"https:\/\/atyges.es\/wp-content\/uploads\/2019\/12\/RS2-kit-1.png\",\"width\":800,\"height\":800,\"caption\":\"RS2-kit-1.png\"},{\"@type\":\"BreadcrumbList\",\"@id\":\"https:\/\/atyges.es\/pt\/tienda\/product\/kit-gps-reach-rs2-paquete-survey\/#breadcrumb\",\"itemListElement\":[{\"@type\":\"ListItem\",\"position\":1,\"name\":\"Portada\",\"item\":\"https:\/\/atyges.es\/pt\/\"},{\"@type\":\"ListItem\",\"position\":2,\"name\":\"Produtos\",\"item\":\"https:\/\/atyges.es\/pt\/shop\/\"},{\"@type\":\"ListItem\",\"position\":3,\"name\":\"GPS Emlid Reach RS2 &#8211; Kit Survey (Base + Rover)\"}]},{\"@type\":\"WebSite\",\"@id\":\"https:\/\/atyges.es\/pt\/#website\",\"url\":\"https:\/\/atyges.es\/pt\/\",\"name\":\"ATyges\",\"description\":\"\",\"publisher\":{\"@id\":\"https:\/\/atyges.es\/pt\/#organization\"},\"potentialAction\":[{\"@type\":\"SearchAction\",\"target\":{\"@type\":\"EntryPoint\",\"urlTemplate\":\"https:\/\/atyges.es\/pt\/?s={search_term_string}\"},\"query-input\":{\"@type\":\"PropertyValueSpecification\",\"valueRequired\":true,\"valueName\":\"search_term_string\"}}],\"inLanguage\":\"pt-PT\"},{\"@type\":\"Organization\",\"@id\":\"https:\/\/atyges.es\/pt\/#organization\",\"name\":\"Atyges\",\"url\":\"https:\/\/atyges.es\/pt\/\",\"logo\":{\"@type\":\"ImageObject\",\"inLanguage\":\"pt-PT\",\"@id\":\"https:\/\/atyges.es\/pt\/#\/schema\/logo\/image\/\",\"url\":\"https:\/\/atyges.es\/wp-content\/uploads\/2022\/01\/Logo_ATyges_Store.png\",\"contentUrl\":\"https:\/\/atyges.es\/wp-content\/uploads\/2022\/01\/Logo_ATyges_Store.png\",\"width\":1228,\"height\":200,\"caption\":\"Atyges\"},\"image\":{\"@id\":\"https:\/\/atyges.es\/pt\/#\/schema\/logo\/image\/\"}}]}<\/script>\n<!-- \/ Yoast SEO plugin. -->","yoast_head_json":{"title":"Kit Survey Reach RS2 - Base e M\u00f3vel | Distribuidor Oficial Emlid","description":"RS2 Survey Reach Kit \u2b50 Par GPS: Base e Rover. \u2b50 Sistemas de Posicionamento GPS para Topografia \u2705 \u30101\u00ba Distribuidor Oficial da Emlid\u3011 \u2705.","robots":{"index":"index","follow":"follow","max-snippet":"max-snippet:-1","max-image-preview":"max-image-preview:large","max-video-preview":"max-video-preview:-1"},"canonical":"https:\/\/atyges.es\/pt\/tienda\/product\/kit-gps-reach-rs2-paquete-survey\/","og_locale":"pt_PT","og_type":"article","og_title":"Kit Survey Reach RS2 - Base e M\u00f3vel | Distribuidor Oficial Emlid","og_description":"RS2 Survey Reach Kit \u2b50 Par GPS: Base e Rover. \u2b50 Sistemas de Posicionamento GPS para Topografia \u2705 \u30101\u00ba Distribuidor Oficial da Emlid\u3011 \u2705.","og_url":"https:\/\/atyges.es\/pt\/tienda\/product\/kit-gps-reach-rs2-paquete-survey\/","og_site_name":"ATyges","article_modified_time":"2022-11-28T23:01:18+00:00","og_image":[{"width":800,"height":800,"url":"https:\/\/atyges.es\/wp-content\/uploads\/2019\/12\/RS2-kit-1.png","type":"image\/png"}],"twitter_card":"summary_large_image","twitter_misc":{"Tempo estimado de leitura":"6 minutos"},"schema":{"@context":"https:\/\/schema.org","@graph":[{"@type":"WebPage","@id":"https:\/\/atyges.es\/pt\/tienda\/product\/kit-gps-reach-rs2-paquete-survey\/","url":"https:\/\/atyges.es\/pt\/tienda\/product\/kit-gps-reach-rs2-paquete-survey\/","name":"Kit Survey Reach RS2 - Base e M\u00f3vel | Distribuidor Oficial Emlid","isPartOf":{"@id":"https:\/\/atyges.es\/pt\/#website"},"primaryImageOfPage":{"@id":"https:\/\/atyges.es\/pt\/tienda\/product\/kit-gps-reach-rs2-paquete-survey\/#primaryimage"},"image":{"@id":"https:\/\/atyges.es\/pt\/tienda\/product\/kit-gps-reach-rs2-paquete-survey\/#primaryimage"},"thumbnailUrl":"https:\/\/atyges.es\/wp-content\/uploads\/2019\/12\/RS2-kit-1.png","datePublished":"2019-12-16T11:09:23+00:00","dateModified":"2022-11-28T23:01:18+00:00","description":"RS2 Survey Reach Kit \u2b50 Par GPS: Base e Rover. \u2b50 Sistemas de Posicionamento GPS para Topografia \u2705 \u30101\u00ba Distribuidor Oficial da Emlid\u3011 \u2705.","breadcrumb":{"@id":"https:\/\/atyges.es\/pt\/tienda\/product\/kit-gps-reach-rs2-paquete-survey\/#breadcrumb"},"inLanguage":"pt-PT","potentialAction":[{"@type":"ReadAction","target":["https:\/\/atyges.es\/pt\/tienda\/product\/kit-gps-reach-rs2-paquete-survey\/"]}]},{"@type":"ImageObject","inLanguage":"pt-PT","@id":"https:\/\/atyges.es\/pt\/tienda\/product\/kit-gps-reach-rs2-paquete-survey\/#primaryimage","url":"https:\/\/atyges.es\/wp-content\/uploads\/2019\/12\/RS2-kit-1.png","contentUrl":"https:\/\/atyges.es\/wp-content\/uploads\/2019\/12\/RS2-kit-1.png","width":800,"height":800,"caption":"RS2-kit-1.png"},{"@type":"BreadcrumbList","@id":"https:\/\/atyges.es\/pt\/tienda\/product\/kit-gps-reach-rs2-paquete-survey\/#breadcrumb","itemListElement":[{"@type":"ListItem","position":1,"name":"Portada","item":"https:\/\/atyges.es\/pt\/"},{"@type":"ListItem","position":2,"name":"Produtos","item":"https:\/\/atyges.es\/pt\/shop\/"},{"@type":"ListItem","position":3,"name":"GPS Emlid Reach RS2 &#8211; Kit Survey (Base + Rover)"}]},{"@type":"WebSite","@id":"https:\/\/atyges.es\/pt\/#website","url":"https:\/\/atyges.es\/pt\/","name":"ATyges","description":"","publisher":{"@id":"https:\/\/atyges.es\/pt\/#organization"},"potentialAction":[{"@type":"SearchAction","target":{"@type":"EntryPoint","urlTemplate":"https:\/\/atyges.es\/pt\/?s={search_term_string}"},"query-input":{"@type":"PropertyValueSpecification","valueRequired":true,"valueName":"search_term_string"}}],"inLanguage":"pt-PT"},{"@type":"Organization","@id":"https:\/\/atyges.es\/pt\/#organization","name":"Atyges","url":"https:\/\/atyges.es\/pt\/","logo":{"@type":"ImageObject","inLanguage":"pt-PT","@id":"https:\/\/atyges.es\/pt\/#\/schema\/logo\/image\/","url":"https:\/\/atyges.es\/wp-content\/uploads\/2022\/01\/Logo_ATyges_Store.png","contentUrl":"https:\/\/atyges.es\/wp-content\/uploads\/2022\/01\/Logo_ATyges_Store.png","width":1228,"height":200,"caption":"Atyges"},"image":{"@id":"https:\/\/atyges.es\/pt\/#\/schema\/logo\/image\/"}}]}},"jetpack_sharing_enabled":true,"_links":{"self":[{"href":"https:\/\/atyges.es\/pt\/wp-json\/wp\/v2\/product\/14167","targetHints":{"allow":["GET"]}}],"collection":[{"href":"https:\/\/atyges.es\/pt\/wp-json\/wp\/v2\/product"}],"about":[{"href":"https:\/\/atyges.es\/pt\/wp-json\/wp\/v2\/types\/product"}],"wp:featuredmedia":[{"embeddable":true,"href":"https:\/\/atyges.es\/pt\/wp-json\/wp\/v2\/media\/14666"}],"wp:attachment":[{"href":"https:\/\/atyges.es\/pt\/wp-json\/wp\/v2\/media?parent=14167"}],"wp:term":[{"taxonomy":"product_brand","embeddable":true,"href":"https:\/\/atyges.es\/pt\/wp-json\/wp\/v2\/product_brand?post=14167"},{"taxonomy":"product_cat","embeddable":true,"href":"https:\/\/atyges.es\/pt\/wp-json\/wp\/v2\/product_cat?post=14167"},{"taxonomy":"product_tag","embeddable":true,"href":"https:\/\/atyges.es\/pt\/wp-json\/wp\/v2\/product_tag?post=14167"}],"curies":[{"name":"wp","href":"https:\/\/api.w.org\/{rel}","templated":true}]}}