{"id":14152,"date":"2019-12-16T12:09:23","date_gmt":"2019-12-16T11:09:23","guid":{"rendered":"https:\/\/atyges.es\/product\/software-topografico-tcpgps-para-gps\/"},"modified":"2023-10-05T10:57:33","modified_gmt":"2023-10-05T09:57:33","slug":"software-topografico-tcpgps-para-gps","status":"publish","type":"product","link":"https:\/\/atyges.es\/pt\/tienda\/product\/software-topografico-tcpgps-para-gps\/","title":{"rendered":"Software topogr\u00e1fico TcpGPS para GPS"},"content":{"rendered":"<h2>SOFTWARE TOPOGR\u00c1FICO TCPGPS PARA GPS<\/h2>\n<h3><strong>SOLU\u00c7\u00c3O COMPLETA PARA LEVANTAMENTO E PIQUETAGEM COM RECEPTORES GNSS<br \/>\n<\/strong><\/h3>\n<div class=\"card-body text-gray-05\">\n<p class=\"text-left\">O software Topogr\u00e1fico TcpGPS para GPS \u00e9 um aplicativo que permite ao usu\u00e1rio realizar medi\u00e7\u00f5es e piquetar com uma ampla gama de receptores GNSS.<\/p>\n<p>O TcpGPS \u00e9 compat\u00edvel com os equipamentos GNSS\u00a0<a href=\"https:\/\/atyges.es\/pt\/tienda\/product\/gps-emlid-reach-rs3\/\">Reach RS3<\/a> e\u00a0<a href=\"https:\/\/atyges.es\/pt\/product\/gps-emlid-reach-rs2plus\/\">Reach RS2+,<\/a>\u00a0dotando-o de excelentes recursos adicionais e complementando a funcionalidade desses receptores.<\/p>\n<p class=\"text-left\">O programa tem m\u00faltiplas op\u00e7\u00f5es para levantamento e piquetagem de parcelas, obras terrestres e de linha, usando mapas de base ESRI, ou ortofotos, cartografia e servi\u00e7os de mapas da web.<\/p>\n<ul>\n<li>Possibilidade de trabalhar atrav\u00e9s de bluetooh desde qualquer dispositivo Android ou Windows.<\/li>\n<li>Tenha sua pr\u00f3pria base de dados com conex\u00f5es NTRIP, para que desde a pr\u00f3pria aplica\u00e7\u00e3o possamos alterar a conex\u00e3o NTRIP e todas as suas caracter\u00edsticas.<\/li>\n<li>Realize a coleta de dados em qualquer sistema de refer\u00eancia mundial.<\/li>\n<li>Atribua propriedades avan\u00e7adas a pontos, como tipologia de pontos, notas de voz ou fotos.<\/li>\n<li>Trabalhe com camadas em diferentes formatos (dwg, dxf, shp, WMS, etc.) para sobrepor na imagem de sat\u00e9lite base facilitando a obten\u00e7\u00e3o de pontos.<\/li>\n<\/ul>\n<p>Aqui est\u00e3o algumas capturas de tela:<\/p>\n<div class=\"lightbox-wrapper\"><img loading=\"lazy\" decoding=\"async\" class=\"aligncenter\" src=\"https:\/\/community.emlid.com\/uploads\/default\/original\/3X\/4\/d\/4d7c901998e9316b8659876bb232bd3001554815.jpeg\" alt=\"Configura\u00e7\u00e3o TcpGPS\" width=\"309\" height=\"550\" data-base62-sha1=\"b3tDG6MA7cLVEe4enPrn0fvsEbr\" \/><\/div>\n<div class=\"lightbox-wrapper\"><img loading=\"lazy\" decoding=\"async\" class=\"aligncenter\" src=\"https:\/\/community.emlid.com\/uploads\/default\/original\/3X\/a\/b\/abc3606adac44c547867275e704c1e5d0c33c811.jpeg\" alt=\"NTRIP01 TcpGPS Software topogr\u00e1fico para GPS\" width=\"309\" height=\"550\" data-base62-sha1=\"ovueSm69v03dcKyymZbx1YnsV9L\" \/><\/div>\n<div class=\"lightbox-wrapper\"><img loading=\"lazy\" decoding=\"async\" class=\"aligncenter\" src=\"https:\/\/community.emlid.com\/uploads\/default\/original\/3X\/f\/b\/fb15d0a83ba64f377f1613706b856317f9233026.jpeg\" alt=\"NTRIP02 TcpGPS Software topogr\u00e1fico para GPS\" width=\"309\" height=\"550\" data-base62-sha1=\"zPcAbxIYA8WJZO1sdJg2Tn1A9pA\" \/><\/div>\n<div class=\"lightbox-wrapper\"><img loading=\"lazy\" decoding=\"async\" class=\"aligncenter\" src=\"https:\/\/community.emlid.com\/uploads\/default\/original\/3X\/d\/4\/d4df24e2d2fbbb3064e402bcb4abc29a77ad8034.jpeg\" alt=\"points1 TcpGPS Software topogr\u00e1fico para GPS\" width=\"309\" height=\"550\" data-base62-sha1=\"un9j4VN8pth5pVP1mXz9AJM8J7K\" \/><\/div>\n<p>Inclui a funcionalidade de compensa\u00e7\u00e3o com o modelo EMLID<strong> Reach RS3<\/strong> aproveitando a funcionalidade deste dispositivo.<\/p>\n<p><img loading=\"lazy\" decoding=\"async\" class=\"aligncenter size-full wp-image-30934\" src=\"https:\/\/atyges.es\/wp-content\/uploads\/2023\/09\/TCP_GPS_RS3_Atyges.png\" alt=\"TcpGPS para Reach RS3\" width=\"1823\" height=\"1080\" srcset=\"https:\/\/atyges.es\/wp-content\/uploads\/2023\/09\/TCP_GPS_RS3_Atyges.png 1823w, https:\/\/atyges.es\/wp-content\/uploads\/2023\/09\/TCP_GPS_RS3_Atyges-600x355.png 600w, https:\/\/atyges.es\/wp-content\/uploads\/2023\/09\/TCP_GPS_RS3_Atyges-300x178.png 300w, https:\/\/atyges.es\/wp-content\/uploads\/2023\/09\/TCP_GPS_RS3_Atyges-1024x607.png 1024w, https:\/\/atyges.es\/wp-content\/uploads\/2023\/09\/TCP_GPS_RS3_Atyges-173x102.png 173w\" sizes=\"auto, (max-width: 1823px) 100vw, 1823px\" \/><\/p>\n<p class=\"text-left\">Os aplicativos funcionam nos sistemas operacionais Windows e Android, com diferentes m\u00f3dulos e funcionalidades.<\/p>\n<p>Veja o link para o f\u00f3rum oficial do EMLID neste produto:\u00a0Link para o aplicativo TcpGPS no f\u00f3rum oficial de suporte do EMLID<\/p>\n<h3>MAPAS B\u00c1SICOS E SISTEMAS DE REFER\u00caNCIA<\/h3>\n<p>Mapas b\u00e1sicos da ESRI com cobertura mundial s\u00e3o usados \u200b\u200be podem ser visualizados em modo de rua, sat\u00e9lite ou topogr\u00e1fico.\u00a0Cartografia em DXF ou formatos de forma e servi\u00e7os de mapas da web (WMS) de fontes de dados oficiais tamb\u00e9m podem ser carregados como plano de fundo.<br \/>\nO programa inclui a base de dados EPSG de sistemas geod\u00e9sicos, podendo trabalhar com diferentes sistemas de refer\u00eancia de coordenadas organizados por pa\u00edses, podendo tamb\u00e9m ser definidos sistemas locais.<\/p>\n<h3>PESQUISA COM TCPGPS V2.0<\/h3>\n<p>A aplica\u00e7\u00e3o facilita o levantamento de pontos topogr\u00e1ficos, podendo associar fotografias, notas de voz e c\u00f3digos opcionais.<br \/>\nO modo cont\u00ednuo permite registrar pontos automaticamente, especificando uma dist\u00e2ncia ou intervalo de tempo.<br \/>\nOs pontos e dados brutos podem ser exportados para v\u00e1rios formatos, e todas as informa\u00e7\u00f5es automaticamente sincronizadas com o Google Drive.<\/p>\n<h3>TOCAIA<\/h3>\n<p>Os pontos ou linhas a serem piquetados podem ser designados graficamente ou selecionados por v\u00e1rios crit\u00e9rios.\u00a0O aplicativo oferece diversos modos de ajuda, como mapa, b\u00fassola, alvo e realidade aumentada.<br \/>\nOs comandos de voz ou som tamb\u00e9m podem ser ativados.<\/p>\n<\/div>\n\n\n<div class=\"kk-star-ratings kksr-auto kksr-align-center kksr-valign-bottom\"\n    data-payload='{&quot;align&quot;:&quot;center&quot;,&quot;id&quot;:&quot;14152&quot;,&quot;slug&quot;:&quot;default&quot;,&quot;valign&quot;:&quot;bottom&quot;,&quot;ignore&quot;:&quot;&quot;,&quot;reference&quot;:&quot;auto&quot;,&quot;class&quot;:&quot;&quot;,&quot;count&quot;:&quot;0&quot;,&quot;legendonly&quot;:&quot;&quot;,&quot;readonly&quot;:&quot;&quot;,&quot;score&quot;:&quot;0&quot;,&quot;starsonly&quot;:&quot;&quot;,&quot;best&quot;:&quot;5&quot;,&quot;gap&quot;:&quot;5&quot;,&quot;greet&quot;:&quot;Val\u00f3ranos&quot;,&quot;legend&quot;:&quot;0\\\/5 - (0 votes)&quot;,&quot;size&quot;:&quot;24&quot;,&quot;title&quot;:&quot;Software topogr\u00e1fico TcpGPS para GPS&quot;,&quot;width&quot;:&quot;0&quot;,&quot;_legend&quot;:&quot;{score}\\\/{best} - ({count} {votes})&quot;,&quot;font_factor&quot;:&quot;1.25&quot;}'>\n            \n<div class=\"kksr-stars\">\n    \n<div class=\"kksr-stars-inactive\">\n            <div class=\"kksr-star\" data-star=\"1\" style=\"padding-right: 5px\">\n            \n\n<div class=\"kksr-icon\" style=\"width: 24px; height: 24px;\"><\/div>\n        <\/div>\n            <div class=\"kksr-star\" data-star=\"2\" style=\"padding-right: 5px\">\n            \n\n<div class=\"kksr-icon\" style=\"width: 24px; height: 24px;\"><\/div>\n        <\/div>\n            <div class=\"kksr-star\" data-star=\"3\" style=\"padding-right: 5px\">\n            \n\n<div class=\"kksr-icon\" style=\"width: 24px; height: 24px;\"><\/div>\n        <\/div>\n            <div class=\"kksr-star\" data-star=\"4\" style=\"padding-right: 5px\">\n            \n\n<div class=\"kksr-icon\" style=\"width: 24px; height: 24px;\"><\/div>\n        <\/div>\n            <div class=\"kksr-star\" data-star=\"5\" style=\"padding-right: 5px\">\n            \n\n<div class=\"kksr-icon\" style=\"width: 24px; height: 24px;\"><\/div>\n        <\/div>\n    <\/div>\n    \n<div class=\"kksr-stars-active\" style=\"width: 0px;\">\n            <div class=\"kksr-star\" style=\"padding-right: 5px\">\n            \n\n<div class=\"kksr-icon\" style=\"width: 24px; height: 24px;\"><\/div>\n        <\/div>\n            <div class=\"kksr-star\" style=\"padding-right: 5px\">\n            \n\n<div class=\"kksr-icon\" style=\"width: 24px; height: 24px;\"><\/div>\n        <\/div>\n            <div class=\"kksr-star\" style=\"padding-right: 5px\">\n            \n\n<div class=\"kksr-icon\" style=\"width: 24px; height: 24px;\"><\/div>\n        <\/div>\n            <div class=\"kksr-star\" style=\"padding-right: 5px\">\n            \n\n<div class=\"kksr-icon\" style=\"width: 24px; height: 24px;\"><\/div>\n        <\/div>\n            <div class=\"kksr-star\" style=\"padding-right: 5px\">\n            \n\n<div class=\"kksr-icon\" style=\"width: 24px; height: 24px;\"><\/div>\n        <\/div>\n    <\/div>\n<\/div>\n                \n\n<div class=\"kksr-legend\" style=\"font-size: 19.2px;\">\n            <span class=\"kksr-muted\">Val\u00f3ranos<\/span>\n    <\/div>\n    <\/div>\n","protected":false},"excerpt":{"rendered":"<p><strong>O software topogr\u00e1fico TcpGPS para dispositivos GPS \u00e9 uma\u00a0<\/strong><strong>solu\u00e7\u00e3o completa para levantamento e piquetagem com receptores GNSS<\/strong><\/p>\n<p>\u00c9 adequado para dispositivos m\u00f3veis que permitem realizar as fun\u00e7\u00f5es mais avan\u00e7adas que qualquer profissional de levantamento precisa realizar em campo.<\/p>\n<p>A vers\u00e3o TcpGPS Basic \u00e9 voltada para usu\u00e1rios padr\u00e3o e a vers\u00e3o Advanced \u00e9 voltada para projetos de estradas e obras lineares com funcionalidades espec\u00edficas.<\/p>\n<p><strong>100% compat\u00edvel com receptores EMLID RS2, RS + e RS GPS<\/strong><\/p>\n<div class=\"pdffiles\"><a href=\"https:\/\/atyges.es\/wp-content\/uploads\/2020\/01\/Comparativa-versiones-TcpGPS.pdf\" target=\"_blank\" rel=\"noopener noreferrer\">\u21d2 Compara\u00e7\u00e3o das funcionalidades da vers\u00e3o do TcpGPS \u21d2 Especifica\u00e7\u00f5es do<\/a><br \/>\n<a href=\"https:\/\/atyges.es\/wp-content\/uploads\/2020\/01\/TcpGPS_Android_Extendido.pdf\" target=\"_blank\" rel=\"noopener noreferrer\">TCP GPS (vers\u00e3o do Android)<\/a><\/div>\n<div><a href=\"https:\/\/atyges.es\/wp-content\/uploads\/2019\/12\/TcpGPS-Android-V2.0-Novedades.pdf\" target=\"_blank\" rel=\"noopener noreferrer\">\u21d2 O que h\u00e1 de novo no TCP GPS vers\u00e3o 2.0 (vers\u00e3o Android)<\/a><\/div>\n<p>V\u00eddeo de opera\u00e7\u00e3o TCP-GPS com equipamento EMLID Reach<\/p>\n<p><iframe loading=\"lazy\" src=\"https:\/\/www.youtube.com\/embed\/BsglNaRVpa0\" width=\"650\" height=\"350\" data-mce-fragment=\"1\"><\/iframe><\/p>\n<p>&nbsp;<\/p>\n","protected":false},"featured_media":15135,"template":"","meta":[],"product_brand":[],"product_cat":[1445,1214,1283,1292],"product_tag":[],"class_list":{"0":"post-14152","1":"product","2":"type-product","3":"status-publish","4":"has-post-thumbnail","6":"product_cat-dispositivos-e-softwares-de-topografia","7":"product_cat-emlid-gps","8":"product_cat-promocoes-e-ofertas","9":"product_cat-topografia-e-software-de-engenharia","10":"product_shipping_class-envio-gratuito-es-pt","12":"first","13":"instock","14":"sale","15":"featured","16":"taxable","17":"shipping-taxable","18":"purchasable","19":"product-type-variable","20":"has-default-attributes"},"yoast_head":"<!-- This site is optimized with the Yoast SEO plugin v27.4 - https:\/\/yoast.com\/product\/yoast-seo-wordpress\/ -->\n<title>Software topogr\u00e1fico TcpGPS para GPS | ATyges \u00ae<\/title>\n<meta name=\"description\" content=\"Software topogr\u00e1fico TcpGPS para GPS \u2b50 Sistema de posicionamento GPS para topografia e mapeamento \u2705 \u3010Distribuidores oficiais do Aplitop\u3011 \u2705\" \/>\n<meta name=\"robots\" content=\"index, follow, max-snippet:-1, max-image-preview:large, max-video-preview:-1\" \/>\n<link rel=\"canonical\" href=\"https:\/\/atyges.es\/pt\/tienda\/product\/software-topografico-tcpgps-para-gps\/\" \/>\n<meta property=\"og:locale\" content=\"pt_PT\" \/>\n<meta property=\"og:type\" content=\"article\" \/>\n<meta property=\"og:title\" content=\"Software topogr\u00e1fico TcpGPS para GPS | ATyges \u00ae\" \/>\n<meta property=\"og:description\" content=\"Software topogr\u00e1fico TcpGPS para GPS \u2b50 Sistema de posicionamento GPS para topografia e mapeamento \u2705 \u3010Distribuidores oficiais do Aplitop\u3011 \u2705\" \/>\n<meta property=\"og:url\" content=\"https:\/\/atyges.es\/pt\/tienda\/product\/software-topografico-tcpgps-para-gps\/\" \/>\n<meta property=\"og:site_name\" content=\"ATyges\" \/>\n<meta property=\"article:modified_time\" content=\"2023-10-05T09:57:33+00:00\" \/>\n<meta property=\"og:image\" content=\"https:\/\/atyges.es\/wp-content\/uploads\/2019\/12\/tcp_gps.png\" \/>\n\t<meta property=\"og:image:width\" content=\"300\" \/>\n\t<meta property=\"og:image:height\" content=\"300\" \/>\n\t<meta property=\"og:image:type\" content=\"image\/png\" \/>\n<meta name=\"twitter:card\" content=\"summary_large_image\" \/>\n<meta name=\"twitter:label1\" content=\"Tempo estimado de leitura\" \/>\n\t<meta name=\"twitter:data1\" content=\"3 minutos\" \/>\n<script type=\"application\/ld+json\" class=\"yoast-schema-graph\">{\"@context\":\"https:\\\/\\\/schema.org\",\"@graph\":[{\"@type\":\"WebPage\",\"@id\":\"https:\\\/\\\/atyges.es\\\/pt\\\/tienda\\\/product\\\/software-topografico-tcpgps-para-gps\\\/\",\"url\":\"https:\\\/\\\/atyges.es\\\/pt\\\/tienda\\\/product\\\/software-topografico-tcpgps-para-gps\\\/\",\"name\":\"Software topogr\u00e1fico TcpGPS para GPS | ATyges \u00ae\",\"isPartOf\":{\"@id\":\"https:\\\/\\\/atyges.es\\\/pt\\\/#website\"},\"primaryImageOfPage\":{\"@id\":\"https:\\\/\\\/atyges.es\\\/pt\\\/tienda\\\/product\\\/software-topografico-tcpgps-para-gps\\\/#primaryimage\"},\"image\":{\"@id\":\"https:\\\/\\\/atyges.es\\\/pt\\\/tienda\\\/product\\\/software-topografico-tcpgps-para-gps\\\/#primaryimage\"},\"thumbnailUrl\":\"https:\\\/\\\/atyges.es\\\/wp-content\\\/uploads\\\/2019\\\/12\\\/tcp_gps.png\",\"datePublished\":\"2019-12-16T11:09:23+00:00\",\"dateModified\":\"2023-10-05T09:57:33+00:00\",\"description\":\"Software topogr\u00e1fico TcpGPS para GPS \u2b50 Sistema de posicionamento GPS para topografia e mapeamento \u2705 \u3010Distribuidores oficiais do Aplitop\u3011 \u2705\",\"breadcrumb\":{\"@id\":\"https:\\\/\\\/atyges.es\\\/pt\\\/tienda\\\/product\\\/software-topografico-tcpgps-para-gps\\\/#breadcrumb\"},\"inLanguage\":\"pt-PT\",\"potentialAction\":[{\"@type\":\"ReadAction\",\"target\":[\"https:\\\/\\\/atyges.es\\\/pt\\\/tienda\\\/product\\\/software-topografico-tcpgps-para-gps\\\/\"]}]},{\"@type\":\"ImageObject\",\"inLanguage\":\"pt-PT\",\"@id\":\"https:\\\/\\\/atyges.es\\\/pt\\\/tienda\\\/product\\\/software-topografico-tcpgps-para-gps\\\/#primaryimage\",\"url\":\"https:\\\/\\\/atyges.es\\\/wp-content\\\/uploads\\\/2019\\\/12\\\/tcp_gps.png\",\"contentUrl\":\"https:\\\/\\\/atyges.es\\\/wp-content\\\/uploads\\\/2019\\\/12\\\/tcp_gps.png\",\"width\":300,\"height\":300,\"caption\":\"TCP GPS para dispositvos de campo\"},{\"@type\":\"BreadcrumbList\",\"@id\":\"https:\\\/\\\/atyges.es\\\/pt\\\/tienda\\\/product\\\/software-topografico-tcpgps-para-gps\\\/#breadcrumb\",\"itemListElement\":[{\"@type\":\"ListItem\",\"position\":1,\"name\":\"Portada\",\"item\":\"https:\\\/\\\/atyges.es\\\/pt\\\/\"},{\"@type\":\"ListItem\",\"position\":2,\"name\":\"Produtos\",\"item\":\"https:\\\/\\\/atyges.es\\\/pt\\\/shop\\\/\"},{\"@type\":\"ListItem\",\"position\":3,\"name\":\"Software topogr\u00e1fico TcpGPS para GPS\"}]},{\"@type\":\"WebSite\",\"@id\":\"https:\\\/\\\/atyges.es\\\/pt\\\/#website\",\"url\":\"https:\\\/\\\/atyges.es\\\/pt\\\/\",\"name\":\"ATyges\",\"description\":\"\",\"publisher\":{\"@id\":\"https:\\\/\\\/atyges.es\\\/pt\\\/#organization\"},\"potentialAction\":[{\"@type\":\"SearchAction\",\"target\":{\"@type\":\"EntryPoint\",\"urlTemplate\":\"https:\\\/\\\/atyges.es\\\/pt\\\/?s={search_term_string}\"},\"query-input\":{\"@type\":\"PropertyValueSpecification\",\"valueRequired\":true,\"valueName\":\"search_term_string\"}}],\"inLanguage\":\"pt-PT\"},{\"@type\":\"Organization\",\"@id\":\"https:\\\/\\\/atyges.es\\\/pt\\\/#organization\",\"name\":\"Atyges\",\"url\":\"https:\\\/\\\/atyges.es\\\/pt\\\/\",\"logo\":{\"@type\":\"ImageObject\",\"inLanguage\":\"pt-PT\",\"@id\":\"https:\\\/\\\/atyges.es\\\/pt\\\/#\\\/schema\\\/logo\\\/image\\\/\",\"url\":\"https:\\\/\\\/atyges.es\\\/wp-content\\\/uploads\\\/2022\\\/01\\\/Logo_ATyges_Store.png\",\"contentUrl\":\"https:\\\/\\\/atyges.es\\\/wp-content\\\/uploads\\\/2022\\\/01\\\/Logo_ATyges_Store.png\",\"width\":1228,\"height\":200,\"caption\":\"Atyges\"},\"image\":{\"@id\":\"https:\\\/\\\/atyges.es\\\/pt\\\/#\\\/schema\\\/logo\\\/image\\\/\"}}]}<\/script>\n<!-- \/ Yoast SEO plugin. -->","yoast_head_json":{"title":"Software topogr\u00e1fico TcpGPS para GPS | ATyges \u00ae","description":"Software topogr\u00e1fico TcpGPS para GPS \u2b50 Sistema de posicionamento GPS para topografia e mapeamento \u2705 \u3010Distribuidores oficiais do Aplitop\u3011 \u2705","robots":{"index":"index","follow":"follow","max-snippet":"max-snippet:-1","max-image-preview":"max-image-preview:large","max-video-preview":"max-video-preview:-1"},"canonical":"https:\/\/atyges.es\/pt\/tienda\/product\/software-topografico-tcpgps-para-gps\/","og_locale":"pt_PT","og_type":"article","og_title":"Software topogr\u00e1fico TcpGPS para GPS | ATyges \u00ae","og_description":"Software topogr\u00e1fico TcpGPS para GPS \u2b50 Sistema de posicionamento GPS para topografia e mapeamento \u2705 \u3010Distribuidores oficiais do Aplitop\u3011 \u2705","og_url":"https:\/\/atyges.es\/pt\/tienda\/product\/software-topografico-tcpgps-para-gps\/","og_site_name":"ATyges","article_modified_time":"2023-10-05T09:57:33+00:00","og_image":[{"width":300,"height":300,"url":"https:\/\/atyges.es\/wp-content\/uploads\/2019\/12\/tcp_gps.png","type":"image\/png"}],"twitter_card":"summary_large_image","twitter_misc":{"Tempo estimado de leitura":"3 minutos"},"schema":{"@context":"https:\/\/schema.org","@graph":[{"@type":"WebPage","@id":"https:\/\/atyges.es\/pt\/tienda\/product\/software-topografico-tcpgps-para-gps\/","url":"https:\/\/atyges.es\/pt\/tienda\/product\/software-topografico-tcpgps-para-gps\/","name":"Software topogr\u00e1fico TcpGPS para GPS | ATyges \u00ae","isPartOf":{"@id":"https:\/\/atyges.es\/pt\/#website"},"primaryImageOfPage":{"@id":"https:\/\/atyges.es\/pt\/tienda\/product\/software-topografico-tcpgps-para-gps\/#primaryimage"},"image":{"@id":"https:\/\/atyges.es\/pt\/tienda\/product\/software-topografico-tcpgps-para-gps\/#primaryimage"},"thumbnailUrl":"https:\/\/atyges.es\/wp-content\/uploads\/2019\/12\/tcp_gps.png","datePublished":"2019-12-16T11:09:23+00:00","dateModified":"2023-10-05T09:57:33+00:00","description":"Software topogr\u00e1fico TcpGPS para GPS \u2b50 Sistema de posicionamento GPS para topografia e mapeamento \u2705 \u3010Distribuidores oficiais do Aplitop\u3011 \u2705","breadcrumb":{"@id":"https:\/\/atyges.es\/pt\/tienda\/product\/software-topografico-tcpgps-para-gps\/#breadcrumb"},"inLanguage":"pt-PT","potentialAction":[{"@type":"ReadAction","target":["https:\/\/atyges.es\/pt\/tienda\/product\/software-topografico-tcpgps-para-gps\/"]}]},{"@type":"ImageObject","inLanguage":"pt-PT","@id":"https:\/\/atyges.es\/pt\/tienda\/product\/software-topografico-tcpgps-para-gps\/#primaryimage","url":"https:\/\/atyges.es\/wp-content\/uploads\/2019\/12\/tcp_gps.png","contentUrl":"https:\/\/atyges.es\/wp-content\/uploads\/2019\/12\/tcp_gps.png","width":300,"height":300,"caption":"TCP GPS para dispositvos de campo"},{"@type":"BreadcrumbList","@id":"https:\/\/atyges.es\/pt\/tienda\/product\/software-topografico-tcpgps-para-gps\/#breadcrumb","itemListElement":[{"@type":"ListItem","position":1,"name":"Portada","item":"https:\/\/atyges.es\/pt\/"},{"@type":"ListItem","position":2,"name":"Produtos","item":"https:\/\/atyges.es\/pt\/shop\/"},{"@type":"ListItem","position":3,"name":"Software topogr\u00e1fico TcpGPS para GPS"}]},{"@type":"WebSite","@id":"https:\/\/atyges.es\/pt\/#website","url":"https:\/\/atyges.es\/pt\/","name":"ATyges","description":"","publisher":{"@id":"https:\/\/atyges.es\/pt\/#organization"},"potentialAction":[{"@type":"SearchAction","target":{"@type":"EntryPoint","urlTemplate":"https:\/\/atyges.es\/pt\/?s={search_term_string}"},"query-input":{"@type":"PropertyValueSpecification","valueRequired":true,"valueName":"search_term_string"}}],"inLanguage":"pt-PT"},{"@type":"Organization","@id":"https:\/\/atyges.es\/pt\/#organization","name":"Atyges","url":"https:\/\/atyges.es\/pt\/","logo":{"@type":"ImageObject","inLanguage":"pt-PT","@id":"https:\/\/atyges.es\/pt\/#\/schema\/logo\/image\/","url":"https:\/\/atyges.es\/wp-content\/uploads\/2022\/01\/Logo_ATyges_Store.png","contentUrl":"https:\/\/atyges.es\/wp-content\/uploads\/2022\/01\/Logo_ATyges_Store.png","width":1228,"height":200,"caption":"Atyges"},"image":{"@id":"https:\/\/atyges.es\/pt\/#\/schema\/logo\/image\/"}}]}},"jetpack_sharing_enabled":true,"_links":{"self":[{"href":"https:\/\/atyges.es\/pt\/wp-json\/wp\/v2\/product\/14152","targetHints":{"allow":["GET"]}}],"collection":[{"href":"https:\/\/atyges.es\/pt\/wp-json\/wp\/v2\/product"}],"about":[{"href":"https:\/\/atyges.es\/pt\/wp-json\/wp\/v2\/types\/product"}],"wp:featuredmedia":[{"embeddable":true,"href":"https:\/\/atyges.es\/pt\/wp-json\/wp\/v2\/media\/15135"}],"wp:attachment":[{"href":"https:\/\/atyges.es\/pt\/wp-json\/wp\/v2\/media?parent=14152"}],"wp:term":[{"taxonomy":"product_brand","embeddable":true,"href":"https:\/\/atyges.es\/pt\/wp-json\/wp\/v2\/product_brand?post=14152"},{"taxonomy":"product_cat","embeddable":true,"href":"https:\/\/atyges.es\/pt\/wp-json\/wp\/v2\/product_cat?post=14152"},{"taxonomy":"product_tag","embeddable":true,"href":"https:\/\/atyges.es\/pt\/wp-json\/wp\/v2\/product_tag?post=14152"}],"curies":[{"name":"wp","href":"https:\/\/api.w.org\/{rel}","templated":true}]}}