{"id":20557,"date":"2021-09-26T16:57:07","date_gmt":"2021-09-26T15:57:07","guid":{"rendered":"https:\/\/atyges.es\/formulario-matrice-300-rtk-dji-enterprise\/"},"modified":"2021-09-26T16:59:01","modified_gmt":"2021-09-26T15:59:01","slug":"formulario-matrice-300-rtk-dji-enterprise","status":"publish","type":"page","link":"https:\/\/atyges.es\/pt\/formulario-matrice-300-rtk-dji-enterprise\/","title":{"rendered":"Formul\u00e1rio Matrice 300 RTK &#8211; DJI Enterprise"},"content":{"rendered":"<section class=\"l-section wpb_row height_large with_img\"><div class=\"l-section-img\" role=\"img\" aria-label=\"bg-categoria-atyges\" data-img-width=\"1920\" data-img-height=\"295\" style=\"background-image: url(https:\/\/atyges.es\/wp-content\/uploads\/2020\/01\/bg-categoria-atyges.jpg);background-repeat: no-repeat;\"><\/div><div class=\"l-section-h i-cf\"><div class=\"g-cols vc_row via_flex valign_top type_default stacking_default\"><div class=\"vc_col-sm-12 wpb_column vc_column_container\"><div class=\"vc_column-inner\"><div class=\"wpb_wrapper\">[vc_custom_heading text=&#8221;DJI Enterprise &#8211; Matrice 300 RTK&#8221; font_container=&#8221;tag:h1|font_size:2.13rem|text_align:left&#8221; use_theme_fonts=&#8221;yes&#8221; css=&#8221;%7B%22default%22%3A%7B%22font-size%22%3A%222.13rem%22%7D%7D&#8221;]<\/div><\/div><\/div><\/div><\/div><\/section><section class=\"l-section wpb_row height_medium\"><div class=\"l-section-h i-cf\"><div class=\"g-cols vc_row via_flex valign_top type_default stacking_default\"><div class=\"vc_col-sm-12 wpb_column vc_column_container\"><div class=\"vc_column-inner\"><div class=\"wpb_wrapper\">[vc_custom_heading text=&#8221;As c\u00e2meras e equipamentos DJI Enterprise Series &#8211; Matrice 300 RTK s\u00e3o equipamentos para aplica\u00e7\u00f5es profissionais. Por favor, preencha este formul\u00e1rio e n\u00f3s lhe enviaremos um or\u00e7amento personalizado.&#8221; font_container=&#8221;tag:h2|font_size:1.13rem|text_align:center&#8221; use_theme_fonts=&#8221;yes&#8221; el_class=&#8221;subtitle-contact&#8221; css=&#8221;%7B%22default%22%3A%7B%22margin-bottom%22%3A%220.5em%22%2C%22font-size%22%3A%221.13rem%22%7D%7D&#8221;]<div class=\"w-separator us_custom_f68d8aa1 border-contact size_small with_line width_30 thick_3 style_solid color_primary align_center\"><div class=\"w-separator-h\"><\/div><\/div>\n<div class=\"wpcf7 no-js\" id=\"wpcf7-f20555-o1\" lang=\"pt-PT\" dir=\"ltr\" data-wpcf7-id=\"20555\">\n<div class=\"screen-reader-response\"><p role=\"status\" aria-live=\"polite\" aria-atomic=\"true\"><\/p> <ul><\/ul><\/div>\n<form action=\"\/pt\/wp-json\/wp\/v2\/pages\/20557#wpcf7-f20555-o1\" method=\"post\" class=\"wpcf7-form init wpcf7-acceptance-as-validation\" aria-label=\"Formul\u00e1rio de contacto\" enctype=\"multipart\/form-data\" novalidate=\"novalidate\" data-status=\"init\">\n<fieldset class=\"hidden-fields-container\"><input type=\"hidden\" name=\"_wpcf7\" value=\"20555\" \/><input type=\"hidden\" name=\"_wpcf7_version\" value=\"6.1.5\" \/><input type=\"hidden\" name=\"_wpcf7_locale\" value=\"pt_PT\" \/><input type=\"hidden\" name=\"_wpcf7_unit_tag\" value=\"wpcf7-f20555-o1\" \/><input type=\"hidden\" name=\"_wpcf7_container_post\" value=\"0\" \/><input type=\"hidden\" name=\"_wpcf7_posted_data_hash\" value=\"\" \/><input type=\"hidden\" name=\"_wpcf7_recaptcha_response\" value=\"\" \/>\n<\/fieldset>\n<p><label> Nome (obrigat\u00f3rio):<br \/>\n<span class=\"wpcf7-form-control-wrap\" data-name=\"your-name\"><input size=\"40\" maxlength=\"400\" class=\"wpcf7-form-control wpcf7-text wpcf7-validates-as-required\" aria-required=\"true\" aria-invalid=\"false\" value=\"\" type=\"text\" name=\"your-name\" \/><\/span> <\/label>\n<\/p>\n<p><label> Empresa:<br \/>\n<span class=\"wpcf7-form-control-wrap\" data-name=\"text-267\"><input size=\"40\" maxlength=\"400\" class=\"wpcf7-form-control wpcf7-text\" aria-invalid=\"false\" value=\"\" type=\"text\" name=\"text-267\" \/><\/span> <\/label>\n<\/p>\n<p><label> Correo electr\u00f3nico (obrigat\u00f3rio):<br \/>\n<span class=\"wpcf7-form-control-wrap\" data-name=\"email\"><input size=\"40\" maxlength=\"400\" class=\"wpcf7-form-control wpcf7-email wpcf7-validates-as-required wpcf7-text wpcf7-validates-as-email\" aria-required=\"true\" aria-invalid=\"false\" value=\"\" type=\"email\" name=\"email\" \/><\/span> <\/label>\n<\/p>\n<p><label> Telefone-celular (obrigat\u00f3rio):<br \/>\n<span class=\"wpcf7-form-control-wrap\" data-name=\"tel-729\"><input size=\"40\" maxlength=\"400\" class=\"wpcf7-form-control wpcf7-tel wpcf7-validates-as-required wpcf7-text wpcf7-validates-as-tel\" aria-required=\"true\" aria-invalid=\"false\" value=\"\" type=\"tel\" name=\"tel-729\" \/><\/span> <\/label>\n<\/p>\n<p><label> Quais c\u00e2meras voc\u00ea quer com o drone?:<br \/>\n<span class=\"wpcf7-form-control-wrap\" data-name=\"menu-563\"><select class=\"wpcf7-form-control wpcf7-select\" aria-invalid=\"false\" multiple=\"multiple\" name=\"menu-563[]\"><option value=\"Nenhum, quero o drone sem c\u00e2mera\">Nenhum, quero o drone sem c\u00e2mera<\/option><option value=\"Zenmuse H20: Sensor h\u00edbrido com LRF, c\u00e2mera com zoom e grande angular\">Zenmuse H20: Sensor h\u00edbrido com LRF, c\u00e2mera com zoom e grande angular<\/option><option value=\"Zenmuse H20T: Sensor h\u00edbrido com LRF, c\u00e2mera com zoom e grande angular e imagem t\u00e9rmica.\">Zenmuse H20T: Sensor h\u00edbrido com LRF, c\u00e2mera com zoom e grande angular e imagem t\u00e9rmica.<\/option><option value=\"Sensor duplo, com um sensor visual 4K e um sensor t\u00e9rmico com uma sensibilidade de &lt;50 mK.\">Sensor duplo, com um sensor visual 4K e um sensor t\u00e9rmico com uma sensibilidade de &lt;50 mK.<\/option><option value=\"Zenmuse Z30: c\u00e2mera com zoom \u00f3ptico 30x, ideal para inspe\u00e7\u00f5es detalhadas\">Zenmuse Z30: c\u00e2mera com zoom \u00f3ptico 30x, ideal para inspe\u00e7\u00f5es detalhadas<\/option><option value=\"Zenmuse P1: c\u00e2mera 45MPx, ideal para fotogrametria\">Zenmuse P1: c\u00e2mera 45MPx, ideal para fotogrametria<\/option><option value=\"Zenmuse L1: sensor Lidar combinado com RGB, ideal para levantamentos a\u00e9reos\">Zenmuse L1: sensor Lidar combinado com RGB, ideal para levantamentos a\u00e9reos<\/option><\/select><\/span><br \/>\n<\/label>\n<\/p>\n<p><label> Coment\u00e1rios:<br \/>\n<span class=\"wpcf7-form-control-wrap\" data-name=\"your-message\"><textarea cols=\"40\" rows=\"10\" maxlength=\"2000\" class=\"wpcf7-form-control wpcf7-textarea\" aria-invalid=\"false\" name=\"your-message\"><\/textarea><\/span> <\/label>\n<\/p>\n<p><label> Melhoramos seu or\u00e7amento. Se voc\u00ea tem um or\u00e7amento menor, anexe e estudaremos como melhorar sua oferta.<br \/>\n<span class=\"wpcf7-form-control-wrap\" data-name=\"file-489\"><input size=\"40\" class=\"wpcf7-form-control wpcf7-file\" accept=\".pdf,.doc,.jpg\" aria-invalid=\"false\" type=\"file\" name=\"file-489\" \/><\/span> <\/label>\n<\/p>\n<p><span class=\"wpcf7-form-control-wrap\" data-name=\"legal\"><span class=\"wpcf7-form-control wpcf7-acceptance\"><span class=\"wpcf7-list-item\"><label><input type=\"checkbox\" name=\"legal\" value=\"1\" aria-invalid=\"false\" \/><span class=\"wpcf7-list-item-label\">Eu li e concordo<a target=\"_blank\" href=\"https:\/\/atyges.es\/politica-de-privacidad\/\">pol\u00edtica de privacidade<\/a>.<\/span><\/label><\/span><\/span><\/span>\n<\/p>\n<p><input class=\"wpcf7-form-control wpcf7-submit has-spinner\" type=\"submit\" value=\"Mandar\" \/>\n<\/p><div class=\"wpcf7-response-output\" aria-hidden=\"true\"><\/div>\n<\/form>\n<\/div>\n<div class=\"w-image align_center\"><div class=\"w-image-h\"><img decoding=\"async\" width=\"1920\" height=\"1080\" src=\"https:\/\/atyges.es\/wp-content\/uploads\/2020\/05\/DJI-Matrice-300-at-work_atyges.jpg\" class=\"attachment-full size-full\" alt=\"DJI-Matrice-300-at-work_atyges\" loading=\"lazy\" srcset=\"https:\/\/atyges.es\/wp-content\/uploads\/2020\/05\/DJI-Matrice-300-at-work_atyges.jpg 1920w, https:\/\/atyges.es\/wp-content\/uploads\/2020\/05\/DJI-Matrice-300-at-work_atyges-600x338.jpg 600w, https:\/\/atyges.es\/wp-content\/uploads\/2020\/05\/DJI-Matrice-300-at-work_atyges-300x169.jpg 300w, https:\/\/atyges.es\/wp-content\/uploads\/2020\/05\/DJI-Matrice-300-at-work_atyges-1024x576.jpg 1024w, https:\/\/atyges.es\/wp-content\/uploads\/2020\/05\/DJI-Matrice-300-at-work_atyges-1536x864.jpg 1536w, https:\/\/atyges.es\/wp-content\/uploads\/2020\/05\/DJI-Matrice-300-at-work_atyges-173x97.jpg 173w\" sizes=\"auto, (max-width: 1920px) 100vw, 1920px\" \/><\/div><\/div><\/div><\/div><\/div><\/div><\/div><\/section>\n","protected":false},"excerpt":{"rendered":"[vc_custom_heading text=\"DJI Enterprise - Matrice 300 RTK\" font_container=\"tag:h1|font_size:2.13rem|text_align:left\" use_theme_fonts=\"yes\" css=\"%7B%22default%22%3A%7B%22font-size%22%3A%222.13rem%22%7D%7D\"][vc_custom_heading text=\"As c\u00e2meras e equipamentos DJI Enterprise Series - Matrice 300 RTK s\u00e3o equipamentos para aplica\u00e7\u00f5es profissionais. Por favor, preencha este formul\u00e1rio e n\u00f3s lhe enviaremos um or\u00e7amento personalizado.\" font_container=\"tag:h2|font_size:1.13rem|text_align:center\" use_theme_fonts=\"yes\" el_class=\"subtitle-contact\" css=\"%7B%22default%22%3A%7B%22margin-bottom%22%3A%220.5em%22%2C%22font-size%22%3A%221.13rem%22%7D%7D\"] Nome (obrigat\u00f3rio): Empresa: Correo electr\u00f3nico (obrigat\u00f3rio): Telefone-celular (obrigat\u00f3rio): Quais c\u00e2meras voc\u00ea quer com...","protected":false},"author":1,"featured_media":0,"parent":0,"menu_order":0,"comment_status":"closed","ping_status":"closed","template":"","meta":{"footnotes":""},"class_list":["post-20557","page","type-page","status-publish","hentry"],"yoast_head":"<!-- This site is optimized with the Yoast SEO plugin v27.2 - https:\/\/yoast.com\/product\/yoast-seo-wordpress\/ -->\n<title>Formul\u00e1rio Matrice 300 RTK - DJI Enterprise - ATyges<\/title>\n<meta name=\"robots\" content=\"index, follow, max-snippet:-1, max-image-preview:large, max-video-preview:-1\" \/>\n<link rel=\"canonical\" href=\"https:\/\/atyges.es\/pt\/formulario-matrice-300-rtk-dji-enterprise\/\" \/>\n<meta property=\"og:locale\" content=\"pt_PT\" \/>\n<meta property=\"og:type\" content=\"article\" \/>\n<meta property=\"og:title\" content=\"Formul\u00e1rio Matrice 300 RTK - DJI Enterprise - ATyges\" \/>\n<meta property=\"og:url\" content=\"https:\/\/atyges.es\/pt\/formulario-matrice-300-rtk-dji-enterprise\/\" \/>\n<meta property=\"og:site_name\" content=\"ATyges\" \/>\n<meta property=\"article:modified_time\" content=\"2021-09-26T15:59:01+00:00\" \/>\n<meta name=\"twitter:card\" content=\"summary_large_image\" \/>\n<meta name=\"twitter:label1\" content=\"Tempo estimado de leitura\" \/>\n\t<meta name=\"twitter:data1\" content=\"1 minuto\" \/>\n<script type=\"application\/ld+json\" class=\"yoast-schema-graph\">{\"@context\":\"https:\/\/schema.org\",\"@graph\":[{\"@type\":\"WebPage\",\"@id\":\"https:\/\/atyges.es\/pt\/formulario-matrice-300-rtk-dji-enterprise\/\",\"url\":\"https:\/\/atyges.es\/pt\/formulario-matrice-300-rtk-dji-enterprise\/\",\"name\":\"Formul\u00e1rio Matrice 300 RTK - DJI Enterprise - ATyges\",\"isPartOf\":{\"@id\":\"https:\/\/atyges.es\/pt\/#website\"},\"datePublished\":\"2021-09-26T15:57:07+00:00\",\"dateModified\":\"2021-09-26T15:59:01+00:00\",\"breadcrumb\":{\"@id\":\"https:\/\/atyges.es\/pt\/formulario-matrice-300-rtk-dji-enterprise\/#breadcrumb\"},\"inLanguage\":\"pt-PT\",\"potentialAction\":[{\"@type\":\"ReadAction\",\"target\":[\"https:\/\/atyges.es\/pt\/formulario-matrice-300-rtk-dji-enterprise\/\"]}]},{\"@type\":\"BreadcrumbList\",\"@id\":\"https:\/\/atyges.es\/pt\/formulario-matrice-300-rtk-dji-enterprise\/#breadcrumb\",\"itemListElement\":[{\"@type\":\"ListItem\",\"position\":1,\"name\":\"Portada\",\"item\":\"https:\/\/atyges.es\/pt\/\"},{\"@type\":\"ListItem\",\"position\":2,\"name\":\"Formul\u00e1rio Matrice 300 RTK &#8211; DJI Enterprise\"}]},{\"@type\":\"WebSite\",\"@id\":\"https:\/\/atyges.es\/pt\/#website\",\"url\":\"https:\/\/atyges.es\/pt\/\",\"name\":\"ATyges\",\"description\":\"\",\"publisher\":{\"@id\":\"https:\/\/atyges.es\/pt\/#organization\"},\"potentialAction\":[{\"@type\":\"SearchAction\",\"target\":{\"@type\":\"EntryPoint\",\"urlTemplate\":\"https:\/\/atyges.es\/pt\/?s={search_term_string}\"},\"query-input\":{\"@type\":\"PropertyValueSpecification\",\"valueRequired\":true,\"valueName\":\"search_term_string\"}}],\"inLanguage\":\"pt-PT\"},{\"@type\":\"Organization\",\"@id\":\"https:\/\/atyges.es\/pt\/#organization\",\"name\":\"Atyges\",\"url\":\"https:\/\/atyges.es\/pt\/\",\"logo\":{\"@type\":\"ImageObject\",\"inLanguage\":\"pt-PT\",\"@id\":\"https:\/\/atyges.es\/pt\/#\/schema\/logo\/image\/\",\"url\":\"https:\/\/atyges.es\/wp-content\/uploads\/2022\/01\/Logo_ATyges_Store.png\",\"contentUrl\":\"https:\/\/atyges.es\/wp-content\/uploads\/2022\/01\/Logo_ATyges_Store.png\",\"width\":1228,\"height\":200,\"caption\":\"Atyges\"},\"image\":{\"@id\":\"https:\/\/atyges.es\/pt\/#\/schema\/logo\/image\/\"}}]}<\/script>\n<!-- \/ Yoast SEO plugin. -->","yoast_head_json":{"title":"Formul\u00e1rio Matrice 300 RTK - DJI Enterprise - ATyges","robots":{"index":"index","follow":"follow","max-snippet":"max-snippet:-1","max-image-preview":"max-image-preview:large","max-video-preview":"max-video-preview:-1"},"canonical":"https:\/\/atyges.es\/pt\/formulario-matrice-300-rtk-dji-enterprise\/","og_locale":"pt_PT","og_type":"article","og_title":"Formul\u00e1rio Matrice 300 RTK - DJI Enterprise - ATyges","og_url":"https:\/\/atyges.es\/pt\/formulario-matrice-300-rtk-dji-enterprise\/","og_site_name":"ATyges","article_modified_time":"2021-09-26T15:59:01+00:00","twitter_card":"summary_large_image","twitter_misc":{"Tempo estimado de leitura":"1 minuto"},"schema":{"@context":"https:\/\/schema.org","@graph":[{"@type":"WebPage","@id":"https:\/\/atyges.es\/pt\/formulario-matrice-300-rtk-dji-enterprise\/","url":"https:\/\/atyges.es\/pt\/formulario-matrice-300-rtk-dji-enterprise\/","name":"Formul\u00e1rio Matrice 300 RTK - DJI Enterprise - ATyges","isPartOf":{"@id":"https:\/\/atyges.es\/pt\/#website"},"datePublished":"2021-09-26T15:57:07+00:00","dateModified":"2021-09-26T15:59:01+00:00","breadcrumb":{"@id":"https:\/\/atyges.es\/pt\/formulario-matrice-300-rtk-dji-enterprise\/#breadcrumb"},"inLanguage":"pt-PT","potentialAction":[{"@type":"ReadAction","target":["https:\/\/atyges.es\/pt\/formulario-matrice-300-rtk-dji-enterprise\/"]}]},{"@type":"BreadcrumbList","@id":"https:\/\/atyges.es\/pt\/formulario-matrice-300-rtk-dji-enterprise\/#breadcrumb","itemListElement":[{"@type":"ListItem","position":1,"name":"Portada","item":"https:\/\/atyges.es\/pt\/"},{"@type":"ListItem","position":2,"name":"Formul\u00e1rio Matrice 300 RTK &#8211; DJI Enterprise"}]},{"@type":"WebSite","@id":"https:\/\/atyges.es\/pt\/#website","url":"https:\/\/atyges.es\/pt\/","name":"ATyges","description":"","publisher":{"@id":"https:\/\/atyges.es\/pt\/#organization"},"potentialAction":[{"@type":"SearchAction","target":{"@type":"EntryPoint","urlTemplate":"https:\/\/atyges.es\/pt\/?s={search_term_string}"},"query-input":{"@type":"PropertyValueSpecification","valueRequired":true,"valueName":"search_term_string"}}],"inLanguage":"pt-PT"},{"@type":"Organization","@id":"https:\/\/atyges.es\/pt\/#organization","name":"Atyges","url":"https:\/\/atyges.es\/pt\/","logo":{"@type":"ImageObject","inLanguage":"pt-PT","@id":"https:\/\/atyges.es\/pt\/#\/schema\/logo\/image\/","url":"https:\/\/atyges.es\/wp-content\/uploads\/2022\/01\/Logo_ATyges_Store.png","contentUrl":"https:\/\/atyges.es\/wp-content\/uploads\/2022\/01\/Logo_ATyges_Store.png","width":1228,"height":200,"caption":"Atyges"},"image":{"@id":"https:\/\/atyges.es\/pt\/#\/schema\/logo\/image\/"}}]}},"jetpack_sharing_enabled":true,"_links":{"self":[{"href":"https:\/\/atyges.es\/pt\/wp-json\/wp\/v2\/pages\/20557","targetHints":{"allow":["GET"]}}],"collection":[{"href":"https:\/\/atyges.es\/pt\/wp-json\/wp\/v2\/pages"}],"about":[{"href":"https:\/\/atyges.es\/pt\/wp-json\/wp\/v2\/types\/page"}],"author":[{"embeddable":true,"href":"https:\/\/atyges.es\/pt\/wp-json\/wp\/v2\/users\/1"}],"replies":[{"embeddable":true,"href":"https:\/\/atyges.es\/pt\/wp-json\/wp\/v2\/comments?post=20557"}],"version-history":[{"count":3,"href":"https:\/\/atyges.es\/pt\/wp-json\/wp\/v2\/pages\/20557\/revisions"}],"predecessor-version":[{"id":20562,"href":"https:\/\/atyges.es\/pt\/wp-json\/wp\/v2\/pages\/20557\/revisions\/20562"}],"wp:attachment":[{"href":"https:\/\/atyges.es\/pt\/wp-json\/wp\/v2\/media?parent=20557"}],"curies":[{"name":"wp","href":"https:\/\/api.w.org\/{rel}","templated":true}]}}