{"id":14415,"date":"2021-02-15T07:23:22","date_gmt":"2021-02-15T06:23:22","guid":{"rendered":"https:\/\/atyges.es\/contrato\/"},"modified":"2021-02-15T07:23:22","modified_gmt":"2021-02-15T06:23:22","slug":"contrato","status":"publish","type":"page","link":"https:\/\/atyges.es\/pt\/contrato\/","title":{"rendered":"Contrato"},"content":{"rendered":"<section class=\"l-section wpb_row height_medium\"><div class=\"l-section-h i-cf\"><div class=\"g-cols vc_row via_flex valign_top type_default stacking_default\"><div class=\"vc_col-sm-12 wpb_column vc_column_container\"><div class=\"vc_column-inner\"><div class=\"wpb_wrapper\">[vc_custom_heading text=&#8221;Contrato&#8221; font_container=&#8221;tag:h1|text_align:left&#8221; use_theme_fonts=&#8221;yes&#8221;]<div class=\"wpb_text_column\"><div class=\"wpb_wrapper\"><p><em>Qui\u00e9nes somos<\/em><\/p>\n<p>Sobre n\u00f3s<\/p>\n<p>ATyges Ingenier\u00eda, com sede em M\u00e1laga (Espanha), Fernando Camino, 15 anos. Para mais informa\u00e7\u00f5es, pode contactar-nos atrav\u00e9s do telefone +34952020600, ou atrav\u00e9s do seguinte e-mail info@atyges.es. ATyges est\u00e1 registrado no Registro Mercantil de M\u00e1laga, T 4862, L 3770, F 196, S 8, H MA108582, com CIF B-93115855<\/p>\n<p>TERMOS E CONDI\u00c7\u00d5ES GERAIS DE ACESSO E USO DA P\u00c1GINA WEB<\/p>\n<p>A ATyges oferece acesso ao site www.atyges.es nas condi\u00e7\u00f5es de uso descritas a seguir:<\/p>\n<p>Acesso e usu\u00e1rios<\/p>\n<p>O acesso ao site www.atyges.es atribui a quem o exerce a condi\u00e7\u00e3o de UTILIZADOR, e expressa a aceita\u00e7\u00e3o plena e sem reservas por parte do UTILIZADOR de toda e qualquer uma destas CONDI\u00c7\u00d5ES DE UTILIZA\u00c7\u00c3O, sem preju\u00edzo das condi\u00e7\u00f5es particulares que se fa\u00e7am necess\u00e1rias a aplicar caso o UTILIZADOR pretenda contratar algum dos bens e servi\u00e7os que lhe s\u00e3o oferecidos.<\/p>\n<p>A presta\u00e7\u00e3o do servi\u00e7o do Portal \u00e9 gratuita. No entanto, a ATyges reserva-se a possibilidade de condicionar o acesso a alguns servi\u00e7os ao registo pr\u00e9vio do UTILIZADOR, atrav\u00e9s do preenchimento do Formul\u00e1rio de Cadastro de Utilizador, que se encontra \u00e0 disposi\u00e7\u00e3o de quem pretenda registar-se como UTILIZADOR REGISTADO.<\/p>\n<p>Quando for necess\u00e1rio que o UTILIZADOR se registe como UTILIZADOR REGISTADO ou forne\u00e7a dados pessoais para poder aceder a algum dos servi\u00e7os espec\u00edficos, a recolha e tratamento dos dados pessoais dos UTILIZADORES aplicar\u00e1 o disposto no cap\u00edtulo sobre Seguran\u00e7a e Protec\u00e7\u00e3o de Dados de uma natureza pessoal.<\/p>\n<p>Modifica\u00e7\u00f5es<\/p>\n<p>A ATyges, a fim de melhorar os benef\u00edcios do site, reserva-se o direito de modificar, expandir ou suspender temporariamente a apresenta\u00e7\u00e3o, configura\u00e7\u00e3o, especifica\u00e7\u00f5es t\u00e9cnicas, conte\u00fados e servi\u00e7os do site, a qualquer momento de forma unilateral e sem pr\u00e9vio aviso ao NOME DE USU\u00c1RIO.<\/p>\n<p>Da mesma forma, reserva-se o direito de modificar as presentes condi\u00e7\u00f5es de uso a qualquer momento, bem como quaisquer outras condi\u00e7\u00f5es particulares contidas no site www.atyges.es.<\/p>\n<p>Acessibilidade<\/p>\n<p>Na ATyges temos como objetivo priorit\u00e1rio que todas as pessoas, independentemente da defici\u00eancia, idade ou tecnologia utilizada, possam navegar nas p\u00e1ginas do site da nossa Empresa sem dificuldades de acesso.<\/p>\n<p>Conte\u00fado<\/p>\n<p>A ATyges garante que todos os conte\u00fados e servi\u00e7os oferecidos em www.atyges.es respeitam o princ\u00edpio da dignidade da pessoa, o princ\u00edpio da n\u00e3o discrimina\u00e7\u00e3o em raz\u00e3o da ra\u00e7a, sexo, religi\u00e3o, opini\u00e3o, nacionalidade, defici\u00eancia ou qualquer outra circunst\u00e2ncia pessoal e social , bem como o princ\u00edpio da prote\u00e7\u00e3o da juventude e da inf\u00e2ncia.<\/p>\n<p>Termos de uso<\/p>\n<p>O UTILIZADOR compromete-se a fazer bom uso dos conte\u00fados e servi\u00e7os de www.atyges.es, que nunca poder\u00e3o ser utilizados para actividades ilegais ou contr\u00e1rias \u00e0 ordem p\u00fablica, defesa nacional ou sa\u00fade p\u00fablica. Qualquer utiliza\u00e7\u00e3o pelo UTILIZADOR dos conte\u00fados e servi\u00e7os deve respeitar os princ\u00edpios indicados no par\u00e1grafo anterior.<\/p>\n<p>O USU\u00c1RIO est\u00e1 expressamente autorizado a visualizar todas as informa\u00e7\u00f5es contidas no site, bem como a fazer reprodu\u00e7\u00f5es privadas das mesmas em seus sistemas inform\u00e1ticos, desde que o referido conte\u00fado seja para seu uso exclusivo e n\u00e3o seja posteriormente transferido a terceiros.<\/p>\n<p>Propriedade intelectual e industrial<\/p>\n<p>Os direitos de propriedade intelectual e industrial contidos nas p\u00e1ginas web de www.atyges.es, seu design gr\u00e1fico e c\u00f3digos inform\u00e1ticos, bem como os nomes comerciais, marcas e sinais distintivos s\u00e3o propriedade da ATyges, a menos que indiquem que pertencem a outro titular .<\/p>\n<p>Qualquer reprodu\u00e7\u00e3o, distribui\u00e7\u00e3o, comercializa\u00e7\u00e3o ou transforma\u00e7\u00e3o dos conte\u00fados que n\u00e3o tenha sido expressamente autorizada pelos seus titulares, constitui uma viola\u00e7\u00e3o dos direitos de propriedade intelectual e industrial protegidos por lei.<\/p>\n<p>A ATyges poder\u00e1 exercer todas as a\u00e7\u00f5es administrativas, civis ou criminais que lhe correspondam em caso de viola\u00e7\u00e3o desses direitos pelo USU\u00c1RIO.<\/p>\n<p>Exclus\u00e3o de garantias e responsabilidades<\/p>\n<p>O acesso e utiliza\u00e7\u00e3o das p\u00e1ginas do www.atyges.es ser\u00e3o feitos sob a responsabilidade \u00fanica e exclusiva do USU\u00c1RIO.<\/p>\n<p>A ATyges n\u00e3o se responsabiliza pela exatid\u00e3o, veracidade e validade das informa\u00e7\u00f5es que n\u00e3o sejam de sua autoria e cujos conte\u00fados perten\u00e7am a fontes de informa\u00e7\u00e3o de terceiros alheios a ela. A este respeito, a ATyges somente ser\u00e1 respons\u00e1vel por seus pr\u00f3prios servi\u00e7os e conte\u00fados diretamente originados por ela e identificados com seus direitos autorais como marca comercial ou propriedade intelectual ou industrial da ATyges.<\/p>\n<p>A ATyges n\u00e3o garante ou se responsabiliza por danos de qualquer tipo que sejam devido \u00e0s seguintes circunst\u00e2ncias:<\/p>\n<p>1. A falta de continuidade do funcionamento de www.atyges.es, bem como o incorrecto funcionamento das p\u00e1ginas web.2. A falta de utilidade, adequa\u00e7\u00e3o ou validade dos servi\u00e7os e conte\u00fados oferecidos em www.atyges.es, no que diz respeito aos resultados e expectativas do USU\u00c1RIO. 3. A exist\u00eancia de v\u00edrus ou programas no computador do USU\u00c1RIO ou devido \u00e0 presen\u00e7a de v\u00edrus nos servi\u00e7os prestados por terceiros atrav\u00e9s de www.atyges.es. 4. O conhecimento que terceiros n\u00e3o autorizados possam ter da classe, condi\u00e7\u00f5es, caracter\u00edsticas e circunst\u00e2ncias de acesso e uso que os USU\u00c1RIOS fazem do site e das informa\u00e7\u00f5es e servi\u00e7os. 5. Sob nenhuma circunst\u00e2ncia, incluindo neglig\u00eancia, por perda de neg\u00f3cios, perda de uso, perda de lucros, perda de dados, por danos indiretos e secund\u00e1rios,<\/p>\n<p>Uso de \u201ccookies\u201d<\/p>\n<p>A ATyges utiliza cookies pr\u00f3prios e de terceiros para facilitar a navega\u00e7\u00e3o em suas p\u00e1ginas web e obter maior efici\u00eancia e personaliza\u00e7\u00e3o dos servi\u00e7os oferecidos aos USU\u00c1RIOS. Para obter mais informa\u00e7\u00f5es sobre seu uso, consulte a se\u00e7\u00e3o Pol\u00edtica de cookies da ATyges.<\/p>\n<p>Tradu\u00e7\u00e3o para o ingl\u00eas<\/p>\n<p>Todas as informa\u00e7\u00f5es e documenta\u00e7\u00e3o dispon\u00edveis na vers\u00e3o em ingl\u00eas deste site s\u00e3o fornecidas apenas para fins informativos. Em caso de discrep\u00e2ncia entre o conte\u00fado da vers\u00e3o inglesa e da vers\u00e3o original em espanhol, prevalece o conte\u00fado desta \u00faltima.<\/p>\n<p>Jurisdi\u00e7\u00e3o e legisla\u00e7\u00e3o aplic\u00e1vel<\/p>\n<p>Estas Condi\u00e7\u00f5es de Uso ser\u00e3o regidas pelas disposi\u00e7\u00f5es da legisla\u00e7\u00e3o espanhola.<\/p>\n<p>Em caso de qualquer discrep\u00e2ncia ou controv\u00e9rsia decorrente da interpreta\u00e7\u00e3o ou aplica\u00e7\u00e3o destas Condi\u00e7\u00f5es de Uso ou do conte\u00fado do site, em geral, a ATyges e o USU\u00c1RIO, renunciando expressamente a qualquer outra jurisdi\u00e7\u00e3o que lhes possa corresponder, submetem-se \u00e0 jurisdi\u00e7\u00e3o de os Tribunais e Tribunais de domic\u00edlio do USU\u00c1RIO. No caso de o UTILIZADOR residir fora de Espanha, a ATyges e o UTILIZADOR, renunciando expressamente a qualquer outro foro que lhes possa corresponder, submetem-se \u00e0 jurisdi\u00e7\u00e3o dos Tribunais e Tribunais de M\u00e1laga (Espanha).<\/p>\n<\/div><\/div><\/div><\/div><\/div><\/div><\/div><\/section>\n","protected":false},"excerpt":{"rendered":"[vc_custom_heading text=\"Contrato\" font_container=\"tag:h1|text_align:left\" use_theme_fonts=\"yes\"]Qui\u00e9nes somos Sobre n\u00f3s ATyges Ingenier\u00eda, com sede em M\u00e1laga (Espanha), Fernando Camino, 15 anos. Para mais informa\u00e7\u00f5es, pode contactar-nos atrav\u00e9s do telefone +34952020600, ou atrav\u00e9s do seguinte e-mail info@atyges.es. ATyges est\u00e1 registrado no Registro Mercantil de M\u00e1laga, T 4862, L 3770, F 196, S 8, H MA108582, com CIF B-93115855 TERMOS...","protected":false},"author":1,"featured_media":0,"parent":0,"menu_order":0,"comment_status":"closed","ping_status":"closed","template":"","meta":{"footnotes":""},"class_list":["post-14415","page","type-page","status-publish","hentry"],"yoast_head":"<!-- This site is optimized with the Yoast SEO plugin v27.2 - https:\/\/yoast.com\/product\/yoast-seo-wordpress\/ -->\n<title>Contrato - ATyges<\/title>\n<meta name=\"robots\" content=\"noindex, nofollow\" \/>\n<meta property=\"og:locale\" content=\"pt_PT\" \/>\n<meta property=\"og:type\" content=\"article\" \/>\n<meta property=\"og:title\" content=\"Contrato - ATyges\" \/>\n<meta property=\"og:url\" content=\"https:\/\/atyges.es\/pt\/contrato\/\" \/>\n<meta property=\"og:site_name\" content=\"ATyges\" \/>\n<meta name=\"twitter:card\" content=\"summary_large_image\" \/>\n<meta name=\"twitter:label1\" content=\"Tempo estimado de leitura\" \/>\n\t<meta name=\"twitter:data1\" content=\"6 minutos\" \/>\n<script type=\"application\/ld+json\" class=\"yoast-schema-graph\">{\"@context\":\"https:\/\/schema.org\",\"@graph\":[{\"@type\":\"WebPage\",\"@id\":\"https:\/\/atyges.es\/pt\/contrato\/\",\"url\":\"https:\/\/atyges.es\/pt\/contrato\/\",\"name\":\"Contrato - ATyges\",\"isPartOf\":{\"@id\":\"https:\/\/atyges.es\/pt\/#website\"},\"datePublished\":\"2021-02-15T06:23:22+00:00\",\"breadcrumb\":{\"@id\":\"https:\/\/atyges.es\/pt\/contrato\/#breadcrumb\"},\"inLanguage\":\"pt-PT\",\"potentialAction\":[{\"@type\":\"ReadAction\",\"target\":[\"https:\/\/atyges.es\/pt\/contrato\/\"]}]},{\"@type\":\"BreadcrumbList\",\"@id\":\"https:\/\/atyges.es\/pt\/contrato\/#breadcrumb\",\"itemListElement\":[{\"@type\":\"ListItem\",\"position\":1,\"name\":\"Portada\",\"item\":\"https:\/\/atyges.es\/pt\/\"},{\"@type\":\"ListItem\",\"position\":2,\"name\":\"Contrato\"}]},{\"@type\":\"WebSite\",\"@id\":\"https:\/\/atyges.es\/pt\/#website\",\"url\":\"https:\/\/atyges.es\/pt\/\",\"name\":\"ATyges\",\"description\":\"\",\"publisher\":{\"@id\":\"https:\/\/atyges.es\/pt\/#organization\"},\"potentialAction\":[{\"@type\":\"SearchAction\",\"target\":{\"@type\":\"EntryPoint\",\"urlTemplate\":\"https:\/\/atyges.es\/pt\/?s={search_term_string}\"},\"query-input\":{\"@type\":\"PropertyValueSpecification\",\"valueRequired\":true,\"valueName\":\"search_term_string\"}}],\"inLanguage\":\"pt-PT\"},{\"@type\":\"Organization\",\"@id\":\"https:\/\/atyges.es\/pt\/#organization\",\"name\":\"Atyges\",\"url\":\"https:\/\/atyges.es\/pt\/\",\"logo\":{\"@type\":\"ImageObject\",\"inLanguage\":\"pt-PT\",\"@id\":\"https:\/\/atyges.es\/pt\/#\/schema\/logo\/image\/\",\"url\":\"https:\/\/atyges.es\/wp-content\/uploads\/2022\/01\/Logo_ATyges_Store.png\",\"contentUrl\":\"https:\/\/atyges.es\/wp-content\/uploads\/2022\/01\/Logo_ATyges_Store.png\",\"width\":1228,\"height\":200,\"caption\":\"Atyges\"},\"image\":{\"@id\":\"https:\/\/atyges.es\/pt\/#\/schema\/logo\/image\/\"}}]}<\/script>\n<!-- \/ Yoast SEO plugin. -->","yoast_head_json":{"title":"Contrato - ATyges","robots":{"index":"noindex","follow":"nofollow"},"og_locale":"pt_PT","og_type":"article","og_title":"Contrato - ATyges","og_url":"https:\/\/atyges.es\/pt\/contrato\/","og_site_name":"ATyges","twitter_card":"summary_large_image","twitter_misc":{"Tempo estimado de leitura":"6 minutos"},"schema":{"@context":"https:\/\/schema.org","@graph":[{"@type":"WebPage","@id":"https:\/\/atyges.es\/pt\/contrato\/","url":"https:\/\/atyges.es\/pt\/contrato\/","name":"Contrato - ATyges","isPartOf":{"@id":"https:\/\/atyges.es\/pt\/#website"},"datePublished":"2021-02-15T06:23:22+00:00","breadcrumb":{"@id":"https:\/\/atyges.es\/pt\/contrato\/#breadcrumb"},"inLanguage":"pt-PT","potentialAction":[{"@type":"ReadAction","target":["https:\/\/atyges.es\/pt\/contrato\/"]}]},{"@type":"BreadcrumbList","@id":"https:\/\/atyges.es\/pt\/contrato\/#breadcrumb","itemListElement":[{"@type":"ListItem","position":1,"name":"Portada","item":"https:\/\/atyges.es\/pt\/"},{"@type":"ListItem","position":2,"name":"Contrato"}]},{"@type":"WebSite","@id":"https:\/\/atyges.es\/pt\/#website","url":"https:\/\/atyges.es\/pt\/","name":"ATyges","description":"","publisher":{"@id":"https:\/\/atyges.es\/pt\/#organization"},"potentialAction":[{"@type":"SearchAction","target":{"@type":"EntryPoint","urlTemplate":"https:\/\/atyges.es\/pt\/?s={search_term_string}"},"query-input":{"@type":"PropertyValueSpecification","valueRequired":true,"valueName":"search_term_string"}}],"inLanguage":"pt-PT"},{"@type":"Organization","@id":"https:\/\/atyges.es\/pt\/#organization","name":"Atyges","url":"https:\/\/atyges.es\/pt\/","logo":{"@type":"ImageObject","inLanguage":"pt-PT","@id":"https:\/\/atyges.es\/pt\/#\/schema\/logo\/image\/","url":"https:\/\/atyges.es\/wp-content\/uploads\/2022\/01\/Logo_ATyges_Store.png","contentUrl":"https:\/\/atyges.es\/wp-content\/uploads\/2022\/01\/Logo_ATyges_Store.png","width":1228,"height":200,"caption":"Atyges"},"image":{"@id":"https:\/\/atyges.es\/pt\/#\/schema\/logo\/image\/"}}]}},"jetpack_sharing_enabled":true,"_links":{"self":[{"href":"https:\/\/atyges.es\/pt\/wp-json\/wp\/v2\/pages\/14415","targetHints":{"allow":["GET"]}}],"collection":[{"href":"https:\/\/atyges.es\/pt\/wp-json\/wp\/v2\/pages"}],"about":[{"href":"https:\/\/atyges.es\/pt\/wp-json\/wp\/v2\/types\/page"}],"author":[{"embeddable":true,"href":"https:\/\/atyges.es\/pt\/wp-json\/wp\/v2\/users\/1"}],"replies":[{"embeddable":true,"href":"https:\/\/atyges.es\/pt\/wp-json\/wp\/v2\/comments?post=14415"}],"version-history":[{"count":2,"href":"https:\/\/atyges.es\/pt\/wp-json\/wp\/v2\/pages\/14415\/revisions"}],"predecessor-version":[{"id":14417,"href":"https:\/\/atyges.es\/pt\/wp-json\/wp\/v2\/pages\/14415\/revisions\/14417"}],"wp:attachment":[{"href":"https:\/\/atyges.es\/pt\/wp-json\/wp\/v2\/media?parent=14415"}],"curies":[{"name":"wp","href":"https:\/\/api.w.org\/{rel}","templated":true}]}}