{"id":14090,"date":"2021-02-14T16:41:27","date_gmt":"2021-02-14T15:41:27","guid":{"rendered":"https:\/\/atyges.es\/uso-de-cookies\/"},"modified":"2021-02-14T16:41:32","modified_gmt":"2021-02-14T15:41:32","slug":"uso-de-cookies","status":"publish","type":"page","link":"https:\/\/atyges.es\/pt\/uso-de-cookies\/","title":{"rendered":"Uso de cookies"},"content":{"rendered":"<section class=\"l-section wpb_row height_medium\"><div class=\"l-section-h i-cf\"><div class=\"g-cols vc_row via_flex valign_top type_default stacking_default\"><div class=\"vc_col-sm-12 wpb_column vc_column_container\"><div class=\"vc_column-inner\"><div class=\"wpb_wrapper\">[vc_custom_heading text=&#8221;Uso de cookies&#8221; font_container=&#8221;tag:h1|text_align:left&#8221; use_theme_fonts=&#8221;yes&#8221;]<div class=\"wpb_text_column\"><div class=\"wpb_wrapper\"><p><em>O que s\u00e3o cookies e web beacons ?<\/em>?<\/p>\n<p>Cookies s\u00e3o pequenos arquivos ou dispositivos de uso geral que s\u00e3o instalados no navegador do usu\u00e1rio para armazenar, recuperar ou atualizar dados. Eles permitem que o respons\u00e1vel por um site conhe\u00e7a as prefer\u00eancias dos usu\u00e1rios ao navegar no seu site e personalize os servi\u00e7os oferecidos com base nessas prefer\u00eancias.<\/p>\n<p>Na ATyges, usamos cookies pr\u00f3prios e de terceiros que nos permitem realizar an\u00e1lises de uso e medi\u00e7\u00e3o para garantir que nossos sites funcionem corretamente e para melhorar nossos servi\u00e7os.<\/p>\n<p>Os cookies de terceiros que usamos na ATyges para obter informa\u00e7\u00f5es sobre as visitas, medir e analisar a navega\u00e7\u00e3o na web e personalizar alguns servi\u00e7os, s\u00e3o propriedade do Google Universal Analytics.<\/p>\n<p>Por sua vez, os web beacons s\u00e3o outras tecnologias semelhantes que tamb\u00e9m s\u00e3o instaladas no navegador do usu\u00e1rio para diferentes fins. S\u00e3o pequenas imagens gr\u00e1ficas (tamb\u00e9m chamadas de &#8220;pixel tags&#8221; ou &#8220;clear GIFs&#8221;) que podem ser incorporadas em sites, servi\u00e7os, aplicativos, mensagens e ferramentas. Na ATyges, usamos apenas nossos pr\u00f3prios web beacons para rastrear o tr\u00e1fego.<\/p>\n<p>Tipos de cookies<\/p>\n<p>Dependendo de sua finalidade, os cookies podem ser:<\/p>\n<p>Cookies t\u00e9cnicos: s\u00e3o necess\u00e1rios para a navega\u00e7\u00e3o. Sem eles, a p\u00e1gina n\u00e3o funcionaria adequadamente (cookies de &#8220;entrada do usu\u00e1rio&#8221; para carrinhos de compras online, sess\u00e3o de player multim\u00eddia, &#8230;).<br \/>\nCookies de personaliza\u00e7\u00e3o ou configura\u00e7\u00e3o: permitem que a p\u00e1gina reconhe\u00e7a o idioma do usu\u00e1rio, o tamanho da fonte, &#8230;<br \/>\nCookies de seguran\u00e7a: previnem ou dificultam ataques contra o site ou seus usu\u00e1rios.<br \/>\nCookies de an\u00e1lise: permitem medir a atividade do usu\u00e1rio e compilar estat\u00edsticas de navega\u00e7\u00e3o.<br \/>\nCookies de publicidade: gerencie a frequ\u00eancia e o conte\u00fado dos an\u00fancios<br \/>\nCookies de publicidade comportamental: eles armazenam informa\u00e7\u00f5es sobre os usu\u00e1rios para mostrar-lhes publicidade personalizada.<br \/>\nControle o uso de cookies e web beacons<\/p>\n<p>Se voc\u00ea deseja excluir cookies e web beacons que j\u00e1 est\u00e3o configurados em seu terminal, voc\u00ea pode fazer isso em seu navegador. Poder\u00e1 encontrar a forma de o fazer acedendo ao menu de ajuda do seu navegador onde se estabelecem os passos para proceder \u00e0 sua elimina\u00e7\u00e3o. Para mais informacao:<\/p>\n<p>Internet Explorer<br \/>\nhttp:\/\/windows.microsoft.com\/es-es\/windows-vista\/block-or-allow-cookies<\/p>\n<p>Mozilla Firefox<br \/>\nhttp:\/\/support.mozilla.org\/es\/kb\/habilitar-y-deshabilitar-cookies-que-los-sitios-we<\/p>\n<p>Google Chrome<br \/>\nhttps:\/\/support.google.com\/chrome\/answer\/95647?hl=es<\/p>\n<p>Safari<br \/>\nhttp:\/\/support.apple.com\/kb\/ph5042<\/p>\n<\/div><\/div><\/div><\/div><\/div><\/div><\/div><\/section>\n","protected":false},"excerpt":{"rendered":"[vc_custom_heading text=\"Uso de cookies\" font_container=\"tag:h1|text_align:left\" use_theme_fonts=\"yes\"]O que s\u00e3o cookies e web beacons ?? Cookies s\u00e3o pequenos arquivos ou dispositivos de uso geral que s\u00e3o instalados no navegador do usu\u00e1rio para armazenar, recuperar ou atualizar dados. Eles permitem que o respons\u00e1vel por um site conhe\u00e7a as prefer\u00eancias dos usu\u00e1rios ao navegar no seu site e personalize...","protected":false},"author":1,"featured_media":0,"parent":0,"menu_order":0,"comment_status":"closed","ping_status":"closed","template":"","meta":{"footnotes":""},"class_list":["post-14090","page","type-page","status-publish","hentry"],"yoast_head":"<!-- This site is optimized with the Yoast SEO plugin v27.2 - https:\/\/yoast.com\/product\/yoast-seo-wordpress\/ -->\n<title>Uso de cookies - ATyges<\/title>\n<meta name=\"robots\" content=\"noindex, nofollow\" \/>\n<meta property=\"og:locale\" content=\"pt_PT\" \/>\n<meta property=\"og:type\" content=\"article\" \/>\n<meta property=\"og:title\" content=\"Uso de cookies - ATyges\" \/>\n<meta property=\"og:url\" content=\"https:\/\/atyges.es\/pt\/uso-de-cookies\/\" \/>\n<meta property=\"og:site_name\" content=\"ATyges\" \/>\n<meta property=\"article:modified_time\" content=\"2021-02-14T15:41:32+00:00\" \/>\n<meta name=\"twitter:card\" content=\"summary_large_image\" \/>\n<meta name=\"twitter:label1\" content=\"Tempo estimado de leitura\" \/>\n\t<meta name=\"twitter:data1\" content=\"2 minutos\" \/>\n<script type=\"application\/ld+json\" class=\"yoast-schema-graph\">{\"@context\":\"https:\/\/schema.org\",\"@graph\":[{\"@type\":\"WebPage\",\"@id\":\"https:\/\/atyges.es\/pt\/uso-de-cookies\/\",\"url\":\"https:\/\/atyges.es\/pt\/uso-de-cookies\/\",\"name\":\"Uso de cookies - ATyges\",\"isPartOf\":{\"@id\":\"https:\/\/atyges.es\/pt\/#website\"},\"datePublished\":\"2021-02-14T15:41:27+00:00\",\"dateModified\":\"2021-02-14T15:41:32+00:00\",\"breadcrumb\":{\"@id\":\"https:\/\/atyges.es\/pt\/uso-de-cookies\/#breadcrumb\"},\"inLanguage\":\"pt-PT\",\"potentialAction\":[{\"@type\":\"ReadAction\",\"target\":[\"https:\/\/atyges.es\/pt\/uso-de-cookies\/\"]}]},{\"@type\":\"BreadcrumbList\",\"@id\":\"https:\/\/atyges.es\/pt\/uso-de-cookies\/#breadcrumb\",\"itemListElement\":[{\"@type\":\"ListItem\",\"position\":1,\"name\":\"Portada\",\"item\":\"https:\/\/atyges.es\/pt\/\"},{\"@type\":\"ListItem\",\"position\":2,\"name\":\"Uso de cookies\"}]},{\"@type\":\"WebSite\",\"@id\":\"https:\/\/atyges.es\/pt\/#website\",\"url\":\"https:\/\/atyges.es\/pt\/\",\"name\":\"ATyges\",\"description\":\"\",\"publisher\":{\"@id\":\"https:\/\/atyges.es\/pt\/#organization\"},\"potentialAction\":[{\"@type\":\"SearchAction\",\"target\":{\"@type\":\"EntryPoint\",\"urlTemplate\":\"https:\/\/atyges.es\/pt\/?s={search_term_string}\"},\"query-input\":{\"@type\":\"PropertyValueSpecification\",\"valueRequired\":true,\"valueName\":\"search_term_string\"}}],\"inLanguage\":\"pt-PT\"},{\"@type\":\"Organization\",\"@id\":\"https:\/\/atyges.es\/pt\/#organization\",\"name\":\"Atyges\",\"url\":\"https:\/\/atyges.es\/pt\/\",\"logo\":{\"@type\":\"ImageObject\",\"inLanguage\":\"pt-PT\",\"@id\":\"https:\/\/atyges.es\/pt\/#\/schema\/logo\/image\/\",\"url\":\"https:\/\/atyges.es\/wp-content\/uploads\/2022\/01\/Logo_ATyges_Store.png\",\"contentUrl\":\"https:\/\/atyges.es\/wp-content\/uploads\/2022\/01\/Logo_ATyges_Store.png\",\"width\":1228,\"height\":200,\"caption\":\"Atyges\"},\"image\":{\"@id\":\"https:\/\/atyges.es\/pt\/#\/schema\/logo\/image\/\"}}]}<\/script>\n<!-- \/ Yoast SEO plugin. -->","yoast_head_json":{"title":"Uso de cookies - ATyges","robots":{"index":"noindex","follow":"nofollow"},"og_locale":"pt_PT","og_type":"article","og_title":"Uso de cookies - ATyges","og_url":"https:\/\/atyges.es\/pt\/uso-de-cookies\/","og_site_name":"ATyges","article_modified_time":"2021-02-14T15:41:32+00:00","twitter_card":"summary_large_image","twitter_misc":{"Tempo estimado de leitura":"2 minutos"},"schema":{"@context":"https:\/\/schema.org","@graph":[{"@type":"WebPage","@id":"https:\/\/atyges.es\/pt\/uso-de-cookies\/","url":"https:\/\/atyges.es\/pt\/uso-de-cookies\/","name":"Uso de cookies - ATyges","isPartOf":{"@id":"https:\/\/atyges.es\/pt\/#website"},"datePublished":"2021-02-14T15:41:27+00:00","dateModified":"2021-02-14T15:41:32+00:00","breadcrumb":{"@id":"https:\/\/atyges.es\/pt\/uso-de-cookies\/#breadcrumb"},"inLanguage":"pt-PT","potentialAction":[{"@type":"ReadAction","target":["https:\/\/atyges.es\/pt\/uso-de-cookies\/"]}]},{"@type":"BreadcrumbList","@id":"https:\/\/atyges.es\/pt\/uso-de-cookies\/#breadcrumb","itemListElement":[{"@type":"ListItem","position":1,"name":"Portada","item":"https:\/\/atyges.es\/pt\/"},{"@type":"ListItem","position":2,"name":"Uso de cookies"}]},{"@type":"WebSite","@id":"https:\/\/atyges.es\/pt\/#website","url":"https:\/\/atyges.es\/pt\/","name":"ATyges","description":"","publisher":{"@id":"https:\/\/atyges.es\/pt\/#organization"},"potentialAction":[{"@type":"SearchAction","target":{"@type":"EntryPoint","urlTemplate":"https:\/\/atyges.es\/pt\/?s={search_term_string}"},"query-input":{"@type":"PropertyValueSpecification","valueRequired":true,"valueName":"search_term_string"}}],"inLanguage":"pt-PT"},{"@type":"Organization","@id":"https:\/\/atyges.es\/pt\/#organization","name":"Atyges","url":"https:\/\/atyges.es\/pt\/","logo":{"@type":"ImageObject","inLanguage":"pt-PT","@id":"https:\/\/atyges.es\/pt\/#\/schema\/logo\/image\/","url":"https:\/\/atyges.es\/wp-content\/uploads\/2022\/01\/Logo_ATyges_Store.png","contentUrl":"https:\/\/atyges.es\/wp-content\/uploads\/2022\/01\/Logo_ATyges_Store.png","width":1228,"height":200,"caption":"Atyges"},"image":{"@id":"https:\/\/atyges.es\/pt\/#\/schema\/logo\/image\/"}}]}},"jetpack_sharing_enabled":true,"_links":{"self":[{"href":"https:\/\/atyges.es\/pt\/wp-json\/wp\/v2\/pages\/14090","targetHints":{"allow":["GET"]}}],"collection":[{"href":"https:\/\/atyges.es\/pt\/wp-json\/wp\/v2\/pages"}],"about":[{"href":"https:\/\/atyges.es\/pt\/wp-json\/wp\/v2\/types\/page"}],"author":[{"embeddable":true,"href":"https:\/\/atyges.es\/pt\/wp-json\/wp\/v2\/users\/1"}],"replies":[{"embeddable":true,"href":"https:\/\/atyges.es\/pt\/wp-json\/wp\/v2\/comments?post=14090"}],"version-history":[{"count":2,"href":"https:\/\/atyges.es\/pt\/wp-json\/wp\/v2\/pages\/14090\/revisions"}],"predecessor-version":[{"id":14092,"href":"https:\/\/atyges.es\/pt\/wp-json\/wp\/v2\/pages\/14090\/revisions\/14092"}],"wp:attachment":[{"href":"https:\/\/atyges.es\/pt\/wp-json\/wp\/v2\/media?parent=14090"}],"curies":[{"name":"wp","href":"https:\/\/api.w.org\/{rel}","templated":true}]}}