{"id":14062,"date":"2021-02-14T16:30:23","date_gmt":"2021-02-14T15:30:23","guid":{"rendered":"https:\/\/atyges.es\/contacte-nos\/"},"modified":"2021-08-03T11:08:49","modified_gmt":"2021-08-03T10:08:49","slug":"contacte-nos","status":"publish","type":"page","link":"https:\/\/atyges.es\/pt\/contacte-nos\/","title":{"rendered":"Contacte-nos"},"content":{"rendered":"<section class=\"l-section wpb_row height_large with_img\"><div class=\"l-section-img\" role=\"img\" aria-label=\"bg-categoria-atyges\" data-img-width=\"1920\" data-img-height=\"295\" style=\"background-image: url(https:\/\/atyges.es\/wp-content\/uploads\/2020\/01\/bg-categoria-atyges.jpg);background-repeat: no-repeat;\"><\/div><div class=\"l-section-h i-cf\"><div class=\"g-cols vc_row via_flex valign_top type_default stacking_default\"><div class=\"vc_col-sm-12 wpb_column vc_column_container\"><div class=\"vc_column-inner\"><div class=\"wpb_wrapper\">[vc_custom_heading text=&#8221;Contacte-nos&#8221; font_container=&#8221;tag:h1|font_size:2.13rem|text_align:left&#8221; use_theme_fonts=&#8221;yes&#8221; css=&#8221;%7B%22default%22%3A%7B%22font-size%22%3A%222.13rem%22%7D%7D&#8221;]<\/div><\/div><\/div><\/div><\/div><\/section><section class=\"l-section wpb_row height_medium\"><div class=\"l-section-h i-cf\"><div class=\"g-cols vc_row via_flex valign_top type_default stacking_default\"><div class=\"vc_col-sm-12 wpb_column vc_column_container\"><div class=\"vc_column-inner\"><div class=\"wpb_wrapper\">[vc_custom_heading text=&#8221;Se voc\u00ea deseja informa\u00e7\u00f5es sobre algum de nossos produtos, preencha o seguinte formul\u00e1rio&#8221; font_container=&#8221;tag:h2|font_size:1.13rem|text_align:center&#8221; use_theme_fonts=&#8221;yes&#8221; el_class=&#8221;subtitle-contact&#8221; css=&#8221;%7B%22default%22%3A%7B%22margin-bottom%22%3A%220.5em%22%2C%22font-size%22%3A%221.13rem%22%7D%7D&#8221;]<div class=\"w-separator us_custom_f68d8aa1 border-contact size_small with_line width_30 thick_3 style_solid color_primary align_center\"><div class=\"w-separator-h\"><\/div><\/div><div class=\"g-cols wpb_row via_flex valign_top type_default stacking_default\"><div class=\"vc_col-sm-6 wpb_column vc_column_container\"><div class=\"vc_column-inner\"><div class=\"wpb_wrapper\">\n<div class=\"wpcf7 no-js\" id=\"wpcf7-f5-o1\" lang=\"es-ES\" dir=\"ltr\" data-wpcf7-id=\"5\">\n<div class=\"screen-reader-response\"><p role=\"status\" aria-live=\"polite\" aria-atomic=\"true\"><\/p> <ul><\/ul><\/div>\n<form action=\"\/pt\/wp-json\/wp\/v2\/pages\/14062#wpcf7-f5-o1\" method=\"post\" class=\"wpcf7-form init wpcf7-acceptance-as-validation\" aria-label=\"Formulario de contacto\" novalidate=\"novalidate\" data-status=\"init\">\n<fieldset class=\"hidden-fields-container\"><input type=\"hidden\" name=\"_wpcf7\" value=\"5\" \/><input type=\"hidden\" name=\"_wpcf7_version\" value=\"6.1.5\" \/><input type=\"hidden\" name=\"_wpcf7_locale\" value=\"es_ES\" \/><input type=\"hidden\" name=\"_wpcf7_unit_tag\" value=\"wpcf7-f5-o1\" \/><input type=\"hidden\" name=\"_wpcf7_container_post\" value=\"0\" \/><input type=\"hidden\" name=\"_wpcf7_posted_data_hash\" value=\"\" \/><input type=\"hidden\" name=\"_wpcf7_recaptcha_response\" value=\"\" \/>\n<\/fieldset>\n<div class=\"row\">\n\t<div class=\"col-xs-9\">\n\t\t<div class=\"form-group\">\n\t\t\t<p><span class=\"wpcf7-form-control-wrap\" data-name=\"nombre\"><input size=\"40\" maxlength=\"400\" class=\"wpcf7-form-control wpcf7-text wpcf7-validates-as-required nombre\" aria-required=\"true\" aria-invalid=\"false\" placeholder=\"Nombre\" value=\"\" type=\"text\" name=\"nombre\" \/><\/span>\n\t\t\t<\/p>\n\t\t<\/div>\n\t<\/div>\n\t<div class=\"col-xs-3\">\n\t\t<div class=\"form-group\">\n\t\t\t<p><span class=\"wpcf7-form-control-wrap\" data-name=\"empresa\"><input size=\"40\" maxlength=\"400\" class=\"wpcf7-form-control wpcf7-text empresa\" aria-invalid=\"false\" placeholder=\"Empresa\" value=\"\" type=\"text\" name=\"empresa\" \/><\/span>\n\t\t\t<\/p>\n\t\t<\/div>\n\t<\/div>\n<\/div>\n<div class=\"row\">\n\t<div class=\"col-xs-4\">\n\t\t<div class=\"form-group\">\n\t\t\t<p><span class=\"wpcf7-form-control-wrap\" data-name=\"telefono\"><input size=\"40\" maxlength=\"400\" class=\"wpcf7-form-control wpcf7-tel wpcf7-validates-as-required wpcf7-text wpcf7-validates-as-tel telefono\" aria-required=\"true\" aria-invalid=\"false\" placeholder=\"Telefono\" value=\"\" type=\"tel\" name=\"telefono\" \/><\/span>\n\t\t\t<\/p>\n\t\t<\/div>\n\t<\/div>\n\t<div class=\"col-xs-4\">\n\t\t<div class=\"form-group\">\n\t\t\t<p><span class=\"wpcf7-form-control-wrap\" data-name=\"email\"><input size=\"40\" maxlength=\"400\" class=\"wpcf7-form-control wpcf7-email wpcf7-validates-as-required wpcf7-text wpcf7-validates-as-email email\" aria-required=\"true\" aria-invalid=\"false\" placeholder=\"Email\" value=\"\" type=\"email\" name=\"email\" \/><\/span>\n\t\t\t<\/p>\n\t\t<\/div>\n\t<\/div>\n\t<div class=\"col-xs-4\">\n\t\t<div class=\"form-group\">\n\t\t\t<p><span class=\"wpcf7-form-control-wrap\" data-name=\"asunto\"><select class=\"wpcf7-form-control wpcf7-select wpcf7-validates-as-required asunto\" aria-required=\"true\" aria-invalid=\"false\" name=\"asunto\"><option value=\"Seleccione un motivo\">Seleccione un motivo<\/option><option value=\"Servicio de Consultor\u00eda T\u00e9cnica\">Servicio de Consultor\u00eda T\u00e9cnica<\/option><option value=\"Servicio Aerovisi\u00f3n (Drones)\">Servicio Aerovisi\u00f3n (Drones)<\/option><option value=\"Sistema Topodron\">Sistema Topodron<\/option><option value=\"Proveedores y Compras\">Proveedores y Compras<\/option><option value=\"Colaboraciones\">Colaboraciones<\/option><option value=\"Recursos Humanos\">Recursos Humanos<\/option><\/select><\/span>\n\t\t\t<\/p>\n\t\t<\/div>\n\t<\/div>\n<\/div>\n<div class=\"row\">\n\t<div class=\"col-xs-12\">\n\t\t<div class=\"form-group\">\n\t\t\t<p><span class=\"wpcf7-form-control-wrap\" data-name=\"consulta\"><textarea cols=\"40\" rows=\"10\" maxlength=\"2000\" class=\"wpcf7-form-control wpcf7-textarea wpcf7-validates-as-required consulta\" aria-required=\"true\" aria-invalid=\"false\" placeholder=\"Consulta\" name=\"consulta\"><\/textarea><\/span>\n\t\t\t<\/p>\n\t\t<\/div>\n\t<\/div>\n<\/div>\n<p><span class=\"wpcf7-form-control-wrap\" data-name=\"legal\"><span class=\"wpcf7-form-control wpcf7-acceptance\"><span class=\"wpcf7-list-item\"><label><input type=\"checkbox\" name=\"legal\" value=\"1\" aria-invalid=\"false\" \/><span class=\"wpcf7-list-item-label\">He le\u00eddo y acepto la <a target=\"_blank\" href=\"https:\/\/atyges.es\/politica-de-privacidad\/\">pol\u00edtica de privacidad<\/a>.<\/span><\/label><\/span><\/span><\/span>\n<\/p>\n<p><input class=\"wpcf7-form-control wpcf7-submit has-spinner sumbit\" type=\"submit\" value=\"Enviar\" \/>\n<\/p><div class=\"wpcf7-response-output\" aria-hidden=\"true\"><\/div>\n<\/form>\n<\/div>\n<\/div><\/div><\/div><div class=\"vc_col-sm-6 wpb_column vc_column_container\"><div class=\"vc_column-inner\"><div class=\"wpb_wrapper\"><div class=\"w-iconbox us_custom_6d28c6ce iconpos_left style_default color_primary align_left icontype_img\"><div class=\"w-iconbox-icon\" style=\"font-size:55px;\"><img loading=\"lazy\" decoding=\"async\" width=\"50\" height=\"50\" src=\"https:\/\/atyges.es\/wp-content\/uploads\/2020\/01\/phone-icon-1.png\" class=\"attachment-full size-full\" alt=\"phone-icon\" \/><\/div><div class=\"w-iconbox-meta\"><h4 class=\"w-iconbox-title\">Contacte-nos<\/h4><div class=\"w-iconbox-text\"><p><a id=\"vrtTlfn\" style=\"text-align: left;\" href=\"tel:+34952020600\">+34 952 020 600<\/a><br \/>\n<a style=\"text-align: left;\" href=\"mailto:store@atyges.es\">store@atyges.es<\/a><\/p>\n<\/div><\/div><\/div><div class=\"w-iconbox iconpos_left style_default color_primary align_left icontype_img\"><div class=\"w-iconbox-icon\" style=\"font-size:55px;\"><img loading=\"lazy\" decoding=\"async\" width=\"45\" height=\"45\" src=\"https:\/\/atyges.es\/wp-content\/uploads\/2020\/01\/location-icon.png\" class=\"attachment-full size-full\" alt=\"location-icon\" \/><\/div><div class=\"w-iconbox-meta\"><h4 class=\"w-iconbox-title\">Visite-Nos<\/h4><div class=\"w-iconbox-text\"><p style=\"text-align: left;\">OFICINAS CENTRALES VENTAS, INGENIERIA Y PRODUCCI\u00d3N:<br \/>\nAvda. Juan L\u00f3pez de Pe\u00f1alver, 21 1\u00ba<br \/>\nEdificio Centro Europeo de Empresas de Innovaci\u00f3n<br \/>\nParque Tecnol\u00f3gico de Andaluc\u00eda<br \/>\n29590 M\u00c1LAGA &#8211; ESPA\u00d1A<\/p>\n<\/div><\/div><\/div><\/div><\/div><\/div><\/div><\/div><\/div><\/div><\/div><\/div><\/section><section class=\"l-section wpb_row us_custom_b03640aa height_medium\"><div class=\"l-section-h i-cf\"><div class=\"g-cols vc_row via_flex valign_top type_default stacking_default\"><div class=\"vc_col-sm-12 wpb_column vc_column_container\"><div class=\"vc_column-inner\"><div class=\"wpb_wrapper\">[vc_custom_heading text=&#8221;Ou se preferir, d\u00ea uma olhada em nossas outras delega\u00e7\u00f5es&#8221; font_container=&#8221;tag:h4|font_size:1.13rem|text_align:left&#8221; use_theme_fonts=&#8221;yes&#8221; el_class=&#8221;subtitle-contact&#8221; css=&#8221;%7B%22default%22%3A%7B%22margin-bottom%22%3A%220.5em%22%2C%22font-size%22%3A%221.13rem%22%7D%7D&#8221;]<div class=\"w-separator size_small\"><\/div><div class=\"g-cols wpb_row us_custom_81135851 via_flex valign_top type_default stacking_default\"><div class=\"vc_col-sm-3 wpb_column vc_column_container\"><div class=\"vc_column-inner\"><div class=\"wpb_wrapper\"><div class=\"w-iconbox us_custom_81135851 iconpos_left style_default color_primary align_left no_text\"><div class=\"w-iconbox-icon\" style=\"font-size:35px;\"><i class=\"fas fa-map-marker-alt\"><\/i><\/div><div class=\"w-iconbox-meta\"><p class=\"w-iconbox-title\" style=\"font-size:1.13rem;\">Bolivia<\/p><\/div><\/div><div class=\"wpb_text_column\"><div class=\"wpb_wrapper\"><p>Av Herdando Siles c-6\/7<br \/>\nEdif Los Cisnes de Obrajes, Local 5<br \/>\nLa Paz &#8211; Bolivia<br \/>\nbolivia_uav@atyges.es<\/p>\n<\/div><\/div><\/div><\/div><\/div><div class=\"vc_col-sm-3 wpb_column vc_column_container\"><div class=\"vc_column-inner\"><div class=\"wpb_wrapper\"><div class=\"w-iconbox iconpos_left style_default color_primary align_left no_text\"><div class=\"w-iconbox-icon\" style=\"font-size:55px35px;\"><i class=\"fas fa-map-marker-alt\"><\/i><\/div><div class=\"w-iconbox-meta\"><p class=\"w-iconbox-title\" style=\"font-size:1.13rem;\">Colombia<\/p><\/div><\/div><div class=\"wpb_text_column\"><div class=\"wpb_wrapper\"><p>Delegaci\u00f3n Bolivia:<br \/>\nAv Herdando Siles c-6\/7<br \/>\nEdif Los Cisnes de Obrajes, Local 5<br \/>\nLa Paz &#8211; Bolivia<br \/>\nbolivia_uav@atyges.es<\/p>\n<\/div><\/div><\/div><\/div><\/div><div class=\"vc_col-sm-3 wpb_column vc_column_container\"><div class=\"vc_column-inner\"><div class=\"wpb_wrapper\"><div class=\"w-iconbox iconpos_left style_default color_primary align_left no_text\"><div class=\"w-iconbox-icon\" style=\"font-size:35px;\"><i class=\"fas fa-map-marker-alt\"><\/i><\/div><div class=\"w-iconbox-meta\"><p class=\"w-iconbox-title\" style=\"font-size:1.13rem;\">Per\u00fa<\/p><\/div><\/div><div class=\"wpb_text_column\"><div class=\"wpb_wrapper\"><p>Av. Jose Pardo 541, Oficina #106, Miraflores, Tlf:(511)4467393<br \/>\nperu_uav@atyges.es<\/p>\n<\/div><\/div><\/div><\/div><\/div><div class=\"vc_col-sm-3 wpb_column vc_column_container\"><div class=\"vc_column-inner\"><div class=\"wpb_wrapper\"><div class=\"w-iconbox us_custom_81135851 iconpos_left style_default color_primary align_left no_text\"><div class=\"w-iconbox-icon\" style=\"font-size:35px;\"><i class=\"fas fa-map-marker-alt\"><\/i><\/div><div class=\"w-iconbox-meta\"><p class=\"w-iconbox-title\" style=\"font-size:1.13rem;\">Chile<\/p><\/div><\/div><div class=\"wpb_text_column\"><div class=\"wpb_wrapper\"><p>chile_uav@atyges.es<\/p>\n<\/div><\/div><\/div><\/div><\/div><\/div><div class=\"w-iconbox us_custom_81135851 iconpos_left style_default color_primary align_left no_text\"><div class=\"w-iconbox-icon\" style=\"font-size:35px;\"><i class=\"fas fa-map-marker-alt\"><\/i><\/div><div class=\"w-iconbox-meta\"><p class=\"w-iconbox-title\" style=\"font-size:1.13rem;\">Ecuador<\/p><\/div><\/div><div class=\"g-cols wpb_row via_flex valign_top type_default stacking_default\"><div class=\"vc_col-sm-4 wpb_column vc_column_container\"><div class=\"vc_column-inner\"><div class=\"wpb_wrapper\"><div class=\"wpb_text_column\"><div class=\"wpb_wrapper\"><p>Av. Diego de Almagro N32-353 y Shyris. Edificio Lorena<br \/>\nQuito &#8211; Ecuador<\/p>\n<\/div><\/div><\/div><\/div><\/div><div class=\"vc_col-sm-4 wpb_column vc_column_container\"><div class=\"vc_column-inner\"><div class=\"wpb_wrapper\"><div class=\"wpb_text_column\"><div class=\"wpb_wrapper\"><p>CC Alb\u00e1n Borja, local 19I, Puerta #5<br \/>\nGuayaquil &#8211; Ecuador<\/p>\n<\/div><\/div><\/div><\/div><\/div><div class=\"vc_col-sm-4 wpb_column vc_column_container\"><div class=\"vc_column-inner\"><div class=\"wpb_wrapper\"><div class=\"wpb_text_column\"><div class=\"wpb_wrapper\"><p>Remigio Tamar\u00ccz 1-62 y Av. Solano. Edificio Office, Oficina # 1-2<br \/>\nCuenca &#8211; Ecuador<br \/>\necuador_uav@atyges.es<\/p>\n<\/div><\/div><\/div><\/div><\/div><\/div><\/div><\/div><\/div><\/div><\/div><\/section><section class=\"l-section wpb_row map-size height_auto width_full\"><div class=\"l-section-h i-cf\"><div class=\"g-cols vc_row via_flex valign_top type_default stacking_default\"><div class=\"vc_col-sm-12 wpb_column vc_column_container\"><div class=\"vc_column-inner\"><div class=\"wpb_wrapper\">[vc_raw_html]PGRpdiBzdHlsZT0id2lkdGg6IDEwMCUiPjxpZnJhbWUgd2lkdGg9IjEwMCUiIGhlaWdodD0iNDM0IiBzcmM9Imh0dHBzOi8vbWFwcy5nb29nbGUuY29tL21hcHM\/d2lkdGg9MTAwJSZoZWlnaHQ9NDM0JmhsPWVuJnE9QXZkYS4lMjBKdWFuJTIwTCVDMyVCM3BleiUyMGRlJTIwUGUlQzMlQjFhbHZlciUyQyUyMDIxKygpJmllPVVURjgmdD0mej0xNSZpd2xvYz1CJm91dHB1dD1lbWJlZCIgZnJhbWVib3JkZXI9IjAiIHNjcm9sbGluZz0ibm8iIG1hcmdpbmhlaWdodD0iMCIgbWFyZ2lud2lkdGg9IjAiPjxhIGhyZWY9Imh0dHBzOi8vd3d3Lm1hcHMuaWUvY29vcmRpbmF0ZXMuaHRtbCI+Z3BzIGNvb3JkaW5hdGVzIGZpbmRlcjwvYT48L2lmcmFtZT48L2Rpdj48YnIgLz4=[\/vc_raw_html]<\/div><\/div><\/div><\/div><\/div><\/section>\n","protected":false},"excerpt":{"rendered":"[vc_custom_heading text=\"Contacte-nos\" font_container=\"tag:h1|font_size:2.13rem|text_align:left\" use_theme_fonts=\"yes\" css=\"%7B%22default%22%3A%7B%22font-size%22%3A%222.13rem%22%7D%7D\"][vc_custom_heading text=\"Se voc\u00ea deseja informa\u00e7\u00f5es sobre algum de nossos produtos, preencha o seguinte formul\u00e1rio\" font_container=\"tag:h2|font_size:1.13rem|text_align:center\" use_theme_fonts=\"yes\" el_class=\"subtitle-contact\" css=\"%7B%22default%22%3A%7B%22margin-bottom%22%3A%220.5em%22%2C%22font-size%22%3A%221.13rem%22%7D%7D\"] Seleccione un motivoServicio de Consultor\u00eda T\u00e9cnicaServicio Aerovisi\u00f3n (Drones)Sistema TopodronProveedores y ComprasColaboracionesRecursos Humanos He le\u00eddo y acepto la pol\u00edtica de privacidad. Contacte-nos+34 952 020 600 store@atyges.es Visite-Nos OFICINAS CENTRALES VENTAS, INGENIERIA Y PRODUCCI\u00d3N: Avda....","protected":false},"author":1,"featured_media":0,"parent":0,"menu_order":0,"comment_status":"closed","ping_status":"closed","template":"","meta":{"footnotes":""},"class_list":["post-14062","page","type-page","status-publish","hentry"],"yoast_head":"<!-- This site is optimized with the Yoast SEO plugin v27.2 - https:\/\/yoast.com\/product\/yoast-seo-wordpress\/ -->\n<title>Contacte-nos - ATyges<\/title>\n<meta name=\"robots\" content=\"index, follow, max-snippet:-1, max-image-preview:large, max-video-preview:-1\" \/>\n<link rel=\"canonical\" href=\"https:\/\/atyges.es\/pt\/contacte-nos\/\" \/>\n<meta property=\"og:locale\" content=\"pt_PT\" \/>\n<meta property=\"og:type\" content=\"article\" \/>\n<meta property=\"og:title\" content=\"Contacte-nos - ATyges\" \/>\n<meta property=\"og:url\" content=\"https:\/\/atyges.es\/pt\/contacte-nos\/\" \/>\n<meta property=\"og:site_name\" content=\"ATyges\" \/>\n<meta property=\"article:modified_time\" content=\"2021-08-03T10:08:49+00:00\" \/>\n<meta name=\"twitter:card\" content=\"summary_large_image\" \/>\n<meta name=\"twitter:label1\" content=\"Tempo estimado de leitura\" \/>\n\t<meta name=\"twitter:data1\" content=\"1 minuto\" \/>\n<script type=\"application\/ld+json\" class=\"yoast-schema-graph\">{\"@context\":\"https:\/\/schema.org\",\"@graph\":[{\"@type\":\"WebPage\",\"@id\":\"https:\/\/atyges.es\/pt\/contacte-nos\/\",\"url\":\"https:\/\/atyges.es\/pt\/contacte-nos\/\",\"name\":\"Contacte-nos - ATyges\",\"isPartOf\":{\"@id\":\"https:\/\/atyges.es\/pt\/#website\"},\"datePublished\":\"2021-02-14T15:30:23+00:00\",\"dateModified\":\"2021-08-03T10:08:49+00:00\",\"breadcrumb\":{\"@id\":\"https:\/\/atyges.es\/pt\/contacte-nos\/#breadcrumb\"},\"inLanguage\":\"pt-PT\",\"potentialAction\":[{\"@type\":\"ReadAction\",\"target\":[\"https:\/\/atyges.es\/pt\/contacte-nos\/\"]}]},{\"@type\":\"BreadcrumbList\",\"@id\":\"https:\/\/atyges.es\/pt\/contacte-nos\/#breadcrumb\",\"itemListElement\":[{\"@type\":\"ListItem\",\"position\":1,\"name\":\"Portada\",\"item\":\"https:\/\/atyges.es\/pt\/\"},{\"@type\":\"ListItem\",\"position\":2,\"name\":\"Contacte-nos\"}]},{\"@type\":\"WebSite\",\"@id\":\"https:\/\/atyges.es\/pt\/#website\",\"url\":\"https:\/\/atyges.es\/pt\/\",\"name\":\"ATyges\",\"description\":\"\",\"publisher\":{\"@id\":\"https:\/\/atyges.es\/pt\/#organization\"},\"potentialAction\":[{\"@type\":\"SearchAction\",\"target\":{\"@type\":\"EntryPoint\",\"urlTemplate\":\"https:\/\/atyges.es\/pt\/?s={search_term_string}\"},\"query-input\":{\"@type\":\"PropertyValueSpecification\",\"valueRequired\":true,\"valueName\":\"search_term_string\"}}],\"inLanguage\":\"pt-PT\"},{\"@type\":\"Organization\",\"@id\":\"https:\/\/atyges.es\/pt\/#organization\",\"name\":\"Atyges\",\"url\":\"https:\/\/atyges.es\/pt\/\",\"logo\":{\"@type\":\"ImageObject\",\"inLanguage\":\"pt-PT\",\"@id\":\"https:\/\/atyges.es\/pt\/#\/schema\/logo\/image\/\",\"url\":\"https:\/\/atyges.es\/wp-content\/uploads\/2022\/01\/Logo_ATyges_Store.png\",\"contentUrl\":\"https:\/\/atyges.es\/wp-content\/uploads\/2022\/01\/Logo_ATyges_Store.png\",\"width\":1228,\"height\":200,\"caption\":\"Atyges\"},\"image\":{\"@id\":\"https:\/\/atyges.es\/pt\/#\/schema\/logo\/image\/\"}}]}<\/script>\n<!-- \/ Yoast SEO plugin. -->","yoast_head_json":{"title":"Contacte-nos - ATyges","robots":{"index":"index","follow":"follow","max-snippet":"max-snippet:-1","max-image-preview":"max-image-preview:large","max-video-preview":"max-video-preview:-1"},"canonical":"https:\/\/atyges.es\/pt\/contacte-nos\/","og_locale":"pt_PT","og_type":"article","og_title":"Contacte-nos - ATyges","og_url":"https:\/\/atyges.es\/pt\/contacte-nos\/","og_site_name":"ATyges","article_modified_time":"2021-08-03T10:08:49+00:00","twitter_card":"summary_large_image","twitter_misc":{"Tempo estimado de leitura":"1 minuto"},"schema":{"@context":"https:\/\/schema.org","@graph":[{"@type":"WebPage","@id":"https:\/\/atyges.es\/pt\/contacte-nos\/","url":"https:\/\/atyges.es\/pt\/contacte-nos\/","name":"Contacte-nos - ATyges","isPartOf":{"@id":"https:\/\/atyges.es\/pt\/#website"},"datePublished":"2021-02-14T15:30:23+00:00","dateModified":"2021-08-03T10:08:49+00:00","breadcrumb":{"@id":"https:\/\/atyges.es\/pt\/contacte-nos\/#breadcrumb"},"inLanguage":"pt-PT","potentialAction":[{"@type":"ReadAction","target":["https:\/\/atyges.es\/pt\/contacte-nos\/"]}]},{"@type":"BreadcrumbList","@id":"https:\/\/atyges.es\/pt\/contacte-nos\/#breadcrumb","itemListElement":[{"@type":"ListItem","position":1,"name":"Portada","item":"https:\/\/atyges.es\/pt\/"},{"@type":"ListItem","position":2,"name":"Contacte-nos"}]},{"@type":"WebSite","@id":"https:\/\/atyges.es\/pt\/#website","url":"https:\/\/atyges.es\/pt\/","name":"ATyges","description":"","publisher":{"@id":"https:\/\/atyges.es\/pt\/#organization"},"potentialAction":[{"@type":"SearchAction","target":{"@type":"EntryPoint","urlTemplate":"https:\/\/atyges.es\/pt\/?s={search_term_string}"},"query-input":{"@type":"PropertyValueSpecification","valueRequired":true,"valueName":"search_term_string"}}],"inLanguage":"pt-PT"},{"@type":"Organization","@id":"https:\/\/atyges.es\/pt\/#organization","name":"Atyges","url":"https:\/\/atyges.es\/pt\/","logo":{"@type":"ImageObject","inLanguage":"pt-PT","@id":"https:\/\/atyges.es\/pt\/#\/schema\/logo\/image\/","url":"https:\/\/atyges.es\/wp-content\/uploads\/2022\/01\/Logo_ATyges_Store.png","contentUrl":"https:\/\/atyges.es\/wp-content\/uploads\/2022\/01\/Logo_ATyges_Store.png","width":1228,"height":200,"caption":"Atyges"},"image":{"@id":"https:\/\/atyges.es\/pt\/#\/schema\/logo\/image\/"}}]}},"jetpack_sharing_enabled":true,"_links":{"self":[{"href":"https:\/\/atyges.es\/pt\/wp-json\/wp\/v2\/pages\/14062","targetHints":{"allow":["GET"]}}],"collection":[{"href":"https:\/\/atyges.es\/pt\/wp-json\/wp\/v2\/pages"}],"about":[{"href":"https:\/\/atyges.es\/pt\/wp-json\/wp\/v2\/types\/page"}],"author":[{"embeddable":true,"href":"https:\/\/atyges.es\/pt\/wp-json\/wp\/v2\/users\/1"}],"replies":[{"embeddable":true,"href":"https:\/\/atyges.es\/pt\/wp-json\/wp\/v2\/comments?post=14062"}],"version-history":[{"count":13,"href":"https:\/\/atyges.es\/pt\/wp-json\/wp\/v2\/pages\/14062\/revisions"}],"predecessor-version":[{"id":19106,"href":"https:\/\/atyges.es\/pt\/wp-json\/wp\/v2\/pages\/14062\/revisions\/19106"}],"wp:attachment":[{"href":"https:\/\/atyges.es\/pt\/wp-json\/wp\/v2\/media?parent=14062"}],"curies":[{"name":"wp","href":"https:\/\/api.w.org\/{rel}","templated":true}]}}