{"id":40524,"date":"2025-04-18T13:09:42","date_gmt":"2025-04-18T12:09:42","guid":{"rendered":"https:\/\/atyges.es\/product\/zenmuse-v1\/"},"modified":"2025-04-20T18:22:42","modified_gmt":"2025-04-20T17:22:42","slug":"zenmuse-v1","status":"publish","type":"product","link":"https:\/\/atyges.es\/en\/tienda\/product\/zenmuse-v1\/","title":{"rendered":"Zenmuse V1"},"content":{"rendered":"\n\n<div class=\"kk-star-ratings kksr-auto kksr-align-center kksr-valign-bottom\"\n    data-payload='{&quot;align&quot;:&quot;center&quot;,&quot;id&quot;:&quot;40524&quot;,&quot;slug&quot;:&quot;default&quot;,&quot;valign&quot;:&quot;bottom&quot;,&quot;ignore&quot;:&quot;&quot;,&quot;reference&quot;:&quot;auto&quot;,&quot;class&quot;:&quot;&quot;,&quot;count&quot;:&quot;0&quot;,&quot;legendonly&quot;:&quot;&quot;,&quot;readonly&quot;:&quot;&quot;,&quot;score&quot;:&quot;0&quot;,&quot;starsonly&quot;:&quot;&quot;,&quot;best&quot;:&quot;5&quot;,&quot;gap&quot;:&quot;5&quot;,&quot;greet&quot;:&quot;Val\u00f3ranos&quot;,&quot;legend&quot;:&quot;0\\\/5 - (0 votes)&quot;,&quot;size&quot;:&quot;24&quot;,&quot;title&quot;:&quot;Zenmuse V1&quot;,&quot;width&quot;:&quot;0&quot;,&quot;_legend&quot;:&quot;{score}\\\/{best} - ({count} {votes})&quot;,&quot;font_factor&quot;:&quot;1.25&quot;}'>\n            \n<div class=\"kksr-stars\">\n    \n<div class=\"kksr-stars-inactive\">\n            <div class=\"kksr-star\" data-star=\"1\" style=\"padding-right: 5px\">\n            \n\n<div class=\"kksr-icon\" style=\"width: 24px; height: 24px;\"><\/div>\n        <\/div>\n            <div class=\"kksr-star\" data-star=\"2\" style=\"padding-right: 5px\">\n            \n\n<div class=\"kksr-icon\" style=\"width: 24px; height: 24px;\"><\/div>\n        <\/div>\n            <div class=\"kksr-star\" data-star=\"3\" style=\"padding-right: 5px\">\n            \n\n<div class=\"kksr-icon\" style=\"width: 24px; height: 24px;\"><\/div>\n        <\/div>\n            <div class=\"kksr-star\" data-star=\"4\" style=\"padding-right: 5px\">\n            \n\n<div class=\"kksr-icon\" style=\"width: 24px; height: 24px;\"><\/div>\n        <\/div>\n            <div class=\"kksr-star\" data-star=\"5\" style=\"padding-right: 5px\">\n            \n\n<div class=\"kksr-icon\" style=\"width: 24px; height: 24px;\"><\/div>\n        <\/div>\n    <\/div>\n    \n<div class=\"kksr-stars-active\" style=\"width: 0px;\">\n            <div class=\"kksr-star\" style=\"padding-right: 5px\">\n            \n\n<div class=\"kksr-icon\" style=\"width: 24px; height: 24px;\"><\/div>\n        <\/div>\n            <div class=\"kksr-star\" style=\"padding-right: 5px\">\n            \n\n<div class=\"kksr-icon\" style=\"width: 24px; height: 24px;\"><\/div>\n        <\/div>\n            <div class=\"kksr-star\" style=\"padding-right: 5px\">\n            \n\n<div class=\"kksr-icon\" style=\"width: 24px; height: 24px;\"><\/div>\n        <\/div>\n            <div class=\"kksr-star\" style=\"padding-right: 5px\">\n            \n\n<div class=\"kksr-icon\" style=\"width: 24px; height: 24px;\"><\/div>\n        <\/div>\n            <div class=\"kksr-star\" style=\"padding-right: 5px\">\n            \n\n<div class=\"kksr-icon\" style=\"width: 24px; height: 24px;\"><\/div>\n        <\/div>\n    <\/div>\n<\/div>\n                \n\n<div class=\"kksr-legend\" style=\"font-size: 19.2px;\">\n            <span class=\"kksr-muted\">Val\u00f3ranos<\/span>\n    <\/div>\n    <\/div>\n","protected":false},"excerpt":{"rendered":"<h1>Zenmuse V1<\/h1>\n<p>Zenmuse V1 is DJI&#8217;s first speaker designed for multi-instrument drone platforms, compatible with the <a href=\"https:\/\/atyges.es\/en\/tienda\/product\/dji-matrice-350-rtk\/\">Matrice 350 RTK<\/a> and Matrice 300 RTK. It features high volume and long transmission distance, and supports various transmission modes, making it ideal for scenarios such as public safety, emergency rescue, and more.<\/p>\n<p>Tips<\/p>\n<ol>\n<li>Download the safety guidelines and user manual for the compatible aircraft from the official DJI website and read them before using it for the first time.<\/li>\n<li>When using Zenmuse V1, excessive speaker volume may cause some harm to people. Ensure security.<\/li>\n<\/ol>\n<p>Packaging content<\/p>\n<ul>\n<li>Zenmuse V1 \u00d7 1<\/li>\n<li>Carrying case \u00d7 1<\/li>\n<\/ul>\n<p>Specs<\/p>\n<ul>\n<li>Weight: 690 \u00b1 10 g<\/li>\n<li>Dimensions: 134 \u00d7 119 \u00d7 140 mm (L \u00d7 W \u00d7 H)<\/li>\n<li>Rated power: 30 W<\/li>\n<li>Maximum sound pressure level: 127 dB at 1 m<em> [1]<\/em><\/li>\n<li>Effective emission distance: 500 m<em> [1]<\/em><\/li>\n<li>Compatible aircraft: M300 RTK (requires DJI RC Plus), M350 RTK<\/li>\n<li>Ingress Protection Rating: IP54 <em>[2]<\/em><\/li>\n<li>Operating Temperature: \u221220 to 50\u00b0C (\u22124 to 122\u00b0F)<\/li>\n<\/ul>\n<p>Compatibility<\/p>\n<ul>\n<li><a href=\"https:\/\/atyges.es\/en\/tienda\/product\/dji-matrice-350-rtk\/\">Matrice 350 RTK<\/a><\/li>\n<li>Matrice 300 RTK<\/li>\n<\/ul>\n<p><em>1. Measured in a laboratory environment at 25\u00b0C (77\u00b0F). Actual conditions may vary slightly due to software version, audio source, specific environment, and other factors. The final effect depends on actual use.<\/em><\/p>\n<p><em>2. Under stable laboratory conditions, it can achieve an IP54 rating in accordance with IEC60529 standards. The IP ingress protection rating is not permanently effective and may decrease due to product wear.<\/em><\/p>\n<p>&nbsp;<\/p>\n","protected":false},"featured_media":40502,"template":"","meta":[],"product_brand":[],"product_cat":[1115,1582],"product_tag":[1994],"class_list":{"0":"post-40524","1":"product","2":"type-product","3":"status-publish","4":"has-post-thumbnail","6":"product_cat-drones-for-sar","7":"product_cat-matrice-350-rtk-en","8":"product_tag-speaker-matrice-350","9":"product_shipping_class-es-free-shipping","11":"first","12":"onbackorder","13":"taxable","14":"shipping-taxable","15":"purchasable","16":"product-type-simple"},"yoast_head":"<!-- This site is optimized with the Yoast SEO plugin v27.2 - https:\/\/yoast.com\/product\/yoast-seo-wordpress\/ -->\n<title>Zenmuse V1 Reach Loud and Clear<\/title>\n<meta name=\"description\" content=\"Zenmuse V1 | DJI&#039;s First Speaker for Multi-Payload Drone Platforms | ATyges oficial dealer DJI Enterprise\" \/>\n<meta name=\"robots\" content=\"index, follow, max-snippet:-1, max-image-preview:large, max-video-preview:-1\" \/>\n<link rel=\"canonical\" href=\"https:\/\/atyges.es\/en\/tienda\/product\/zenmuse-v1\/\" \/>\n<meta property=\"og:locale\" content=\"en_US\" \/>\n<meta property=\"og:type\" content=\"article\" \/>\n<meta property=\"og:title\" content=\"Zenmuse V1 Reach Loud and Clear\" \/>\n<meta property=\"og:description\" content=\"Zenmuse V1 | DJI&#039;s First Speaker for Multi-Payload Drone Platforms | ATyges oficial dealer DJI Enterprise\" \/>\n<meta property=\"og:url\" content=\"https:\/\/atyges.es\/en\/tienda\/product\/zenmuse-v1\/\" \/>\n<meta property=\"og:site_name\" content=\"ATyges\" \/>\n<meta property=\"article:modified_time\" content=\"2025-04-20T17:22:42+00:00\" \/>\n<meta property=\"og:image\" content=\"https:\/\/atyges.es\/wp-content\/uploads\/2025\/04\/zenmuse-v1.jpg\" \/>\n\t<meta property=\"og:image:width\" content=\"1100\" \/>\n\t<meta property=\"og:image:height\" content=\"1422\" \/>\n\t<meta property=\"og:image:type\" content=\"image\/jpeg\" \/>\n<meta name=\"twitter:card\" content=\"summary_large_image\" \/>\n<script type=\"application\/ld+json\" class=\"yoast-schema-graph\">{\"@context\":\"https:\/\/schema.org\",\"@graph\":[{\"@type\":\"WebPage\",\"@id\":\"https:\/\/atyges.es\/en\/tienda\/product\/zenmuse-v1\/\",\"url\":\"https:\/\/atyges.es\/en\/tienda\/product\/zenmuse-v1\/\",\"name\":\"Zenmuse V1 Reach Loud and Clear\",\"isPartOf\":{\"@id\":\"https:\/\/atyges.es\/en\/#website\"},\"primaryImageOfPage\":{\"@id\":\"https:\/\/atyges.es\/en\/tienda\/product\/zenmuse-v1\/#primaryimage\"},\"image\":{\"@id\":\"https:\/\/atyges.es\/en\/tienda\/product\/zenmuse-v1\/#primaryimage\"},\"thumbnailUrl\":\"https:\/\/atyges.es\/wp-content\/uploads\/2025\/04\/zenmuse-v1.jpg\",\"datePublished\":\"2025-04-18T12:09:42+00:00\",\"dateModified\":\"2025-04-20T17:22:42+00:00\",\"description\":\"Zenmuse V1 | DJI's First Speaker for Multi-Payload Drone Platforms | ATyges oficial dealer DJI Enterprise\",\"breadcrumb\":{\"@id\":\"https:\/\/atyges.es\/en\/tienda\/product\/zenmuse-v1\/#breadcrumb\"},\"inLanguage\":\"en-US\",\"potentialAction\":[{\"@type\":\"ReadAction\",\"target\":[\"https:\/\/atyges.es\/en\/tienda\/product\/zenmuse-v1\/\"]}]},{\"@type\":\"ImageObject\",\"inLanguage\":\"en-US\",\"@id\":\"https:\/\/atyges.es\/en\/tienda\/product\/zenmuse-v1\/#primaryimage\",\"url\":\"https:\/\/atyges.es\/wp-content\/uploads\/2025\/04\/zenmuse-v1.jpg\",\"contentUrl\":\"https:\/\/atyges.es\/wp-content\/uploads\/2025\/04\/zenmuse-v1.jpg\",\"width\":1100,\"height\":1422,\"caption\":\"Zenmuse V1 - Speaker\"},{\"@type\":\"BreadcrumbList\",\"@id\":\"https:\/\/atyges.es\/en\/tienda\/product\/zenmuse-v1\/#breadcrumb\",\"itemListElement\":[{\"@type\":\"ListItem\",\"position\":1,\"name\":\"Portada\",\"item\":\"https:\/\/atyges.es\/en\/\"},{\"@type\":\"ListItem\",\"position\":2,\"name\":\"Products\",\"item\":\"https:\/\/atyges.es\/en\/shop\/\"},{\"@type\":\"ListItem\",\"position\":3,\"name\":\"Zenmuse V1\"}]},{\"@type\":\"WebSite\",\"@id\":\"https:\/\/atyges.es\/en\/#website\",\"url\":\"https:\/\/atyges.es\/en\/\",\"name\":\"ATyges\",\"description\":\"\",\"publisher\":{\"@id\":\"https:\/\/atyges.es\/en\/#organization\"},\"potentialAction\":[{\"@type\":\"SearchAction\",\"target\":{\"@type\":\"EntryPoint\",\"urlTemplate\":\"https:\/\/atyges.es\/en\/?s={search_term_string}\"},\"query-input\":{\"@type\":\"PropertyValueSpecification\",\"valueRequired\":true,\"valueName\":\"search_term_string\"}}],\"inLanguage\":\"en-US\"},{\"@type\":\"Organization\",\"@id\":\"https:\/\/atyges.es\/en\/#organization\",\"name\":\"Atyges\",\"url\":\"https:\/\/atyges.es\/en\/\",\"logo\":{\"@type\":\"ImageObject\",\"inLanguage\":\"en-US\",\"@id\":\"https:\/\/atyges.es\/en\/#\/schema\/logo\/image\/\",\"url\":\"https:\/\/atyges.es\/wp-content\/uploads\/2022\/01\/Logo_ATyges_Store.png\",\"contentUrl\":\"https:\/\/atyges.es\/wp-content\/uploads\/2022\/01\/Logo_ATyges_Store.png\",\"width\":1228,\"height\":200,\"caption\":\"Atyges\"},\"image\":{\"@id\":\"https:\/\/atyges.es\/en\/#\/schema\/logo\/image\/\"}}]}<\/script>\n<!-- \/ Yoast SEO plugin. -->","yoast_head_json":{"title":"Zenmuse V1 Reach Loud and Clear","description":"Zenmuse V1 | DJI's First Speaker for Multi-Payload Drone Platforms | ATyges oficial dealer DJI Enterprise","robots":{"index":"index","follow":"follow","max-snippet":"max-snippet:-1","max-image-preview":"max-image-preview:large","max-video-preview":"max-video-preview:-1"},"canonical":"https:\/\/atyges.es\/en\/tienda\/product\/zenmuse-v1\/","og_locale":"en_US","og_type":"article","og_title":"Zenmuse V1 Reach Loud and Clear","og_description":"Zenmuse V1 | DJI's First Speaker for Multi-Payload Drone Platforms | ATyges oficial dealer DJI Enterprise","og_url":"https:\/\/atyges.es\/en\/tienda\/product\/zenmuse-v1\/","og_site_name":"ATyges","article_modified_time":"2025-04-20T17:22:42+00:00","og_image":[{"width":1100,"height":1422,"url":"https:\/\/atyges.es\/wp-content\/uploads\/2025\/04\/zenmuse-v1.jpg","type":"image\/jpeg"}],"twitter_card":"summary_large_image","schema":{"@context":"https:\/\/schema.org","@graph":[{"@type":"WebPage","@id":"https:\/\/atyges.es\/en\/tienda\/product\/zenmuse-v1\/","url":"https:\/\/atyges.es\/en\/tienda\/product\/zenmuse-v1\/","name":"Zenmuse V1 Reach Loud and Clear","isPartOf":{"@id":"https:\/\/atyges.es\/en\/#website"},"primaryImageOfPage":{"@id":"https:\/\/atyges.es\/en\/tienda\/product\/zenmuse-v1\/#primaryimage"},"image":{"@id":"https:\/\/atyges.es\/en\/tienda\/product\/zenmuse-v1\/#primaryimage"},"thumbnailUrl":"https:\/\/atyges.es\/wp-content\/uploads\/2025\/04\/zenmuse-v1.jpg","datePublished":"2025-04-18T12:09:42+00:00","dateModified":"2025-04-20T17:22:42+00:00","description":"Zenmuse V1 | DJI's First Speaker for Multi-Payload Drone Platforms | ATyges oficial dealer DJI Enterprise","breadcrumb":{"@id":"https:\/\/atyges.es\/en\/tienda\/product\/zenmuse-v1\/#breadcrumb"},"inLanguage":"en-US","potentialAction":[{"@type":"ReadAction","target":["https:\/\/atyges.es\/en\/tienda\/product\/zenmuse-v1\/"]}]},{"@type":"ImageObject","inLanguage":"en-US","@id":"https:\/\/atyges.es\/en\/tienda\/product\/zenmuse-v1\/#primaryimage","url":"https:\/\/atyges.es\/wp-content\/uploads\/2025\/04\/zenmuse-v1.jpg","contentUrl":"https:\/\/atyges.es\/wp-content\/uploads\/2025\/04\/zenmuse-v1.jpg","width":1100,"height":1422,"caption":"Zenmuse V1 - Speaker"},{"@type":"BreadcrumbList","@id":"https:\/\/atyges.es\/en\/tienda\/product\/zenmuse-v1\/#breadcrumb","itemListElement":[{"@type":"ListItem","position":1,"name":"Portada","item":"https:\/\/atyges.es\/en\/"},{"@type":"ListItem","position":2,"name":"Products","item":"https:\/\/atyges.es\/en\/shop\/"},{"@type":"ListItem","position":3,"name":"Zenmuse V1"}]},{"@type":"WebSite","@id":"https:\/\/atyges.es\/en\/#website","url":"https:\/\/atyges.es\/en\/","name":"ATyges","description":"","publisher":{"@id":"https:\/\/atyges.es\/en\/#organization"},"potentialAction":[{"@type":"SearchAction","target":{"@type":"EntryPoint","urlTemplate":"https:\/\/atyges.es\/en\/?s={search_term_string}"},"query-input":{"@type":"PropertyValueSpecification","valueRequired":true,"valueName":"search_term_string"}}],"inLanguage":"en-US"},{"@type":"Organization","@id":"https:\/\/atyges.es\/en\/#organization","name":"Atyges","url":"https:\/\/atyges.es\/en\/","logo":{"@type":"ImageObject","inLanguage":"en-US","@id":"https:\/\/atyges.es\/en\/#\/schema\/logo\/image\/","url":"https:\/\/atyges.es\/wp-content\/uploads\/2022\/01\/Logo_ATyges_Store.png","contentUrl":"https:\/\/atyges.es\/wp-content\/uploads\/2022\/01\/Logo_ATyges_Store.png","width":1228,"height":200,"caption":"Atyges"},"image":{"@id":"https:\/\/atyges.es\/en\/#\/schema\/logo\/image\/"}}]}},"jetpack_sharing_enabled":true,"_links":{"self":[{"href":"https:\/\/atyges.es\/en\/wp-json\/wp\/v2\/product\/40524","targetHints":{"allow":["GET"]}}],"collection":[{"href":"https:\/\/atyges.es\/en\/wp-json\/wp\/v2\/product"}],"about":[{"href":"https:\/\/atyges.es\/en\/wp-json\/wp\/v2\/types\/product"}],"wp:featuredmedia":[{"embeddable":true,"href":"https:\/\/atyges.es\/en\/wp-json\/wp\/v2\/media\/40502"}],"wp:attachment":[{"href":"https:\/\/atyges.es\/en\/wp-json\/wp\/v2\/media?parent=40524"}],"wp:term":[{"taxonomy":"product_brand","embeddable":true,"href":"https:\/\/atyges.es\/en\/wp-json\/wp\/v2\/product_brand?post=40524"},{"taxonomy":"product_cat","embeddable":true,"href":"https:\/\/atyges.es\/en\/wp-json\/wp\/v2\/product_cat?post=40524"},{"taxonomy":"product_tag","embeddable":true,"href":"https:\/\/atyges.es\/en\/wp-json\/wp\/v2\/product_tag?post=40524"}],"curies":[{"name":"wp","href":"https:\/\/api.w.org\/{rel}","templated":true}]}}