{"id":40497,"date":"2025-04-18T10:58:44","date_gmt":"2025-04-18T09:58:44","guid":{"rendered":"https:\/\/atyges.es\/product\/zenmuse-s1\/"},"modified":"2025-04-18T11:17:20","modified_gmt":"2025-04-18T10:17:20","slug":"zenmuse-s1","status":"publish","type":"product","link":"https:\/\/atyges.es\/en\/tienda\/product\/zenmuse-s1\/","title":{"rendered":"Zenmuse S1"},"content":{"rendered":"\n\n<div class=\"kk-star-ratings kksr-auto kksr-align-center kksr-valign-bottom\"\n    data-payload='{&quot;align&quot;:&quot;center&quot;,&quot;id&quot;:&quot;40497&quot;,&quot;slug&quot;:&quot;default&quot;,&quot;valign&quot;:&quot;bottom&quot;,&quot;ignore&quot;:&quot;&quot;,&quot;reference&quot;:&quot;auto&quot;,&quot;class&quot;:&quot;&quot;,&quot;count&quot;:&quot;0&quot;,&quot;legendonly&quot;:&quot;&quot;,&quot;readonly&quot;:&quot;&quot;,&quot;score&quot;:&quot;0&quot;,&quot;starsonly&quot;:&quot;&quot;,&quot;best&quot;:&quot;5&quot;,&quot;gap&quot;:&quot;5&quot;,&quot;greet&quot;:&quot;Val\u00f3ranos&quot;,&quot;legend&quot;:&quot;0\\\/5 - (0 votes)&quot;,&quot;size&quot;:&quot;24&quot;,&quot;title&quot;:&quot;Zenmuse S1&quot;,&quot;width&quot;:&quot;0&quot;,&quot;_legend&quot;:&quot;{score}\\\/{best} - ({count} {votes})&quot;,&quot;font_factor&quot;:&quot;1.25&quot;}'>\n            \n<div class=\"kksr-stars\">\n    \n<div class=\"kksr-stars-inactive\">\n            <div class=\"kksr-star\" data-star=\"1\" style=\"padding-right: 5px\">\n            \n\n<div class=\"kksr-icon\" style=\"width: 24px; height: 24px;\"><\/div>\n        <\/div>\n            <div class=\"kksr-star\" data-star=\"2\" style=\"padding-right: 5px\">\n            \n\n<div class=\"kksr-icon\" style=\"width: 24px; height: 24px;\"><\/div>\n        <\/div>\n            <div class=\"kksr-star\" data-star=\"3\" style=\"padding-right: 5px\">\n            \n\n<div class=\"kksr-icon\" style=\"width: 24px; height: 24px;\"><\/div>\n        <\/div>\n            <div class=\"kksr-star\" data-star=\"4\" style=\"padding-right: 5px\">\n            \n\n<div class=\"kksr-icon\" style=\"width: 24px; height: 24px;\"><\/div>\n        <\/div>\n            <div class=\"kksr-star\" data-star=\"5\" style=\"padding-right: 5px\">\n            \n\n<div class=\"kksr-icon\" style=\"width: 24px; height: 24px;\"><\/div>\n        <\/div>\n    <\/div>\n    \n<div class=\"kksr-stars-active\" style=\"width: 0px;\">\n            <div class=\"kksr-star\" style=\"padding-right: 5px\">\n            \n\n<div class=\"kksr-icon\" style=\"width: 24px; height: 24px;\"><\/div>\n        <\/div>\n            <div class=\"kksr-star\" style=\"padding-right: 5px\">\n            \n\n<div class=\"kksr-icon\" style=\"width: 24px; height: 24px;\"><\/div>\n        <\/div>\n            <div class=\"kksr-star\" style=\"padding-right: 5px\">\n            \n\n<div class=\"kksr-icon\" style=\"width: 24px; height: 24px;\"><\/div>\n        <\/div>\n            <div class=\"kksr-star\" style=\"padding-right: 5px\">\n            \n\n<div class=\"kksr-icon\" style=\"width: 24px; height: 24px;\"><\/div>\n        <\/div>\n            <div class=\"kksr-star\" style=\"padding-right: 5px\">\n            \n\n<div class=\"kksr-icon\" style=\"width: 24px; height: 24px;\"><\/div>\n        <\/div>\n    <\/div>\n<\/div>\n                \n\n<div class=\"kksr-legend\" style=\"font-size: 19.2px;\">\n            <span class=\"kksr-muted\">Val\u00f3ranos<\/span>\n    <\/div>\n    <\/div>\n","protected":false},"excerpt":{"rendered":"<h1>Zenmuse S1<\/h1>\n<p>Zenmuse S1 is DJI&#8217;s first spotlight designed for multi-instrument drone platforms, compatible with the Matrice 350 RTK and Matrice 300 RTK.<\/p>\n<p>Using LEP technology, it offers high brightness and long illumination distance, and supports various lighting modes. This makes it ideal for public safety, emergency rescue, inspections, and other nighttime operations.<\/p>\n<p>It has multiple lighting modes:<\/p>\n<ul>\n<li>Short Beam Mode<\/li>\n<\/ul>\n[video width=\"1386\" height=\"924\" mp4=\"https:\/\/atyges.es\/wp-content\/uploads\/2025\/04\/corto.mp4\" autoplay=\"true\" preload=\"auto\"][\/video]\n<ul>\n<li>Long Beam Mode<\/li>\n<\/ul>\n[video width=\"1386\" height=\"924\" mp4=\"https:\/\/atyges.es\/wp-content\/uploads\/2025\/04\/largo.mp4\" autoplay=\"true\" preload=\"auto\"][\/video]\n<ul>\n<li>Dual Mode Do<\/li>\n<\/ul>\n[video width=\"1386\" height=\"924\" mp4=\"https:\/\/atyges.es\/wp-content\/uploads\/2025\/04\/doble.mp4\"][\/video]\n<ul>\n<li>Strobe Mode<\/li>\n<\/ul>\n[video width=\"1386\" height=\"924\" mp4=\"https:\/\/atyges.es\/wp-content\/uploads\/2025\/04\/estrob.mp4\" autoplay=\"true\" preload=\"auto\"][\/video]\n<p>&nbsp;<\/p>\n<p>Practical Tips:<\/p>\n<ol>\n<li>Download the safety guidelines and user manual from the official DJI website and read them before using it for the first time.<\/li>\n<li>Using the spotlight at night may cause errors in the Collision avoidance system. You can deactivate the collision avoidance system as needed and operate the aircraft and spotlight in relatively open and spacious areas.<\/li>\n<li>When using the Zenmuse S1, do not look directly into the spotlight from a short distance to avoid possible damage. Ensure safety.<\/li>\n<li>Do not touch the lens coating of the spotlight directly with your hands or scratch it with hard objects, as this may reduce light output efficiency and affect luminous flux and illuminance.<\/li>\n<\/ol>\n<p>Package Contents:<\/p>\n<ul>\n<li>Zenmuse S1 \u00d7 1<\/li>\n<li>Lens Protection Cover \u00d7 1<\/li>\n<li>Carrying Case \u00d7 1<\/li>\n<li>Lens Cleaning Cloth \u00d7 1<\/li>\n<\/ul>\n<p>Specifications:<\/p>\n<ul>\n<li>Weight: 760 \u00b1 10 g<\/li>\n<li>Dimensions: 125 \u00d7 152 \u00d7 171 mm (L \u00d7 W \u00d7 H)<\/li>\n<li>Power Rated: 68 W<\/li>\n<li>Maximum central illuminance: 35 lux at 100 m (Double Beam Mode) <em>[1]<\/em><\/li>\n<li>Effective illumination distance: 500 m (Double Beam Mode) <em>[2]<\/em><\/li>\n<li>Compatible aircraft: M300 RTK (requires DJI RC Plus), M350 RTK<\/li>\n<li>Ingress protection rating: IP54 <em>[3]<\/em><\/li>\n<li>Operating temperature: \u221220 to 40 \u00b0C (\u22124 to 104 \u00b0F)<\/li>\n<\/ul>\n<p>Aircraft compatibility:<\/p>\n<ul>\n<li>Matrice 350 \u200b\u200bRTK<\/li>\n<li>Matrice 300 RTK<\/li>\n<\/ul>\n<p><em>1. Measured in a laboratory environment at an ambient temperature of 25\u00b0C (77\u00b0F) with Zenmuse S1 installed in the aircraft.<\/em><\/p>\n<p><em>2. Measured in a laboratory environment at an ambient temperature of 25\u00b0C (77\u00b0F). Actual conditions may vary slightly due to ambient humidity, weather conditions, and other factors. The final effect depends on actual use.<\/em><\/p>\n<p><em>3. Under stable laboratory conditions, it can achieve an IP54 protection rating conforming to IEC60529 standards. The IP ingress protection rating is not permanently effective and may decrease due to product wear.<\/em><\/p>\n","protected":false},"featured_media":40473,"template":"","meta":[],"product_brand":[],"product_cat":[1115,1582],"product_tag":[1991],"class_list":{"0":"post-40497","1":"product","2":"type-product","3":"status-publish","4":"has-post-thumbnail","6":"product_cat-drones-for-sar","7":"product_cat-matrice-350-rtk-en","8":"product_tag-spotlight-m350-en","9":"product_shipping_class-es-free-shipping","11":"first","12":"onbackorder","13":"taxable","14":"shipping-taxable","15":"purchasable","16":"product-type-simple"},"yoast_head":"<!-- This site is optimized with the Yoast SEO plugin v27.2 - https:\/\/yoast.com\/product\/yoast-seo-wordpress\/ -->\n<title>Zenmuse S1 - Light Up The Night<\/title>\n<meta name=\"description\" content=\"Zenmuse S1\u2b50DJI&#039;s First Spotlight for Multi-Payload Drone Platforms \u2705\u3010ATyges Oficial Delaer DJI Enterprise\u3011\u2705\" \/>\n<meta name=\"robots\" content=\"index, follow, max-snippet:-1, max-image-preview:large, max-video-preview:-1\" \/>\n<link rel=\"canonical\" href=\"https:\/\/atyges.es\/en\/tienda\/product\/zenmuse-s1\/\" \/>\n<meta property=\"og:locale\" content=\"en_US\" \/>\n<meta property=\"og:type\" content=\"article\" \/>\n<meta property=\"og:title\" content=\"Zenmuse S1 - Light Up The Night\" \/>\n<meta property=\"og:description\" content=\"Zenmuse S1\u2b50DJI&#039;s First Spotlight for Multi-Payload Drone Platforms \u2705\u3010ATyges Oficial Delaer DJI Enterprise\u3011\u2705\" \/>\n<meta property=\"og:url\" content=\"https:\/\/atyges.es\/en\/tienda\/product\/zenmuse-s1\/\" \/>\n<meta property=\"og:site_name\" content=\"ATyges\" \/>\n<meta property=\"article:modified_time\" content=\"2025-04-18T10:17:20+00:00\" \/>\n<meta property=\"og:image\" content=\"https:\/\/atyges.es\/wp-content\/uploads\/2025\/04\/zenmuse-s1_PPAL.jpg\" \/>\n\t<meta property=\"og:image:width\" content=\"1100\" \/>\n\t<meta property=\"og:image:height\" content=\"1422\" \/>\n\t<meta property=\"og:image:type\" content=\"image\/jpeg\" \/>\n<meta name=\"twitter:card\" content=\"summary_large_image\" \/>\n<script type=\"application\/ld+json\" class=\"yoast-schema-graph\">{\"@context\":\"https:\/\/schema.org\",\"@graph\":[{\"@type\":\"WebPage\",\"@id\":\"https:\/\/atyges.es\/en\/tienda\/product\/zenmuse-s1\/\",\"url\":\"https:\/\/atyges.es\/en\/tienda\/product\/zenmuse-s1\/\",\"name\":\"Zenmuse S1 - Light Up The Night\",\"isPartOf\":{\"@id\":\"https:\/\/atyges.es\/en\/#website\"},\"primaryImageOfPage\":{\"@id\":\"https:\/\/atyges.es\/en\/tienda\/product\/zenmuse-s1\/#primaryimage\"},\"image\":{\"@id\":\"https:\/\/atyges.es\/en\/tienda\/product\/zenmuse-s1\/#primaryimage\"},\"thumbnailUrl\":\"https:\/\/atyges.es\/wp-content\/uploads\/2025\/04\/zenmuse-s1_PPAL.jpg\",\"datePublished\":\"2025-04-18T09:58:44+00:00\",\"dateModified\":\"2025-04-18T10:17:20+00:00\",\"description\":\"Zenmuse S1\u2b50DJI's First Spotlight for Multi-Payload Drone Platforms \u2705\u3010ATyges Oficial Delaer DJI Enterprise\u3011\u2705\",\"breadcrumb\":{\"@id\":\"https:\/\/atyges.es\/en\/tienda\/product\/zenmuse-s1\/#breadcrumb\"},\"inLanguage\":\"en-US\",\"potentialAction\":[{\"@type\":\"ReadAction\",\"target\":[\"https:\/\/atyges.es\/en\/tienda\/product\/zenmuse-s1\/\"]}]},{\"@type\":\"ImageObject\",\"inLanguage\":\"en-US\",\"@id\":\"https:\/\/atyges.es\/en\/tienda\/product\/zenmuse-s1\/#primaryimage\",\"url\":\"https:\/\/atyges.es\/wp-content\/uploads\/2025\/04\/zenmuse-s1_PPAL.jpg\",\"contentUrl\":\"https:\/\/atyges.es\/wp-content\/uploads\/2025\/04\/zenmuse-s1_PPAL.jpg\",\"width\":1100,\"height\":1422,\"caption\":\"Spotlight Zenmuse S1\"},{\"@type\":\"BreadcrumbList\",\"@id\":\"https:\/\/atyges.es\/en\/tienda\/product\/zenmuse-s1\/#breadcrumb\",\"itemListElement\":[{\"@type\":\"ListItem\",\"position\":1,\"name\":\"Portada\",\"item\":\"https:\/\/atyges.es\/en\/\"},{\"@type\":\"ListItem\",\"position\":2,\"name\":\"Products\",\"item\":\"https:\/\/atyges.es\/en\/shop\/\"},{\"@type\":\"ListItem\",\"position\":3,\"name\":\"Zenmuse S1\"}]},{\"@type\":\"WebSite\",\"@id\":\"https:\/\/atyges.es\/en\/#website\",\"url\":\"https:\/\/atyges.es\/en\/\",\"name\":\"ATyges\",\"description\":\"\",\"publisher\":{\"@id\":\"https:\/\/atyges.es\/en\/#organization\"},\"potentialAction\":[{\"@type\":\"SearchAction\",\"target\":{\"@type\":\"EntryPoint\",\"urlTemplate\":\"https:\/\/atyges.es\/en\/?s={search_term_string}\"},\"query-input\":{\"@type\":\"PropertyValueSpecification\",\"valueRequired\":true,\"valueName\":\"search_term_string\"}}],\"inLanguage\":\"en-US\"},{\"@type\":\"Organization\",\"@id\":\"https:\/\/atyges.es\/en\/#organization\",\"name\":\"Atyges\",\"url\":\"https:\/\/atyges.es\/en\/\",\"logo\":{\"@type\":\"ImageObject\",\"inLanguage\":\"en-US\",\"@id\":\"https:\/\/atyges.es\/en\/#\/schema\/logo\/image\/\",\"url\":\"https:\/\/atyges.es\/wp-content\/uploads\/2022\/01\/Logo_ATyges_Store.png\",\"contentUrl\":\"https:\/\/atyges.es\/wp-content\/uploads\/2022\/01\/Logo_ATyges_Store.png\",\"width\":1228,\"height\":200,\"caption\":\"Atyges\"},\"image\":{\"@id\":\"https:\/\/atyges.es\/en\/#\/schema\/logo\/image\/\"}}]}<\/script>\n<!-- \/ Yoast SEO plugin. -->","yoast_head_json":{"title":"Zenmuse S1 - Light Up The Night","description":"Zenmuse S1\u2b50DJI's First Spotlight for Multi-Payload Drone Platforms \u2705\u3010ATyges Oficial Delaer DJI Enterprise\u3011\u2705","robots":{"index":"index","follow":"follow","max-snippet":"max-snippet:-1","max-image-preview":"max-image-preview:large","max-video-preview":"max-video-preview:-1"},"canonical":"https:\/\/atyges.es\/en\/tienda\/product\/zenmuse-s1\/","og_locale":"en_US","og_type":"article","og_title":"Zenmuse S1 - Light Up The Night","og_description":"Zenmuse S1\u2b50DJI's First Spotlight for Multi-Payload Drone Platforms \u2705\u3010ATyges Oficial Delaer DJI Enterprise\u3011\u2705","og_url":"https:\/\/atyges.es\/en\/tienda\/product\/zenmuse-s1\/","og_site_name":"ATyges","article_modified_time":"2025-04-18T10:17:20+00:00","og_image":[{"width":1100,"height":1422,"url":"https:\/\/atyges.es\/wp-content\/uploads\/2025\/04\/zenmuse-s1_PPAL.jpg","type":"image\/jpeg"}],"twitter_card":"summary_large_image","schema":{"@context":"https:\/\/schema.org","@graph":[{"@type":"WebPage","@id":"https:\/\/atyges.es\/en\/tienda\/product\/zenmuse-s1\/","url":"https:\/\/atyges.es\/en\/tienda\/product\/zenmuse-s1\/","name":"Zenmuse S1 - Light Up The Night","isPartOf":{"@id":"https:\/\/atyges.es\/en\/#website"},"primaryImageOfPage":{"@id":"https:\/\/atyges.es\/en\/tienda\/product\/zenmuse-s1\/#primaryimage"},"image":{"@id":"https:\/\/atyges.es\/en\/tienda\/product\/zenmuse-s1\/#primaryimage"},"thumbnailUrl":"https:\/\/atyges.es\/wp-content\/uploads\/2025\/04\/zenmuse-s1_PPAL.jpg","datePublished":"2025-04-18T09:58:44+00:00","dateModified":"2025-04-18T10:17:20+00:00","description":"Zenmuse S1\u2b50DJI's First Spotlight for Multi-Payload Drone Platforms \u2705\u3010ATyges Oficial Delaer DJI Enterprise\u3011\u2705","breadcrumb":{"@id":"https:\/\/atyges.es\/en\/tienda\/product\/zenmuse-s1\/#breadcrumb"},"inLanguage":"en-US","potentialAction":[{"@type":"ReadAction","target":["https:\/\/atyges.es\/en\/tienda\/product\/zenmuse-s1\/"]}]},{"@type":"ImageObject","inLanguage":"en-US","@id":"https:\/\/atyges.es\/en\/tienda\/product\/zenmuse-s1\/#primaryimage","url":"https:\/\/atyges.es\/wp-content\/uploads\/2025\/04\/zenmuse-s1_PPAL.jpg","contentUrl":"https:\/\/atyges.es\/wp-content\/uploads\/2025\/04\/zenmuse-s1_PPAL.jpg","width":1100,"height":1422,"caption":"Spotlight Zenmuse S1"},{"@type":"BreadcrumbList","@id":"https:\/\/atyges.es\/en\/tienda\/product\/zenmuse-s1\/#breadcrumb","itemListElement":[{"@type":"ListItem","position":1,"name":"Portada","item":"https:\/\/atyges.es\/en\/"},{"@type":"ListItem","position":2,"name":"Products","item":"https:\/\/atyges.es\/en\/shop\/"},{"@type":"ListItem","position":3,"name":"Zenmuse S1"}]},{"@type":"WebSite","@id":"https:\/\/atyges.es\/en\/#website","url":"https:\/\/atyges.es\/en\/","name":"ATyges","description":"","publisher":{"@id":"https:\/\/atyges.es\/en\/#organization"},"potentialAction":[{"@type":"SearchAction","target":{"@type":"EntryPoint","urlTemplate":"https:\/\/atyges.es\/en\/?s={search_term_string}"},"query-input":{"@type":"PropertyValueSpecification","valueRequired":true,"valueName":"search_term_string"}}],"inLanguage":"en-US"},{"@type":"Organization","@id":"https:\/\/atyges.es\/en\/#organization","name":"Atyges","url":"https:\/\/atyges.es\/en\/","logo":{"@type":"ImageObject","inLanguage":"en-US","@id":"https:\/\/atyges.es\/en\/#\/schema\/logo\/image\/","url":"https:\/\/atyges.es\/wp-content\/uploads\/2022\/01\/Logo_ATyges_Store.png","contentUrl":"https:\/\/atyges.es\/wp-content\/uploads\/2022\/01\/Logo_ATyges_Store.png","width":1228,"height":200,"caption":"Atyges"},"image":{"@id":"https:\/\/atyges.es\/en\/#\/schema\/logo\/image\/"}}]}},"jetpack_sharing_enabled":true,"_links":{"self":[{"href":"https:\/\/atyges.es\/en\/wp-json\/wp\/v2\/product\/40497","targetHints":{"allow":["GET"]}}],"collection":[{"href":"https:\/\/atyges.es\/en\/wp-json\/wp\/v2\/product"}],"about":[{"href":"https:\/\/atyges.es\/en\/wp-json\/wp\/v2\/types\/product"}],"wp:featuredmedia":[{"embeddable":true,"href":"https:\/\/atyges.es\/en\/wp-json\/wp\/v2\/media\/40473"}],"wp:attachment":[{"href":"https:\/\/atyges.es\/en\/wp-json\/wp\/v2\/media?parent=40497"}],"wp:term":[{"taxonomy":"product_brand","embeddable":true,"href":"https:\/\/atyges.es\/en\/wp-json\/wp\/v2\/product_brand?post=40497"},{"taxonomy":"product_cat","embeddable":true,"href":"https:\/\/atyges.es\/en\/wp-json\/wp\/v2\/product_cat?post=40497"},{"taxonomy":"product_tag","embeddable":true,"href":"https:\/\/atyges.es\/en\/wp-json\/wp\/v2\/product_tag?post=40497"}],"curies":[{"name":"wp","href":"https:\/\/api.w.org\/{rel}","templated":true}]}}