{"id":40075,"date":"2025-01-08T18:08:18","date_gmt":"2025-01-08T17:08:18","guid":{"rendered":"https:\/\/atyges.es\/product\/d-rtk-3-survey-pole-and-tripod-kit\/"},"modified":"2025-03-02T14:48:48","modified_gmt":"2025-03-02T13:48:48","slug":"d-rtk-3-survey-pole-and-tripod-kit","status":"publish","type":"product","link":"https:\/\/atyges.es\/en\/tienda\/product\/d-rtk-3-survey-pole-and-tripod-kit\/","title":{"rendered":"D-RTK 3 Survey Pole and Tripod Kit"},"content":{"rendered":"\n\n<div class=\"kk-star-ratings kksr-auto kksr-align-center kksr-valign-bottom\"\n    data-payload='{&quot;align&quot;:&quot;center&quot;,&quot;id&quot;:&quot;40075&quot;,&quot;slug&quot;:&quot;default&quot;,&quot;valign&quot;:&quot;bottom&quot;,&quot;ignore&quot;:&quot;&quot;,&quot;reference&quot;:&quot;auto&quot;,&quot;class&quot;:&quot;&quot;,&quot;count&quot;:&quot;0&quot;,&quot;legendonly&quot;:&quot;&quot;,&quot;readonly&quot;:&quot;&quot;,&quot;score&quot;:&quot;0&quot;,&quot;starsonly&quot;:&quot;&quot;,&quot;best&quot;:&quot;5&quot;,&quot;gap&quot;:&quot;5&quot;,&quot;greet&quot;:&quot;Val\u00f3ranos&quot;,&quot;legend&quot;:&quot;0\\\/5 - (0 votes)&quot;,&quot;size&quot;:&quot;24&quot;,&quot;title&quot;:&quot;D-RTK 3 Survey Pole and Tripod Kit&quot;,&quot;width&quot;:&quot;0&quot;,&quot;_legend&quot;:&quot;{score}\\\/{best} - ({count} {votes})&quot;,&quot;font_factor&quot;:&quot;1.25&quot;}'>\n            \n<div class=\"kksr-stars\">\n    \n<div class=\"kksr-stars-inactive\">\n            <div class=\"kksr-star\" data-star=\"1\" style=\"padding-right: 5px\">\n            \n\n<div class=\"kksr-icon\" style=\"width: 24px; height: 24px;\"><\/div>\n        <\/div>\n            <div class=\"kksr-star\" data-star=\"2\" style=\"padding-right: 5px\">\n            \n\n<div class=\"kksr-icon\" style=\"width: 24px; height: 24px;\"><\/div>\n        <\/div>\n            <div class=\"kksr-star\" data-star=\"3\" style=\"padding-right: 5px\">\n            \n\n<div class=\"kksr-icon\" style=\"width: 24px; height: 24px;\"><\/div>\n        <\/div>\n            <div class=\"kksr-star\" data-star=\"4\" style=\"padding-right: 5px\">\n            \n\n<div class=\"kksr-icon\" style=\"width: 24px; height: 24px;\"><\/div>\n        <\/div>\n            <div class=\"kksr-star\" data-star=\"5\" style=\"padding-right: 5px\">\n            \n\n<div class=\"kksr-icon\" style=\"width: 24px; height: 24px;\"><\/div>\n        <\/div>\n    <\/div>\n    \n<div class=\"kksr-stars-active\" style=\"width: 0px;\">\n            <div class=\"kksr-star\" style=\"padding-right: 5px\">\n            \n\n<div class=\"kksr-icon\" style=\"width: 24px; height: 24px;\"><\/div>\n        <\/div>\n            <div class=\"kksr-star\" style=\"padding-right: 5px\">\n            \n\n<div class=\"kksr-icon\" style=\"width: 24px; height: 24px;\"><\/div>\n        <\/div>\n            <div class=\"kksr-star\" style=\"padding-right: 5px\">\n            \n\n<div class=\"kksr-icon\" style=\"width: 24px; height: 24px;\"><\/div>\n        <\/div>\n            <div class=\"kksr-star\" style=\"padding-right: 5px\">\n            \n\n<div class=\"kksr-icon\" style=\"width: 24px; height: 24px;\"><\/div>\n        <\/div>\n            <div class=\"kksr-star\" style=\"padding-right: 5px\">\n            \n\n<div class=\"kksr-icon\" style=\"width: 24px; height: 24px;\"><\/div>\n        <\/div>\n    <\/div>\n<\/div>\n                \n\n<div class=\"kksr-legend\" style=\"font-size: 19.2px;\">\n            <span class=\"kksr-muted\">Val\u00f3ranos<\/span>\n    <\/div>\n    <\/div>\n","protected":false},"excerpt":{"rendered":"<h1>D-RTK 3 Survey Pole and Tripod Kit<\/h1>\n<p>The new D-RTK 3 Survey Pole and Tripod Kit features an auto-locking pole with easy height adjustment and a dual-locking tripod for easy leveling.<\/p>\n<p>The survey pole and tripod are designed to work seamlessly with the <a href=\"https:\/\/atyges.es\/en\/tienda\/product\/multifuncional-station-d-rtk-3\/\">D-RTK 3 multifunction station<\/a>, allowing for flexible setup in different situations.<\/p>\n<ul>\n<li>In base station mode, it provides a stable setup for high-precision drone missions.<\/li>\n<li>In rover mode, the survey pole can be used alone to collect checkpoint and verification data.<\/li>\n<\/ul>\n<h3>Package Contents<\/h3>\n<ul>\n<li>1 x Self-Locking Survey Pole.<\/li>\n<li>1 x Double-Locking Tripod.<\/li>\n<\/ul>\n<h3>Specifications:<\/h3>\n<ul>\n<li>Package Dimensions: 245 \u00d7 245 \u00d7 1398 mm (L. \u00d7 W. \u00d7 H.)<\/li>\n<li>Package Weight: 4.96 kg<\/li>\n<li>Survey Pole: Height: 125 to 200 cm (without 5\/8&#8243; thread)<\/li>\n<li>Weight: 900 g<\/li>\n<li>Tripod: Height: 92 cm<\/li>\n<li>Weight: 2800 g<\/li>\n<\/ul>\n<h3>Compatibility:<\/h3>\n<ul>\n<li><a href=\"https:\/\/atyges.es\/en\/tienda\/product\/multifuncional-station-d-rtk-3\/\">D-RTK 3 multifunction station<\/a><\/li>\n<li>D-RTK 3 AG<\/li>\n<\/ul>\n","protected":false},"featured_media":39232,"template":"","meta":[],"product_brand":[],"product_cat":[1469,1582,1873,1513,1546],"product_tag":[1899,1982,1981],"class_list":{"0":"post-40075","1":"product","2":"type-product","3":"status-publish","4":"has-post-thumbnail","6":"product_cat-matrice-30-en","7":"product_cat-matrice-350-rtk-en","8":"product_cat-matrice-4-en","9":"product_cat-mavic-3-enterprise","10":"product_cat-mavic-3-multiespectral-en","11":"product_tag-drtk-3-en","12":"product_tag-pole-dji","13":"product_tag-tripod-dji","14":"product_shipping_class-envio-gratuito-para-los-dji-consumer-en","16":"first","17":"instock","18":"taxable","19":"shipping-taxable","20":"purchasable","21":"product-type-simple"},"yoast_head":"<!-- This site is optimized with the Yoast SEO plugin v27.2 - https:\/\/yoast.com\/product\/yoast-seo-wordpress\/ -->\n<title>D-RTK 3 Topographic Pole and Tripod Kit | Tripod and topographic pole for D-RTK3<\/title>\n<meta name=\"description\" content=\"Kit consisting of a survey pole and tripod for use with the D-RTK3 Multifunction Station | For field measurements | [ATyges Official DJI Dealer]\" \/>\n<meta name=\"robots\" content=\"index, follow, max-snippet:-1, max-image-preview:large, max-video-preview:-1\" \/>\n<link rel=\"canonical\" href=\"https:\/\/atyges.es\/en\/tienda\/product\/d-rtk-3-survey-pole-and-tripod-kit\/\" \/>\n<meta property=\"og:locale\" content=\"en_US\" \/>\n<meta property=\"og:type\" content=\"article\" \/>\n<meta property=\"og:title\" content=\"D-RTK 3 Topographic Pole and Tripod Kit | Tripod and topographic pole for D-RTK3\" \/>\n<meta property=\"og:description\" content=\"Kit consisting of a survey pole and tripod for use with the D-RTK3 Multifunction Station | For field measurements | [ATyges Official DJI Dealer]\" \/>\n<meta property=\"og:url\" content=\"https:\/\/atyges.es\/en\/tienda\/product\/d-rtk-3-survey-pole-and-tripod-kit\/\" \/>\n<meta property=\"og:site_name\" content=\"ATyges\" \/>\n<meta property=\"article:modified_time\" content=\"2025-03-02T13:48:48+00:00\" \/>\n<meta property=\"og:image\" content=\"https:\/\/atyges.es\/wp-content\/uploads\/2025\/01\/Kit-Tripode_DRTK_3_02.jpg\" \/>\n\t<meta property=\"og:image:width\" content=\"1200\" \/>\n\t<meta property=\"og:image:height\" content=\"800\" \/>\n\t<meta property=\"og:image:type\" content=\"image\/jpeg\" \/>\n<meta name=\"twitter:card\" content=\"summary_large_image\" \/>\n<script type=\"application\/ld+json\" class=\"yoast-schema-graph\">{\"@context\":\"https:\/\/schema.org\",\"@graph\":[{\"@type\":\"WebPage\",\"@id\":\"https:\/\/atyges.es\/en\/tienda\/product\/d-rtk-3-survey-pole-and-tripod-kit\/\",\"url\":\"https:\/\/atyges.es\/en\/tienda\/product\/d-rtk-3-survey-pole-and-tripod-kit\/\",\"name\":\"D-RTK 3 Topographic Pole and Tripod Kit | Tripod and topographic pole for D-RTK3\",\"isPartOf\":{\"@id\":\"https:\/\/atyges.es\/en\/#website\"},\"primaryImageOfPage\":{\"@id\":\"https:\/\/atyges.es\/en\/tienda\/product\/d-rtk-3-survey-pole-and-tripod-kit\/#primaryimage\"},\"image\":{\"@id\":\"https:\/\/atyges.es\/en\/tienda\/product\/d-rtk-3-survey-pole-and-tripod-kit\/#primaryimage\"},\"thumbnailUrl\":\"https:\/\/atyges.es\/wp-content\/uploads\/2025\/01\/Kit-Tripode_DRTK_3_02.jpg\",\"datePublished\":\"2025-01-08T17:08:18+00:00\",\"dateModified\":\"2025-03-02T13:48:48+00:00\",\"description\":\"Kit consisting of a survey pole and tripod for use with the D-RTK3 Multifunction Station | For field measurements | [ATyges Official DJI Dealer]\",\"breadcrumb\":{\"@id\":\"https:\/\/atyges.es\/en\/tienda\/product\/d-rtk-3-survey-pole-and-tripod-kit\/#breadcrumb\"},\"inLanguage\":\"en-US\",\"potentialAction\":[{\"@type\":\"ReadAction\",\"target\":[\"https:\/\/atyges.es\/en\/tienda\/product\/d-rtk-3-survey-pole-and-tripod-kit\/\"]}]},{\"@type\":\"ImageObject\",\"inLanguage\":\"en-US\",\"@id\":\"https:\/\/atyges.es\/en\/tienda\/product\/d-rtk-3-survey-pole-and-tripod-kit\/#primaryimage\",\"url\":\"https:\/\/atyges.es\/wp-content\/uploads\/2025\/01\/Kit-Tripode_DRTK_3_02.jpg\",\"contentUrl\":\"https:\/\/atyges.es\/wp-content\/uploads\/2025\/01\/Kit-Tripode_DRTK_3_02.jpg\",\"width\":1200,\"height\":800,\"caption\":\"D-RTK 3 Survey Pole and Tripod Kit\"},{\"@type\":\"BreadcrumbList\",\"@id\":\"https:\/\/atyges.es\/en\/tienda\/product\/d-rtk-3-survey-pole-and-tripod-kit\/#breadcrumb\",\"itemListElement\":[{\"@type\":\"ListItem\",\"position\":1,\"name\":\"Portada\",\"item\":\"https:\/\/atyges.es\/en\/\"},{\"@type\":\"ListItem\",\"position\":2,\"name\":\"Products\",\"item\":\"https:\/\/atyges.es\/en\/shop\/\"},{\"@type\":\"ListItem\",\"position\":3,\"name\":\"D-RTK 3 Survey Pole and Tripod Kit\"}]},{\"@type\":\"WebSite\",\"@id\":\"https:\/\/atyges.es\/en\/#website\",\"url\":\"https:\/\/atyges.es\/en\/\",\"name\":\"ATyges\",\"description\":\"\",\"publisher\":{\"@id\":\"https:\/\/atyges.es\/en\/#organization\"},\"potentialAction\":[{\"@type\":\"SearchAction\",\"target\":{\"@type\":\"EntryPoint\",\"urlTemplate\":\"https:\/\/atyges.es\/en\/?s={search_term_string}\"},\"query-input\":{\"@type\":\"PropertyValueSpecification\",\"valueRequired\":true,\"valueName\":\"search_term_string\"}}],\"inLanguage\":\"en-US\"},{\"@type\":\"Organization\",\"@id\":\"https:\/\/atyges.es\/en\/#organization\",\"name\":\"Atyges\",\"url\":\"https:\/\/atyges.es\/en\/\",\"logo\":{\"@type\":\"ImageObject\",\"inLanguage\":\"en-US\",\"@id\":\"https:\/\/atyges.es\/en\/#\/schema\/logo\/image\/\",\"url\":\"https:\/\/atyges.es\/wp-content\/uploads\/2022\/01\/Logo_ATyges_Store.png\",\"contentUrl\":\"https:\/\/atyges.es\/wp-content\/uploads\/2022\/01\/Logo_ATyges_Store.png\",\"width\":1228,\"height\":200,\"caption\":\"Atyges\"},\"image\":{\"@id\":\"https:\/\/atyges.es\/en\/#\/schema\/logo\/image\/\"}}]}<\/script>\n<!-- \/ Yoast SEO plugin. -->","yoast_head_json":{"title":"D-RTK 3 Topographic Pole and Tripod Kit | Tripod and topographic pole for D-RTK3","description":"Kit consisting of a survey pole and tripod for use with the D-RTK3 Multifunction Station | For field measurements | [ATyges Official DJI Dealer]","robots":{"index":"index","follow":"follow","max-snippet":"max-snippet:-1","max-image-preview":"max-image-preview:large","max-video-preview":"max-video-preview:-1"},"canonical":"https:\/\/atyges.es\/en\/tienda\/product\/d-rtk-3-survey-pole-and-tripod-kit\/","og_locale":"en_US","og_type":"article","og_title":"D-RTK 3 Topographic Pole and Tripod Kit | Tripod and topographic pole for D-RTK3","og_description":"Kit consisting of a survey pole and tripod for use with the D-RTK3 Multifunction Station | For field measurements | [ATyges Official DJI Dealer]","og_url":"https:\/\/atyges.es\/en\/tienda\/product\/d-rtk-3-survey-pole-and-tripod-kit\/","og_site_name":"ATyges","article_modified_time":"2025-03-02T13:48:48+00:00","og_image":[{"width":1200,"height":800,"url":"https:\/\/atyges.es\/wp-content\/uploads\/2025\/01\/Kit-Tripode_DRTK_3_02.jpg","type":"image\/jpeg"}],"twitter_card":"summary_large_image","schema":{"@context":"https:\/\/schema.org","@graph":[{"@type":"WebPage","@id":"https:\/\/atyges.es\/en\/tienda\/product\/d-rtk-3-survey-pole-and-tripod-kit\/","url":"https:\/\/atyges.es\/en\/tienda\/product\/d-rtk-3-survey-pole-and-tripod-kit\/","name":"D-RTK 3 Topographic Pole and Tripod Kit | Tripod and topographic pole for D-RTK3","isPartOf":{"@id":"https:\/\/atyges.es\/en\/#website"},"primaryImageOfPage":{"@id":"https:\/\/atyges.es\/en\/tienda\/product\/d-rtk-3-survey-pole-and-tripod-kit\/#primaryimage"},"image":{"@id":"https:\/\/atyges.es\/en\/tienda\/product\/d-rtk-3-survey-pole-and-tripod-kit\/#primaryimage"},"thumbnailUrl":"https:\/\/atyges.es\/wp-content\/uploads\/2025\/01\/Kit-Tripode_DRTK_3_02.jpg","datePublished":"2025-01-08T17:08:18+00:00","dateModified":"2025-03-02T13:48:48+00:00","description":"Kit consisting of a survey pole and tripod for use with the D-RTK3 Multifunction Station | For field measurements | [ATyges Official DJI Dealer]","breadcrumb":{"@id":"https:\/\/atyges.es\/en\/tienda\/product\/d-rtk-3-survey-pole-and-tripod-kit\/#breadcrumb"},"inLanguage":"en-US","potentialAction":[{"@type":"ReadAction","target":["https:\/\/atyges.es\/en\/tienda\/product\/d-rtk-3-survey-pole-and-tripod-kit\/"]}]},{"@type":"ImageObject","inLanguage":"en-US","@id":"https:\/\/atyges.es\/en\/tienda\/product\/d-rtk-3-survey-pole-and-tripod-kit\/#primaryimage","url":"https:\/\/atyges.es\/wp-content\/uploads\/2025\/01\/Kit-Tripode_DRTK_3_02.jpg","contentUrl":"https:\/\/atyges.es\/wp-content\/uploads\/2025\/01\/Kit-Tripode_DRTK_3_02.jpg","width":1200,"height":800,"caption":"D-RTK 3 Survey Pole and Tripod Kit"},{"@type":"BreadcrumbList","@id":"https:\/\/atyges.es\/en\/tienda\/product\/d-rtk-3-survey-pole-and-tripod-kit\/#breadcrumb","itemListElement":[{"@type":"ListItem","position":1,"name":"Portada","item":"https:\/\/atyges.es\/en\/"},{"@type":"ListItem","position":2,"name":"Products","item":"https:\/\/atyges.es\/en\/shop\/"},{"@type":"ListItem","position":3,"name":"D-RTK 3 Survey Pole and Tripod Kit"}]},{"@type":"WebSite","@id":"https:\/\/atyges.es\/en\/#website","url":"https:\/\/atyges.es\/en\/","name":"ATyges","description":"","publisher":{"@id":"https:\/\/atyges.es\/en\/#organization"},"potentialAction":[{"@type":"SearchAction","target":{"@type":"EntryPoint","urlTemplate":"https:\/\/atyges.es\/en\/?s={search_term_string}"},"query-input":{"@type":"PropertyValueSpecification","valueRequired":true,"valueName":"search_term_string"}}],"inLanguage":"en-US"},{"@type":"Organization","@id":"https:\/\/atyges.es\/en\/#organization","name":"Atyges","url":"https:\/\/atyges.es\/en\/","logo":{"@type":"ImageObject","inLanguage":"en-US","@id":"https:\/\/atyges.es\/en\/#\/schema\/logo\/image\/","url":"https:\/\/atyges.es\/wp-content\/uploads\/2022\/01\/Logo_ATyges_Store.png","contentUrl":"https:\/\/atyges.es\/wp-content\/uploads\/2022\/01\/Logo_ATyges_Store.png","width":1228,"height":200,"caption":"Atyges"},"image":{"@id":"https:\/\/atyges.es\/en\/#\/schema\/logo\/image\/"}}]}},"jetpack_sharing_enabled":true,"_links":{"self":[{"href":"https:\/\/atyges.es\/en\/wp-json\/wp\/v2\/product\/40075","targetHints":{"allow":["GET"]}}],"collection":[{"href":"https:\/\/atyges.es\/en\/wp-json\/wp\/v2\/product"}],"about":[{"href":"https:\/\/atyges.es\/en\/wp-json\/wp\/v2\/types\/product"}],"wp:featuredmedia":[{"embeddable":true,"href":"https:\/\/atyges.es\/en\/wp-json\/wp\/v2\/media\/39232"}],"wp:attachment":[{"href":"https:\/\/atyges.es\/en\/wp-json\/wp\/v2\/media?parent=40075"}],"wp:term":[{"taxonomy":"product_brand","embeddable":true,"href":"https:\/\/atyges.es\/en\/wp-json\/wp\/v2\/product_brand?post=40075"},{"taxonomy":"product_cat","embeddable":true,"href":"https:\/\/atyges.es\/en\/wp-json\/wp\/v2\/product_cat?post=40075"},{"taxonomy":"product_tag","embeddable":true,"href":"https:\/\/atyges.es\/en\/wp-json\/wp\/v2\/product_tag?post=40075"}],"curies":[{"name":"wp","href":"https:\/\/api.w.org\/{rel}","templated":true}]}}