{"id":29642,"date":"2023-05-18T20:11:16","date_gmt":"2023-05-18T19:11:16","guid":{"rendered":"https:\/\/atyges.es\/?post_type=product&#038;p=29642"},"modified":"2023-05-18T20:47:39","modified_gmt":"2023-05-18T19:47:39","slug":"bs65-battery-charging-station","status":"publish","type":"product","link":"https:\/\/atyges.es\/en\/tienda\/product\/bs65-battery-charging-station\/","title":{"rendered":"BS65 Battery Charging Station"},"content":{"rendered":"<p>Battery charging station BS65 is a complete solution for charging, storing and transporting batteries.<\/p>\n<p>New save mode and ready-to-fly mode increase charging efficiency and extend battery life.<\/p>\n<p>New 360\u00b0 motion wheels make transport and relocation easy.<\/p>\n<p>The battery charging station provides:<\/p>\n<ul>\n<li>8 qty TB65 battery ports.<\/li>\n<li>4 qty WB37 battery ports.<\/li>\n<li>1 qty USB-C service port.<\/li>\n<li>1 qty USB-C charging port.<\/li>\n<li>1 qty USB-A charging port.<\/li>\n<\/ul>\n<p>You can charge up to two TB65 batteries and one WB37 battery at the same time.<\/p>\n<p><strong>Multiple charging modes<\/strong><br \/>\nStorage mode charges at 50%, which is optimal for long-term storage. In flight-ready mode, multiple battery packs rapidly charge to 90% for plug-and-play operations while extending battery life.<\/p>\n<p><strong>Smart management<\/strong><br \/>\nWhen the Battery Charging Station is connected to the DJI RC Plus, the DJI Pilot 2 app will display the battery level and operating status. In addition, the number of self-discharge days can be set, firmware upgrade, log export and other quick operation steps can be accessed with one touch.<\/p>\n<p><strong>Move effortlessly<\/strong><br \/>\nThe battery charging station is equipped with 360\u00b0 wheels for more comfortable transport and change of position.<\/p>\n<p><strong>Tips<\/strong><br \/>\n1. Do not close the protective cover of the battery charging station during charging.<br \/>\n2. Do not try to touch the metal connectors on the battery terminals.<\/p>\n\n\n<div class=\"kk-star-ratings kksr-auto kksr-align-center kksr-valign-bottom\"\n    data-payload='{&quot;align&quot;:&quot;center&quot;,&quot;id&quot;:&quot;29642&quot;,&quot;slug&quot;:&quot;default&quot;,&quot;valign&quot;:&quot;bottom&quot;,&quot;ignore&quot;:&quot;&quot;,&quot;reference&quot;:&quot;auto&quot;,&quot;class&quot;:&quot;&quot;,&quot;count&quot;:&quot;0&quot;,&quot;legendonly&quot;:&quot;&quot;,&quot;readonly&quot;:&quot;&quot;,&quot;score&quot;:&quot;0&quot;,&quot;starsonly&quot;:&quot;&quot;,&quot;best&quot;:&quot;5&quot;,&quot;gap&quot;:&quot;5&quot;,&quot;greet&quot;:&quot;Val\u00f3ranos&quot;,&quot;legend&quot;:&quot;0\\\/5 - (0 votes)&quot;,&quot;size&quot;:&quot;24&quot;,&quot;title&quot;:&quot;BS65 Battery Charging Station&quot;,&quot;width&quot;:&quot;0&quot;,&quot;_legend&quot;:&quot;{score}\\\/{best} - ({count} {votes})&quot;,&quot;font_factor&quot;:&quot;1.25&quot;}'>\n            \n<div class=\"kksr-stars\">\n    \n<div class=\"kksr-stars-inactive\">\n            <div class=\"kksr-star\" data-star=\"1\" style=\"padding-right: 5px\">\n            \n\n<div class=\"kksr-icon\" style=\"width: 24px; height: 24px;\"><\/div>\n        <\/div>\n            <div class=\"kksr-star\" data-star=\"2\" style=\"padding-right: 5px\">\n            \n\n<div class=\"kksr-icon\" style=\"width: 24px; height: 24px;\"><\/div>\n        <\/div>\n            <div class=\"kksr-star\" data-star=\"3\" style=\"padding-right: 5px\">\n            \n\n<div class=\"kksr-icon\" style=\"width: 24px; height: 24px;\"><\/div>\n        <\/div>\n            <div class=\"kksr-star\" data-star=\"4\" style=\"padding-right: 5px\">\n            \n\n<div class=\"kksr-icon\" style=\"width: 24px; height: 24px;\"><\/div>\n        <\/div>\n            <div class=\"kksr-star\" data-star=\"5\" style=\"padding-right: 5px\">\n            \n\n<div class=\"kksr-icon\" style=\"width: 24px; height: 24px;\"><\/div>\n        <\/div>\n    <\/div>\n    \n<div class=\"kksr-stars-active\" style=\"width: 0px;\">\n            <div class=\"kksr-star\" style=\"padding-right: 5px\">\n            \n\n<div class=\"kksr-icon\" style=\"width: 24px; height: 24px;\"><\/div>\n        <\/div>\n            <div class=\"kksr-star\" style=\"padding-right: 5px\">\n            \n\n<div class=\"kksr-icon\" style=\"width: 24px; height: 24px;\"><\/div>\n        <\/div>\n            <div class=\"kksr-star\" style=\"padding-right: 5px\">\n            \n\n<div class=\"kksr-icon\" style=\"width: 24px; height: 24px;\"><\/div>\n        <\/div>\n            <div class=\"kksr-star\" style=\"padding-right: 5px\">\n            \n\n<div class=\"kksr-icon\" style=\"width: 24px; height: 24px;\"><\/div>\n        <\/div>\n            <div class=\"kksr-star\" style=\"padding-right: 5px\">\n            \n\n<div class=\"kksr-icon\" style=\"width: 24px; height: 24px;\"><\/div>\n        <\/div>\n    <\/div>\n<\/div>\n                \n\n<div class=\"kksr-legend\" style=\"font-size: 19.2px;\">\n            <span class=\"kksr-muted\">Val\u00f3ranos<\/span>\n    <\/div>\n    <\/div>\n","protected":false},"excerpt":{"rendered":"<p>The DJI BS65 Charging Station is designed for fast charging of Matrice 350 series batteries. It can store up to 8 drone flight batteries and 4 remote control batteries.<\/p>\n<p><strong>Specifications<\/strong><br \/>\nDimensions: 580 \u00d7 358 \u00d7 254mm (L\u00d7W\u00d7H)<br \/>\nNet Weight: Approximately 9.03 kg<br \/>\nOutput power: 100 to 120 V (AC), 750 W; 220 to 240 V (AC), 992 W<br \/>\nUSB-C charging port: 65W maximum power output<br \/>\nOperating temperature: -20 to +40 \u00b0C<\/p>\n<p><strong>Compatibility<\/strong><br \/>\nMatrice 350 RTK<\/p>\n<p><strong>Product content:<\/strong><br \/>\n1 BS65 battery station.<br \/>\n1 USB-C to USB-C cable.<br \/>\n1 power cord.<\/p>\n","protected":false},"featured_media":29646,"template":"","meta":[],"product_brand":[],"product_cat":[1582,1085],"product_tag":[1586,1253,1585,1254,1583,1255,1584],"class_list":{"0":"post-29642","1":"product","2":"type-product","3":"status-publish","4":"has-post-thumbnail","6":"product_cat-matrice-350-rtk-en","7":"product_cat-professional-drones","8":"product_tag-battery-charging-station","9":"product_tag-bs60-en-2","10":"product_tag-bs65-en","11":"product_tag-m300rtk-en","12":"product_tag-m350rtk-en","13":"product_tag-tb60-en","14":"product_tag-tb65-en","15":"product_shipping_class-es-free-shipping","17":"first","18":"outofstock","19":"taxable","20":"shipping-taxable","21":"purchasable","22":"product-type-simple"},"yoast_head":"<!-- This site is optimized with the Yoast SEO plugin v27.4 - https:\/\/yoast.com\/product\/yoast-seo-wordpress\/ -->\n<title>BS65 Battery Charging Station | Enterprise dron with IA | ATyges \u00ae<\/title>\n<meta name=\"description\" content=\"BS65 Battery Charging Station \u2b50 ATyges, Online Store Professional Drones. \u2705\u3010Oficial Reseller DJI\u3011\u2705.\" \/>\n<meta name=\"robots\" content=\"index, follow, max-snippet:-1, max-image-preview:large, max-video-preview:-1\" \/>\n<link rel=\"canonical\" href=\"https:\/\/atyges.es\/en\/tienda\/product\/bs65-battery-charging-station\/\" \/>\n<meta property=\"og:locale\" content=\"en_US\" \/>\n<meta property=\"og:type\" content=\"article\" \/>\n<meta property=\"og:title\" content=\"BS65 Battery Charging Station | Enterprise dron with IA | ATyges \u00ae\" \/>\n<meta property=\"og:description\" content=\"BS65 Battery Charging Station \u2b50 ATyges, Online Store Professional Drones. \u2705\u3010Oficial Reseller DJI\u3011\u2705.\" \/>\n<meta property=\"og:url\" content=\"https:\/\/atyges.es\/en\/tienda\/product\/bs65-battery-charging-station\/\" \/>\n<meta property=\"og:site_name\" content=\"ATyges\" \/>\n<meta property=\"article:modified_time\" content=\"2023-05-18T19:47:39+00:00\" \/>\n<meta property=\"og:image\" content=\"https:\/\/atyges.es\/wp-content\/uploads\/2023\/05\/BS65_ATyges02.jpg\" \/>\n\t<meta property=\"og:image:width\" content=\"1000\" \/>\n\t<meta property=\"og:image:height\" content=\"720\" \/>\n\t<meta property=\"og:image:type\" content=\"image\/jpeg\" \/>\n<meta name=\"twitter:card\" content=\"summary_large_image\" \/>\n<meta name=\"twitter:label1\" content=\"Est. reading time\" \/>\n\t<meta name=\"twitter:data1\" content=\"1 minute\" \/>\n<script type=\"application\/ld+json\" class=\"yoast-schema-graph\">{\"@context\":\"https:\\\/\\\/schema.org\",\"@graph\":[{\"@type\":\"WebPage\",\"@id\":\"https:\\\/\\\/atyges.es\\\/en\\\/tienda\\\/product\\\/bs65-battery-charging-station\\\/\",\"url\":\"https:\\\/\\\/atyges.es\\\/en\\\/tienda\\\/product\\\/bs65-battery-charging-station\\\/\",\"name\":\"BS65 Battery Charging Station | Enterprise dron with IA | ATyges \u00ae\",\"isPartOf\":{\"@id\":\"https:\\\/\\\/atyges.es\\\/en\\\/#website\"},\"primaryImageOfPage\":{\"@id\":\"https:\\\/\\\/atyges.es\\\/en\\\/tienda\\\/product\\\/bs65-battery-charging-station\\\/#primaryimage\"},\"image\":{\"@id\":\"https:\\\/\\\/atyges.es\\\/en\\\/tienda\\\/product\\\/bs65-battery-charging-station\\\/#primaryimage\"},\"thumbnailUrl\":\"https:\\\/\\\/atyges.es\\\/wp-content\\\/uploads\\\/2023\\\/05\\\/BS65_ATyges02.jpg\",\"datePublished\":\"2023-05-18T19:11:16+00:00\",\"dateModified\":\"2023-05-18T19:47:39+00:00\",\"description\":\"BS65 Battery Charging Station \u2b50 ATyges, Online Store Professional Drones. \u2705\u3010Oficial Reseller DJI\u3011\u2705.\",\"breadcrumb\":{\"@id\":\"https:\\\/\\\/atyges.es\\\/en\\\/tienda\\\/product\\\/bs65-battery-charging-station\\\/#breadcrumb\"},\"inLanguage\":\"en-US\",\"potentialAction\":[{\"@type\":\"ReadAction\",\"target\":[\"https:\\\/\\\/atyges.es\\\/en\\\/tienda\\\/product\\\/bs65-battery-charging-station\\\/\"]}]},{\"@type\":\"ImageObject\",\"inLanguage\":\"en-US\",\"@id\":\"https:\\\/\\\/atyges.es\\\/en\\\/tienda\\\/product\\\/bs65-battery-charging-station\\\/#primaryimage\",\"url\":\"https:\\\/\\\/atyges.es\\\/wp-content\\\/uploads\\\/2023\\\/05\\\/BS65_ATyges02.jpg\",\"contentUrl\":\"https:\\\/\\\/atyges.es\\\/wp-content\\\/uploads\\\/2023\\\/05\\\/BS65_ATyges02.jpg\",\"width\":1000,\"height\":720,\"caption\":\"Estaci\u00f3n de carga de bater\u00edas BS65\"},{\"@type\":\"BreadcrumbList\",\"@id\":\"https:\\\/\\\/atyges.es\\\/en\\\/tienda\\\/product\\\/bs65-battery-charging-station\\\/#breadcrumb\",\"itemListElement\":[{\"@type\":\"ListItem\",\"position\":1,\"name\":\"Portada\",\"item\":\"https:\\\/\\\/atyges.es\\\/en\\\/\"},{\"@type\":\"ListItem\",\"position\":2,\"name\":\"Products\",\"item\":\"https:\\\/\\\/atyges.es\\\/en\\\/shop\\\/\"},{\"@type\":\"ListItem\",\"position\":3,\"name\":\"BS65 Battery Charging Station\"}]},{\"@type\":\"WebSite\",\"@id\":\"https:\\\/\\\/atyges.es\\\/en\\\/#website\",\"url\":\"https:\\\/\\\/atyges.es\\\/en\\\/\",\"name\":\"ATyges\",\"description\":\"\",\"publisher\":{\"@id\":\"https:\\\/\\\/atyges.es\\\/en\\\/#organization\"},\"potentialAction\":[{\"@type\":\"SearchAction\",\"target\":{\"@type\":\"EntryPoint\",\"urlTemplate\":\"https:\\\/\\\/atyges.es\\\/en\\\/?s={search_term_string}\"},\"query-input\":{\"@type\":\"PropertyValueSpecification\",\"valueRequired\":true,\"valueName\":\"search_term_string\"}}],\"inLanguage\":\"en-US\"},{\"@type\":\"Organization\",\"@id\":\"https:\\\/\\\/atyges.es\\\/en\\\/#organization\",\"name\":\"Atyges\",\"url\":\"https:\\\/\\\/atyges.es\\\/en\\\/\",\"logo\":{\"@type\":\"ImageObject\",\"inLanguage\":\"en-US\",\"@id\":\"https:\\\/\\\/atyges.es\\\/en\\\/#\\\/schema\\\/logo\\\/image\\\/\",\"url\":\"https:\\\/\\\/atyges.es\\\/wp-content\\\/uploads\\\/2022\\\/01\\\/Logo_ATyges_Store.png\",\"contentUrl\":\"https:\\\/\\\/atyges.es\\\/wp-content\\\/uploads\\\/2022\\\/01\\\/Logo_ATyges_Store.png\",\"width\":1228,\"height\":200,\"caption\":\"Atyges\"},\"image\":{\"@id\":\"https:\\\/\\\/atyges.es\\\/en\\\/#\\\/schema\\\/logo\\\/image\\\/\"}}]}<\/script>\n<!-- \/ Yoast SEO plugin. -->","yoast_head_json":{"title":"BS65 Battery Charging Station | Enterprise dron with IA | ATyges \u00ae","description":"BS65 Battery Charging Station \u2b50 ATyges, Online Store Professional Drones. \u2705\u3010Oficial Reseller DJI\u3011\u2705.","robots":{"index":"index","follow":"follow","max-snippet":"max-snippet:-1","max-image-preview":"max-image-preview:large","max-video-preview":"max-video-preview:-1"},"canonical":"https:\/\/atyges.es\/en\/tienda\/product\/bs65-battery-charging-station\/","og_locale":"en_US","og_type":"article","og_title":"BS65 Battery Charging Station | Enterprise dron with IA | ATyges \u00ae","og_description":"BS65 Battery Charging Station \u2b50 ATyges, Online Store Professional Drones. \u2705\u3010Oficial Reseller DJI\u3011\u2705.","og_url":"https:\/\/atyges.es\/en\/tienda\/product\/bs65-battery-charging-station\/","og_site_name":"ATyges","article_modified_time":"2023-05-18T19:47:39+00:00","og_image":[{"width":1000,"height":720,"url":"https:\/\/atyges.es\/wp-content\/uploads\/2023\/05\/BS65_ATyges02.jpg","type":"image\/jpeg"}],"twitter_card":"summary_large_image","twitter_misc":{"Est. reading time":"1 minute"},"schema":{"@context":"https:\/\/schema.org","@graph":[{"@type":"WebPage","@id":"https:\/\/atyges.es\/en\/tienda\/product\/bs65-battery-charging-station\/","url":"https:\/\/atyges.es\/en\/tienda\/product\/bs65-battery-charging-station\/","name":"BS65 Battery Charging Station | Enterprise dron with IA | ATyges \u00ae","isPartOf":{"@id":"https:\/\/atyges.es\/en\/#website"},"primaryImageOfPage":{"@id":"https:\/\/atyges.es\/en\/tienda\/product\/bs65-battery-charging-station\/#primaryimage"},"image":{"@id":"https:\/\/atyges.es\/en\/tienda\/product\/bs65-battery-charging-station\/#primaryimage"},"thumbnailUrl":"https:\/\/atyges.es\/wp-content\/uploads\/2023\/05\/BS65_ATyges02.jpg","datePublished":"2023-05-18T19:11:16+00:00","dateModified":"2023-05-18T19:47:39+00:00","description":"BS65 Battery Charging Station \u2b50 ATyges, Online Store Professional Drones. \u2705\u3010Oficial Reseller DJI\u3011\u2705.","breadcrumb":{"@id":"https:\/\/atyges.es\/en\/tienda\/product\/bs65-battery-charging-station\/#breadcrumb"},"inLanguage":"en-US","potentialAction":[{"@type":"ReadAction","target":["https:\/\/atyges.es\/en\/tienda\/product\/bs65-battery-charging-station\/"]}]},{"@type":"ImageObject","inLanguage":"en-US","@id":"https:\/\/atyges.es\/en\/tienda\/product\/bs65-battery-charging-station\/#primaryimage","url":"https:\/\/atyges.es\/wp-content\/uploads\/2023\/05\/BS65_ATyges02.jpg","contentUrl":"https:\/\/atyges.es\/wp-content\/uploads\/2023\/05\/BS65_ATyges02.jpg","width":1000,"height":720,"caption":"Estaci\u00f3n de carga de bater\u00edas BS65"},{"@type":"BreadcrumbList","@id":"https:\/\/atyges.es\/en\/tienda\/product\/bs65-battery-charging-station\/#breadcrumb","itemListElement":[{"@type":"ListItem","position":1,"name":"Portada","item":"https:\/\/atyges.es\/en\/"},{"@type":"ListItem","position":2,"name":"Products","item":"https:\/\/atyges.es\/en\/shop\/"},{"@type":"ListItem","position":3,"name":"BS65 Battery Charging Station"}]},{"@type":"WebSite","@id":"https:\/\/atyges.es\/en\/#website","url":"https:\/\/atyges.es\/en\/","name":"ATyges","description":"","publisher":{"@id":"https:\/\/atyges.es\/en\/#organization"},"potentialAction":[{"@type":"SearchAction","target":{"@type":"EntryPoint","urlTemplate":"https:\/\/atyges.es\/en\/?s={search_term_string}"},"query-input":{"@type":"PropertyValueSpecification","valueRequired":true,"valueName":"search_term_string"}}],"inLanguage":"en-US"},{"@type":"Organization","@id":"https:\/\/atyges.es\/en\/#organization","name":"Atyges","url":"https:\/\/atyges.es\/en\/","logo":{"@type":"ImageObject","inLanguage":"en-US","@id":"https:\/\/atyges.es\/en\/#\/schema\/logo\/image\/","url":"https:\/\/atyges.es\/wp-content\/uploads\/2022\/01\/Logo_ATyges_Store.png","contentUrl":"https:\/\/atyges.es\/wp-content\/uploads\/2022\/01\/Logo_ATyges_Store.png","width":1228,"height":200,"caption":"Atyges"},"image":{"@id":"https:\/\/atyges.es\/en\/#\/schema\/logo\/image\/"}}]}},"jetpack_sharing_enabled":true,"_links":{"self":[{"href":"https:\/\/atyges.es\/en\/wp-json\/wp\/v2\/product\/29642","targetHints":{"allow":["GET"]}}],"collection":[{"href":"https:\/\/atyges.es\/en\/wp-json\/wp\/v2\/product"}],"about":[{"href":"https:\/\/atyges.es\/en\/wp-json\/wp\/v2\/types\/product"}],"wp:featuredmedia":[{"embeddable":true,"href":"https:\/\/atyges.es\/en\/wp-json\/wp\/v2\/media\/29646"}],"wp:attachment":[{"href":"https:\/\/atyges.es\/en\/wp-json\/wp\/v2\/media?parent=29642"}],"wp:term":[{"taxonomy":"product_brand","embeddable":true,"href":"https:\/\/atyges.es\/en\/wp-json\/wp\/v2\/product_brand?post=29642"},{"taxonomy":"product_cat","embeddable":true,"href":"https:\/\/atyges.es\/en\/wp-json\/wp\/v2\/product_cat?post=29642"},{"taxonomy":"product_tag","embeddable":true,"href":"https:\/\/atyges.es\/en\/wp-json\/wp\/v2\/product_tag?post=29642"}],"curies":[{"name":"wp","href":"https:\/\/api.w.org\/{rel}","templated":true}]}}