{"id":22938,"date":"2022-04-04T16:35:55","date_gmt":"2022-04-04T15:35:56","guid":{"rendered":"https:\/\/atyges.es\/?post_type=product&#038;p=22938"},"modified":"2022-08-27T08:09:22","modified_gmt":"2022-08-27T07:09:22","slug":"bs30-maleta-de-carga-de-baterias","status":"publish","type":"product","link":"https:\/\/atyges.es\/en\/product\/bs30-maleta-de-carga-de-baterias\/","title":{"rendered":"BS30 Maleta de carga de bater\u00edas"},"content":{"rendered":"<h2 class=\"title style-scope ytd-video-primary-info-renderer\">DJI Enterprise Product Launch Event &#8211; Matrice 30 Series<\/h2>\n<p><iframe loading=\"lazy\" title=\"2022 DJI Product Launch Event - Introducing Matrice 30 Series, DJI Dock, FlightHub 2 and H20N\" width=\"640\" height=\"360\" src=\"https:\/\/www.youtube.com\/embed\/Aqr_uS3UoNU?feature=oembed&#038;enablejsapi=1&#038;origin=https:\/\/atyges.es\" frameborder=\"0\" allow=\"accelerometer; autoplay; clipboard-write; encrypted-media; gyroscope; picture-in-picture\" allowfullscreen><\/iframe><\/p>\n<p>&nbsp;<\/p>\n\n\n<div class=\"kk-star-ratings kksr-auto kksr-align-center kksr-valign-bottom\"\n    data-payload='{&quot;align&quot;:&quot;center&quot;,&quot;id&quot;:&quot;22938&quot;,&quot;slug&quot;:&quot;default&quot;,&quot;valign&quot;:&quot;bottom&quot;,&quot;ignore&quot;:&quot;&quot;,&quot;reference&quot;:&quot;auto&quot;,&quot;class&quot;:&quot;&quot;,&quot;count&quot;:&quot;0&quot;,&quot;legendonly&quot;:&quot;&quot;,&quot;readonly&quot;:&quot;&quot;,&quot;score&quot;:&quot;0&quot;,&quot;starsonly&quot;:&quot;&quot;,&quot;best&quot;:&quot;5&quot;,&quot;gap&quot;:&quot;5&quot;,&quot;greet&quot;:&quot;Val\u00f3ranos&quot;,&quot;legend&quot;:&quot;0\\\/5 - (0 votes)&quot;,&quot;size&quot;:&quot;24&quot;,&quot;title&quot;:&quot;BS30 Maleta de carga de bater\u00edas&quot;,&quot;width&quot;:&quot;0&quot;,&quot;_legend&quot;:&quot;{score}\\\/{best} - ({count} {votes})&quot;,&quot;font_factor&quot;:&quot;1.25&quot;}'>\n            \n<div class=\"kksr-stars\">\n    \n<div class=\"kksr-stars-inactive\">\n            <div class=\"kksr-star\" data-star=\"1\" style=\"padding-right: 5px\">\n            \n\n<div class=\"kksr-icon\" style=\"width: 24px; height: 24px;\"><\/div>\n        <\/div>\n            <div class=\"kksr-star\" data-star=\"2\" style=\"padding-right: 5px\">\n            \n\n<div class=\"kksr-icon\" style=\"width: 24px; height: 24px;\"><\/div>\n        <\/div>\n            <div class=\"kksr-star\" data-star=\"3\" style=\"padding-right: 5px\">\n            \n\n<div class=\"kksr-icon\" style=\"width: 24px; height: 24px;\"><\/div>\n        <\/div>\n            <div class=\"kksr-star\" data-star=\"4\" style=\"padding-right: 5px\">\n            \n\n<div class=\"kksr-icon\" style=\"width: 24px; height: 24px;\"><\/div>\n        <\/div>\n            <div class=\"kksr-star\" data-star=\"5\" style=\"padding-right: 5px\">\n            \n\n<div class=\"kksr-icon\" style=\"width: 24px; height: 24px;\"><\/div>\n        <\/div>\n    <\/div>\n    \n<div class=\"kksr-stars-active\" style=\"width: 0px;\">\n            <div class=\"kksr-star\" style=\"padding-right: 5px\">\n            \n\n<div class=\"kksr-icon\" style=\"width: 24px; height: 24px;\"><\/div>\n        <\/div>\n            <div class=\"kksr-star\" style=\"padding-right: 5px\">\n            \n\n<div class=\"kksr-icon\" style=\"width: 24px; height: 24px;\"><\/div>\n        <\/div>\n            <div class=\"kksr-star\" style=\"padding-right: 5px\">\n            \n\n<div class=\"kksr-icon\" style=\"width: 24px; height: 24px;\"><\/div>\n        <\/div>\n            <div class=\"kksr-star\" style=\"padding-right: 5px\">\n            \n\n<div class=\"kksr-icon\" style=\"width: 24px; height: 24px;\"><\/div>\n        <\/div>\n            <div class=\"kksr-star\" style=\"padding-right: 5px\">\n            \n\n<div class=\"kksr-icon\" style=\"width: 24px; height: 24px;\"><\/div>\n        <\/div>\n    <\/div>\n<\/div>\n                \n\n<div class=\"kksr-legend\" style=\"font-size: 19.2px;\">\n            <span class=\"kksr-muted\">Val\u00f3ranos<\/span>\n    <\/div>\n    <\/div>\n","protected":false},"excerpt":{"rendered":"<h2 class=\"style__product-title___29kvi style__product-title___3Yzp_\">BS30 Maleta de carga de bater\u00edas<\/h2>\n<p>Maleta de carga de bater\u00edas para la<strong> Serie Matrice 30.<\/strong><\/p>\n<p>&nbsp;<\/p>\n<ul class=\"detailed-parameter-list\">\n<li class=\"detailed-parameter-key\">Dimensiones: 353\u00d7267\u00d7148 mm<\/li>\n<\/ul>\n<ul class=\"detailed-parameter-list\">\n<li class=\"detailed-parameter-key\">Peso neto: 3.95 kg<\/li>\n<\/ul>\n<ul class=\"detailed-parameter-list\">\n<li class=\"detailed-parameter-key\">Tipo de bater\u00eda compatible\n<ul class=\"detailed-parameter-list\">\n<li class=\"detailed-parameter\">\n<p class=\"detailed-parameter-value\">Bater\u00eda de vuelo inteligente TB30<\/p>\n<\/li>\n<li class=\"detailed-parameter\">\n<p class=\"detailed-parameter-value\">Bater\u00eda inteligente WB37<\/p>\n<\/li>\n<\/ul>\n<\/li>\n<\/ul>\n<ul class=\"detailed-parameter-list\">\n<li class=\"detailed-parameter-key\">Entrada 100-240 V CA; 50\/60 Hz<\/li>\n<\/ul>\n<ul class=\"detailed-parameter-list\">\n<li class=\"detailed-parameter-key\">Salida Puerto de la bater\u00eda TB30: 26.1 V, 8.9 A (admite hasta dos salidas simult\u00e1neamente)<br \/>\nBater\u00eda inteligente WB37: 8.7\u00a0V, 6\u00a0A<\/li>\n<\/ul>\n<ul class=\"detailed-parameter-list\">\n<li class=\"detailed-parameter-key\">Potencia de salida 525 W<\/li>\n<\/ul>\n<ul class=\"detailed-parameter-list\">\n<li class=\"detailed-parameter-key\">Puerto\u00a0USB-C<\/li>\n<li class=\"detailed-parameter-key\">Potencia de salida m\u00e1x. de 65 W<\/li>\n<\/ul>\n<ul class=\"detailed-parameter-list\">\n<li class=\"detailed-parameter-key\">Puerto\u00a0USB-A<\/li>\n<li class=\"detailed-parameter\">\n<p class=\"detailed-parameter-value\">Potencia de salida m\u00e1x. de 10 W (5 V, 2 A)<\/p>\n<\/li>\n<\/ul>\n<ul class=\"detailed-parameter-list\">\n<li class=\"detailed-parameter-key\">Consumo de energ\u00eda (cuando no est\u00e1 cargando bater\u00edas) &lt;8\u00a0W<\/li>\n<\/ul>\n<ul class=\"detailed-parameter-list\">\n<li class=\"detailed-parameter-key\">Potencia de salida (cuando est\u00e1 calentando bater\u00edas) Aprox. 30 W<\/li>\n<\/ul>\n<ul class=\"detailed-parameter-list\">\n<li class=\"detailed-parameter-key\">Temperatura de funcionamiento De \u221220 a 40 \u00b0C<\/li>\n<\/ul>\n<ul class=\"detailed-parameter-list\">\n<li class=\"detailed-parameter-key\">\u00cdndice de protecci\u00f3n IP55 (con la tapa bien cerrada)<\/li>\n<\/ul>\n<ul class=\"detailed-parameter-list\">\n<li class=\"detailed-parameter-key\">Tiempo de carga\n<ul class=\"detailed-parameter-list\">\n<li class=\"detailed-parameter-key\">Aprox. 30 min (al cargar dos bater\u00edas TB30 del 20 % al 90 %)<\/li>\n<li class=\"detailed-parameter\">\n<p class=\"detailed-parameter-value\">Aprox. 50\u00a0min (al cargar dos bater\u00edas TB30 del 0\u00a0% al 100\u00a0%)<\/p>\n<\/li>\n<\/ul>\n<\/li>\n<\/ul>\n<ul class=\"detailed-parameter-list\">\n<li class=\"detailed-parameter-key\">Funciones de protecci\u00f3n\n<ul class=\"detailed-parameter-list\">\n<li class=\"detailed-parameter-key\">Protecci\u00f3n antirretorno<br \/>\nProtecci\u00f3n contra cortocircuitos<br \/>\nProtecci\u00f3n contra sobrevoltaje<br \/>\nProtecci\u00f3n contra sobrecorriente<br \/>\nProtecci\u00f3n de temperatura<\/li>\n<\/ul>\n<\/li>\n<\/ul>\n","protected":false},"featured_media":22947,"template":"","meta":[],"product_brand":[],"product_cat":[1469,1085],"product_tag":[],"class_list":{"0":"post-22938","1":"product","2":"type-product","3":"status-publish","4":"has-post-thumbnail","6":"product_cat-matrice-30-en","7":"product_cat-professional-drones","8":"product_shipping_class-es-free-shipping","10":"first","11":"instock","12":"taxable","13":"shipping-taxable","14":"purchasable","15":"product-type-simple"},"yoast_head":"<!-- This site is optimized with the Yoast SEO plugin v27.4 - https:\/\/yoast.com\/product\/yoast-seo-wordpress\/ -->\n<title>BS30 Battery charging case | DJI M30 Series Drone | ATyges \u00ae<\/title>\n<meta name=\"description\" content=\"BS30 Battery charging case\u2b50 ATyges, Professional Drones Online Store. \u2705\u3010Official DJI Distributors\u3011\u2705.\" \/>\n<meta name=\"robots\" content=\"index, follow, max-snippet:-1, max-image-preview:large, max-video-preview:-1\" \/>\n<link rel=\"canonical\" href=\"https:\/\/atyges.es\/en\/product\/bs30-maleta-de-carga-de-baterias\/\" \/>\n<meta property=\"og:locale\" content=\"en_US\" \/>\n<meta property=\"og:type\" content=\"article\" \/>\n<meta property=\"og:title\" content=\"BS30 Battery charging case | DJI M30 Series Drone | ATyges \u00ae\" \/>\n<meta property=\"og:description\" content=\"BS30 Battery charging case\u2b50 ATyges, Professional Drones Online Store. \u2705\u3010Official DJI Distributors\u3011\u2705.\" \/>\n<meta property=\"og:url\" content=\"https:\/\/atyges.es\/en\/product\/bs30-maleta-de-carga-de-baterias\/\" \/>\n<meta property=\"og:site_name\" content=\"ATyges\" \/>\n<meta property=\"article:modified_time\" content=\"2022-08-27T07:09:22+00:00\" \/>\n<meta property=\"og:image\" content=\"https:\/\/atyges.es\/wp-content\/uploads\/2022\/04\/BS30_ATyges02.jpg\" \/>\n\t<meta property=\"og:image:width\" content=\"400\" \/>\n\t<meta property=\"og:image:height\" content=\"400\" \/>\n\t<meta property=\"og:image:type\" content=\"image\/jpeg\" \/>\n<meta name=\"twitter:card\" content=\"summary_large_image\" \/>\n<script type=\"application\/ld+json\" class=\"yoast-schema-graph\">{\"@context\":\"https:\\\/\\\/schema.org\",\"@graph\":[{\"@type\":\"WebPage\",\"@id\":\"https:\\\/\\\/atyges.es\\\/en\\\/product\\\/bs30-maleta-de-carga-de-baterias\\\/\",\"url\":\"https:\\\/\\\/atyges.es\\\/en\\\/product\\\/bs30-maleta-de-carga-de-baterias\\\/\",\"name\":\"BS30 Battery charging case | DJI M30 Series Drone | ATyges \u00ae\",\"isPartOf\":{\"@id\":\"https:\\\/\\\/atyges.es\\\/en\\\/#website\"},\"primaryImageOfPage\":{\"@id\":\"https:\\\/\\\/atyges.es\\\/en\\\/product\\\/bs30-maleta-de-carga-de-baterias\\\/#primaryimage\"},\"image\":{\"@id\":\"https:\\\/\\\/atyges.es\\\/en\\\/product\\\/bs30-maleta-de-carga-de-baterias\\\/#primaryimage\"},\"thumbnailUrl\":\"https:\\\/\\\/atyges.es\\\/wp-content\\\/uploads\\\/2022\\\/04\\\/BS30_ATyges02.jpg\",\"datePublished\":\"2022-04-04T15:35:56+00:00\",\"dateModified\":\"2022-08-27T07:09:22+00:00\",\"description\":\"BS30 Battery charging case\u2b50 ATyges, Professional Drones Online Store. \u2705\u3010Official DJI Distributors\u3011\u2705.\",\"breadcrumb\":{\"@id\":\"https:\\\/\\\/atyges.es\\\/en\\\/product\\\/bs30-maleta-de-carga-de-baterias\\\/#breadcrumb\"},\"inLanguage\":\"en-US\",\"potentialAction\":[{\"@type\":\"ReadAction\",\"target\":[\"https:\\\/\\\/atyges.es\\\/en\\\/product\\\/bs30-maleta-de-carga-de-baterias\\\/\"]}]},{\"@type\":\"ImageObject\",\"inLanguage\":\"en-US\",\"@id\":\"https:\\\/\\\/atyges.es\\\/en\\\/product\\\/bs30-maleta-de-carga-de-baterias\\\/#primaryimage\",\"url\":\"https:\\\/\\\/atyges.es\\\/wp-content\\\/uploads\\\/2022\\\/04\\\/BS30_ATyges02.jpg\",\"contentUrl\":\"https:\\\/\\\/atyges.es\\\/wp-content\\\/uploads\\\/2022\\\/04\\\/BS30_ATyges02.jpg\",\"width\":400,\"height\":400,\"caption\":\"BS30 Maleta de carga de bater\u00edas\"},{\"@type\":\"BreadcrumbList\",\"@id\":\"https:\\\/\\\/atyges.es\\\/en\\\/product\\\/bs30-maleta-de-carga-de-baterias\\\/#breadcrumb\",\"itemListElement\":[{\"@type\":\"ListItem\",\"position\":1,\"name\":\"Portada\",\"item\":\"https:\\\/\\\/atyges.es\\\/en\\\/\"},{\"@type\":\"ListItem\",\"position\":2,\"name\":\"Products\",\"item\":\"https:\\\/\\\/atyges.es\\\/en\\\/shop\\\/\"},{\"@type\":\"ListItem\",\"position\":3,\"name\":\"BS30 Maleta de carga de bater\u00edas\"}]},{\"@type\":\"WebSite\",\"@id\":\"https:\\\/\\\/atyges.es\\\/en\\\/#website\",\"url\":\"https:\\\/\\\/atyges.es\\\/en\\\/\",\"name\":\"ATyges\",\"description\":\"\",\"publisher\":{\"@id\":\"https:\\\/\\\/atyges.es\\\/en\\\/#organization\"},\"potentialAction\":[{\"@type\":\"SearchAction\",\"target\":{\"@type\":\"EntryPoint\",\"urlTemplate\":\"https:\\\/\\\/atyges.es\\\/en\\\/?s={search_term_string}\"},\"query-input\":{\"@type\":\"PropertyValueSpecification\",\"valueRequired\":true,\"valueName\":\"search_term_string\"}}],\"inLanguage\":\"en-US\"},{\"@type\":\"Organization\",\"@id\":\"https:\\\/\\\/atyges.es\\\/en\\\/#organization\",\"name\":\"Atyges\",\"url\":\"https:\\\/\\\/atyges.es\\\/en\\\/\",\"logo\":{\"@type\":\"ImageObject\",\"inLanguage\":\"en-US\",\"@id\":\"https:\\\/\\\/atyges.es\\\/en\\\/#\\\/schema\\\/logo\\\/image\\\/\",\"url\":\"https:\\\/\\\/atyges.es\\\/wp-content\\\/uploads\\\/2022\\\/01\\\/Logo_ATyges_Store.png\",\"contentUrl\":\"https:\\\/\\\/atyges.es\\\/wp-content\\\/uploads\\\/2022\\\/01\\\/Logo_ATyges_Store.png\",\"width\":1228,\"height\":200,\"caption\":\"Atyges\"},\"image\":{\"@id\":\"https:\\\/\\\/atyges.es\\\/en\\\/#\\\/schema\\\/logo\\\/image\\\/\"}}]}<\/script>\n<!-- \/ Yoast SEO plugin. -->","yoast_head_json":{"title":"BS30 Battery charging case | DJI M30 Series Drone | ATyges \u00ae","description":"BS30 Battery charging case\u2b50 ATyges, Professional Drones Online Store. \u2705\u3010Official DJI Distributors\u3011\u2705.","robots":{"index":"index","follow":"follow","max-snippet":"max-snippet:-1","max-image-preview":"max-image-preview:large","max-video-preview":"max-video-preview:-1"},"canonical":"https:\/\/atyges.es\/en\/product\/bs30-maleta-de-carga-de-baterias\/","og_locale":"en_US","og_type":"article","og_title":"BS30 Battery charging case | DJI M30 Series Drone | ATyges \u00ae","og_description":"BS30 Battery charging case\u2b50 ATyges, Professional Drones Online Store. \u2705\u3010Official DJI Distributors\u3011\u2705.","og_url":"https:\/\/atyges.es\/en\/product\/bs30-maleta-de-carga-de-baterias\/","og_site_name":"ATyges","article_modified_time":"2022-08-27T07:09:22+00:00","og_image":[{"width":400,"height":400,"url":"https:\/\/atyges.es\/wp-content\/uploads\/2022\/04\/BS30_ATyges02.jpg","type":"image\/jpeg"}],"twitter_card":"summary_large_image","schema":{"@context":"https:\/\/schema.org","@graph":[{"@type":"WebPage","@id":"https:\/\/atyges.es\/en\/product\/bs30-maleta-de-carga-de-baterias\/","url":"https:\/\/atyges.es\/en\/product\/bs30-maleta-de-carga-de-baterias\/","name":"BS30 Battery charging case | DJI M30 Series Drone | ATyges \u00ae","isPartOf":{"@id":"https:\/\/atyges.es\/en\/#website"},"primaryImageOfPage":{"@id":"https:\/\/atyges.es\/en\/product\/bs30-maleta-de-carga-de-baterias\/#primaryimage"},"image":{"@id":"https:\/\/atyges.es\/en\/product\/bs30-maleta-de-carga-de-baterias\/#primaryimage"},"thumbnailUrl":"https:\/\/atyges.es\/wp-content\/uploads\/2022\/04\/BS30_ATyges02.jpg","datePublished":"2022-04-04T15:35:56+00:00","dateModified":"2022-08-27T07:09:22+00:00","description":"BS30 Battery charging case\u2b50 ATyges, Professional Drones Online Store. \u2705\u3010Official DJI Distributors\u3011\u2705.","breadcrumb":{"@id":"https:\/\/atyges.es\/en\/product\/bs30-maleta-de-carga-de-baterias\/#breadcrumb"},"inLanguage":"en-US","potentialAction":[{"@type":"ReadAction","target":["https:\/\/atyges.es\/en\/product\/bs30-maleta-de-carga-de-baterias\/"]}]},{"@type":"ImageObject","inLanguage":"en-US","@id":"https:\/\/atyges.es\/en\/product\/bs30-maleta-de-carga-de-baterias\/#primaryimage","url":"https:\/\/atyges.es\/wp-content\/uploads\/2022\/04\/BS30_ATyges02.jpg","contentUrl":"https:\/\/atyges.es\/wp-content\/uploads\/2022\/04\/BS30_ATyges02.jpg","width":400,"height":400,"caption":"BS30 Maleta de carga de bater\u00edas"},{"@type":"BreadcrumbList","@id":"https:\/\/atyges.es\/en\/product\/bs30-maleta-de-carga-de-baterias\/#breadcrumb","itemListElement":[{"@type":"ListItem","position":1,"name":"Portada","item":"https:\/\/atyges.es\/en\/"},{"@type":"ListItem","position":2,"name":"Products","item":"https:\/\/atyges.es\/en\/shop\/"},{"@type":"ListItem","position":3,"name":"BS30 Maleta de carga de bater\u00edas"}]},{"@type":"WebSite","@id":"https:\/\/atyges.es\/en\/#website","url":"https:\/\/atyges.es\/en\/","name":"ATyges","description":"","publisher":{"@id":"https:\/\/atyges.es\/en\/#organization"},"potentialAction":[{"@type":"SearchAction","target":{"@type":"EntryPoint","urlTemplate":"https:\/\/atyges.es\/en\/?s={search_term_string}"},"query-input":{"@type":"PropertyValueSpecification","valueRequired":true,"valueName":"search_term_string"}}],"inLanguage":"en-US"},{"@type":"Organization","@id":"https:\/\/atyges.es\/en\/#organization","name":"Atyges","url":"https:\/\/atyges.es\/en\/","logo":{"@type":"ImageObject","inLanguage":"en-US","@id":"https:\/\/atyges.es\/en\/#\/schema\/logo\/image\/","url":"https:\/\/atyges.es\/wp-content\/uploads\/2022\/01\/Logo_ATyges_Store.png","contentUrl":"https:\/\/atyges.es\/wp-content\/uploads\/2022\/01\/Logo_ATyges_Store.png","width":1228,"height":200,"caption":"Atyges"},"image":{"@id":"https:\/\/atyges.es\/en\/#\/schema\/logo\/image\/"}}]}},"jetpack_sharing_enabled":true,"_links":{"self":[{"href":"https:\/\/atyges.es\/en\/wp-json\/wp\/v2\/product\/22938","targetHints":{"allow":["GET"]}}],"collection":[{"href":"https:\/\/atyges.es\/en\/wp-json\/wp\/v2\/product"}],"about":[{"href":"https:\/\/atyges.es\/en\/wp-json\/wp\/v2\/types\/product"}],"wp:featuredmedia":[{"embeddable":true,"href":"https:\/\/atyges.es\/en\/wp-json\/wp\/v2\/media\/22947"}],"wp:attachment":[{"href":"https:\/\/atyges.es\/en\/wp-json\/wp\/v2\/media?parent=22938"}],"wp:term":[{"taxonomy":"product_brand","embeddable":true,"href":"https:\/\/atyges.es\/en\/wp-json\/wp\/v2\/product_brand?post=22938"},{"taxonomy":"product_cat","embeddable":true,"href":"https:\/\/atyges.es\/en\/wp-json\/wp\/v2\/product_cat?post=22938"},{"taxonomy":"product_tag","embeddable":true,"href":"https:\/\/atyges.es\/en\/wp-json\/wp\/v2\/product_tag?post=22938"}],"curies":[{"name":"wp","href":"https:\/\/api.w.org\/{rel}","templated":true}]}}