{"id":22652,"date":"2022-03-21T18:21:24","date_gmt":"2022-03-21T17:21:24","guid":{"rendered":"https:\/\/atyges.es\/?post_type=product&#038;p=22652"},"modified":"2022-08-27T08:44:30","modified_gmt":"2022-08-27T07:44:30","slug":"dji-m30-en","status":"publish","type":"product","link":"https:\/\/atyges.es\/en\/product\/dji-m30-en\/","title":{"rendered":"DJI Matrice 30"},"content":{"rendered":"<h2 class=\"title style-scope ytd-video-primary-info-renderer\">DJI Enterprise Product Launch Event &#8211; Matrice 30 Series<\/h2>\n<p><iframe loading=\"lazy\" title=\"2022 DJI Product Launch Event - Introducing Matrice 30 Series, DJI Dock, FlightHub 2 and H20N\" width=\"640\" height=\"360\" src=\"https:\/\/www.youtube.com\/embed\/Aqr_uS3UoNU?feature=oembed&#038;enablejsapi=1&#038;origin=https:\/\/atyges.es\" frameborder=\"0\" allow=\"accelerometer; autoplay; clipboard-write; encrypted-media; gyroscope; picture-in-picture\" allowfullscreen><\/iframe><\/p>\n<p>&nbsp;<\/p>\n\n\n<div class=\"kk-star-ratings kksr-auto kksr-align-center kksr-valign-bottom\"\n    data-payload='{&quot;align&quot;:&quot;center&quot;,&quot;id&quot;:&quot;22652&quot;,&quot;slug&quot;:&quot;default&quot;,&quot;valign&quot;:&quot;bottom&quot;,&quot;ignore&quot;:&quot;&quot;,&quot;reference&quot;:&quot;auto&quot;,&quot;class&quot;:&quot;&quot;,&quot;count&quot;:&quot;0&quot;,&quot;legendonly&quot;:&quot;&quot;,&quot;readonly&quot;:&quot;&quot;,&quot;score&quot;:&quot;0&quot;,&quot;starsonly&quot;:&quot;&quot;,&quot;best&quot;:&quot;5&quot;,&quot;gap&quot;:&quot;5&quot;,&quot;greet&quot;:&quot;Val\u00f3ranos&quot;,&quot;legend&quot;:&quot;0\\\/5 - (0 votes)&quot;,&quot;size&quot;:&quot;24&quot;,&quot;title&quot;:&quot;DJI Matrice 30&quot;,&quot;width&quot;:&quot;0&quot;,&quot;_legend&quot;:&quot;{score}\\\/{best} - ({count} {votes})&quot;,&quot;font_factor&quot;:&quot;1.25&quot;}'>\n            \n<div class=\"kksr-stars\">\n    \n<div class=\"kksr-stars-inactive\">\n            <div class=\"kksr-star\" data-star=\"1\" style=\"padding-right: 5px\">\n            \n\n<div class=\"kksr-icon\" style=\"width: 24px; height: 24px;\"><\/div>\n        <\/div>\n            <div class=\"kksr-star\" data-star=\"2\" style=\"padding-right: 5px\">\n            \n\n<div class=\"kksr-icon\" style=\"width: 24px; height: 24px;\"><\/div>\n        <\/div>\n            <div class=\"kksr-star\" data-star=\"3\" style=\"padding-right: 5px\">\n            \n\n<div class=\"kksr-icon\" style=\"width: 24px; height: 24px;\"><\/div>\n        <\/div>\n            <div class=\"kksr-star\" data-star=\"4\" style=\"padding-right: 5px\">\n            \n\n<div class=\"kksr-icon\" style=\"width: 24px; height: 24px;\"><\/div>\n        <\/div>\n            <div class=\"kksr-star\" data-star=\"5\" style=\"padding-right: 5px\">\n            \n\n<div class=\"kksr-icon\" style=\"width: 24px; height: 24px;\"><\/div>\n        <\/div>\n    <\/div>\n    \n<div class=\"kksr-stars-active\" style=\"width: 0px;\">\n            <div class=\"kksr-star\" style=\"padding-right: 5px\">\n            \n\n<div class=\"kksr-icon\" style=\"width: 24px; height: 24px;\"><\/div>\n        <\/div>\n            <div class=\"kksr-star\" style=\"padding-right: 5px\">\n            \n\n<div class=\"kksr-icon\" style=\"width: 24px; height: 24px;\"><\/div>\n        <\/div>\n            <div class=\"kksr-star\" style=\"padding-right: 5px\">\n            \n\n<div class=\"kksr-icon\" style=\"width: 24px; height: 24px;\"><\/div>\n        <\/div>\n            <div class=\"kksr-star\" style=\"padding-right: 5px\">\n            \n\n<div class=\"kksr-icon\" style=\"width: 24px; height: 24px;\"><\/div>\n        <\/div>\n            <div class=\"kksr-star\" style=\"padding-right: 5px\">\n            \n\n<div class=\"kksr-icon\" style=\"width: 24px; height: 24px;\"><\/div>\n        <\/div>\n    <\/div>\n<\/div>\n                \n\n<div class=\"kksr-legend\" style=\"font-size: 19.2px;\">\n            <span class=\"kksr-muted\">Val\u00f3ranos<\/span>\n    <\/div>\n    <\/div>\n","protected":false},"excerpt":{"rendered":"<h2 class=\"style__product-title___29kvi style__product-title___3Yzp_\">Matrice 30 Combo Worry-Free B\u00e1sico<\/h2>\n<p><strong>Matrice 30<\/strong> es la plataforma dron comercial de DJI m\u00e1s reciente, inspir\u00e1ndose en los sistemas de avi\u00f3nica m\u00e1s modernos.<\/p>\n<p><img loading=\"lazy\" decoding=\"async\" class=\"aligncenter size-shop_single wp-image-22655\" src=\"https:\/\/atyges.es\/wp-content\/uploads\/2022\/03\/M30_atyges02-600x338.png\" alt=\"\" width=\"600\" height=\"338\" srcset=\"https:\/\/atyges.es\/wp-content\/uploads\/2022\/03\/M30_atyges02-600x338.png 600w, https:\/\/atyges.es\/wp-content\/uploads\/2022\/03\/M30_atyges02-300x169.png 300w, https:\/\/atyges.es\/wp-content\/uploads\/2022\/03\/M30_atyges02-173x97.png 173w, https:\/\/atyges.es\/wp-content\/uploads\/2022\/03\/M30_atyges02.png 640w\" sizes=\"auto, (max-width: 600px) 100vw, 600px\" \/><\/p>\n<p>&nbsp;<\/p>\n<p>Ofrece un tiempo de vuelo m\u00e1ximo de 41 minutos, avanzada tecnolog\u00eda de inteligencia artificial (IA) y un completo sistema de gesti\u00f3n y chequeo del dron.2<\/p>\n<p>La nueva soluci\u00f3n de DJI para la seguridad privada y p\u00fablica. El verdadero aliado para las patrullas de salvamento y rescate.<\/p>\n<p>Con el rendimiento, la transportabilidad y la facilidad de uso del nuevo DJI Matrice 30 y su perfecta integraci\u00f3n con el software DJI FlightHub 2 y DJI Dock, DJI se adentra en un conjunto de soluciones de productos de 360 grados para una variedad de campos como la inspecci\u00f3n de energ\u00eda, las misiones de rescate de emergencia, seguridad p\u00fablica y privada, la protecci\u00f3n del medio ambiente y la digitalizaci\u00f3n. y preservaci\u00f3n del patrimonio cultural.<\/p>\n<p>El Paquete incluye:<\/p>\n<ul>\n<li>Matrice 30.<\/li>\n<li>Mando de control DJI RC PLUS con DJI Pilot 2.<\/li>\n<li>2 bater\u00edas inteligente TB30.<\/li>\n<li>1 maleta de carga de bater\u00edas BS30.<\/li>\n<li>3 meses de suscripci\u00f3n DJI FlightHUB 2.<\/li>\n<li>12 meses DJI Care Enterprise &#8211; Basic.\n<ul>\n<li>Permite dos sustituciones en 12 meses con franquicia de 665 \u20ac para la primera y 750 \u20ac para la segunda.<\/li>\n<li>Servicio estandar de mantenimiento incluido.<\/li>\n<\/ul>\n<\/li>\n<\/ul>\n","protected":false},"featured_media":22671,"template":"","meta":[],"product_brand":[],"product_cat":[1115,1469,1085],"product_tag":[],"class_list":{"0":"post-22652","1":"product","2":"type-product","3":"status-publish","4":"has-post-thumbnail","6":"product_cat-drones-for-sar","7":"product_cat-matrice-30-en","8":"product_cat-professional-drones","9":"product_shipping_class-es-free-shipping","11":"first","12":"onbackorder","13":"taxable","14":"shipping-taxable","15":"purchasable","16":"product-type-simple"},"yoast_head":"<!-- This site is optimized with the Yoast SEO plugin v27.4 - https:\/\/yoast.com\/product\/yoast-seo-wordpress\/ -->\n<title>DJI Matrice 30 | Dron Serie DJI M30 | ATyges\u00ae<\/title>\n<meta name=\"description\" content=\"DJI Matrice 30 \u2b50 ATyges, Professional Drones Online Shop. \u2705\u3010Official DJI Distributors\u3011\u2705\" \/>\n<meta name=\"robots\" content=\"index, follow, max-snippet:-1, max-image-preview:large, max-video-preview:-1\" \/>\n<link rel=\"canonical\" href=\"https:\/\/atyges.es\/en\/product\/dji-m30-en\/\" \/>\n<meta property=\"og:locale\" content=\"en_US\" \/>\n<meta property=\"og:type\" content=\"article\" \/>\n<meta property=\"og:title\" content=\"DJI Matrice 30 | Dron Serie DJI M30 | ATyges\u00ae\" \/>\n<meta property=\"og:description\" content=\"DJI Matrice 30 \u2b50 ATyges, Professional Drones Online Shop. \u2705\u3010Official DJI Distributors\u3011\u2705\" \/>\n<meta property=\"og:url\" content=\"https:\/\/atyges.es\/en\/product\/dji-m30-en\/\" \/>\n<meta property=\"og:site_name\" content=\"ATyges\" \/>\n<meta property=\"article:modified_time\" content=\"2022-08-27T07:44:30+00:00\" \/>\n<meta property=\"og:image\" content=\"https:\/\/atyges.es\/wp-content\/uploads\/2022\/03\/M30_atyges01.png\" \/>\n\t<meta property=\"og:image:width\" content=\"400\" \/>\n\t<meta property=\"og:image:height\" content=\"400\" \/>\n\t<meta property=\"og:image:type\" content=\"image\/png\" \/>\n<meta name=\"twitter:card\" content=\"summary_large_image\" \/>\n<script type=\"application\/ld+json\" class=\"yoast-schema-graph\">{\"@context\":\"https:\\\/\\\/schema.org\",\"@graph\":[{\"@type\":\"WebPage\",\"@id\":\"https:\\\/\\\/atyges.es\\\/en\\\/product\\\/dji-m30-en\\\/\",\"url\":\"https:\\\/\\\/atyges.es\\\/en\\\/product\\\/dji-m30-en\\\/\",\"name\":\"DJI Matrice 30 | Dron Serie DJI M30 | ATyges\u00ae\",\"isPartOf\":{\"@id\":\"https:\\\/\\\/atyges.es\\\/en\\\/#website\"},\"primaryImageOfPage\":{\"@id\":\"https:\\\/\\\/atyges.es\\\/en\\\/product\\\/dji-m30-en\\\/#primaryimage\"},\"image\":{\"@id\":\"https:\\\/\\\/atyges.es\\\/en\\\/product\\\/dji-m30-en\\\/#primaryimage\"},\"thumbnailUrl\":\"https:\\\/\\\/atyges.es\\\/wp-content\\\/uploads\\\/2022\\\/03\\\/M30_atyges01.png\",\"datePublished\":\"2022-03-21T17:21:24+00:00\",\"dateModified\":\"2022-08-27T07:44:30+00:00\",\"description\":\"DJI Matrice 30 \u2b50 ATyges, Professional Drones Online Shop. \u2705\u3010Official DJI Distributors\u3011\u2705\",\"breadcrumb\":{\"@id\":\"https:\\\/\\\/atyges.es\\\/en\\\/product\\\/dji-m30-en\\\/#breadcrumb\"},\"inLanguage\":\"en-US\",\"potentialAction\":[{\"@type\":\"ReadAction\",\"target\":[\"https:\\\/\\\/atyges.es\\\/en\\\/product\\\/dji-m30-en\\\/\"]}]},{\"@type\":\"ImageObject\",\"inLanguage\":\"en-US\",\"@id\":\"https:\\\/\\\/atyges.es\\\/en\\\/product\\\/dji-m30-en\\\/#primaryimage\",\"url\":\"https:\\\/\\\/atyges.es\\\/wp-content\\\/uploads\\\/2022\\\/03\\\/M30_atyges01.png\",\"contentUrl\":\"https:\\\/\\\/atyges.es\\\/wp-content\\\/uploads\\\/2022\\\/03\\\/M30_atyges01.png\",\"width\":400,\"height\":400},{\"@type\":\"BreadcrumbList\",\"@id\":\"https:\\\/\\\/atyges.es\\\/en\\\/product\\\/dji-m30-en\\\/#breadcrumb\",\"itemListElement\":[{\"@type\":\"ListItem\",\"position\":1,\"name\":\"Portada\",\"item\":\"https:\\\/\\\/atyges.es\\\/en\\\/\"},{\"@type\":\"ListItem\",\"position\":2,\"name\":\"Products\",\"item\":\"https:\\\/\\\/atyges.es\\\/en\\\/shop\\\/\"},{\"@type\":\"ListItem\",\"position\":3,\"name\":\"DJI Matrice 30\"}]},{\"@type\":\"WebSite\",\"@id\":\"https:\\\/\\\/atyges.es\\\/en\\\/#website\",\"url\":\"https:\\\/\\\/atyges.es\\\/en\\\/\",\"name\":\"ATyges\",\"description\":\"\",\"publisher\":{\"@id\":\"https:\\\/\\\/atyges.es\\\/en\\\/#organization\"},\"potentialAction\":[{\"@type\":\"SearchAction\",\"target\":{\"@type\":\"EntryPoint\",\"urlTemplate\":\"https:\\\/\\\/atyges.es\\\/en\\\/?s={search_term_string}\"},\"query-input\":{\"@type\":\"PropertyValueSpecification\",\"valueRequired\":true,\"valueName\":\"search_term_string\"}}],\"inLanguage\":\"en-US\"},{\"@type\":\"Organization\",\"@id\":\"https:\\\/\\\/atyges.es\\\/en\\\/#organization\",\"name\":\"Atyges\",\"url\":\"https:\\\/\\\/atyges.es\\\/en\\\/\",\"logo\":{\"@type\":\"ImageObject\",\"inLanguage\":\"en-US\",\"@id\":\"https:\\\/\\\/atyges.es\\\/en\\\/#\\\/schema\\\/logo\\\/image\\\/\",\"url\":\"https:\\\/\\\/atyges.es\\\/wp-content\\\/uploads\\\/2022\\\/01\\\/Logo_ATyges_Store.png\",\"contentUrl\":\"https:\\\/\\\/atyges.es\\\/wp-content\\\/uploads\\\/2022\\\/01\\\/Logo_ATyges_Store.png\",\"width\":1228,\"height\":200,\"caption\":\"Atyges\"},\"image\":{\"@id\":\"https:\\\/\\\/atyges.es\\\/en\\\/#\\\/schema\\\/logo\\\/image\\\/\"}}]}<\/script>\n<!-- \/ Yoast SEO plugin. -->","yoast_head_json":{"title":"DJI Matrice 30 | Dron Serie DJI M30 | ATyges\u00ae","description":"DJI Matrice 30 \u2b50 ATyges, Professional Drones Online Shop. \u2705\u3010Official DJI Distributors\u3011\u2705","robots":{"index":"index","follow":"follow","max-snippet":"max-snippet:-1","max-image-preview":"max-image-preview:large","max-video-preview":"max-video-preview:-1"},"canonical":"https:\/\/atyges.es\/en\/product\/dji-m30-en\/","og_locale":"en_US","og_type":"article","og_title":"DJI Matrice 30 | Dron Serie DJI M30 | ATyges\u00ae","og_description":"DJI Matrice 30 \u2b50 ATyges, Professional Drones Online Shop. \u2705\u3010Official DJI Distributors\u3011\u2705","og_url":"https:\/\/atyges.es\/en\/product\/dji-m30-en\/","og_site_name":"ATyges","article_modified_time":"2022-08-27T07:44:30+00:00","og_image":[{"width":400,"height":400,"url":"https:\/\/atyges.es\/wp-content\/uploads\/2022\/03\/M30_atyges01.png","type":"image\/png"}],"twitter_card":"summary_large_image","schema":{"@context":"https:\/\/schema.org","@graph":[{"@type":"WebPage","@id":"https:\/\/atyges.es\/en\/product\/dji-m30-en\/","url":"https:\/\/atyges.es\/en\/product\/dji-m30-en\/","name":"DJI Matrice 30 | Dron Serie DJI M30 | ATyges\u00ae","isPartOf":{"@id":"https:\/\/atyges.es\/en\/#website"},"primaryImageOfPage":{"@id":"https:\/\/atyges.es\/en\/product\/dji-m30-en\/#primaryimage"},"image":{"@id":"https:\/\/atyges.es\/en\/product\/dji-m30-en\/#primaryimage"},"thumbnailUrl":"https:\/\/atyges.es\/wp-content\/uploads\/2022\/03\/M30_atyges01.png","datePublished":"2022-03-21T17:21:24+00:00","dateModified":"2022-08-27T07:44:30+00:00","description":"DJI Matrice 30 \u2b50 ATyges, Professional Drones Online Shop. \u2705\u3010Official DJI Distributors\u3011\u2705","breadcrumb":{"@id":"https:\/\/atyges.es\/en\/product\/dji-m30-en\/#breadcrumb"},"inLanguage":"en-US","potentialAction":[{"@type":"ReadAction","target":["https:\/\/atyges.es\/en\/product\/dji-m30-en\/"]}]},{"@type":"ImageObject","inLanguage":"en-US","@id":"https:\/\/atyges.es\/en\/product\/dji-m30-en\/#primaryimage","url":"https:\/\/atyges.es\/wp-content\/uploads\/2022\/03\/M30_atyges01.png","contentUrl":"https:\/\/atyges.es\/wp-content\/uploads\/2022\/03\/M30_atyges01.png","width":400,"height":400},{"@type":"BreadcrumbList","@id":"https:\/\/atyges.es\/en\/product\/dji-m30-en\/#breadcrumb","itemListElement":[{"@type":"ListItem","position":1,"name":"Portada","item":"https:\/\/atyges.es\/en\/"},{"@type":"ListItem","position":2,"name":"Products","item":"https:\/\/atyges.es\/en\/shop\/"},{"@type":"ListItem","position":3,"name":"DJI Matrice 30"}]},{"@type":"WebSite","@id":"https:\/\/atyges.es\/en\/#website","url":"https:\/\/atyges.es\/en\/","name":"ATyges","description":"","publisher":{"@id":"https:\/\/atyges.es\/en\/#organization"},"potentialAction":[{"@type":"SearchAction","target":{"@type":"EntryPoint","urlTemplate":"https:\/\/atyges.es\/en\/?s={search_term_string}"},"query-input":{"@type":"PropertyValueSpecification","valueRequired":true,"valueName":"search_term_string"}}],"inLanguage":"en-US"},{"@type":"Organization","@id":"https:\/\/atyges.es\/en\/#organization","name":"Atyges","url":"https:\/\/atyges.es\/en\/","logo":{"@type":"ImageObject","inLanguage":"en-US","@id":"https:\/\/atyges.es\/en\/#\/schema\/logo\/image\/","url":"https:\/\/atyges.es\/wp-content\/uploads\/2022\/01\/Logo_ATyges_Store.png","contentUrl":"https:\/\/atyges.es\/wp-content\/uploads\/2022\/01\/Logo_ATyges_Store.png","width":1228,"height":200,"caption":"Atyges"},"image":{"@id":"https:\/\/atyges.es\/en\/#\/schema\/logo\/image\/"}}]}},"jetpack_sharing_enabled":true,"_links":{"self":[{"href":"https:\/\/atyges.es\/en\/wp-json\/wp\/v2\/product\/22652","targetHints":{"allow":["GET"]}}],"collection":[{"href":"https:\/\/atyges.es\/en\/wp-json\/wp\/v2\/product"}],"about":[{"href":"https:\/\/atyges.es\/en\/wp-json\/wp\/v2\/types\/product"}],"wp:featuredmedia":[{"embeddable":true,"href":"https:\/\/atyges.es\/en\/wp-json\/wp\/v2\/media\/22671"}],"wp:attachment":[{"href":"https:\/\/atyges.es\/en\/wp-json\/wp\/v2\/media?parent=22652"}],"wp:term":[{"taxonomy":"product_brand","embeddable":true,"href":"https:\/\/atyges.es\/en\/wp-json\/wp\/v2\/product_brand?post=22652"},{"taxonomy":"product_cat","embeddable":true,"href":"https:\/\/atyges.es\/en\/wp-json\/wp\/v2\/product_cat?post=22652"},{"taxonomy":"product_tag","embeddable":true,"href":"https:\/\/atyges.es\/en\/wp-json\/wp\/v2\/product_tag?post=22652"}],"curies":[{"name":"wp","href":"https:\/\/api.w.org\/{rel}","templated":true}]}}