{"id":22624,"date":"2022-03-21T17:52:55","date_gmt":"2022-03-21T16:52:56","guid":{"rendered":"https:\/\/atyges.es\/?post_type=product&#038;p=22624"},"modified":"2022-08-27T08:36:27","modified_gmt":"2022-08-27T07:36:27","slug":"dji-matrice-30t-en","status":"publish","type":"product","link":"https:\/\/atyges.es\/en\/product\/dji-matrice-30t-en\/","title":{"rendered":"DJI Matrice 30T"},"content":{"rendered":"<h2 class=\"title style-scope ytd-video-primary-info-renderer\">DJI Enterprise Product Launch Event &#8211; Matrice 30 Series<\/h2>\n<p><iframe loading=\"lazy\" title=\"2022 DJI Product Launch Event - Introducing Matrice 30 Series, DJI Dock, FlightHub 2 and H20N\" width=\"640\" height=\"360\" src=\"https:\/\/www.youtube.com\/embed\/Aqr_uS3UoNU?feature=oembed&#038;enablejsapi=1&#038;origin=https:\/\/atyges.es\" frameborder=\"0\" allow=\"accelerometer; autoplay; clipboard-write; encrypted-media; gyroscope; picture-in-picture\" allowfullscreen><\/iframe><\/p>\n<p>&nbsp;<\/p>\n\n\n<div class=\"kk-star-ratings kksr-auto kksr-align-center kksr-valign-bottom\"\n    data-payload='{&quot;align&quot;:&quot;center&quot;,&quot;id&quot;:&quot;22624&quot;,&quot;slug&quot;:&quot;default&quot;,&quot;valign&quot;:&quot;bottom&quot;,&quot;ignore&quot;:&quot;&quot;,&quot;reference&quot;:&quot;auto&quot;,&quot;class&quot;:&quot;&quot;,&quot;count&quot;:&quot;0&quot;,&quot;legendonly&quot;:&quot;&quot;,&quot;readonly&quot;:&quot;&quot;,&quot;score&quot;:&quot;0&quot;,&quot;starsonly&quot;:&quot;&quot;,&quot;best&quot;:&quot;5&quot;,&quot;gap&quot;:&quot;5&quot;,&quot;greet&quot;:&quot;Val\u00f3ranos&quot;,&quot;legend&quot;:&quot;0\\\/5 - (0 votes)&quot;,&quot;size&quot;:&quot;24&quot;,&quot;title&quot;:&quot;DJI Matrice 30T&quot;,&quot;width&quot;:&quot;0&quot;,&quot;_legend&quot;:&quot;{score}\\\/{best} - ({count} {votes})&quot;,&quot;font_factor&quot;:&quot;1.25&quot;}'>\n            \n<div class=\"kksr-stars\">\n    \n<div class=\"kksr-stars-inactive\">\n            <div class=\"kksr-star\" data-star=\"1\" style=\"padding-right: 5px\">\n            \n\n<div class=\"kksr-icon\" style=\"width: 24px; height: 24px;\"><\/div>\n        <\/div>\n            <div class=\"kksr-star\" data-star=\"2\" style=\"padding-right: 5px\">\n            \n\n<div class=\"kksr-icon\" style=\"width: 24px; height: 24px;\"><\/div>\n        <\/div>\n            <div class=\"kksr-star\" data-star=\"3\" style=\"padding-right: 5px\">\n            \n\n<div class=\"kksr-icon\" style=\"width: 24px; height: 24px;\"><\/div>\n        <\/div>\n            <div class=\"kksr-star\" data-star=\"4\" style=\"padding-right: 5px\">\n            \n\n<div class=\"kksr-icon\" style=\"width: 24px; height: 24px;\"><\/div>\n        <\/div>\n            <div class=\"kksr-star\" data-star=\"5\" style=\"padding-right: 5px\">\n            \n\n<div class=\"kksr-icon\" style=\"width: 24px; height: 24px;\"><\/div>\n        <\/div>\n    <\/div>\n    \n<div class=\"kksr-stars-active\" style=\"width: 0px;\">\n            <div class=\"kksr-star\" style=\"padding-right: 5px\">\n            \n\n<div class=\"kksr-icon\" style=\"width: 24px; height: 24px;\"><\/div>\n        <\/div>\n            <div class=\"kksr-star\" style=\"padding-right: 5px\">\n            \n\n<div class=\"kksr-icon\" style=\"width: 24px; height: 24px;\"><\/div>\n        <\/div>\n            <div class=\"kksr-star\" style=\"padding-right: 5px\">\n            \n\n<div class=\"kksr-icon\" style=\"width: 24px; height: 24px;\"><\/div>\n        <\/div>\n            <div class=\"kksr-star\" style=\"padding-right: 5px\">\n            \n\n<div class=\"kksr-icon\" style=\"width: 24px; height: 24px;\"><\/div>\n        <\/div>\n            <div class=\"kksr-star\" style=\"padding-right: 5px\">\n            \n\n<div class=\"kksr-icon\" style=\"width: 24px; height: 24px;\"><\/div>\n        <\/div>\n    <\/div>\n<\/div>\n                \n\n<div class=\"kksr-legend\" style=\"font-size: 19.2px;\">\n            <span class=\"kksr-muted\">Val\u00f3ranos<\/span>\n    <\/div>\n    <\/div>\n","protected":false},"excerpt":{"rendered":"<h2 class=\"style__product-title___29kvi style__product-title___3Yzp_\">Matrice 30T Combo Worry-Free B\u00e1sico<\/h2>\n<p><strong>Matrice 30T<\/strong> es la plataforma dron comercial de DJI m\u00e1s reciente, inspir\u00e1ndose en los sistemas de avi\u00f3nica m\u00e1s modernos.<\/p>\n<p><img loading=\"lazy\" decoding=\"async\" class=\"aligncenter size-shop_single wp-image-22632\" src=\"https:\/\/atyges.es\/wp-content\/uploads\/2022\/03\/M30T_atyges03-600x338.png\" alt=\"\" width=\"600\" height=\"338\" srcset=\"https:\/\/atyges.es\/wp-content\/uploads\/2022\/03\/M30T_atyges03-600x338.png 600w, https:\/\/atyges.es\/wp-content\/uploads\/2022\/03\/M30T_atyges03-300x169.png 300w, https:\/\/atyges.es\/wp-content\/uploads\/2022\/03\/M30T_atyges03-173x97.png 173w, https:\/\/atyges.es\/wp-content\/uploads\/2022\/03\/M30T_atyges03.png 640w\" sizes=\"auto, (max-width: 600px) 100vw, 600px\" \/><\/p>\n<p>Ofrece un tiempo de vuelo m\u00e1ximo de 41 minutos, avanzada tecnolog\u00eda de inteligencia artificial (IA) y un completo sistema de gesti\u00f3n y chequeo del dron junto con una poderosa c\u00e1mara t\u00e9rmica.<\/p>\n<p>La nueva soluci\u00f3n de DJI para la seguridad privada y p\u00fablica. El verdadero aliado para las patrullas de salvamento y rescate.<\/p>\n<p>Con el rendimiento, la transportabilidad y la facilidad de uso del nuevo DJI Matrice 30 y su perfecta integraci\u00f3n con el software DJI FlightHub 2 y DJI Dock, DJI se adentra en un conjunto de soluciones de productos de 360 grados para una variedad de campos como la inspecci\u00f3n de energ\u00eda, las misiones de rescate de emergencia, seguridad p\u00fablica y privada, la protecci\u00f3n del medio ambiente y la digitalizaci\u00f3n. y preservaci\u00f3n del patrimonio cultural.<\/p>\n<p><strong>Se incluye promocionalmente una licencia de ATygeo Thermal M30T para poder realizar ortomosaicos t\u00e9rmicos radiom\u00e9tricos con PIX4Dmapper o similar.<\/strong><\/p>\n[twenty20 img1=\"25340\" img2=\"25343\" offset=\"0.3\" before=\"Ortomosaico RGB - DJI M30T\" after=\"Ortomosaico T\u00e9rmico - DJI M30T\"]\n<p>El Paquete incluye:<\/p>\n<ul>\n<li>1 Matrice 30T.<\/li>\n<li>1 Mando de control DJI RC PLUS con DJI Pilot 2.<\/li>\n<li>2 bater\u00edas de vuelo inteligente TB30.<\/li>\n<li>1 maleta de carga de bater\u00edas BS30.<\/li>\n<li>3 meses de suscripci\u00f3n DJI FlightHUB 2.<\/li>\n<li>1 licencia de ATygeo Thermal M30T.<\/li>\n<li>12 meses DJI Care Enterprise &#8211; Basic.\n<ul>\n<li>Permite dos sustituciones en 12 meses con franquicia de 890 \u20ac para la primera y 1010 \u20ac para la segunda.<\/li>\n<li>Servicio estandar de mantenimiento incluido.<\/li>\n<\/ul>\n<\/li>\n<\/ul>\n<p><span class=\"VIiyi\" lang=\"es\"><span class=\"JLqJ4b ChMk0b\" data-language-for-alternatives=\"es\" data-language-to-translate-into=\"en\" data-phrase-index=\"0\" data-number-of-phrases=\"1\">Los productos de sustituci\u00f3n o reemplazo son nuevos o equivalentes a productos nuevos en rendimiento y confiabilidad.<\/span><\/span><\/p>\n","protected":false},"featured_media":22628,"template":"","meta":[],"product_brand":[],"product_cat":[1115,1114,1469,1085],"product_tag":[1416,1475,1484,1448,1483,1485],"class_list":{"0":"post-22624","1":"product","2":"type-product","3":"status-publish","4":"has-post-thumbnail","6":"product_cat-drones-for-sar","7":"product_cat-industrial-uses","8":"product_cat-matrice-30-en","9":"product_cat-professional-drones","10":"product_tag-dji-m30t-en-2","11":"product_tag-dron-seguridad-en","12":"product_tag-drone-technical-inspections","13":"product_tag-m30t-en","14":"product_tag-surveillance-drone","15":"product_tag-thermography-drone","16":"product_shipping_class-es-free-shipping","18":"first","19":"onbackorder","20":"taxable","21":"shipping-taxable","22":"purchasable","23":"product-type-simple"},"yoast_head":"<!-- This site is optimized with the Yoast SEO plugin v27.2 - https:\/\/yoast.com\/product\/yoast-seo-wordpress\/ -->\n<title>Matrice 30T | DJI M30 Series Drone with Thermal Camera | ATyges \u00ae<\/title>\n<meta name=\"description\" content=\"DJI Matrix 30T. \u2b50 ATyges, Professional Drones Online Shop. \u2705\u3010Official DJI Distributors\u3011\u2705.\" \/>\n<meta name=\"robots\" content=\"index, follow, max-snippet:-1, max-image-preview:large, max-video-preview:-1\" \/>\n<link rel=\"canonical\" href=\"https:\/\/atyges.es\/en\/product\/dji-matrice-30t-en\/\" \/>\n<meta property=\"og:locale\" content=\"en_US\" \/>\n<meta property=\"og:type\" content=\"article\" \/>\n<meta property=\"og:title\" content=\"Matrice 30T | DJI M30 Series Drone with Thermal Camera | ATyges \u00ae\" \/>\n<meta property=\"og:description\" content=\"DJI Matrix 30T. \u2b50 ATyges, Professional Drones Online Shop. \u2705\u3010Official DJI Distributors\u3011\u2705.\" \/>\n<meta property=\"og:url\" content=\"https:\/\/atyges.es\/en\/product\/dji-matrice-30t-en\/\" \/>\n<meta property=\"og:site_name\" content=\"ATyges\" \/>\n<meta property=\"article:modified_time\" content=\"2022-08-27T07:36:27+00:00\" \/>\n<meta property=\"og:image\" content=\"https:\/\/atyges.es\/wp-content\/uploads\/2022\/03\/M30T_atyges01-1.png\" \/>\n\t<meta property=\"og:image:width\" content=\"400\" \/>\n\t<meta property=\"og:image:height\" content=\"400\" \/>\n\t<meta property=\"og:image:type\" content=\"image\/png\" \/>\n<meta name=\"twitter:card\" content=\"summary_large_image\" \/>\n<script type=\"application\/ld+json\" class=\"yoast-schema-graph\">{\"@context\":\"https:\/\/schema.org\",\"@graph\":[{\"@type\":\"WebPage\",\"@id\":\"https:\/\/atyges.es\/en\/product\/dji-matrice-30t-en\/\",\"url\":\"https:\/\/atyges.es\/en\/product\/dji-matrice-30t-en\/\",\"name\":\"Matrice 30T | DJI M30 Series Drone with Thermal Camera | ATyges \u00ae\",\"isPartOf\":{\"@id\":\"https:\/\/atyges.es\/en\/#website\"},\"primaryImageOfPage\":{\"@id\":\"https:\/\/atyges.es\/en\/product\/dji-matrice-30t-en\/#primaryimage\"},\"image\":{\"@id\":\"https:\/\/atyges.es\/en\/product\/dji-matrice-30t-en\/#primaryimage\"},\"thumbnailUrl\":\"https:\/\/atyges.es\/wp-content\/uploads\/2022\/03\/M30T_atyges01-1.png\",\"datePublished\":\"2022-03-21T16:52:56+00:00\",\"dateModified\":\"2022-08-27T07:36:27+00:00\",\"description\":\"DJI Matrix 30T. \u2b50 ATyges, Professional Drones Online Shop. \u2705\u3010Official DJI Distributors\u3011\u2705.\",\"breadcrumb\":{\"@id\":\"https:\/\/atyges.es\/en\/product\/dji-matrice-30t-en\/#breadcrumb\"},\"inLanguage\":\"en-US\",\"potentialAction\":[{\"@type\":\"ReadAction\",\"target\":[\"https:\/\/atyges.es\/en\/product\/dji-matrice-30t-en\/\"]}]},{\"@type\":\"ImageObject\",\"inLanguage\":\"en-US\",\"@id\":\"https:\/\/atyges.es\/en\/product\/dji-matrice-30t-en\/#primaryimage\",\"url\":\"https:\/\/atyges.es\/wp-content\/uploads\/2022\/03\/M30T_atyges01-1.png\",\"contentUrl\":\"https:\/\/atyges.es\/wp-content\/uploads\/2022\/03\/M30T_atyges01-1.png\",\"width\":400,\"height\":400},{\"@type\":\"BreadcrumbList\",\"@id\":\"https:\/\/atyges.es\/en\/product\/dji-matrice-30t-en\/#breadcrumb\",\"itemListElement\":[{\"@type\":\"ListItem\",\"position\":1,\"name\":\"Portada\",\"item\":\"https:\/\/atyges.es\/en\/\"},{\"@type\":\"ListItem\",\"position\":2,\"name\":\"Products\",\"item\":\"https:\/\/atyges.es\/en\/shop\/\"},{\"@type\":\"ListItem\",\"position\":3,\"name\":\"DJI Matrice 30T\"}]},{\"@type\":\"WebSite\",\"@id\":\"https:\/\/atyges.es\/en\/#website\",\"url\":\"https:\/\/atyges.es\/en\/\",\"name\":\"ATyges\",\"description\":\"\",\"publisher\":{\"@id\":\"https:\/\/atyges.es\/en\/#organization\"},\"potentialAction\":[{\"@type\":\"SearchAction\",\"target\":{\"@type\":\"EntryPoint\",\"urlTemplate\":\"https:\/\/atyges.es\/en\/?s={search_term_string}\"},\"query-input\":{\"@type\":\"PropertyValueSpecification\",\"valueRequired\":true,\"valueName\":\"search_term_string\"}}],\"inLanguage\":\"en-US\"},{\"@type\":\"Organization\",\"@id\":\"https:\/\/atyges.es\/en\/#organization\",\"name\":\"Atyges\",\"url\":\"https:\/\/atyges.es\/en\/\",\"logo\":{\"@type\":\"ImageObject\",\"inLanguage\":\"en-US\",\"@id\":\"https:\/\/atyges.es\/en\/#\/schema\/logo\/image\/\",\"url\":\"https:\/\/atyges.es\/wp-content\/uploads\/2022\/01\/Logo_ATyges_Store.png\",\"contentUrl\":\"https:\/\/atyges.es\/wp-content\/uploads\/2022\/01\/Logo_ATyges_Store.png\",\"width\":1228,\"height\":200,\"caption\":\"Atyges\"},\"image\":{\"@id\":\"https:\/\/atyges.es\/en\/#\/schema\/logo\/image\/\"}}]}<\/script>\n<!-- \/ Yoast SEO plugin. -->","yoast_head_json":{"title":"Matrice 30T | DJI M30 Series Drone with Thermal Camera | ATyges \u00ae","description":"DJI Matrix 30T. \u2b50 ATyges, Professional Drones Online Shop. \u2705\u3010Official DJI Distributors\u3011\u2705.","robots":{"index":"index","follow":"follow","max-snippet":"max-snippet:-1","max-image-preview":"max-image-preview:large","max-video-preview":"max-video-preview:-1"},"canonical":"https:\/\/atyges.es\/en\/product\/dji-matrice-30t-en\/","og_locale":"en_US","og_type":"article","og_title":"Matrice 30T | DJI M30 Series Drone with Thermal Camera | ATyges \u00ae","og_description":"DJI Matrix 30T. \u2b50 ATyges, Professional Drones Online Shop. \u2705\u3010Official DJI Distributors\u3011\u2705.","og_url":"https:\/\/atyges.es\/en\/product\/dji-matrice-30t-en\/","og_site_name":"ATyges","article_modified_time":"2022-08-27T07:36:27+00:00","og_image":[{"width":400,"height":400,"url":"https:\/\/atyges.es\/wp-content\/uploads\/2022\/03\/M30T_atyges01-1.png","type":"image\/png"}],"twitter_card":"summary_large_image","schema":{"@context":"https:\/\/schema.org","@graph":[{"@type":"WebPage","@id":"https:\/\/atyges.es\/en\/product\/dji-matrice-30t-en\/","url":"https:\/\/atyges.es\/en\/product\/dji-matrice-30t-en\/","name":"Matrice 30T | DJI M30 Series Drone with Thermal Camera | ATyges \u00ae","isPartOf":{"@id":"https:\/\/atyges.es\/en\/#website"},"primaryImageOfPage":{"@id":"https:\/\/atyges.es\/en\/product\/dji-matrice-30t-en\/#primaryimage"},"image":{"@id":"https:\/\/atyges.es\/en\/product\/dji-matrice-30t-en\/#primaryimage"},"thumbnailUrl":"https:\/\/atyges.es\/wp-content\/uploads\/2022\/03\/M30T_atyges01-1.png","datePublished":"2022-03-21T16:52:56+00:00","dateModified":"2022-08-27T07:36:27+00:00","description":"DJI Matrix 30T. \u2b50 ATyges, Professional Drones Online Shop. \u2705\u3010Official DJI Distributors\u3011\u2705.","breadcrumb":{"@id":"https:\/\/atyges.es\/en\/product\/dji-matrice-30t-en\/#breadcrumb"},"inLanguage":"en-US","potentialAction":[{"@type":"ReadAction","target":["https:\/\/atyges.es\/en\/product\/dji-matrice-30t-en\/"]}]},{"@type":"ImageObject","inLanguage":"en-US","@id":"https:\/\/atyges.es\/en\/product\/dji-matrice-30t-en\/#primaryimage","url":"https:\/\/atyges.es\/wp-content\/uploads\/2022\/03\/M30T_atyges01-1.png","contentUrl":"https:\/\/atyges.es\/wp-content\/uploads\/2022\/03\/M30T_atyges01-1.png","width":400,"height":400},{"@type":"BreadcrumbList","@id":"https:\/\/atyges.es\/en\/product\/dji-matrice-30t-en\/#breadcrumb","itemListElement":[{"@type":"ListItem","position":1,"name":"Portada","item":"https:\/\/atyges.es\/en\/"},{"@type":"ListItem","position":2,"name":"Products","item":"https:\/\/atyges.es\/en\/shop\/"},{"@type":"ListItem","position":3,"name":"DJI Matrice 30T"}]},{"@type":"WebSite","@id":"https:\/\/atyges.es\/en\/#website","url":"https:\/\/atyges.es\/en\/","name":"ATyges","description":"","publisher":{"@id":"https:\/\/atyges.es\/en\/#organization"},"potentialAction":[{"@type":"SearchAction","target":{"@type":"EntryPoint","urlTemplate":"https:\/\/atyges.es\/en\/?s={search_term_string}"},"query-input":{"@type":"PropertyValueSpecification","valueRequired":true,"valueName":"search_term_string"}}],"inLanguage":"en-US"},{"@type":"Organization","@id":"https:\/\/atyges.es\/en\/#organization","name":"Atyges","url":"https:\/\/atyges.es\/en\/","logo":{"@type":"ImageObject","inLanguage":"en-US","@id":"https:\/\/atyges.es\/en\/#\/schema\/logo\/image\/","url":"https:\/\/atyges.es\/wp-content\/uploads\/2022\/01\/Logo_ATyges_Store.png","contentUrl":"https:\/\/atyges.es\/wp-content\/uploads\/2022\/01\/Logo_ATyges_Store.png","width":1228,"height":200,"caption":"Atyges"},"image":{"@id":"https:\/\/atyges.es\/en\/#\/schema\/logo\/image\/"}}]}},"jetpack_sharing_enabled":true,"_links":{"self":[{"href":"https:\/\/atyges.es\/en\/wp-json\/wp\/v2\/product\/22624","targetHints":{"allow":["GET"]}}],"collection":[{"href":"https:\/\/atyges.es\/en\/wp-json\/wp\/v2\/product"}],"about":[{"href":"https:\/\/atyges.es\/en\/wp-json\/wp\/v2\/types\/product"}],"wp:featuredmedia":[{"embeddable":true,"href":"https:\/\/atyges.es\/en\/wp-json\/wp\/v2\/media\/22628"}],"wp:attachment":[{"href":"https:\/\/atyges.es\/en\/wp-json\/wp\/v2\/media?parent=22624"}],"wp:term":[{"taxonomy":"product_brand","embeddable":true,"href":"https:\/\/atyges.es\/en\/wp-json\/wp\/v2\/product_brand?post=22624"},{"taxonomy":"product_cat","embeddable":true,"href":"https:\/\/atyges.es\/en\/wp-json\/wp\/v2\/product_cat?post=22624"},{"taxonomy":"product_tag","embeddable":true,"href":"https:\/\/atyges.es\/en\/wp-json\/wp\/v2\/product_tag?post=22624"}],"curies":[{"name":"wp","href":"https:\/\/api.w.org\/{rel}","templated":true}]}}